{"id":10066,"date":"2020-08-10T11:09:42","date_gmt":"2020-08-10T11:09:42","guid":{"rendered":"https:\/\/bevaglobal.com\/?page_id=10066"},"modified":"2020-08-10T11:39:14","modified_gmt":"2020-08-10T11:39:14","slug":"politique-de-confidentialite","status":"publish","type":"page","link":"https:\/\/bevaglobal.com\/fr\/politique-de-confidentialite\/","title":{"rendered":"Politique de confidentialit\u00e9"},"content":{"rendered":"<p>[et_pb_section fb_built=\u00a0\u00bb1&Prime; admin_label=\u00a0\u00bbsection\u00a0\u00bb _builder_version=\u00a0\u00bb3.22&Prime;][et_pb_row admin_label=\u00a0\u00bbrow\u00a0\u00bb _builder_version=\u00a0\u00bb3.25&Prime; background_size=\u00a0\u00bbinitial\u00a0\u00bb background_position=\u00a0\u00bbtop_left\u00a0\u00bb background_repeat=\u00a0\u00bbrepeat\u00a0\u00bb][et_pb_column type=\u00a0\u00bb4_4&Prime; _builder_version=\u00a0\u00bb3.25&Prime; custom_padding=\u00a0\u00bb|||\u00a0\u00bb custom_padding__hover=\u00a0\u00bb|||\u00a0\u00bb][et_pb_text _builder_version=\u00a0\u00bb4.4.5&Prime; hover_enabled=\u00a0\u00bb0&Prime;]<\/p>\n<h1><strong><span>Politique de confidentialit\u00e9 officielle de BEVA<\/span><\/strong><\/h1>\n<p><span>BEVA Global Management Inc. alias BEVA s&rsquo;engage \u00e0 prot\u00e9ger votre vie priv\u00e9e.\u00a0Cette politique de confidentialit\u00e9 explique la collecte de donn\u00e9es et les pratiques d&rsquo;utilisation sur le site Bevaglobal.com (le \u00abSite\u00bb);\u00a0il ne s&rsquo;applique pas aux produits ou services hors ligne.\u00a0En acc\u00e9dant au site, vous consentez \u00e0 la collecte d&rsquo;informations et aux pratiques d&rsquo;utilisation d\u00e9crites dans cette d\u00e9claration de confidentialit\u00e9.<\/span><\/p>\n<p><strong><span>Que sont les cookies et comment les utilisez-vous?<\/span><\/strong><\/p>\n<p><span>Des cookies sont utilis\u00e9s sur ce site pour assurer l&rsquo;int\u00e9grit\u00e9 du processus d&rsquo;inscription et pour personnaliser le site.\u00a0Un cookie est un petit fichier texte plac\u00e9 sur votre disque dur pour permettre \u00e0 un site de rappeler vos informations sp\u00e9cifiques lors de visites ult\u00e9rieures, ce qui vous fait gagner du temps et des efforts.\u00a0Bien que les cookies puissent m\u00e9moriser vos informations pour vous offrir cette commodit\u00e9, ils ne peuvent pas \u00eatre utilis\u00e9s pour ex\u00e9cuter des programmes ou diffuser des virus sur votre ordinateur.\u00a0Ce site utilise des cookies pour fournir un contenu pertinent, faciliter la navigation sur le site ou collecter des informations \u00e0 des fins statistiques, telles que le nombre de visiteurs re\u00e7us sur notre site.\u00a0Vous avez la possibilit\u00e9 d&rsquo;accepter ou de refuser les cookies \u00e0 tout moment, et vous pouvez \u00e9galement effacer les cookies de votre syst\u00e8me d&rsquo;exploitation.\u00a0Cependant, refuser ou effacer les cookies peut vous emp\u00eacher de profiter pleinement de toutes les fonctionnalit\u00e9s de ce site Web.<\/span><\/p>\n<p><strong><span>Que sont les informations personnelles?<\/span><\/strong><\/p>\n<p><span>Les informations personnelles sont des informations qui vous identifient ou qui permettent de d\u00e9duire votre identit\u00e9.<\/span><\/p>\n<p><strong><span>\u00a0Responsabilit\u00e9<\/span><\/strong><\/p>\n<p><span>BEVA est responsable de vos informations personnelles sous son contr\u00f4le sur le Site.\u00a0Si vous avez des commentaires, des pr\u00e9occupations ou des demandes concernant notre d\u00e9claration de confidentialit\u00e9, veuillez nous contacter \u00e0:<\/span><\/p>\n<p><span>BEVA Global Management alias BEVA, responsable de la protection de la vie priv\u00e9e<\/span><br \/><span>4473, chemin Innes, bureau 402A<\/span><br \/><span>Ottawa, Ontario<\/span><br \/><span>Canada, K4A 1 A7<\/span><\/p>\n<p><a href=\"mailto:info@bevaglobal.com\"><span>info@bevaglobal.com<\/span><\/a><\/p>\n<p><span>613-692-150 ext.\u00a0252<\/span><\/p>\n<p><strong><span>Quel est le but de la collecte de mes informations personnelles?<\/span><\/strong><\/p>\n<p><span>Le but pour lequel vos informations personnelles sont collect\u00e9es sur le Site, est n\u00e9cessaire pour traiter votre demande d&rsquo;informations suppl\u00e9mentaires sur notre soci\u00e9t\u00e9, nos services et nos produits.\u00a0L&rsquo;acc\u00e8s \u00e0 vos informations personnelles sera limit\u00e9 aux employ\u00e9s et \/ ou administrateurs de BEVA responsables de la commercialisation et de l&rsquo;administration des services BEVA.<\/span><\/p>\n<p><strong><span>Votre consentement<\/span><\/strong><\/p>\n<p><span>Votre consentement pour la collecte, l&rsquo;utilisation ou la divulgation de vos informations personnelles est n\u00e9cessaire pour vous offrir nos produits et services.\u00a0Votre consentement est facultatif et si vous souhaitez interrompre une telle utilisation, vous pouvez nous contacter par voie \u00e9lectronique ou \u00e9crire \u00e0:<\/span><\/p>\n<p><span>BEVA Global Management alias BEVA, responsable de la protection de la vie priv\u00e9e<\/span><br \/><span>4473, chemin Innes, bureau 402A<\/span><br \/><span>Ottawa, Ontario<\/span><br \/><span>Canada, K4A 1 A7<\/span><\/p>\n<p><a href=\"mailto:info@bevaglobal.com\"><span>info@bevaglobal.com<\/span><\/a><\/p>\n<p><span>613-692-150 ext.\u00a0252<\/span><\/p>\n<p><strong><span>Limiter la collecte<\/span><\/strong><\/p>\n<p><span>La collecte de vos informations personnelles sera limit\u00e9e \u00e0 celle qui, aux fins identifi\u00e9es par BEVA.\u00a0Les informations telles que votre nom, titre, nom de l&rsquo;entreprise ou de l&rsquo;organisation, adresse e-mail professionnelle, t\u00e9l\u00e9phone professionnel, adresse professionnelle ou personnelle, informations sur votre fonction, informations sur votre entreprise et informations de carte de cr\u00e9dit, seront collect\u00e9es par des moyens \u00e9quitables et l\u00e9gaux.\u00a0Vos informations sont n\u00e9cessaires pour la diffusion des promotions, \u00e9v\u00e9nements et actualit\u00e9s BEVA et pour l&rsquo;achat de produits ou services BEVA.<\/span><\/p>\n<p><strong><span>Limitation de l&rsquo;utilisation, de la divulgation et de la conservation<\/span><\/strong><\/p>\n<p><span>Vos informations personnelles collect\u00e9es sur ce site ne seront utilis\u00e9es ou divulgu\u00e9es qu&rsquo;aux fins pour lesquelles elles ont \u00e9t\u00e9 collect\u00e9es.\u00a0Vos informations personnelles ne seront conserv\u00e9es que le temps n\u00e9cessaire \u00e0 ces fins.<\/span><\/p>\n<p><span>\u00c0 l&rsquo;appui de ces utilisations, BEVA peut utiliser vos informations personnelles pour vous fournir un service client plus efficace et \/ ou pour vous fournir des informations importantes sur notre produit ou service que vous utilisez, y compris des mises \u00e0 jour et des notifications critiques.\u00a0De plus, nous pouvons vous envoyer des informations sur d&rsquo;autres produits et services BEVA.<\/span><\/p>\n<p><strong><span>\u00a0Pr\u00e9cision<\/span><\/strong><\/p>\n<p><span>Les informations personnelles doivent \u00eatre exactes, compl\u00e8tes et \u00e0 jour autant que possible afin de r\u00e9pondre correctement aux fins pour lesquelles elles doivent \u00eatre utilis\u00e9es.<\/span><\/p>\n<p><strong><span>Sauvegardes<\/span><\/strong><\/p>\n<p><span>BEVA s&rsquo;engage \u00e0 sauvegarder \/ prot\u00e9ger la s\u00e9curit\u00e9 de vos informations personnelles.\u00a0Nous utilisons une vari\u00e9t\u00e9 de technologies et de proc\u00e9dures de s\u00e9curit\u00e9 pour aider \u00e0 prot\u00e9ger vos informations personnelles contre l&rsquo;acc\u00e8s, l&rsquo;utilisation ou la divulgation non autoris\u00e9s.\u00a0Par exemple, nous stockons les informations personnelles que vous fournissez sur des serveurs informatiques \u00e0 acc\u00e8s limit\u00e9 situ\u00e9s dans des installations contr\u00f4l\u00e9es.<\/span><\/p>\n<p><strong><span>Ouverture<\/span><\/strong><\/p>\n<p><span>BEVA publiera notre d\u00e9claration de confidentialit\u00e9 sur notre site Web, d\u00e9taillant des informations sur ses politiques et pratiques relatives \u00e0 la gestion des informations personnelles.<\/span><\/p>\n<p><strong><span>Acc\u00e8s individuel<\/span><\/strong><\/p>\n<p><span>Sur demande, vous pouvez avoir acc\u00e8s \u00e0 vos informations personnelles.\u00a0Vous pourrez contester l&rsquo;exhaustivit\u00e9 des informations et les faire modifier le cas \u00e9ch\u00e9ant.<\/span><\/p>\n<p><span>Si vous souhaitez acc\u00e9der \u00e0 vos informations personnelles, cliquez ici ou \u00e9crivez \u00e0:<\/span><\/p>\n<p><span>BEVA Global Management alias BEVA, responsable de la protection de la vie priv\u00e9e<\/span><br \/><span>4473, chemin Innes, bureau 402A<\/span><br \/><span>Ottawa, Ontario<\/span><br \/><span>Canada, K4A 1 A7<\/span><\/p>\n<p><a href=\"mailto:info@bevaglobal.com\"><span>info@bevaglobal.com<\/span><\/a><\/p>\n<p><span>613-692-150 ext.\u00a0252<\/span><\/p>\n<p><strong><span>Option de d\u00e9sinscription<\/span><\/strong><\/p>\n<p><span>Vous pouvez faire supprimer vos informations personnelles \/ de contact de nos bases de donn\u00e9es.\u00a0Vous pouvez nous contacter directement via notre\u00a0\u00a0\u00a0formulaire de\u00a0<\/span><a href=\"https:\/\/bevaglobal.com\/beva-ottawa-contact\/\"><span>contact<\/span><\/a><span>\u00a0pour faire cette demande.<\/span><\/p>\n<p>[\/et_pb_text][\/et_pb_column][\/et_pb_row][\/et_pb_section]<\/p>\n","protected":false},"excerpt":{"rendered":"<p>Politique de confidentialit\u00e9 officielle de BEVA BEVA Global Management Inc. alias BEVA s&rsquo;engage \u00e0 prot\u00e9ger votre vie priv\u00e9e.\u00a0Cette politique de confidentialit\u00e9 explique la collecte de donn\u00e9es et les pratiques d&rsquo;utilisation [&hellip;]<\/p>\n","protected":false},"author":14,"featured_media":0,"parent":0,"menu_order":0,"comment_status":"closed","ping_status":"closed","template":"","meta":{"_et_pb_use_builder":"on","_et_pb_old_content":"","_et_gb_content_width":"","_price":"","_stock":"","_tribe_ticket_header":"","_tribe_default_ticket_provider":"","_ticket_start_date":"","_ticket_end_date":"","_tribe_ticket_show_description":"","_tribe_ticket_show_not_going":false,"_tribe_ticket_use_global_stock":"","_tribe_ticket_global_stock_level":"","_global_stock_mode":"","_global_stock_cap":"","_tribe_rsvp_for_event":"","_tribe_ticket_going_count":"","_tribe_ticket_not_going_count":"","_tribe_tickets_list":"[]","_tribe_ticket_has_attendee_info_fields":false,"footnotes":"","_tec_slr_enabled":"","_tec_slr_layout":""},"class_list":["post-10066","page","type-page","status-publish","hentry"],"yoast_head":"<!-- This site is optimized with the Yoast SEO plugin v27.1.1 - https:\/\/yoast.com\/product\/yoast-seo-wordpress\/ -->\n<title>Politique de confidentialit\u00e9 - BEVA Global Management<\/title>\n<meta name=\"description\" content=\"Politique de confidentialit\u00e9 | Contact us online\" \/>\n<meta name=\"robots\" content=\"index, follow, max-snippet:-1, max-image-preview:large, max-video-preview:-1\" \/>\n<link rel=\"canonical\" href=\"https:\/\/bevaglobal.com\/politique-de-confidentialite\/?lang=fr\" \/>\n<script type=\"application\/ld+json\" class=\"yoast-schema-graph\">{\"@context\":\"https:\/\/schema.org\",\"@graph\":[{\"@type\":\"WebPage\",\"@id\":\"https:\/\/bevaglobal.com\/politique-de-confidentialite\/?lang=fr\",\"url\":\"https:\/\/bevaglobal.com\/politique-de-confidentialite\/?lang=fr\",\"name\":\"Politique de confidentialit\u00e9 - BEVA Global Management\",\"isPartOf\":{\"@id\":\"https:\/\/bevaglobal.com\/#website\"},\"datePublished\":\"2020-08-10T11:09:42+00:00\",\"dateModified\":\"2020-08-10T11:39:14+00:00\",\"description\":\"Politique de confidentialit\u00e9 | Contact us online\",\"breadcrumb\":{\"@id\":\"https:\/\/bevaglobal.com\/politique-de-confidentialite\/?lang=fr#breadcrumb\"},\"inLanguage\":\"fr-FR\",\"potentialAction\":[{\"@type\":\"ReadAction\",\"target\":[\"https:\/\/bevaglobal.com\/politique-de-confidentialite\/?lang=fr\"]}]},{\"@type\":\"BreadcrumbList\",\"@id\":\"https:\/\/bevaglobal.com\/politique-de-confidentialite\/?lang=fr#breadcrumb\",\"itemListElement\":[{\"@type\":\"ListItem\",\"position\":1,\"name\":\"Home\",\"item\":\"https:\/\/bevaglobal.com\/\"},{\"@type\":\"ListItem\",\"position\":2,\"name\":\"Politique de confidentialit\u00e9\"}]},{\"@type\":\"WebSite\",\"@id\":\"https:\/\/bevaglobal.com\/#website\",\"url\":\"https:\/\/bevaglobal.com\/\",\"name\":\"BEVA Global Management\",\"description\":\"Your gateway to knowledge!\",\"publisher\":{\"@id\":\"https:\/\/bevaglobal.com\/#organization\"},\"potentialAction\":[{\"@type\":\"SearchAction\",\"target\":{\"@type\":\"EntryPoint\",\"urlTemplate\":\"https:\/\/bevaglobal.com\/?s={search_term_string}\"},\"query-input\":{\"@type\":\"PropertyValueSpecification\",\"valueRequired\":true,\"valueName\":\"search_term_string\"}}],\"inLanguage\":\"fr-FR\"},{\"@type\":\"Organization\",\"@id\":\"https:\/\/bevaglobal.com\/#organization\",\"name\":\"BEVA Global Management\",\"url\":\"https:\/\/bevaglobal.com\/\",\"logo\":{\"@type\":\"ImageObject\",\"inLanguage\":\"fr-FR\",\"@id\":\"https:\/\/bevaglobal.com\/#\/schema\/logo\/image\/\",\"url\":\"https:\/\/bevaglobal.com\/wp-content\/uploads\/2016\/11\/logo-slogan-eng-maj3.jpg\",\"contentUrl\":\"https:\/\/bevaglobal.com\/wp-content\/uploads\/2016\/11\/logo-slogan-eng-maj3.jpg\",\"width\":800,\"height\":290,\"caption\":\"BEVA Global Management\"},\"image\":{\"@id\":\"https:\/\/bevaglobal.com\/#\/schema\/logo\/image\/\"}}]}<\/script>\n<!-- \/ Yoast SEO plugin. -->","yoast_head_json":{"title":"Politique de confidentialit\u00e9 - BEVA Global Management","description":"Politique de confidentialit\u00e9 | Contact us online","robots":{"index":"index","follow":"follow","max-snippet":"max-snippet:-1","max-image-preview":"max-image-preview:large","max-video-preview":"max-video-preview:-1"},"canonical":"https:\/\/bevaglobal.com\/politique-de-confidentialite\/?lang=fr","schema":{"@context":"https:\/\/schema.org","@graph":[{"@type":"WebPage","@id":"https:\/\/bevaglobal.com\/politique-de-confidentialite\/?lang=fr","url":"https:\/\/bevaglobal.com\/politique-de-confidentialite\/?lang=fr","name":"Politique de confidentialit\u00e9 - BEVA Global Management","isPartOf":{"@id":"https:\/\/bevaglobal.com\/#website"},"datePublished":"2020-08-10T11:09:42+00:00","dateModified":"2020-08-10T11:39:14+00:00","description":"Politique de confidentialit\u00e9 | Contact us online","breadcrumb":{"@id":"https:\/\/bevaglobal.com\/politique-de-confidentialite\/?lang=fr#breadcrumb"},"inLanguage":"fr-FR","potentialAction":[{"@type":"ReadAction","target":["https:\/\/bevaglobal.com\/politique-de-confidentialite\/?lang=fr"]}]},{"@type":"BreadcrumbList","@id":"https:\/\/bevaglobal.com\/politique-de-confidentialite\/?lang=fr#breadcrumb","itemListElement":[{"@type":"ListItem","position":1,"name":"Home","item":"https:\/\/bevaglobal.com\/"},{"@type":"ListItem","position":2,"name":"Politique de confidentialit\u00e9"}]},{"@type":"WebSite","@id":"https:\/\/bevaglobal.com\/#website","url":"https:\/\/bevaglobal.com\/","name":"BEVA Global Management","description":"Your gateway to knowledge!","publisher":{"@id":"https:\/\/bevaglobal.com\/#organization"},"potentialAction":[{"@type":"SearchAction","target":{"@type":"EntryPoint","urlTemplate":"https:\/\/bevaglobal.com\/?s={search_term_string}"},"query-input":{"@type":"PropertyValueSpecification","valueRequired":true,"valueName":"search_term_string"}}],"inLanguage":"fr-FR"},{"@type":"Organization","@id":"https:\/\/bevaglobal.com\/#organization","name":"BEVA Global Management","url":"https:\/\/bevaglobal.com\/","logo":{"@type":"ImageObject","inLanguage":"fr-FR","@id":"https:\/\/bevaglobal.com\/#\/schema\/logo\/image\/","url":"https:\/\/bevaglobal.com\/wp-content\/uploads\/2016\/11\/logo-slogan-eng-maj3.jpg","contentUrl":"https:\/\/bevaglobal.com\/wp-content\/uploads\/2016\/11\/logo-slogan-eng-maj3.jpg","width":800,"height":290,"caption":"BEVA Global Management"},"image":{"@id":"https:\/\/bevaglobal.com\/#\/schema\/logo\/image\/"}}]}},"jetpack_sharing_enabled":true,"ticketed":false,"_links":{"self":[{"href":"https:\/\/bevaglobal.com\/fr\/wp-json\/wp\/v2\/pages\/10066","targetHints":{"allow":["GET"]}}],"collection":[{"href":"https:\/\/bevaglobal.com\/fr\/wp-json\/wp\/v2\/pages"}],"about":[{"href":"https:\/\/bevaglobal.com\/fr\/wp-json\/wp\/v2\/types\/page"}],"author":[{"embeddable":true,"href":"https:\/\/bevaglobal.com\/fr\/wp-json\/wp\/v2\/users\/14"}],"replies":[{"embeddable":true,"href":"https:\/\/bevaglobal.com\/fr\/wp-json\/wp\/v2\/comments?post=10066"}],"version-history":[{"count":2,"href":"https:\/\/bevaglobal.com\/fr\/wp-json\/wp\/v2\/pages\/10066\/revisions"}],"predecessor-version":[{"id":10069,"href":"https:\/\/bevaglobal.com\/fr\/wp-json\/wp\/v2\/pages\/10066\/revisions\/10069"}],"wp:attachment":[{"href":"https:\/\/bevaglobal.com\/fr\/wp-json\/wp\/v2\/media?parent=10066"}],"curies":[{"name":"wp","href":"https:\/\/api.w.org\/{rel}","templated":true}]}}