{"id":13228,"date":"2021-05-16T11:31:56","date_gmt":"2021-05-16T11:31:56","guid":{"rendered":"https:\/\/bevaglobal.com\/?page_id=13228"},"modified":"2022-10-20T15:05:29","modified_gmt":"2022-10-20T15:05:29","slug":"les-services-daide-temporaire-pour-la-region-de-la-capitale-nationale","status":"publish","type":"page","link":"https:\/\/bevaglobal.com\/fr\/les-services-daide-temporaire-pour-la-region-de-la-capitale-nationale\/","title":{"rendered":"Arrangement approvisionnement pour les services d&rsquo;aide temporaire pour la r\u00e9gion de la capitale nationale"},"content":{"rendered":"<p>[et_pb_section fb_built=\u00a0\u00bb1&Prime; admin_label=\u00a0\u00bbsection\u00a0\u00bb _builder_version=\u00a0\u00bb4.16&Prime; global_colors_info=\u00a0\u00bb{}\u00a0\u00bb][et_pb_row admin_label=\u00a0\u00bbrow\u00a0\u00bb _builder_version=\u00a0\u00bb4.16&Prime; background_size=\u00a0\u00bbinitial\u00a0\u00bb background_position=\u00a0\u00bbtop_left\u00a0\u00bb background_repeat=\u00a0\u00bbrepeat\u00a0\u00bb global_colors_info=\u00a0\u00bb{}\u00a0\u00bb][et_pb_column type=\u00a0\u00bb4_4&Prime; _builder_version=\u00a0\u00bb4.16&Prime; custom_padding=\u00a0\u00bb|||\u00a0\u00bb global_colors_info=\u00a0\u00bb{}\u00a0\u00bb custom_padding__hover=\u00a0\u00bb|||\u00a0\u00bb][et_pb_text _builder_version=\u00a0\u00bb4.16&Prime; global_colors_info=\u00a0\u00bb{}\u00a0\u00bb]<\/p>\n<h1 style=\"text-align: center;\">Arrangement approvisionnement<br \/>Les services d&rsquo;aide temporaire pour la r\u00e9gion de la capitale nationale<\/h1>\n<p>[\/et_pb_text][et_pb_text admin_label=\u00a0\u00bbText\u00a0\u00bb _builder_version=\u00a0\u00bb4.16&Prime; background_size=\u00a0\u00bbinitial\u00a0\u00bb background_position=\u00a0\u00bbtop_left\u00a0\u00bb background_repeat=\u00a0\u00bbrepeat\u00a0\u00bb global_colors_info=\u00a0\u00bb{}\u00a0\u00bb]<\/p>\n<p>BEVA Global Management Inc. aussi connue BEVA\u00ae, a le plaisir de vous informer que nous avons re\u00e7u une entente en mati\u00e8re d&rsquo;approvisionnement pour les services d&rsquo;aide temporaire pour la r\u00e9gion de la capitale nationale.<\/p>\n<p>Entente en mati\u00e8re d&rsquo;approvisionnement no EN578-172870\/255\/ZN<\/p>\n<p>Client# 20172870<br \/>Fournisseur # 857177919PG0001<\/p>\n<p>BEVA est qualifi\u00e9e dans les cat\u00e9gories suivantes pour la la r\u00e9gion de la capitale nationale:<\/p>\n<p>[\/et_pb_text][et_pb_code _builder_version=\u00a0\u00bb4.16&Prime; global_colors_info=\u00a0\u00bb{}\u00a0\u00bb][table id=42 \/][\/et_pb_code][et_pb_text _builder_version=\u00a0\u00bb4.16&Prime; global_colors_info=\u00a0\u00bb{}\u00a0\u00bb]<\/p>\n<p>Nos consultants ont des ann\u00e9es d\u2019exp\u00e9rience et sont consid\u00e9r\u00e9s comme des experts dans leur domaine. BEVA passe par un processus de s\u00e9lection avant que les consultants ne soient s\u00e9lectionn\u00e9s.<\/p>\n<p>Nous offrons des services de consultation et de formation \u00e0 des organismes gouvernementaux, parapublics, priv\u00e9s et \u00e0 but non lucratif par le biais d\u2019acquisitions depuis 1993.<\/p>\n<p>[\/et_pb_text][\/et_pb_column][\/et_pb_row][\/et_pb_section]<\/p>\n","protected":false},"excerpt":{"rendered":"<p>Arrangement approvisionnementLes services d&rsquo;aide temporaire pour la r\u00e9gion de la capitale nationaleBEVA Global Management Inc. aussi connue BEVA\u00ae, a le plaisir de vous informer que nous avons re\u00e7u une entente [&hellip;]<\/p>\n","protected":false},"author":3,"featured_media":0,"parent":0,"menu_order":0,"comment_status":"closed","ping_status":"closed","template":"","meta":{"_et_pb_use_builder":"on","_et_pb_old_content":"","_et_gb_content_width":"","_price":"","_stock":"","_tribe_ticket_header":"","_tribe_default_ticket_provider":"","_ticket_start_date":"","_ticket_end_date":"","_tribe_ticket_show_description":"","_tribe_ticket_show_not_going":false,"_tribe_ticket_use_global_stock":"","_tribe_ticket_global_stock_level":"","_global_stock_mode":"","_global_stock_cap":"","_tribe_rsvp_for_event":"","_tribe_ticket_going_count":"","_tribe_ticket_not_going_count":"","_tribe_tickets_list":"[]","_tribe_ticket_has_attendee_info_fields":false,"footnotes":"","_tec_slr_enabled":"","_tec_slr_layout":""},"class_list":["post-13228","page","type-page","status-publish","hentry"],"yoast_head":"<!-- This site is optimized with the Yoast SEO plugin v27.1.1 - https:\/\/yoast.com\/product\/yoast-seo-wordpress\/ -->\n<title>Arrangement approvisionnement pour les services d&#039;aide temporaire pour la r\u00e9gion de la capitale nationale - BEVA Global Management<\/title>\n<meta name=\"description\" content=\"Arrangement approvisionnement pour les services d&#039;aide temporaire pour la r\u00e9gion de la capitale nationale | Contact us online\" \/>\n<meta name=\"robots\" content=\"index, follow, max-snippet:-1, max-image-preview:large, max-video-preview:-1\" \/>\n<link rel=\"canonical\" href=\"https:\/\/bevaglobal.com\/fr\/les-services-daide-temporaire-pour-la-region-de-la-capitale-nationale\/\" \/>\n<script type=\"application\/ld+json\" class=\"yoast-schema-graph\">{\"@context\":\"https:\/\/schema.org\",\"@graph\":[{\"@type\":\"WebPage\",\"@id\":\"https:\/\/bevaglobal.com\/fr\/les-services-daide-temporaire-pour-la-region-de-la-capitale-nationale\/\",\"url\":\"https:\/\/bevaglobal.com\/fr\/les-services-daide-temporaire-pour-la-region-de-la-capitale-nationale\/\",\"name\":\"Arrangement approvisionnement pour les services d'aide temporaire pour la r\u00e9gion de la capitale nationale - BEVA Global Management\",\"isPartOf\":{\"@id\":\"https:\/\/bevaglobal.com\/#website\"},\"datePublished\":\"2021-05-16T11:31:56+00:00\",\"dateModified\":\"2022-10-20T15:05:29+00:00\",\"description\":\"Arrangement approvisionnement pour les services d'aide temporaire pour la r\u00e9gion de la capitale nationale | Contact us online\",\"breadcrumb\":{\"@id\":\"https:\/\/bevaglobal.com\/fr\/les-services-daide-temporaire-pour-la-region-de-la-capitale-nationale\/#breadcrumb\"},\"inLanguage\":\"fr-FR\",\"potentialAction\":[{\"@type\":\"ReadAction\",\"target\":[\"https:\/\/bevaglobal.com\/fr\/les-services-daide-temporaire-pour-la-region-de-la-capitale-nationale\/\"]}]},{\"@type\":\"BreadcrumbList\",\"@id\":\"https:\/\/bevaglobal.com\/fr\/les-services-daide-temporaire-pour-la-region-de-la-capitale-nationale\/#breadcrumb\",\"itemListElement\":[{\"@type\":\"ListItem\",\"position\":1,\"name\":\"Home\",\"item\":\"https:\/\/bevaglobal.com\/\"},{\"@type\":\"ListItem\",\"position\":2,\"name\":\"Arrangement approvisionnement pour les services d&#8217;aide temporaire pour la r\u00e9gion de la capitale nationale\"}]},{\"@type\":\"WebSite\",\"@id\":\"https:\/\/bevaglobal.com\/#website\",\"url\":\"https:\/\/bevaglobal.com\/\",\"name\":\"BEVA Global Management\",\"description\":\"Your gateway to knowledge!\",\"publisher\":{\"@id\":\"https:\/\/bevaglobal.com\/#organization\"},\"potentialAction\":[{\"@type\":\"SearchAction\",\"target\":{\"@type\":\"EntryPoint\",\"urlTemplate\":\"https:\/\/bevaglobal.com\/?s={search_term_string}\"},\"query-input\":{\"@type\":\"PropertyValueSpecification\",\"valueRequired\":true,\"valueName\":\"search_term_string\"}}],\"inLanguage\":\"fr-FR\"},{\"@type\":\"Organization\",\"@id\":\"https:\/\/bevaglobal.com\/#organization\",\"name\":\"BEVA Global Management\",\"url\":\"https:\/\/bevaglobal.com\/\",\"logo\":{\"@type\":\"ImageObject\",\"inLanguage\":\"fr-FR\",\"@id\":\"https:\/\/bevaglobal.com\/#\/schema\/logo\/image\/\",\"url\":\"https:\/\/bevaglobal.com\/wp-content\/uploads\/2016\/11\/logo-slogan-eng-maj3.jpg\",\"contentUrl\":\"https:\/\/bevaglobal.com\/wp-content\/uploads\/2016\/11\/logo-slogan-eng-maj3.jpg\",\"width\":800,\"height\":290,\"caption\":\"BEVA Global Management\"},\"image\":{\"@id\":\"https:\/\/bevaglobal.com\/#\/schema\/logo\/image\/\"}}]}<\/script>\n<!-- \/ Yoast SEO plugin. -->","yoast_head_json":{"title":"Arrangement approvisionnement pour les services d'aide temporaire pour la r\u00e9gion de la capitale nationale - BEVA Global Management","description":"Arrangement approvisionnement pour les services d'aide temporaire pour la r\u00e9gion de la capitale nationale | Contact us online","robots":{"index":"index","follow":"follow","max-snippet":"max-snippet:-1","max-image-preview":"max-image-preview:large","max-video-preview":"max-video-preview:-1"},"canonical":"https:\/\/bevaglobal.com\/fr\/les-services-daide-temporaire-pour-la-region-de-la-capitale-nationale\/","schema":{"@context":"https:\/\/schema.org","@graph":[{"@type":"WebPage","@id":"https:\/\/bevaglobal.com\/fr\/les-services-daide-temporaire-pour-la-region-de-la-capitale-nationale\/","url":"https:\/\/bevaglobal.com\/fr\/les-services-daide-temporaire-pour-la-region-de-la-capitale-nationale\/","name":"Arrangement approvisionnement pour les services d'aide temporaire pour la r\u00e9gion de la capitale nationale - BEVA Global Management","isPartOf":{"@id":"https:\/\/bevaglobal.com\/#website"},"datePublished":"2021-05-16T11:31:56+00:00","dateModified":"2022-10-20T15:05:29+00:00","description":"Arrangement approvisionnement pour les services d'aide temporaire pour la r\u00e9gion de la capitale nationale | Contact us online","breadcrumb":{"@id":"https:\/\/bevaglobal.com\/fr\/les-services-daide-temporaire-pour-la-region-de-la-capitale-nationale\/#breadcrumb"},"inLanguage":"fr-FR","potentialAction":[{"@type":"ReadAction","target":["https:\/\/bevaglobal.com\/fr\/les-services-daide-temporaire-pour-la-region-de-la-capitale-nationale\/"]}]},{"@type":"BreadcrumbList","@id":"https:\/\/bevaglobal.com\/fr\/les-services-daide-temporaire-pour-la-region-de-la-capitale-nationale\/#breadcrumb","itemListElement":[{"@type":"ListItem","position":1,"name":"Home","item":"https:\/\/bevaglobal.com\/"},{"@type":"ListItem","position":2,"name":"Arrangement approvisionnement pour les services d&#8217;aide temporaire pour la r\u00e9gion de la capitale nationale"}]},{"@type":"WebSite","@id":"https:\/\/bevaglobal.com\/#website","url":"https:\/\/bevaglobal.com\/","name":"BEVA Global Management","description":"Your gateway to knowledge!","publisher":{"@id":"https:\/\/bevaglobal.com\/#organization"},"potentialAction":[{"@type":"SearchAction","target":{"@type":"EntryPoint","urlTemplate":"https:\/\/bevaglobal.com\/?s={search_term_string}"},"query-input":{"@type":"PropertyValueSpecification","valueRequired":true,"valueName":"search_term_string"}}],"inLanguage":"fr-FR"},{"@type":"Organization","@id":"https:\/\/bevaglobal.com\/#organization","name":"BEVA Global Management","url":"https:\/\/bevaglobal.com\/","logo":{"@type":"ImageObject","inLanguage":"fr-FR","@id":"https:\/\/bevaglobal.com\/#\/schema\/logo\/image\/","url":"https:\/\/bevaglobal.com\/wp-content\/uploads\/2016\/11\/logo-slogan-eng-maj3.jpg","contentUrl":"https:\/\/bevaglobal.com\/wp-content\/uploads\/2016\/11\/logo-slogan-eng-maj3.jpg","width":800,"height":290,"caption":"BEVA Global Management"},"image":{"@id":"https:\/\/bevaglobal.com\/#\/schema\/logo\/image\/"}}]}},"jetpack_sharing_enabled":true,"ticketed":false,"_links":{"self":[{"href":"https:\/\/bevaglobal.com\/fr\/wp-json\/wp\/v2\/pages\/13228","targetHints":{"allow":["GET"]}}],"collection":[{"href":"https:\/\/bevaglobal.com\/fr\/wp-json\/wp\/v2\/pages"}],"about":[{"href":"https:\/\/bevaglobal.com\/fr\/wp-json\/wp\/v2\/types\/page"}],"author":[{"embeddable":true,"href":"https:\/\/bevaglobal.com\/fr\/wp-json\/wp\/v2\/users\/3"}],"replies":[{"embeddable":true,"href":"https:\/\/bevaglobal.com\/fr\/wp-json\/wp\/v2\/comments?post=13228"}],"version-history":[{"count":8,"href":"https:\/\/bevaglobal.com\/fr\/wp-json\/wp\/v2\/pages\/13228\/revisions"}],"predecessor-version":[{"id":26231,"href":"https:\/\/bevaglobal.com\/fr\/wp-json\/wp\/v2\/pages\/13228\/revisions\/26231"}],"wp:attachment":[{"href":"https:\/\/bevaglobal.com\/fr\/wp-json\/wp\/v2\/media?parent=13228"}],"curies":[{"name":"wp","href":"https:\/\/api.w.org\/{rel}","templated":true}]}}