{"id":26370,"date":"2019-11-03T05:20:24","date_gmt":"2019-11-03T05:20:24","guid":{"rendered":"https:\/\/bevaglobal.com\/personalized-management-coaching-pmc-2\/"},"modified":"2022-10-25T15:24:40","modified_gmt":"2022-10-25T15:24:40","slug":"personalized-management-coaching-pmc","status":"publish","type":"page","link":"https:\/\/bevaglobal.com\/fr\/personalized-management-coaching-pmc\/","title":{"rendered":"Personalized Management Coaching (PMC)"},"content":{"rendered":"<p>[et_pb_section fb_built=\u00a0\u00bb1&Prime; _builder_version=\u00a0\u00bb4.16&Prime; global_colors_info=\u00a0\u00bb{}\u00a0\u00bb][et_pb_row _builder_version=\u00a0\u00bb4.16&Prime; background_size=\u00a0\u00bbinitial\u00a0\u00bb background_position=\u00a0\u00bbtop_left\u00a0\u00bb background_repeat=\u00a0\u00bbrepeat\u00a0\u00bb global_colors_info=\u00a0\u00bb{}\u00a0\u00bb][et_pb_column type=\u00a0\u00bb4_4&Prime; _builder_version=\u00a0\u00bb4.16&Prime; custom_padding=\u00a0\u00bb|||\u00a0\u00bb global_colors_info=\u00a0\u00bb{}\u00a0\u00bb custom_padding__hover=\u00a0\u00bb|||\u00a0\u00bb][et_pb_text _builder_version=\u00a0\u00bb4.18.0&Prime; background_size=\u00a0\u00bbinitial\u00a0\u00bb background_position=\u00a0\u00bbtop_left\u00a0\u00bb background_repeat=\u00a0\u00bbrepeat\u00a0\u00bb hover_enabled=\u00a0\u00bb0&Prime; global_colors_info=\u00a0\u00bb{}\u00a0\u00bb sticky_enabled=\u00a0\u00bb0&Prime;]<\/p>\n<div class=\"b w_940\">\n<h3><strong>BEVA Global Management Inc. est un revendeur agr\u00e9\u00e9 pour le coaching de gestion personnalis\u00e9 (PMC).<\/strong><\/h3>\n<h2><\/h2>\n<h2 class=\"entry-title\"><strong>Programme<\/strong><\/h2>\n<p><strong>Diff\u00e9rence PMC <\/strong><\/p>\n<\/div>\n<div class=\"b w_940\">\n<div class=\"b_text\">\n<p>Ce qui nous distingues vraiment de nos concurrents, c&rsquo;est notre approche unqiue. Seul PMC propose des options de programme d&rsquo;accompagnement qui mesurent v\u00e9ritablement l&rsquo;efficacit\u00e9 du coaching individuel et le retour sur investissement.\u00a0Le <strong>PMC<\/strong> peut \u00eatre utilis\u00e9 mais <img loading=\"lazy\" decoding=\"async\" class=\"alignright size-full wp-image-8148\" src=\"https:\/\/bevaglobal.com\/wp-content\/uploads\/2019\/11\/PMC.jpg\" alt=\"\" width=\"362\" height=\"244\" srcset=\"https:\/\/bevaglobal.com\/wp-content\/uploads\/2019\/11\/PMC.jpg 362w, https:\/\/bevaglobal.com\/wp-content\/uploads\/2019\/11\/PMC-300x202.jpg 300w\" sizes=\"(max-width: 362px) 100vw, 362px\" \/>limit\u00e9 au gouvernement, aux municipalit\u00e9s, aux entreprises, \u00e0 la sant\u00e9, aux sports, \u00e0 l\u2019\u00e9ducation et aux transports. Actuellement, il a \u00e9t\u00e9 adapt\u00e9 dans plus de quinze pays du monde.<\/p>\n<p>Nos options de programme de coaching peuvent fournir un instantan\u00e9 de la culture de coaching globale avec le <strong>\u00ab\u00a0Audit de coaching grand angle\u00a0\u00bb (WA)<\/strong> et \/ ou approfondir les sp\u00e9cificit\u00e9s d&rsquo;une relation de manager \/ rapport direct avec le <strong>\u00ab\u00a0Audit de coaching individuel\u00a0\u00bb ( IA).<\/strong><\/p>\n<p><strong>PMC<\/strong> est sp\u00e9cialis\u00e9 dans l\u2019aide \u00e0 la recherche et au d\u00e9veloppement de vos meilleurs talents par le biais de notre \u2018Audit de leadership \u00e0 potentiel \u00e9lev\u00e9 &lsquo;. C\u2019est le seul audit du march\u00e9 \u00e0 fournir un profil complet (perspectives \u00abascendante\u00bb et \u00abdescendante\u00bb) qui pr\u00e9dit le potentiel de leadership d\u2019un gestionnaire et compl\u00e8te ainsi le cycle de planification de la rel\u00e8ve. C\u2019est un compl\u00e9ment parfait \u00e0 d\u2019autres outils (personnalit\u00e9, cognitif, etc.) actuellement utilis\u00e9s dans le monde entier.<\/p>\n<p><strong>Audit versus \u00e9valuation<\/strong><\/p>\n<p>Dans un audit, vous avez une \u00abnorme\u00bb et une explication de la mani\u00e8re dont l&rsquo;activit\u00e9 doit \u00eatre effectu\u00e9e. Il d\u00e9finit la fa\u00e7on dont les choses devraient \u00eatre faites. Le consultant PMC est l\u00e0 pour mesurer et v\u00e9rifier si l&rsquo;approche d\u00e9crite est conforme \u00e0 la norme et, en second lieu, si les chefs de file suivent le programme d\u00e9crit. Un audit est donc un m\u00e9canisme de contr\u00f4le qui v\u00e9rifie si les personnes font ce qu\u2019elles devraient faire.<\/p>\n<p>Dans une \u00e9valuation, il n&rsquo;y a pas de \u00abstandard\u00bb. Ceci est remplac\u00e9 par un ensemble de concepts et de principes. Celles-ci d\u00e9crivent les r\u00e9sultats souhaitables mais non les d\u00e9tails sur la mani\u00e8re dont ils devraient \u00eatre atteints. Les \u00e9valuateurs sont l\u00e0 pour savoir pourquoi les gens ont choisi de faire les choses comme ils le font et quelles autres options ont \u00e9t\u00e9 envisag\u00e9es.<\/p>\n<p>Les deux approches sont valables et ajoutent de la valeur. La diff\u00e9rence, cependant, est fondamentale: un audit est bas\u00e9 sur une \u00abnorme\u00bb que tout le monde devrait viser.<\/p>\n<p><strong>Comportements versus Personnalit\u00e9s<\/strong><\/p>\n<p>Les \u00e9valuations typiques de 360 \u200b\u200bmesurent un large \u00e9ventail de traits de personnalit\u00e9, de comp\u00e9tences cognitives et de styles de gestion. PMC cible les comportements, les attitudes et les ressources des gestionnaires qui ont une incidence sur leur capacit\u00e9 et leur volont\u00e9 de d\u00e9velopper efficacement des rapports directs.<\/p>\n<p>De nombreux outils d\u2019\u00e9valuation cr\u00e9ent un rapport g\u00e9n\u00e9r\u00e9 par ordinateur \u00abpr\u00e9d\u00e9fini et limit\u00e9\u00bb ne tenant pas compte de la dynamique ou du contexte commercial de l\u2019entreprise.<\/p>\n<p><strong>Nos entra\u00eeneurs<\/strong><\/p>\n<p>Nos entra\u00eeneurs sont certifi\u00e9s PMC et certains portent la d\u00e9signation International Coach Federation (ICF). Nos coaches sont des consultants avec plusieurs ann\u00e9es d&rsquo;exp\u00e9rience pratique. et certains sont certifi\u00e9s en g\u00e9n\u00e9rant des rapports personnalis\u00e9s qui int\u00e8grent un contexte sp\u00e9cifique et un environnement professionnel afin de cr\u00e9er un profil clair, complet et convaincant.<\/p>\n<p>Si vous \u00eates int\u00e9ress\u00e9 \u00e0 devenir un consultant <strong>certifi\u00e9 PMC<\/strong>, contactez-nous maintenant. BEVA a besoin d&rsquo;avantage des entra\u00eeneurs pour les aider avec leur client\u00e8le croissante.<\/p>\n<\/div>\n<\/div>\n<p>[\/et_pb_text][\/et_pb_column][\/et_pb_row][\/et_pb_section]<\/p>\n","protected":false},"excerpt":{"rendered":"<p>BEVA Global Management Inc. est un revendeur agr\u00e9\u00e9 pour le coaching de gestion personnalis\u00e9 (PMC). Programme Diff\u00e9rence PMC Ce qui nous distingues vraiment de nos concurrents, c&rsquo;est notre approche unqiue. [&hellip;]<\/p>\n","protected":false},"author":3,"featured_media":0,"parent":0,"menu_order":0,"comment_status":"closed","ping_status":"closed","template":"","meta":{"_et_pb_use_builder":"on","_et_pb_old_content":"<div class=\"b w_940\"><h3><strong>BEVA Global Management Inc. is an Authorized Reseller for Personalized Management Coaching (PMC).<\/strong><\/h3><h2 class=\"entry-title\"><strong>Program<\/strong><\/h2><\/div><div class=\"b w_940\"><div class=\"b_text\"><h4><strong>PMC Difference<\/strong><\/h4><p>What truly sets us apart from our competitors is our unique approach.\u00a0 Only <strong>PMC<\/strong> provides coaching program options that genuinely measure individual coaching effectiveness and the ROI for organizations.<\/p><p>Our coaching program options can provide a snapshot of the overall coaching culture with the <strong>\u2018Wide-Angle Coaching Audit\u2019 (WA)<\/strong> and\/or drill down into the specifics of a single manager\/direct-report relationship with the <strong>\u2018Individual Coaching Audit\u2019 (IA)<\/strong>.<\/p><p>PMC specializes in helping you identify and nurture your top talent through our <strong>\u2018High-Potential Leadership Audit<\/strong><strong>\u2019<\/strong>.\u00a0 It\u2019s the only audit in the market that provides a complete profile (\u2018bottom-up\u2019 and \u2018top-down\u2019 perspectives) that predicts a manager\u2019s leadership potential and consequently completes the succession planning cycle. It\u2019s a perfect complement to other tools (personality, cognitive, etc.) currently being used worldwide..<\/p><p><strong>Audit versus Assessment<\/strong><\/p><p>In an audit, you have a \u201cstandard\u201d and an explanation of how the activity should be performed. It defines how things SHOULD be done. The PMC Consultant is there to measure and verify whether the described approach conforms to the standard and secondly whether the subject leaders are following the described program. An audit is therefore a control mechanism that checks whether people are doing what they should be doing.<\/p><p>In an\u00a0assessment, there is no \u201cstandard\u201d. This is replaced with a set of concepts and principles. These describe desirable outcomes\u00a0but not the specifics on how they should be achieved.\u00a0The assessors are there to find out why people have chosen to do things the way they do and what other options have been considered.<\/p><p>Both approaches are valid and both add value. The difference, however, is fundamental \u2013 an audit is based on a \u201cstandard\u201d that everyone should aim to achieve.<\/p><p><strong>Behaviors versus Personalities<\/strong><br \/>Typical 360 assessments measure a wide range of personality traits, cognitive skills, and management styles. PMC targets managers\u2019 behaviors, attitudes, and resources that impact their ability and willingness to effectively develop direct reports.<\/p><p>Many assessment tools create a \u2018pre-defined and limited\u2019 computer generated report not taking into account the specific corporate dynamics or business environment. Certified PMC consultants generate personalized reports that integrate specific context and business environment in order to a create a clear, complete, and compelling profile.<\/p><h3>\u00a0<\/h3><\/div><\/div>","_et_gb_content_width":"","_price":"","_stock":"","_tribe_ticket_header":"","_tribe_default_ticket_provider":"","_ticket_start_date":"","_ticket_end_date":"","_tribe_ticket_show_description":"","_tribe_ticket_show_not_going":false,"_tribe_ticket_use_global_stock":"","_tribe_ticket_global_stock_level":"","_global_stock_mode":"","_global_stock_cap":"","_tribe_rsvp_for_event":"","_tribe_ticket_going_count":"","_tribe_ticket_not_going_count":"","_tribe_tickets_list":"[]","_tribe_ticket_has_attendee_info_fields":false,"footnotes":"","_tec_slr_enabled":"","_tec_slr_layout":""},"class_list":["post-26370","page","type-page","status-publish","hentry"],"yoast_head":"<!-- This site is optimized with the Yoast SEO plugin v27.1.1 - https:\/\/yoast.com\/product\/yoast-seo-wordpress\/ -->\n<title>&quot;Personalized management coaching |BEVA Global Management&quot;<\/title>\n<meta name=\"description\" content=\"BEVA Global Management provides the Personalized Management Coaching (PMC) for ultra-high performance. Our executive coaches provide one-on-one, customized leadership development\" \/>\n<meta name=\"robots\" content=\"index, follow, max-snippet:-1, max-image-preview:large, max-video-preview:-1\" \/>\n<link rel=\"canonical\" href=\"https:\/\/bevaglobal.com\/fr\/personalized-management-coaching-pmc\/\" \/>\n<script type=\"application\/ld+json\" class=\"yoast-schema-graph\">{\"@context\":\"https:\/\/schema.org\",\"@graph\":[{\"@type\":\"WebPage\",\"@id\":\"https:\/\/bevaglobal.com\/fr\/personalized-management-coaching-pmc\/\",\"url\":\"https:\/\/bevaglobal.com\/fr\/personalized-management-coaching-pmc\/\",\"name\":\"\\\"Personalized management coaching |BEVA Global Management\\\"\",\"isPartOf\":{\"@id\":\"https:\/\/bevaglobal.com\/#website\"},\"primaryImageOfPage\":{\"@id\":\"https:\/\/bevaglobal.com\/fr\/personalized-management-coaching-pmc\/#primaryimage\"},\"image\":{\"@id\":\"https:\/\/bevaglobal.com\/fr\/personalized-management-coaching-pmc\/#primaryimage\"},\"thumbnailUrl\":\"https:\/\/bevaglobal.com\/wp-content\/uploads\/2019\/11\/PMC.jpg\",\"datePublished\":\"2019-11-03T05:20:24+00:00\",\"dateModified\":\"2022-10-25T15:24:40+00:00\",\"description\":\"BEVA Global Management provides the Personalized Management Coaching (PMC) for ultra-high performance. Our executive coaches provide one-on-one, customized leadership development\",\"breadcrumb\":{\"@id\":\"https:\/\/bevaglobal.com\/fr\/personalized-management-coaching-pmc\/#breadcrumb\"},\"inLanguage\":\"fr-FR\",\"potentialAction\":[{\"@type\":\"ReadAction\",\"target\":[\"https:\/\/bevaglobal.com\/fr\/personalized-management-coaching-pmc\/\"]}]},{\"@type\":\"ImageObject\",\"inLanguage\":\"fr-FR\",\"@id\":\"https:\/\/bevaglobal.com\/fr\/personalized-management-coaching-pmc\/#primaryimage\",\"url\":\"https:\/\/bevaglobal.com\/wp-content\/uploads\/2019\/11\/PMC.jpg\",\"contentUrl\":\"https:\/\/bevaglobal.com\/wp-content\/uploads\/2019\/11\/PMC.jpg\"},{\"@type\":\"BreadcrumbList\",\"@id\":\"https:\/\/bevaglobal.com\/fr\/personalized-management-coaching-pmc\/#breadcrumb\",\"itemListElement\":[{\"@type\":\"ListItem\",\"position\":1,\"name\":\"Home\",\"item\":\"https:\/\/bevaglobal.com\/\"},{\"@type\":\"ListItem\",\"position\":2,\"name\":\"Personalized Management Coaching (PMC)\"}]},{\"@type\":\"WebSite\",\"@id\":\"https:\/\/bevaglobal.com\/#website\",\"url\":\"https:\/\/bevaglobal.com\/\",\"name\":\"BEVA Global Management\",\"description\":\"Your gateway to knowledge!\",\"publisher\":{\"@id\":\"https:\/\/bevaglobal.com\/#organization\"},\"potentialAction\":[{\"@type\":\"SearchAction\",\"target\":{\"@type\":\"EntryPoint\",\"urlTemplate\":\"https:\/\/bevaglobal.com\/?s={search_term_string}\"},\"query-input\":{\"@type\":\"PropertyValueSpecification\",\"valueRequired\":true,\"valueName\":\"search_term_string\"}}],\"inLanguage\":\"fr-FR\"},{\"@type\":\"Organization\",\"@id\":\"https:\/\/bevaglobal.com\/#organization\",\"name\":\"BEVA Global Management\",\"url\":\"https:\/\/bevaglobal.com\/\",\"logo\":{\"@type\":\"ImageObject\",\"inLanguage\":\"fr-FR\",\"@id\":\"https:\/\/bevaglobal.com\/#\/schema\/logo\/image\/\",\"url\":\"https:\/\/bevaglobal.com\/wp-content\/uploads\/2016\/11\/logo-slogan-eng-maj3.jpg\",\"contentUrl\":\"https:\/\/bevaglobal.com\/wp-content\/uploads\/2016\/11\/logo-slogan-eng-maj3.jpg\",\"width\":800,\"height\":290,\"caption\":\"BEVA Global Management\"},\"image\":{\"@id\":\"https:\/\/bevaglobal.com\/#\/schema\/logo\/image\/\"}}]}<\/script>\n<!-- \/ Yoast SEO plugin. -->","yoast_head_json":{"title":"\"Personalized management coaching |BEVA Global Management\"","description":"BEVA Global Management provides the Personalized Management Coaching (PMC) for ultra-high performance. Our executive coaches provide one-on-one, customized leadership development","robots":{"index":"index","follow":"follow","max-snippet":"max-snippet:-1","max-image-preview":"max-image-preview:large","max-video-preview":"max-video-preview:-1"},"canonical":"https:\/\/bevaglobal.com\/fr\/personalized-management-coaching-pmc\/","schema":{"@context":"https:\/\/schema.org","@graph":[{"@type":"WebPage","@id":"https:\/\/bevaglobal.com\/fr\/personalized-management-coaching-pmc\/","url":"https:\/\/bevaglobal.com\/fr\/personalized-management-coaching-pmc\/","name":"\"Personalized management coaching |BEVA Global Management\"","isPartOf":{"@id":"https:\/\/bevaglobal.com\/#website"},"primaryImageOfPage":{"@id":"https:\/\/bevaglobal.com\/fr\/personalized-management-coaching-pmc\/#primaryimage"},"image":{"@id":"https:\/\/bevaglobal.com\/fr\/personalized-management-coaching-pmc\/#primaryimage"},"thumbnailUrl":"https:\/\/bevaglobal.com\/wp-content\/uploads\/2019\/11\/PMC.jpg","datePublished":"2019-11-03T05:20:24+00:00","dateModified":"2022-10-25T15:24:40+00:00","description":"BEVA Global Management provides the Personalized Management Coaching (PMC) for ultra-high performance. Our executive coaches provide one-on-one, customized leadership development","breadcrumb":{"@id":"https:\/\/bevaglobal.com\/fr\/personalized-management-coaching-pmc\/#breadcrumb"},"inLanguage":"fr-FR","potentialAction":[{"@type":"ReadAction","target":["https:\/\/bevaglobal.com\/fr\/personalized-management-coaching-pmc\/"]}]},{"@type":"ImageObject","inLanguage":"fr-FR","@id":"https:\/\/bevaglobal.com\/fr\/personalized-management-coaching-pmc\/#primaryimage","url":"https:\/\/bevaglobal.com\/wp-content\/uploads\/2019\/11\/PMC.jpg","contentUrl":"https:\/\/bevaglobal.com\/wp-content\/uploads\/2019\/11\/PMC.jpg"},{"@type":"BreadcrumbList","@id":"https:\/\/bevaglobal.com\/fr\/personalized-management-coaching-pmc\/#breadcrumb","itemListElement":[{"@type":"ListItem","position":1,"name":"Home","item":"https:\/\/bevaglobal.com\/"},{"@type":"ListItem","position":2,"name":"Personalized Management Coaching (PMC)"}]},{"@type":"WebSite","@id":"https:\/\/bevaglobal.com\/#website","url":"https:\/\/bevaglobal.com\/","name":"BEVA Global Management","description":"Your gateway to knowledge!","publisher":{"@id":"https:\/\/bevaglobal.com\/#organization"},"potentialAction":[{"@type":"SearchAction","target":{"@type":"EntryPoint","urlTemplate":"https:\/\/bevaglobal.com\/?s={search_term_string}"},"query-input":{"@type":"PropertyValueSpecification","valueRequired":true,"valueName":"search_term_string"}}],"inLanguage":"fr-FR"},{"@type":"Organization","@id":"https:\/\/bevaglobal.com\/#organization","name":"BEVA Global Management","url":"https:\/\/bevaglobal.com\/","logo":{"@type":"ImageObject","inLanguage":"fr-FR","@id":"https:\/\/bevaglobal.com\/#\/schema\/logo\/image\/","url":"https:\/\/bevaglobal.com\/wp-content\/uploads\/2016\/11\/logo-slogan-eng-maj3.jpg","contentUrl":"https:\/\/bevaglobal.com\/wp-content\/uploads\/2016\/11\/logo-slogan-eng-maj3.jpg","width":800,"height":290,"caption":"BEVA Global Management"},"image":{"@id":"https:\/\/bevaglobal.com\/#\/schema\/logo\/image\/"}}]}},"jetpack_sharing_enabled":true,"ticketed":false,"_links":{"self":[{"href":"https:\/\/bevaglobal.com\/fr\/wp-json\/wp\/v2\/pages\/26370","targetHints":{"allow":["GET"]}}],"collection":[{"href":"https:\/\/bevaglobal.com\/fr\/wp-json\/wp\/v2\/pages"}],"about":[{"href":"https:\/\/bevaglobal.com\/fr\/wp-json\/wp\/v2\/types\/page"}],"author":[{"embeddable":true,"href":"https:\/\/bevaglobal.com\/fr\/wp-json\/wp\/v2\/users\/3"}],"replies":[{"embeddable":true,"href":"https:\/\/bevaglobal.com\/fr\/wp-json\/wp\/v2\/comments?post=26370"}],"version-history":[{"count":1,"href":"https:\/\/bevaglobal.com\/fr\/wp-json\/wp\/v2\/pages\/26370\/revisions"}],"predecessor-version":[{"id":26371,"href":"https:\/\/bevaglobal.com\/fr\/wp-json\/wp\/v2\/pages\/26370\/revisions\/26371"}],"wp:attachment":[{"href":"https:\/\/bevaglobal.com\/fr\/wp-json\/wp\/v2\/media?parent=26370"}],"curies":[{"name":"wp","href":"https:\/\/api.w.org\/{rel}","templated":true}]}}