{"id":5283,"date":"2018-06-05T09:45:18","date_gmt":"2018-06-05T09:45:18","guid":{"rendered":"https:\/\/bevaglobal.com\/?page_id=5283"},"modified":"2022-10-20T15:04:18","modified_gmt":"2022-10-20T15:04:18","slug":"a-propos","status":"publish","type":"page","link":"https:\/\/bevaglobal.com\/fr\/a-propos\/","title":{"rendered":"A propos"},"content":{"rendered":"<p>BEVA Global Management a \u00e9galement connu sous le nom \u00a0\u00bb BEVA \u00a0\u00bb est strat\u00e9giquement positionn\u00e9 comme un fournisseur mondial de services de leur choix. BEVA Global Associates Gestion et conseillers sont reconnus et respect\u00e9s dans leur domaine . Collectivement, nous fournissons les connaissances et l&rsquo;exp\u00e9rience pluridisciplinaire. BEVA Global Management peut vous aider \u00e0 d\u00e9terminer votre organisation ou de l&rsquo;\u00e9valuation des capacit\u00e9s de l&rsquo;entreprise et fournir des recommandations pour am\u00e9liorer vos processus ainsi que leur mise en \u0153uvre . Cela se fait \u00e0 l&rsquo;aide de notre produit phare et produit unique SysteoPlus &#x2122; . BEVA fournit d&rsquo;autres services comme les ressources humaines , la GI \/ TI , formation et coaching et de conseil de direction g\u00e9n\u00e9rale. Nous fournissons le soutien dont vous avez besoin que votre organisation ou entreprise change et grandit.<\/p>\n<p>Vision: \u00eatre une entreprise mondiale de gestion de premier choix \u00e0 travers les associations et le partenariat , offrant des services pluridisciplinaires pour le gouvernement , les organismes et les secteurs priv\u00e9 et communautaire .<\/p>\n<p>Mission : Fournir des services professionnels et des produits uniques qui aidera tous les types d&rsquo;organisations \u00e0 \u00eatre plus efficace en termes de \u00abcapacit\u00e9\u00bb .<\/p>\n<p>Valeurs: Pour fournir les meilleurs services et solutions pour le client et faire la diff\u00e9rence \u00e0 la fin de la journee.<\/p>\n","protected":false},"excerpt":{"rendered":"<p>BEVA Global Management a \u00e9galement connu sous le nom \u00a0\u00bb BEVA \u00a0\u00bb est strat\u00e9giquement positionn\u00e9 comme un fournisseur mondial de services de leur choix. BEVA Global Associates Gestion et conseillers [&hellip;]<\/p>\n","protected":false},"author":3,"featured_media":0,"parent":0,"menu_order":0,"comment_status":"closed","ping_status":"closed","template":"","meta":{"_et_pb_use_builder":"","_et_pb_old_content":"","_et_gb_content_width":"","_price":"","_stock":"","_tribe_ticket_header":"","_tribe_default_ticket_provider":"","_ticket_start_date":"","_ticket_end_date":"","_tribe_ticket_show_description":"","_tribe_ticket_show_not_going":false,"_tribe_ticket_use_global_stock":"","_tribe_ticket_global_stock_level":"","_global_stock_mode":"","_global_stock_cap":"","_tribe_rsvp_for_event":"","_tribe_ticket_going_count":"","_tribe_ticket_not_going_count":"","_tribe_tickets_list":"[]","_tribe_ticket_has_attendee_info_fields":false,"footnotes":"","_tec_slr_enabled":"","_tec_slr_layout":""},"class_list":["post-5283","page","type-page","status-publish","hentry"],"yoast_head":"<!-- This site is optimized with the Yoast SEO plugin v27.1.1 - https:\/\/yoast.com\/product\/yoast-seo-wordpress\/ -->\n<title>A propos - BEVA Global Management<\/title>\n<meta name=\"description\" content=\"A propos | Contact us online\" \/>\n<meta name=\"robots\" content=\"index, follow, max-snippet:-1, max-image-preview:large, max-video-preview:-1\" \/>\n<link rel=\"canonical\" href=\"https:\/\/bevaglobal.com\/fr\/a-propos\/\" \/>\n<script type=\"application\/ld+json\" class=\"yoast-schema-graph\">{\"@context\":\"https:\/\/schema.org\",\"@graph\":[{\"@type\":\"WebPage\",\"@id\":\"https:\/\/bevaglobal.com\/fr\/a-propos\/\",\"url\":\"https:\/\/bevaglobal.com\/fr\/a-propos\/\",\"name\":\"A propos - BEVA Global Management\",\"isPartOf\":{\"@id\":\"https:\/\/bevaglobal.com\/#website\"},\"datePublished\":\"2018-06-05T09:45:18+00:00\",\"dateModified\":\"2022-10-20T15:04:18+00:00\",\"description\":\"A propos | Contact us online\",\"breadcrumb\":{\"@id\":\"https:\/\/bevaglobal.com\/fr\/a-propos\/#breadcrumb\"},\"inLanguage\":\"fr-FR\",\"potentialAction\":[{\"@type\":\"ReadAction\",\"target\":[\"https:\/\/bevaglobal.com\/fr\/a-propos\/\"]}]},{\"@type\":\"BreadcrumbList\",\"@id\":\"https:\/\/bevaglobal.com\/fr\/a-propos\/#breadcrumb\",\"itemListElement\":[{\"@type\":\"ListItem\",\"position\":1,\"name\":\"Home\",\"item\":\"https:\/\/bevaglobal.com\/\"},{\"@type\":\"ListItem\",\"position\":2,\"name\":\"A propos\"}]},{\"@type\":\"WebSite\",\"@id\":\"https:\/\/bevaglobal.com\/#website\",\"url\":\"https:\/\/bevaglobal.com\/\",\"name\":\"BEVA Global Management\",\"description\":\"Your gateway to knowledge!\",\"publisher\":{\"@id\":\"https:\/\/bevaglobal.com\/#organization\"},\"potentialAction\":[{\"@type\":\"SearchAction\",\"target\":{\"@type\":\"EntryPoint\",\"urlTemplate\":\"https:\/\/bevaglobal.com\/?s={search_term_string}\"},\"query-input\":{\"@type\":\"PropertyValueSpecification\",\"valueRequired\":true,\"valueName\":\"search_term_string\"}}],\"inLanguage\":\"fr-FR\"},{\"@type\":\"Organization\",\"@id\":\"https:\/\/bevaglobal.com\/#organization\",\"name\":\"BEVA Global Management\",\"url\":\"https:\/\/bevaglobal.com\/\",\"logo\":{\"@type\":\"ImageObject\",\"inLanguage\":\"fr-FR\",\"@id\":\"https:\/\/bevaglobal.com\/#\/schema\/logo\/image\/\",\"url\":\"https:\/\/bevaglobal.com\/wp-content\/uploads\/2016\/11\/logo-slogan-eng-maj3.jpg\",\"contentUrl\":\"https:\/\/bevaglobal.com\/wp-content\/uploads\/2016\/11\/logo-slogan-eng-maj3.jpg\",\"width\":800,\"height\":290,\"caption\":\"BEVA Global Management\"},\"image\":{\"@id\":\"https:\/\/bevaglobal.com\/#\/schema\/logo\/image\/\"}}]}<\/script>\n<!-- \/ Yoast SEO plugin. -->","yoast_head_json":{"title":"A propos - BEVA Global Management","description":"A propos | Contact us online","robots":{"index":"index","follow":"follow","max-snippet":"max-snippet:-1","max-image-preview":"max-image-preview:large","max-video-preview":"max-video-preview:-1"},"canonical":"https:\/\/bevaglobal.com\/fr\/a-propos\/","schema":{"@context":"https:\/\/schema.org","@graph":[{"@type":"WebPage","@id":"https:\/\/bevaglobal.com\/fr\/a-propos\/","url":"https:\/\/bevaglobal.com\/fr\/a-propos\/","name":"A propos - BEVA Global Management","isPartOf":{"@id":"https:\/\/bevaglobal.com\/#website"},"datePublished":"2018-06-05T09:45:18+00:00","dateModified":"2022-10-20T15:04:18+00:00","description":"A propos | Contact us online","breadcrumb":{"@id":"https:\/\/bevaglobal.com\/fr\/a-propos\/#breadcrumb"},"inLanguage":"fr-FR","potentialAction":[{"@type":"ReadAction","target":["https:\/\/bevaglobal.com\/fr\/a-propos\/"]}]},{"@type":"BreadcrumbList","@id":"https:\/\/bevaglobal.com\/fr\/a-propos\/#breadcrumb","itemListElement":[{"@type":"ListItem","position":1,"name":"Home","item":"https:\/\/bevaglobal.com\/"},{"@type":"ListItem","position":2,"name":"A propos"}]},{"@type":"WebSite","@id":"https:\/\/bevaglobal.com\/#website","url":"https:\/\/bevaglobal.com\/","name":"BEVA Global Management","description":"Your gateway to knowledge!","publisher":{"@id":"https:\/\/bevaglobal.com\/#organization"},"potentialAction":[{"@type":"SearchAction","target":{"@type":"EntryPoint","urlTemplate":"https:\/\/bevaglobal.com\/?s={search_term_string}"},"query-input":{"@type":"PropertyValueSpecification","valueRequired":true,"valueName":"search_term_string"}}],"inLanguage":"fr-FR"},{"@type":"Organization","@id":"https:\/\/bevaglobal.com\/#organization","name":"BEVA Global Management","url":"https:\/\/bevaglobal.com\/","logo":{"@type":"ImageObject","inLanguage":"fr-FR","@id":"https:\/\/bevaglobal.com\/#\/schema\/logo\/image\/","url":"https:\/\/bevaglobal.com\/wp-content\/uploads\/2016\/11\/logo-slogan-eng-maj3.jpg","contentUrl":"https:\/\/bevaglobal.com\/wp-content\/uploads\/2016\/11\/logo-slogan-eng-maj3.jpg","width":800,"height":290,"caption":"BEVA Global Management"},"image":{"@id":"https:\/\/bevaglobal.com\/#\/schema\/logo\/image\/"}}]}},"jetpack_sharing_enabled":true,"ticketed":false,"_links":{"self":[{"href":"https:\/\/bevaglobal.com\/fr\/wp-json\/wp\/v2\/pages\/5283","targetHints":{"allow":["GET"]}}],"collection":[{"href":"https:\/\/bevaglobal.com\/fr\/wp-json\/wp\/v2\/pages"}],"about":[{"href":"https:\/\/bevaglobal.com\/fr\/wp-json\/wp\/v2\/types\/page"}],"author":[{"embeddable":true,"href":"https:\/\/bevaglobal.com\/fr\/wp-json\/wp\/v2\/users\/3"}],"replies":[{"embeddable":true,"href":"https:\/\/bevaglobal.com\/fr\/wp-json\/wp\/v2\/comments?post=5283"}],"version-history":[{"count":1,"href":"https:\/\/bevaglobal.com\/fr\/wp-json\/wp\/v2\/pages\/5283\/revisions"}],"predecessor-version":[{"id":5284,"href":"https:\/\/bevaglobal.com\/fr\/wp-json\/wp\/v2\/pages\/5283\/revisions\/5284"}],"wp:attachment":[{"href":"https:\/\/bevaglobal.com\/fr\/wp-json\/wp\/v2\/media?parent=5283"}],"curies":[{"name":"wp","href":"https:\/\/api.w.org\/{rel}","templated":true}]}}