{"id":5301,"date":"2018-06-05T09:57:23","date_gmt":"2018-06-05T09:57:23","guid":{"rendered":"https:\/\/bevaglobal.com\/?page_id=5301"},"modified":"2022-10-20T15:21:27","modified_gmt":"2022-10-20T15:21:27","slug":"evaluation-capacite-entreprise-organisation","status":"publish","type":"page","link":"https:\/\/bevaglobal.com\/fr\/evaluation-capacite-entreprise-organisation\/","title":{"rendered":"\u00c9valuation de la capacit\u00e9 de votre entreprise ou organisation"},"content":{"rendered":"<p>[et_pb_section fb_built=\u00a0\u00bb1&Prime; _builder_version=\u00a0\u00bb4.16&Prime; background_image=\u00a0\u00bbhttps:\/\/bevaglobal.com\/wp-content\/uploads\/2018\/06\/abstract02-5.jpg\u00a0\u00bb global_colors_info=\u00a0\u00bb{}\u00a0\u00bb][et_pb_row _builder_version=\u00a0\u00bb4.16&Prime; background_size=\u00a0\u00bbinitial\u00a0\u00bb background_position=\u00a0\u00bbtop_left\u00a0\u00bb background_repeat=\u00a0\u00bbrepeat\u00a0\u00bb global_colors_info=\u00a0\u00bb{}\u00a0\u00bb][et_pb_column type=\u00a0\u00bb4_4&Prime; _builder_version=\u00a0\u00bb4.16&Prime; custom_padding=\u00a0\u00bb|||\u00a0\u00bb global_colors_info=\u00a0\u00bb{}\u00a0\u00bb custom_padding__hover=\u00a0\u00bb|||\u00a0\u00bb][et_pb_text admin_label=\u00a0\u00bbPage Title\u00a0\u00bb _builder_version=\u00a0\u00bb4.16&Prime; header_font=\u00a0\u00bb|600||on|||||\u00a0\u00bb header_text_align=\u00a0\u00bbleft\u00a0\u00bb header_text_color=\u00a0\u00bb#ffffff\u00a0\u00bb global_colors_info=\u00a0\u00bb{}\u00a0\u00bb]<\/p>\n<h1>\u00c9valuation de la capacit\u00e9 de votre entreprise ou organisation<\/h1>\n<p>[\/et_pb_text][\/et_pb_column][\/et_pb_row][\/et_pb_section][et_pb_section fb_built=\u00a0\u00bb1&Prime; _builder_version=\u00a0\u00bb4.16&Prime; background_color=\u00a0\u00bb#eeeeee\u00a0\u00bb global_colors_info=\u00a0\u00bb{}\u00a0\u00bb][et_pb_row _builder_version=\u00a0\u00bb4.16&Prime; background_size=\u00a0\u00bbinitial\u00a0\u00bb background_position=\u00a0\u00bbtop_left\u00a0\u00bb background_repeat=\u00a0\u00bbrepeat\u00a0\u00bb global_colors_info=\u00a0\u00bb{}\u00a0\u00bb][et_pb_column type=\u00a0\u00bb4_4&Prime; _builder_version=\u00a0\u00bb4.16&Prime; custom_padding=\u00a0\u00bb|||\u00a0\u00bb global_colors_info=\u00a0\u00bb{}\u00a0\u00bb custom_padding__hover=\u00a0\u00bb|||\u00a0\u00bb][et_pb_text admin_label=\u00a0\u00bbFeature Text\u00a0\u00bb _builder_version=\u00a0\u00bb4.16&Prime; text_text_color=\u00a0\u00bb#2a5eaa\u00a0\u00bb text_font_size=\u00a0\u00bb18px\u00a0\u00bb text_orientation=\u00a0\u00bbcenter\u00a0\u00bb global_colors_info=\u00a0\u00bb{}\u00a0\u00bb]<\/p>\n<p><span>\u201cLes donn\u00e9es d\u2019un sondage indiquent que les organisations ayant recours \u00e0 une approche typique de gestion de projet satisferaient ou d\u00e9passeraient les normes de qualit\u00e9 de l\u2019organisation dans 93% du temps; livreraient selon la port\u00e9e du projet dans 92% du temps; et rencontreraient ou d\u00e9passeraient les avantages projet\u00e9s d\u2019affaire du projet dans 89% du temps\u201d.<\/span><\/p>\n<p>[\/et_pb_text][\/et_pb_column][\/et_pb_row][\/et_pb_section][et_pb_section fb_built=\u00a0\u00bb1&Prime; _builder_version=\u00a0\u00bb4.16&Prime; global_colors_info=\u00a0\u00bb{}\u00a0\u00bb][et_pb_row _builder_version=\u00a0\u00bb4.16&Prime; background_size=\u00a0\u00bbinitial\u00a0\u00bb background_position=\u00a0\u00bbtop_left\u00a0\u00bb background_repeat=\u00a0\u00bbrepeat\u00a0\u00bb global_colors_info=\u00a0\u00bb{}\u00a0\u00bb][et_pb_column type=\u00a0\u00bb4_4&Prime; _builder_version=\u00a0\u00bb4.16&Prime; custom_padding=\u00a0\u00bb|||\u00a0\u00bb global_colors_info=\u00a0\u00bb{}\u00a0\u00bb custom_padding__hover=\u00a0\u00bb|||\u00a0\u00bb][et_pb_text _builder_version=\u00a0\u00bb4.16&Prime; global_colors_info=\u00a0\u00bb{}\u00a0\u00bb]<\/p>\n<p align=\"center\"><img loading=\"lazy\" decoding=\"async\" class=\"aligncenter wp-image-6035 size-medium\" src=\"https:\/\/bevaglobal.com\/wp-content\/uploads\/2018\/06\/1522954947-915317-Systoplus01-300x198-2.png\" alt=\"\" width=\"300\" height=\"198\" \/><\/p>\n<p>SysteoPlus\u00ae est une m\u00e9thodologie d\u00e9velopp\u00e9e par BEVA Global Management Inc. Elle a d\u00e9but\u00e9 en tant que projet de recherche de th\u00e8se universitaire en 2008 et au fil des ann\u00e9es et des modifications, elle est arriv\u00e9e \u00e0 sa pleine production en 2012.<\/p>\n<p>[\/et_pb_text][\/et_pb_column][\/et_pb_row][\/et_pb_section][et_pb_section fb_built=\u00a0\u00bb1&Prime; _builder_version=\u00a0\u00bb4.16&Prime; custom_margin=\u00a0\u00bb0px||0px|\u00a0\u00bb custom_padding=\u00a0\u00bb0px||0px|\u00a0\u00bb global_colors_info=\u00a0\u00bb{}\u00a0\u00bb][et_pb_row column_structure=\u00a0\u00bb1_3,1_3,1_3&Prime; make_equal=\u00a0\u00bbon\u00a0\u00bb _builder_version=\u00a0\u00bb4.16&Prime; border_radii=\u00a0\u00bbon|20px|20px|20px|20px\u00a0\u00bb global_colors_info=\u00a0\u00bb{}\u00a0\u00bb][et_pb_column type=\u00a0\u00bb1_3&Prime; _builder_version=\u00a0\u00bb4.16&Prime; background_color=\u00a0\u00bb#2a5eaa\u00a0\u00bb custom_padding=\u00a0\u00bb30px|30px|30px|30px\u00a0\u00bb global_colors_info=\u00a0\u00bb{}\u00a0\u00bb custom_padding__hover=\u00a0\u00bb|||\u00a0\u00bb][et_pb_text admin_label=\u00a0\u00bbProject\u00a0\u00bb _builder_version=\u00a0\u00bb4.16&Prime; text_text_color=\u00a0\u00bb#ffffff\u00a0\u00bb header_2_font=\u00a0\u00bb|700||on|||||\u00a0\u00bb header_2_text_align=\u00a0\u00bbcenter\u00a0\u00bb header_2_text_color=\u00a0\u00bb#ffffff\u00a0\u00bb global_colors_info=\u00a0\u00bb{}\u00a0\u00bb]<\/p>\n<h2>Projet<\/h2>\n<p>SysteoPlus\u00ae Projet \u00e9value la capacit\u00e9 organisationnelle actuelle pour les organisations qui r\u00e9alisent des projets. Cette m\u00e9thodologie a \u00e9t\u00e9 con\u00e7ue pour les organisations qui souhaitent utiliser une m\u00e9thode standard ainsi que d\u2019un cadre de gestion de projet et une documentation coh\u00e9rente.<\/p>\n<p>Chaque ann\u00e9e, SysteoPlus\u00ae a \u00e9t\u00e9 am\u00e9lior\u00e9 pour r\u00e9pondre aux besoins croissants des organisations et des entreprises.<\/p>\n<p>De plus en plus d\u2019organisations choisissent SysteoPlus\u00ae Projet comme m\u00e9thodologie et outil de choix pour d\u00e9terminer leur capacit\u00e9 organisationnelle actuelle de r\u00e9aliser des projets.<\/p>\n<p>[\/et_pb_text][\/et_pb_column][et_pb_column type=\u00a0\u00bb1_3&Prime; _builder_version=\u00a0\u00bb4.16&Prime; background_color=\u00a0\u00bb#2a5eaa\u00a0\u00bb custom_padding=\u00a0\u00bb30px|30px|30px|30px\u00a0\u00bb global_colors_info=\u00a0\u00bb{}\u00a0\u00bb custom_padding__hover=\u00a0\u00bb|||\u00a0\u00bb][et_pb_text admin_label=\u00a0\u00bbProgram\u00a0\u00bb _builder_version=\u00a0\u00bb4.16&Prime; text_text_color=\u00a0\u00bb#ffffff\u00a0\u00bb header_2_font=\u00a0\u00bb|700||on|||||\u00a0\u00bb header_2_text_align=\u00a0\u00bbcenter\u00a0\u00bb header_2_text_color=\u00a0\u00bb#ffffff\u00a0\u00bb global_colors_info=\u00a0\u00bb{}\u00a0\u00bb]<\/p>\n<h2>ProgramME<\/h2>\n<p>SysteoPlus\u00ae Programme \u00e9value la capacit\u00e9 organisationnelle actuelle pour les organisations qui r\u00e9alisent des programmes et des projets. Cette m\u00e9thodologie a \u00e9t\u00e9 con\u00e7ue pour les organisations qui souhaitent utiliser une m\u00e9thode standard ainsi que d\u2019un cadre de gestion de programme et une documentation coh\u00e9rente.<\/p>\n<p>De plus en plus d\u2019organisations choisissent SysteoPlus\u00ae Programme comme m\u00e9thodologie et outil de choix pour d\u00e9terminer leur capacit\u00e9 organisationnelle actuelle de r\u00e9aliser des programmes.<\/p>\n<p>[\/et_pb_text][\/et_pb_column][et_pb_column type=\u00a0\u00bb1_3&Prime; _builder_version=\u00a0\u00bb4.16&Prime; background_color=\u00a0\u00bb#2a5eaa\u00a0\u00bb custom_padding=\u00a0\u00bb30px|30px|30px|30px\u00a0\u00bb global_colors_info=\u00a0\u00bb{}\u00a0\u00bb custom_padding__hover=\u00a0\u00bb|||\u00a0\u00bb][et_pb_text admin_label=\u00a0\u00bbPortfolio\u00a0\u00bb _builder_version=\u00a0\u00bb4.16&Prime; text_text_color=\u00a0\u00bb#ffffff\u00a0\u00bb header_2_font=\u00a0\u00bb|700||on|||||\u00a0\u00bb header_2_text_align=\u00a0\u00bbcenter\u00a0\u00bb header_2_text_color=\u00a0\u00bb#ffffff\u00a0\u00bb global_colors_info=\u00a0\u00bb{}\u00a0\u00bb]<\/p>\n<h2>PortEFEUILLE<\/h2>\n<p>SysteoPlus\u00ae Portefeuille\u00a0<span>\u00e9value la capacit\u00e9 organisationnelle actuelle pour les organisations qui r\u00e9alisent des portefeuilles \/ programmes \/projets. Cette m\u00e9thodologie a \u00e9t\u00e9 con\u00e7ue pour les organisations qui souhaitent utiliser une m\u00e9thode standard ainsi que d\u2019un cadre de gestion de portefeuille et une documentation coh\u00e9rente.<\/span><\/p>\n<p>[\/et_pb_text][\/et_pb_column][\/et_pb_row][\/et_pb_section][et_pb_section fb_built=\u00a0\u00bb1&Prime; _builder_version=\u00a0\u00bb4.16&Prime; global_colors_info=\u00a0\u00bb{}\u00a0\u00bb][et_pb_row _builder_version=\u00a0\u00bb4.16&Prime; background_size=\u00a0\u00bbinitial\u00a0\u00bb background_position=\u00a0\u00bbtop_left\u00a0\u00bb background_repeat=\u00a0\u00bbrepeat\u00a0\u00bb global_colors_info=\u00a0\u00bb{}\u00a0\u00bb][et_pb_column type=\u00a0\u00bb4_4&Prime; _builder_version=\u00a0\u00bb4.16&Prime; custom_padding=\u00a0\u00bb|||\u00a0\u00bb global_colors_info=\u00a0\u00bb{}\u00a0\u00bb custom_padding__hover=\u00a0\u00bb|||\u00a0\u00bb][et_pb_text _builder_version=\u00a0\u00bb4.16&Prime; global_colors_info=\u00a0\u00bb{}\u00a0\u00bb]<\/p>\n<p>Nous ferons appel \u00e0<span>\u00a0<\/span><span><strong>SysteoPlus\u00ae<\/strong><b>\u00a0<\/b><\/span>pour \u00e9valuer la performance de votre organisation. Vous disposerez alors d\u2019un point de r\u00e9f\u00e9rence sur lequel vous appuyer pour construire et \u00e9valuer l\u2019am\u00e9lioration de votre efficacit\u00e9.<\/p>\n<p><span><b><strong>SysteoPlus\u00ae<\/strong><\/b><\/span><span>\u00a0<\/span>peut cibler avec pr\u00e9cision les domaines \u00e0 am\u00e9liorer ou jeter un coup d\u2019oeil sur l\u2019organisation dans sa globalit\u00e9. Pour vos clients, la certification.<\/p>\n<p><strong>SysteoPlus\u00ae<\/strong><b><span>\u00a0<\/span><\/b>t\u00e9moignera de votre capacit\u00e9 \u00e0 mener \u00e0 bien des projets.<b><\/b><\/p>\n<p><b><strong>SysteoPlus\u00ae<\/strong><\/b><span>\u00a0<\/span>est bien plus qu\u2019un syst\u00e8me d\u2019assurance de la qualit\u00e9. Il regroupe tous les processus d\u2019une organisation dans un seul syst\u00e8me efficace.<\/p>\n<p>Que vous soyez un minist\u00e8re, un organisme gouvernemental, une soci\u00e9t\u00e9 d\u2019\u00c9tat, une soci\u00e9t\u00e9 priv\u00e9e, ou une soci\u00e9t\u00e9 \u00e0 but non-lucratif, vous pouvez tirer avantage de l\u2019utilisation de<span>\u00a0<\/span><strong>SysteoPlus\u00ae<\/strong><b>.<\/b><b><\/b><b><\/b><\/p>\n<p><b><strong>SysteoPlus\u00ae<\/strong><\/b><span>\u00a0<\/span>a \u00e9t\u00e9 con\u00e7u et d\u00e9velopp\u00e9 par des experts-conseils, des gestionnaires de projet et des formateurs d\u2019exp\u00e9rience de BEVA. Quelle meilleure solution que de proc\u00e9der \u00e0 la rationalisation des processus et des m\u00e9thodes existantes afin de veiller \u00e0 ce que le travail \u00e0 accomplir soit ex\u00e9cut\u00e9 avec les ressources que vous poss\u00e9dez actuellement?<\/p>\n<p><b><strong>SysteoPlus\u00a9<\/strong>,<\/b><span>\u00a0<\/span>notre syst\u00e8me unique, regroupe diverses composantes formant ensemble un syst\u00e8me de gestion des projets d\u2019entreprise (SGPE).<\/p>\n<p>Pour une consultation, passser \u00e0 l&rsquo;action!<\/p>\n<p>[\/et_pb_text][\/et_pb_column][\/et_pb_row][\/et_pb_section][et_pb_section fb_built=\u00a0\u00bb1&Prime; _builder_version=\u00a0\u00bb3.20.1&Prime; background_color=\u00a0\u00bb#2a5eaa\u00a0\u00bb custom_padding=\u00a0\u00bb0|0px|54px|0px|false|false\u00a0\u00bb global_module=\u00a0\u00bb6475&Prime; global_colors_info=\u00a0\u00bb{}\u00a0\u00bb][et_pb_row module_class=\u00a0\u00bb et_pb_row_fullwidth et_pb_row_fullwidth et_pb_row_fullwidth et_pb_row_fullwidth\u00a0\u00bb _builder_version=\u00a0\u00bb4.18.0&Prime; width=\u00a0\u00bb89%\u00a0\u00bb width_tablet=\u00a0\u00bb80%\u00a0\u00bb width_phone=\u00a0\u00bb\u00a0\u00bb width_last_edited=\u00a0\u00bbon|desktop\u00a0\u00bb max_width=\u00a0\u00bb89%\u00a0\u00bb max_width_tablet=\u00a0\u00bb80%\u00a0\u00bb max_width_phone=\u00a0\u00bb\u00a0\u00bb max_width_last_edited=\u00a0\u00bbon|desktop\u00a0\u00bb module_alignment=\u00a0\u00bbcenter\u00a0\u00bb make_fullwidth=\u00a0\u00bbon\u00a0\u00bb global_colors_info=\u00a0\u00bb{}\u00a0\u00bb][et_pb_column type=\u00a0\u00bb4_4&Prime; _builder_version=\u00a0\u00bb4.16&Prime; custom_padding=\u00a0\u00bb|||\u00a0\u00bb global_colors_info=\u00a0\u00bb{}\u00a0\u00bb custom_padding__hover=\u00a0\u00bb|||\u00a0\u00bb][et_pb_cta title=\u00a0\u00bbPASSER \u00c0 L&rsquo;ACTION !\u00a0\u00bb button_url=\u00a0\u00bb\/fr\/nous-joindre\/\u00a0\u00bb button_text=\u00a0\u00bbCONTACTEZ-NOUS MAINTENANT\u00a0\u00bb _builder_version=\u00a0\u00bb4.18.0&Prime; header_level=\u00a0\u00bbh3&Prime; header_font=\u00a0\u00bb|700||on|||||\u00a0\u00bb header_text_align=\u00a0\u00bbcenter\u00a0\u00bb header_font_size=\u00a0\u00bb29&Prime; body_font_size=\u00a0\u00bb18&Prime; use_background_color=\u00a0\u00bboff\u00a0\u00bb global_colors_info=\u00a0\u00bb{}\u00a0\u00bb button_text_size__hover_enabled=\u00a0\u00bboff\u00a0\u00bb button_one_text_size__hover_enabled=\u00a0\u00bboff\u00a0\u00bb button_two_text_size__hover_enabled=\u00a0\u00bboff\u00a0\u00bb button_text_color__hover_enabled=\u00a0\u00bboff\u00a0\u00bb button_one_text_color__hover_enabled=\u00a0\u00bboff\u00a0\u00bb button_two_text_color__hover_enabled=\u00a0\u00bboff\u00a0\u00bb button_border_width__hover_enabled=\u00a0\u00bboff\u00a0\u00bb button_one_border_width__hover_enabled=\u00a0\u00bboff\u00a0\u00bb button_two_border_width__hover_enabled=\u00a0\u00bboff\u00a0\u00bb button_border_color__hover_enabled=\u00a0\u00bboff\u00a0\u00bb button_one_border_color__hover_enabled=\u00a0\u00bboff\u00a0\u00bb button_two_border_color__hover_enabled=\u00a0\u00bboff\u00a0\u00bb button_border_radius__hover_enabled=\u00a0\u00bboff\u00a0\u00bb button_one_border_radius__hover_enabled=\u00a0\u00bboff\u00a0\u00bb button_two_border_radius__hover_enabled=\u00a0\u00bboff\u00a0\u00bb button_letter_spacing__hover_enabled=\u00a0\u00bboff\u00a0\u00bb button_one_letter_spacing__hover_enabled=\u00a0\u00bboff\u00a0\u00bb button_two_letter_spacing__hover_enabled=\u00a0\u00bboff\u00a0\u00bb button_bg_color__hover_enabled=\u00a0\u00bboff\u00a0\u00bb button_one_bg_color__hover_enabled=\u00a0\u00bboff\u00a0\u00bb button_two_bg_color__hover_enabled=\u00a0\u00bboff\u00a0\u00bb]<\/p>\n<p>Laissez-nous r\u00e9pondre \u00e0 vos questions et voir comment nous pouvons vous aider.<\/p>\n<p>[\/et_pb_cta][\/et_pb_column][\/et_pb_row][\/et_pb_section]<\/p>\n","protected":false},"excerpt":{"rendered":"<p>\u00c9valuation de la capacit\u00e9 de votre entreprise ou organisation \u201cLes donn\u00e9es d\u2019un sondage indiquent que les organisations ayant recours \u00e0 une approche typique de gestion de projet satisferaient ou d\u00e9passeraient [&hellip;]<\/p>\n","protected":false},"author":3,"featured_media":0,"parent":0,"menu_order":0,"comment_status":"closed","ping_status":"closed","template":"","meta":{"_et_pb_use_builder":"on","_et_pb_old_content":"<h2>Business \/ Organizational Capacity Assessment is Necessary<\/h2>\r\n<p align=\"center\">by<\/p>\r\n<p style=\"text-align: center;\"><strong>BEVA Global Management Inc.<\/strong><\/p>\r\n<p align=\"LEFT\">\u201cSurvey data showed that organizations employing their typical PM approach would meet or exceed the organization\u2019s quality standards 93% of the time; deliver within the project\u2019s scope 92% of the time; and result in meeting or exceeding the projected business benefits of the project 89% of the time.\u201d<\/p>\r\n<p align=\"center\">\u00a0<a href=\"https:\/\/bevaglobal.com\/bevatest\/wp-content\/uploads\/2013\/09\/SysteoPlus-Image1.jpg\"><img src=\"https:\/\/bevaglobal.com\/wp-content\/uploads\/2013\/09\/SysteoPlus-Image1.jpg\" alt=\"SysteoPlus Image\" \/><\/a><\/p>\r\n\r\n<h2 align=\"center\"><strong>SysteoPlus\u00ae<\/strong><\/h2>\r\n\u00a0\r\n<p style=\"text-align: left;\" align=\"center\"><strong>SysteoPlus\u00ae<\/strong> will be used to benchmark your organization. You will\u00a0then have a reference on which to build and measure your increased\u00a0efficiency.<\/p>\r\n<p style=\"text-align: left;\" align=\"center\"><strong>SysteoPlus\u00ae<\/strong> can pinpoint\u00a0specific areas for improvement or look at\u00a0the \u201cglobal\u201d organization.<\/p>\r\n<p style=\"text-align: left;\" align=\"center\"><strong>SysteoPlus\u00ae<\/strong> certification demonstrates your ability to deliver projects successfully.<\/p>\r\n<p style=\"text-align: left;\" align=\"center\"><strong>SysteoPlus\u00ae<\/strong> is more than a quality assurance system. It assembles all the processes of an organization into one efficient system.<\/p>\r\n<p style=\"text-align: left;\" align=\"center\">Whether you are a government department or a non-profit government agency, or a public or private company, you can benefit from using <strong>SysteoPlus\u00ae<\/strong><\/p>\r\n<p style=\"text-align: left;\" align=\"center\"><strong>SysteoPlus\u00ae<\/strong> has been designed and developed by BEVA\u2019s expert consultants, project managers and instructors.<\/p>\r\n<p style=\"text-align: left;\" align=\"center\">What better solution to streamline existing processes and practices to ensure that the work needed to be done can be performed by your current resources?<\/p>\r\n<p style=\"text-align: left;\" align=\"center\"><strong>SysteoPlus\u00ae<\/strong> our unique system, is a combination of various\u00a0components that together form an efficient Enterprise\u00a0Project Management System (E.P.M.S.).<\/p>\r\n<p style=\"text-align: left;\" align=\"center\">For consultation, please contact us at: \u00a0<b><a href=\"mailto:info@bevaglobal.com\">info@bevaglobal.com<\/a><\/b><\/p>\r\n<p style=\"text-align: left;\" align=\"center\"><\/p>","_et_gb_content_width":"","_price":"","_stock":"","_tribe_ticket_header":"","_tribe_default_ticket_provider":"","_ticket_start_date":"","_ticket_end_date":"","_tribe_ticket_show_description":"","_tribe_ticket_show_not_going":false,"_tribe_ticket_use_global_stock":"","_tribe_ticket_global_stock_level":"","_global_stock_mode":"","_global_stock_cap":"","_tribe_rsvp_for_event":"","_tribe_ticket_going_count":"","_tribe_ticket_not_going_count":"","_tribe_tickets_list":"[]","_tribe_ticket_has_attendee_info_fields":false,"footnotes":"","_tec_slr_enabled":"","_tec_slr_layout":""},"class_list":["post-5301","page","type-page","status-publish","hentry"],"yoast_head":"<!-- This site is optimized with the Yoast SEO plugin v27.1.1 - https:\/\/yoast.com\/product\/yoast-seo-wordpress\/ -->\n<title>\u00c9valuation de la capacit\u00e9 de votre entreprise ou organisation - BEVA Global Management<\/title>\n<meta name=\"description\" content=\"\u00c9valuation de la capacit\u00e9 de votre entreprise ou organisation | Contact us online\" \/>\n<meta name=\"robots\" content=\"index, follow, max-snippet:-1, max-image-preview:large, max-video-preview:-1\" \/>\n<link rel=\"canonical\" href=\"https:\/\/bevaglobal.com\/fr\/evaluation-capacite-entreprise-organisation\/\" \/>\n<script type=\"application\/ld+json\" class=\"yoast-schema-graph\">{\"@context\":\"https:\/\/schema.org\",\"@graph\":[{\"@type\":\"WebPage\",\"@id\":\"https:\/\/bevaglobal.com\/fr\/evaluation-capacite-entreprise-organisation\/\",\"url\":\"https:\/\/bevaglobal.com\/fr\/evaluation-capacite-entreprise-organisation\/\",\"name\":\"\u00c9valuation de la capacit\u00e9 de votre entreprise ou organisation - BEVA Global Management\",\"isPartOf\":{\"@id\":\"https:\/\/bevaglobal.com\/#website\"},\"primaryImageOfPage\":{\"@id\":\"https:\/\/bevaglobal.com\/fr\/evaluation-capacite-entreprise-organisation\/#primaryimage\"},\"image\":{\"@id\":\"https:\/\/bevaglobal.com\/fr\/evaluation-capacite-entreprise-organisation\/#primaryimage\"},\"thumbnailUrl\":\"https:\/\/bevaglobal.com\/wp-content\/uploads\/2018\/06\/1522954947-915317-Systoplus01-300x198-2.png\",\"datePublished\":\"2018-06-05T09:57:23+00:00\",\"dateModified\":\"2022-10-20T15:21:27+00:00\",\"description\":\"\u00c9valuation de la capacit\u00e9 de votre entreprise ou organisation | Contact us online\",\"breadcrumb\":{\"@id\":\"https:\/\/bevaglobal.com\/fr\/evaluation-capacite-entreprise-organisation\/#breadcrumb\"},\"inLanguage\":\"fr-FR\",\"potentialAction\":[{\"@type\":\"ReadAction\",\"target\":[\"https:\/\/bevaglobal.com\/fr\/evaluation-capacite-entreprise-organisation\/\"]}]},{\"@type\":\"ImageObject\",\"inLanguage\":\"fr-FR\",\"@id\":\"https:\/\/bevaglobal.com\/fr\/evaluation-capacite-entreprise-organisation\/#primaryimage\",\"url\":\"https:\/\/bevaglobal.com\/wp-content\/uploads\/2018\/06\/1522954947-915317-Systoplus01-300x198-2.png\",\"contentUrl\":\"https:\/\/bevaglobal.com\/wp-content\/uploads\/2018\/06\/1522954947-915317-Systoplus01-300x198-2.png\"},{\"@type\":\"BreadcrumbList\",\"@id\":\"https:\/\/bevaglobal.com\/fr\/evaluation-capacite-entreprise-organisation\/#breadcrumb\",\"itemListElement\":[{\"@type\":\"ListItem\",\"position\":1,\"name\":\"Home\",\"item\":\"https:\/\/bevaglobal.com\/\"},{\"@type\":\"ListItem\",\"position\":2,\"name\":\"\u00c9valuation de la capacit\u00e9 de votre entreprise ou organisation\"}]},{\"@type\":\"WebSite\",\"@id\":\"https:\/\/bevaglobal.com\/#website\",\"url\":\"https:\/\/bevaglobal.com\/\",\"name\":\"BEVA Global Management\",\"description\":\"Your gateway to knowledge!\",\"publisher\":{\"@id\":\"https:\/\/bevaglobal.com\/#organization\"},\"potentialAction\":[{\"@type\":\"SearchAction\",\"target\":{\"@type\":\"EntryPoint\",\"urlTemplate\":\"https:\/\/bevaglobal.com\/?s={search_term_string}\"},\"query-input\":{\"@type\":\"PropertyValueSpecification\",\"valueRequired\":true,\"valueName\":\"search_term_string\"}}],\"inLanguage\":\"fr-FR\"},{\"@type\":\"Organization\",\"@id\":\"https:\/\/bevaglobal.com\/#organization\",\"name\":\"BEVA Global Management\",\"url\":\"https:\/\/bevaglobal.com\/\",\"logo\":{\"@type\":\"ImageObject\",\"inLanguage\":\"fr-FR\",\"@id\":\"https:\/\/bevaglobal.com\/#\/schema\/logo\/image\/\",\"url\":\"https:\/\/bevaglobal.com\/wp-content\/uploads\/2016\/11\/logo-slogan-eng-maj3.jpg\",\"contentUrl\":\"https:\/\/bevaglobal.com\/wp-content\/uploads\/2016\/11\/logo-slogan-eng-maj3.jpg\",\"width\":800,\"height\":290,\"caption\":\"BEVA Global Management\"},\"image\":{\"@id\":\"https:\/\/bevaglobal.com\/#\/schema\/logo\/image\/\"}}]}<\/script>\n<!-- \/ Yoast SEO plugin. -->","yoast_head_json":{"title":"\u00c9valuation de la capacit\u00e9 de votre entreprise ou organisation - BEVA Global Management","description":"\u00c9valuation de la capacit\u00e9 de votre entreprise ou organisation | Contact us online","robots":{"index":"index","follow":"follow","max-snippet":"max-snippet:-1","max-image-preview":"max-image-preview:large","max-video-preview":"max-video-preview:-1"},"canonical":"https:\/\/bevaglobal.com\/fr\/evaluation-capacite-entreprise-organisation\/","schema":{"@context":"https:\/\/schema.org","@graph":[{"@type":"WebPage","@id":"https:\/\/bevaglobal.com\/fr\/evaluation-capacite-entreprise-organisation\/","url":"https:\/\/bevaglobal.com\/fr\/evaluation-capacite-entreprise-organisation\/","name":"\u00c9valuation de la capacit\u00e9 de votre entreprise ou organisation - BEVA Global Management","isPartOf":{"@id":"https:\/\/bevaglobal.com\/#website"},"primaryImageOfPage":{"@id":"https:\/\/bevaglobal.com\/fr\/evaluation-capacite-entreprise-organisation\/#primaryimage"},"image":{"@id":"https:\/\/bevaglobal.com\/fr\/evaluation-capacite-entreprise-organisation\/#primaryimage"},"thumbnailUrl":"https:\/\/bevaglobal.com\/wp-content\/uploads\/2018\/06\/1522954947-915317-Systoplus01-300x198-2.png","datePublished":"2018-06-05T09:57:23+00:00","dateModified":"2022-10-20T15:21:27+00:00","description":"\u00c9valuation de la capacit\u00e9 de votre entreprise ou organisation | Contact us online","breadcrumb":{"@id":"https:\/\/bevaglobal.com\/fr\/evaluation-capacite-entreprise-organisation\/#breadcrumb"},"inLanguage":"fr-FR","potentialAction":[{"@type":"ReadAction","target":["https:\/\/bevaglobal.com\/fr\/evaluation-capacite-entreprise-organisation\/"]}]},{"@type":"ImageObject","inLanguage":"fr-FR","@id":"https:\/\/bevaglobal.com\/fr\/evaluation-capacite-entreprise-organisation\/#primaryimage","url":"https:\/\/bevaglobal.com\/wp-content\/uploads\/2018\/06\/1522954947-915317-Systoplus01-300x198-2.png","contentUrl":"https:\/\/bevaglobal.com\/wp-content\/uploads\/2018\/06\/1522954947-915317-Systoplus01-300x198-2.png"},{"@type":"BreadcrumbList","@id":"https:\/\/bevaglobal.com\/fr\/evaluation-capacite-entreprise-organisation\/#breadcrumb","itemListElement":[{"@type":"ListItem","position":1,"name":"Home","item":"https:\/\/bevaglobal.com\/"},{"@type":"ListItem","position":2,"name":"\u00c9valuation de la capacit\u00e9 de votre entreprise ou organisation"}]},{"@type":"WebSite","@id":"https:\/\/bevaglobal.com\/#website","url":"https:\/\/bevaglobal.com\/","name":"BEVA Global Management","description":"Your gateway to knowledge!","publisher":{"@id":"https:\/\/bevaglobal.com\/#organization"},"potentialAction":[{"@type":"SearchAction","target":{"@type":"EntryPoint","urlTemplate":"https:\/\/bevaglobal.com\/?s={search_term_string}"},"query-input":{"@type":"PropertyValueSpecification","valueRequired":true,"valueName":"search_term_string"}}],"inLanguage":"fr-FR"},{"@type":"Organization","@id":"https:\/\/bevaglobal.com\/#organization","name":"BEVA Global Management","url":"https:\/\/bevaglobal.com\/","logo":{"@type":"ImageObject","inLanguage":"fr-FR","@id":"https:\/\/bevaglobal.com\/#\/schema\/logo\/image\/","url":"https:\/\/bevaglobal.com\/wp-content\/uploads\/2016\/11\/logo-slogan-eng-maj3.jpg","contentUrl":"https:\/\/bevaglobal.com\/wp-content\/uploads\/2016\/11\/logo-slogan-eng-maj3.jpg","width":800,"height":290,"caption":"BEVA Global Management"},"image":{"@id":"https:\/\/bevaglobal.com\/#\/schema\/logo\/image\/"}}]}},"jetpack_sharing_enabled":true,"ticketed":false,"_links":{"self":[{"href":"https:\/\/bevaglobal.com\/fr\/wp-json\/wp\/v2\/pages\/5301","targetHints":{"allow":["GET"]}}],"collection":[{"href":"https:\/\/bevaglobal.com\/fr\/wp-json\/wp\/v2\/pages"}],"about":[{"href":"https:\/\/bevaglobal.com\/fr\/wp-json\/wp\/v2\/types\/page"}],"author":[{"embeddable":true,"href":"https:\/\/bevaglobal.com\/fr\/wp-json\/wp\/v2\/users\/3"}],"replies":[{"embeddable":true,"href":"https:\/\/bevaglobal.com\/fr\/wp-json\/wp\/v2\/comments?post=5301"}],"version-history":[{"count":9,"href":"https:\/\/bevaglobal.com\/fr\/wp-json\/wp\/v2\/pages\/5301\/revisions"}],"predecessor-version":[{"id":26247,"href":"https:\/\/bevaglobal.com\/fr\/wp-json\/wp\/v2\/pages\/5301\/revisions\/26247"}],"wp:attachment":[{"href":"https:\/\/bevaglobal.com\/fr\/wp-json\/wp\/v2\/media?parent=5301"}],"curies":[{"name":"wp","href":"https:\/\/api.w.org\/{rel}","templated":true}]}}