{"id":5311,"date":"2018-06-05T10:07:17","date_gmt":"2018-06-05T10:07:17","guid":{"rendered":"https:\/\/bevaglobal.com\/?page_id=5311"},"modified":"2022-10-20T15:19:49","modified_gmt":"2022-10-20T15:19:49","slug":"evaluation-pm-360-2","status":"publish","type":"page","link":"https:\/\/bevaglobal.com\/fr\/evaluation-pm-360-2\/","title":{"rendered":"\u00c9valuation PM 360\u00b0"},"content":{"rendered":"<p>[et_pb_section fb_built=\u00a0\u00bb1&Prime; _builder_version=\u00a0\u00bb4.16&Prime; background_image=\u00a0\u00bbhttps:\/\/bevaglobal.com\/wp-content\/uploads\/2018\/06\/abstract02-10.jpg\u00a0\u00bb global_colors_info=\u00a0\u00bb{}\u00a0\u00bb][et_pb_row _builder_version=\u00a0\u00bb4.16&Prime; background_size=\u00a0\u00bbinitial\u00a0\u00bb background_position=\u00a0\u00bbtop_left\u00a0\u00bb background_repeat=\u00a0\u00bbrepeat\u00a0\u00bb global_colors_info=\u00a0\u00bb{}\u00a0\u00bb][et_pb_column type=\u00a0\u00bb4_4&Prime; _builder_version=\u00a0\u00bb4.16&Prime; custom_padding=\u00a0\u00bb|||\u00a0\u00bb global_colors_info=\u00a0\u00bb{}\u00a0\u00bb custom_padding__hover=\u00a0\u00bb|||\u00a0\u00bb][et_pb_text admin_label=\u00a0\u00bbPage Title\u00a0\u00bb _builder_version=\u00a0\u00bb4.16&Prime; header_font=\u00a0\u00bb|600||on|||||\u00a0\u00bb header_text_align=\u00a0\u00bbleft\u00a0\u00bb header_text_color=\u00a0\u00bb#ffffff\u00a0\u00bb global_colors_info=\u00a0\u00bb{}\u00a0\u00bb]<\/p>\n<h1>\u00c9valuation PM 360\u00b0<\/h1>\n<p>[\/et_pb_text][\/et_pb_column][\/et_pb_row][\/et_pb_section][et_pb_section fb_built=\u00a0\u00bb1&Prime; _builder_version=\u00a0\u00bb4.16&Prime; global_colors_info=\u00a0\u00bb{}\u00a0\u00bb][et_pb_row _builder_version=\u00a0\u00bb4.16&Prime; background_size=\u00a0\u00bbinitial\u00a0\u00bb background_position=\u00a0\u00bbtop_left\u00a0\u00bb background_repeat=\u00a0\u00bbrepeat\u00a0\u00bb global_colors_info=\u00a0\u00bb{}\u00a0\u00bb column_structure=\u00a0\u00bb1_2,1_2&Prime;][et_pb_column type=\u00a0\u00bb1_2&Prime; _builder_version=\u00a0\u00bb4.16&Prime; custom_padding=\u00a0\u00bb|||\u00a0\u00bb global_colors_info=\u00a0\u00bb{}\u00a0\u00bb custom_padding__hover=\u00a0\u00bb|||\u00a0\u00bb][et_pb_text _builder_version=\u00a0\u00bb4.16&Prime; global_colors_info=\u00a0\u00bb{}\u00a0\u00bb]<\/p>\n<p><strong>PM360 \u00b0 : L\u2019INSTRUMENT<\/strong><\/p>\n<p>Le PM360\u00b0 est un jeu de questions en ligne, qui fait partie d\u2019une plate-forme plus large du 360\u200b\u200b\u00b0 et qui contient des questionnaires pour les niveaux de direction et de gestion, la gestion des ventes, la gestion des risques en gestion de projet et plus encore. Un 360\u00b0 est une liste de questions comportementales, \u00e9ventuellement compl\u00e9t\u00e9e par un certain nombre de questions ouvertes, et qui est \u00e9valu\u00e9e par le milieu professionnel d\u2019une personne (appel\u00e9e Self), soit\u00a0le gestionnaire de projet et son patron, son commanditaire, ses pairs et son \u00e9quipe de projet.<\/p>\n<p>La liste PM360\u00b0 est bas\u00e9e sur la recherche et couvre un large \u00e9ventail de comportements que les gestionnaires de projet qui ont du succ\u00e8s affichent dans des situations vari\u00e9es.<\/p>\n<p>[\/et_pb_text][\/et_pb_column][et_pb_column type=\u00a0\u00bb1_2&Prime; _builder_version=\u00a0\u00bb4.16&Prime; custom_padding=\u00a0\u00bb|||\u00a0\u00bb global_colors_info=\u00a0\u00bb{}\u00a0\u00bb custom_padding__hover=\u00a0\u00bb|||\u00a0\u00bb][et_pb_text _builder_version=\u00a0\u00bb4.16&Prime; global_colors_info=\u00a0\u00bb{}\u00a0\u00bb]<\/p>\n<p><strong>PM360 \u00b0 :\u00a0LE RAPPORT<\/strong><\/p>\n<p>Le rapport de r\u00e9troaction PM360\u00b0 se compose de trois parties :<\/p>\n<ol>\n<li>La premi\u00e8re partie du rapport donne un aper\u00e7u graphique de la fa\u00e7on dont la r\u00e9ponse est du Soi se rapporte \u00e0 la r\u00e9ponse des personnes qui ont r\u00e9pondu au questionnaire. Le premier graphique montre une image g\u00e9n\u00e9rique et un second graphique donne un aper\u00e7u de l\u2019individu par rapport aux diff\u00e9rents sous-groupes.<\/li>\n<li>La deuxi\u00e8me partie du rapport contient les donn\u00e9es consolid\u00e9es de toutes les personnes qui ont r\u00e9pondu, sauf les r\u00e9ponses du patron. Toutes les questions et leurs r\u00e9ponses respectives sont r\u00e9pertori\u00e9es.<\/li>\n<li>La troisi\u00e8me partie pr\u00e9sente les r\u00e9ponses aux questions ouvertes et constitue des t\u00e9moignages tr\u00e8s pr\u00e9cieux d\u2019appr\u00e9ciation ainsi que des commentaires personnels pour l\u2019individu.<\/li>\n<\/ol>\n<p>[\/et_pb_text][\/et_pb_column][\/et_pb_row][et_pb_row _builder_version=\u00a0\u00bb4.16&Prime; background_size=\u00a0\u00bbinitial\u00a0\u00bb background_position=\u00a0\u00bbtop_left\u00a0\u00bb background_repeat=\u00a0\u00bbrepeat\u00a0\u00bb global_colors_info=\u00a0\u00bb{}\u00a0\u00bb][et_pb_column type=\u00a0\u00bb4_4&Prime; _builder_version=\u00a0\u00bb4.16&Prime; custom_padding=\u00a0\u00bb|||\u00a0\u00bb global_colors_info=\u00a0\u00bb{}\u00a0\u00bb custom_padding__hover=\u00a0\u00bb|||\u00a0\u00bb][et_pb_text _builder_version=\u00a0\u00bb4.16&Prime; global_colors_info=\u00a0\u00bb{}\u00a0\u00bb]<\/p>\n<h3><img decoding=\"async\" class=\"alignright wp-image-810 size-full\" src=\"https:\/\/bevaglobal.com\/wp-content\/uploads\/2018\/06\/360_PM-e1528834345223.jpg\" alt=\"\" width=\"221\" height=\"183\" \/><\/h3>\n<p><strong>\u00c9GALEMENT DISPONIBLE SUR NOTRE PLATEFORME 360\u00b0\u00a0:<\/strong><\/p>\n<p>360 \u00b0 pour les responsables de bureau de projet<\/p>\n<p>360 \u00b0 pour le management de projet et le management des risques<\/p>\n<p>[\/et_pb_text][\/et_pb_column][\/et_pb_row][\/et_pb_section][et_pb_section fb_built=\u00a0\u00bb1&Prime; _builder_version=\u00a0\u00bb3.20.1&Prime; background_color=\u00a0\u00bb#2a5eaa\u00a0\u00bb custom_padding=\u00a0\u00bb0|0px|54px|0px|false|false\u00a0\u00bb global_module=\u00a0\u00bb6475&Prime; global_colors_info=\u00a0\u00bb{}\u00a0\u00bb][et_pb_row module_class=\u00a0\u00bb et_pb_row_fullwidth et_pb_row_fullwidth et_pb_row_fullwidth et_pb_row_fullwidth\u00a0\u00bb _builder_version=\u00a0\u00bb4.18.0&Prime; width=\u00a0\u00bb89%\u00a0\u00bb width_tablet=\u00a0\u00bb80%\u00a0\u00bb width_phone=\u00a0\u00bb\u00a0\u00bb width_last_edited=\u00a0\u00bbon|desktop\u00a0\u00bb max_width=\u00a0\u00bb89%\u00a0\u00bb max_width_tablet=\u00a0\u00bb80%\u00a0\u00bb max_width_phone=\u00a0\u00bb\u00a0\u00bb max_width_last_edited=\u00a0\u00bbon|desktop\u00a0\u00bb module_alignment=\u00a0\u00bbcenter\u00a0\u00bb make_fullwidth=\u00a0\u00bbon\u00a0\u00bb global_colors_info=\u00a0\u00bb{}\u00a0\u00bb][et_pb_column type=\u00a0\u00bb4_4&Prime; _builder_version=\u00a0\u00bb4.16&Prime; custom_padding=\u00a0\u00bb|||\u00a0\u00bb global_colors_info=\u00a0\u00bb{}\u00a0\u00bb custom_padding__hover=\u00a0\u00bb|||\u00a0\u00bb][et_pb_cta title=\u00a0\u00bbPASSER \u00c0 L&rsquo;ACTION !\u00a0\u00bb button_url=\u00a0\u00bb\/fr\/nous-joindre\/\u00a0\u00bb button_text=\u00a0\u00bbCONTACTEZ-NOUS MAINTENANT\u00a0\u00bb _builder_version=\u00a0\u00bb4.18.0&Prime; header_level=\u00a0\u00bbh3&Prime; header_font=\u00a0\u00bb|700||on|||||\u00a0\u00bb header_text_align=\u00a0\u00bbcenter\u00a0\u00bb header_font_size=\u00a0\u00bb29&Prime; body_font_size=\u00a0\u00bb18&Prime; use_background_color=\u00a0\u00bboff\u00a0\u00bb global_colors_info=\u00a0\u00bb{}\u00a0\u00bb button_text_size__hover_enabled=\u00a0\u00bboff\u00a0\u00bb button_one_text_size__hover_enabled=\u00a0\u00bboff\u00a0\u00bb button_two_text_size__hover_enabled=\u00a0\u00bboff\u00a0\u00bb button_text_color__hover_enabled=\u00a0\u00bboff\u00a0\u00bb button_one_text_color__hover_enabled=\u00a0\u00bboff\u00a0\u00bb button_two_text_color__hover_enabled=\u00a0\u00bboff\u00a0\u00bb button_border_width__hover_enabled=\u00a0\u00bboff\u00a0\u00bb button_one_border_width__hover_enabled=\u00a0\u00bboff\u00a0\u00bb button_two_border_width__hover_enabled=\u00a0\u00bboff\u00a0\u00bb button_border_color__hover_enabled=\u00a0\u00bboff\u00a0\u00bb button_one_border_color__hover_enabled=\u00a0\u00bboff\u00a0\u00bb button_two_border_color__hover_enabled=\u00a0\u00bboff\u00a0\u00bb button_border_radius__hover_enabled=\u00a0\u00bboff\u00a0\u00bb button_one_border_radius__hover_enabled=\u00a0\u00bboff\u00a0\u00bb button_two_border_radius__hover_enabled=\u00a0\u00bboff\u00a0\u00bb button_letter_spacing__hover_enabled=\u00a0\u00bboff\u00a0\u00bb button_one_letter_spacing__hover_enabled=\u00a0\u00bboff\u00a0\u00bb button_two_letter_spacing__hover_enabled=\u00a0\u00bboff\u00a0\u00bb button_bg_color__hover_enabled=\u00a0\u00bboff\u00a0\u00bb button_one_bg_color__hover_enabled=\u00a0\u00bboff\u00a0\u00bb button_two_bg_color__hover_enabled=\u00a0\u00bboff\u00a0\u00bb]<\/p>\n<p>Laissez-nous r\u00e9pondre \u00e0 vos questions et voir comment nous pouvons vous aider.<\/p>\n<p>[\/et_pb_cta][\/et_pb_column][\/et_pb_row][\/et_pb_section]<\/p>\n","protected":false},"excerpt":{"rendered":"<p>\u00c9valuation PM 360\u00b0 PM360 \u00b0 : L\u2019INSTRUMENT Le PM360\u00b0 est un jeu de questions en ligne, qui fait partie d\u2019une plate-forme plus large du 360\u200b\u200b\u00b0 et qui contient des questionnaires [&hellip;]<\/p>\n","protected":false},"author":3,"featured_media":0,"parent":0,"menu_order":0,"comment_status":"closed","ping_status":"closed","template":"","meta":{"_et_pb_use_builder":"on","_et_pb_old_content":"<a href=\"https:\/\/bevaglobal.com\/wp-content\/uploads\/2013\/09\/360_PM.jpg\"><img class=\" wp-image-810 alignright\" alt=\"360_PM\" src=\"https:\/\/bevaglobal.com\/wp-content\/uploads\/2013\/09\/360_PM-300x212.jpg\" \/><\/a>\r\n\r\n<strong>PM360\u00b0: THE INSTRUMENT<\/strong>\r\n\r\nThe PM360\u00b0 is a web-based set of questions and forms part of a larger 360\u00b0 platform that contains questionnaires for Executive and Management Level, Sales Management, PM Risk Management and more. A 360\u00b0 is a list of open-ended behavioral questions that are rated by the participant's professional environment, e.g. the Project Manager and his superior, his sponsor, his peers and his project team. The PM360\u00b0 list is based on research and covers a broad spectrum of behaviours that successful Project Managers display in a variety of settings.\r\n\r\n<strong>PM360\u00b0: THE REPORT<\/strong>\r\n\r\nThe PM360\u00b0 feedback report consist of three parts:\r\n<ol>\r\n\t<li>A graphical overview shows how the answer modus of the Self relates to the answer modus of the people who responded to the questionnaire. The first graph shows a generic picture and a second graph gives an overview of the Self compared to the different subgroups.<\/li>\r\n\t<li>The consolidated data of all people who responded is provided, apart from the answers of the boss. Every question with its respective answers is listed.<\/li>\r\n\t<li>The answers on the open questions are shown and form highly valuable testimonies of appreciation and personal feedback to the Self.<\/li>\r\n<\/ol>\r\n<strong>ALSO AVAILABLE ON OUR 360\u00b0 PLATFORM:<\/strong>\r\n<ul>\r\n\t<li>360\u00b0 for <span style=\"font-size: small;\">Head of PMO<\/span><\/<\/li>\r\n\t<li>360\u00b0 for <span style=\"font-size: small;\">PM & Risk Management<\/span><\/<\/li>\r\n<\/ul>","_et_gb_content_width":"","_price":"","_stock":"","_tribe_ticket_header":"","_tribe_default_ticket_provider":"","_ticket_start_date":"","_ticket_end_date":"","_tribe_ticket_show_description":"","_tribe_ticket_show_not_going":false,"_tribe_ticket_use_global_stock":"","_tribe_ticket_global_stock_level":"","_global_stock_mode":"","_global_stock_cap":"","_tribe_rsvp_for_event":"","_tribe_ticket_going_count":"","_tribe_ticket_not_going_count":"","_tribe_tickets_list":"[]","_tribe_ticket_has_attendee_info_fields":false,"footnotes":"","_tec_slr_enabled":"","_tec_slr_layout":""},"class_list":["post-5311","page","type-page","status-publish","hentry"],"yoast_head":"<!-- This site is optimized with the Yoast SEO plugin v27.1.1 - https:\/\/yoast.com\/product\/yoast-seo-wordpress\/ -->\n<title>\u00c9valuation PM 360\u00b0 - BEVA Global Management<\/title>\n<meta name=\"description\" content=\"\u00c9valuation PM 360\u00b0 | Contact us online\" \/>\n<meta name=\"robots\" content=\"index, follow, max-snippet:-1, max-image-preview:large, max-video-preview:-1\" \/>\n<link rel=\"canonical\" href=\"https:\/\/bevaglobal.com\/fr\/evaluation-pm-360-2\/\" \/>\n<script type=\"application\/ld+json\" class=\"yoast-schema-graph\">{\"@context\":\"https:\/\/schema.org\",\"@graph\":[{\"@type\":\"WebPage\",\"@id\":\"https:\/\/bevaglobal.com\/fr\/evaluation-pm-360-2\/\",\"url\":\"https:\/\/bevaglobal.com\/fr\/evaluation-pm-360-2\/\",\"name\":\"\u00c9valuation PM 360\u00b0 - BEVA Global Management\",\"isPartOf\":{\"@id\":\"https:\/\/bevaglobal.com\/#website\"},\"primaryImageOfPage\":{\"@id\":\"https:\/\/bevaglobal.com\/fr\/evaluation-pm-360-2\/#primaryimage\"},\"image\":{\"@id\":\"https:\/\/bevaglobal.com\/fr\/evaluation-pm-360-2\/#primaryimage\"},\"thumbnailUrl\":\"https:\/\/bevaglobal.com\/wp-content\/uploads\/2018\/06\/360_PM-e1528834345223.jpg\",\"datePublished\":\"2018-06-05T10:07:17+00:00\",\"dateModified\":\"2022-10-20T15:19:49+00:00\",\"description\":\"\u00c9valuation PM 360\u00b0 | Contact us online\",\"breadcrumb\":{\"@id\":\"https:\/\/bevaglobal.com\/fr\/evaluation-pm-360-2\/#breadcrumb\"},\"inLanguage\":\"fr-FR\",\"potentialAction\":[{\"@type\":\"ReadAction\",\"target\":[\"https:\/\/bevaglobal.com\/fr\/evaluation-pm-360-2\/\"]}]},{\"@type\":\"ImageObject\",\"inLanguage\":\"fr-FR\",\"@id\":\"https:\/\/bevaglobal.com\/fr\/evaluation-pm-360-2\/#primaryimage\",\"url\":\"https:\/\/bevaglobal.com\/wp-content\/uploads\/2018\/06\/360_PM-e1528834345223.jpg\",\"contentUrl\":\"https:\/\/bevaglobal.com\/wp-content\/uploads\/2018\/06\/360_PM-e1528834345223.jpg\"},{\"@type\":\"BreadcrumbList\",\"@id\":\"https:\/\/bevaglobal.com\/fr\/evaluation-pm-360-2\/#breadcrumb\",\"itemListElement\":[{\"@type\":\"ListItem\",\"position\":1,\"name\":\"Home\",\"item\":\"https:\/\/bevaglobal.com\/\"},{\"@type\":\"ListItem\",\"position\":2,\"name\":\"\u00c9valuation PM 360\u00b0\"}]},{\"@type\":\"WebSite\",\"@id\":\"https:\/\/bevaglobal.com\/#website\",\"url\":\"https:\/\/bevaglobal.com\/\",\"name\":\"BEVA Global Management\",\"description\":\"Your gateway to knowledge!\",\"publisher\":{\"@id\":\"https:\/\/bevaglobal.com\/#organization\"},\"potentialAction\":[{\"@type\":\"SearchAction\",\"target\":{\"@type\":\"EntryPoint\",\"urlTemplate\":\"https:\/\/bevaglobal.com\/?s={search_term_string}\"},\"query-input\":{\"@type\":\"PropertyValueSpecification\",\"valueRequired\":true,\"valueName\":\"search_term_string\"}}],\"inLanguage\":\"fr-FR\"},{\"@type\":\"Organization\",\"@id\":\"https:\/\/bevaglobal.com\/#organization\",\"name\":\"BEVA Global Management\",\"url\":\"https:\/\/bevaglobal.com\/\",\"logo\":{\"@type\":\"ImageObject\",\"inLanguage\":\"fr-FR\",\"@id\":\"https:\/\/bevaglobal.com\/#\/schema\/logo\/image\/\",\"url\":\"https:\/\/bevaglobal.com\/wp-content\/uploads\/2016\/11\/logo-slogan-eng-maj3.jpg\",\"contentUrl\":\"https:\/\/bevaglobal.com\/wp-content\/uploads\/2016\/11\/logo-slogan-eng-maj3.jpg\",\"width\":800,\"height\":290,\"caption\":\"BEVA Global Management\"},\"image\":{\"@id\":\"https:\/\/bevaglobal.com\/#\/schema\/logo\/image\/\"}}]}<\/script>\n<!-- \/ Yoast SEO plugin. -->","yoast_head_json":{"title":"\u00c9valuation PM 360\u00b0 - BEVA Global Management","description":"\u00c9valuation PM 360\u00b0 | Contact us online","robots":{"index":"index","follow":"follow","max-snippet":"max-snippet:-1","max-image-preview":"max-image-preview:large","max-video-preview":"max-video-preview:-1"},"canonical":"https:\/\/bevaglobal.com\/fr\/evaluation-pm-360-2\/","schema":{"@context":"https:\/\/schema.org","@graph":[{"@type":"WebPage","@id":"https:\/\/bevaglobal.com\/fr\/evaluation-pm-360-2\/","url":"https:\/\/bevaglobal.com\/fr\/evaluation-pm-360-2\/","name":"\u00c9valuation PM 360\u00b0 - BEVA Global Management","isPartOf":{"@id":"https:\/\/bevaglobal.com\/#website"},"primaryImageOfPage":{"@id":"https:\/\/bevaglobal.com\/fr\/evaluation-pm-360-2\/#primaryimage"},"image":{"@id":"https:\/\/bevaglobal.com\/fr\/evaluation-pm-360-2\/#primaryimage"},"thumbnailUrl":"https:\/\/bevaglobal.com\/wp-content\/uploads\/2018\/06\/360_PM-e1528834345223.jpg","datePublished":"2018-06-05T10:07:17+00:00","dateModified":"2022-10-20T15:19:49+00:00","description":"\u00c9valuation PM 360\u00b0 | Contact us online","breadcrumb":{"@id":"https:\/\/bevaglobal.com\/fr\/evaluation-pm-360-2\/#breadcrumb"},"inLanguage":"fr-FR","potentialAction":[{"@type":"ReadAction","target":["https:\/\/bevaglobal.com\/fr\/evaluation-pm-360-2\/"]}]},{"@type":"ImageObject","inLanguage":"fr-FR","@id":"https:\/\/bevaglobal.com\/fr\/evaluation-pm-360-2\/#primaryimage","url":"https:\/\/bevaglobal.com\/wp-content\/uploads\/2018\/06\/360_PM-e1528834345223.jpg","contentUrl":"https:\/\/bevaglobal.com\/wp-content\/uploads\/2018\/06\/360_PM-e1528834345223.jpg"},{"@type":"BreadcrumbList","@id":"https:\/\/bevaglobal.com\/fr\/evaluation-pm-360-2\/#breadcrumb","itemListElement":[{"@type":"ListItem","position":1,"name":"Home","item":"https:\/\/bevaglobal.com\/"},{"@type":"ListItem","position":2,"name":"\u00c9valuation PM 360\u00b0"}]},{"@type":"WebSite","@id":"https:\/\/bevaglobal.com\/#website","url":"https:\/\/bevaglobal.com\/","name":"BEVA Global Management","description":"Your gateway to knowledge!","publisher":{"@id":"https:\/\/bevaglobal.com\/#organization"},"potentialAction":[{"@type":"SearchAction","target":{"@type":"EntryPoint","urlTemplate":"https:\/\/bevaglobal.com\/?s={search_term_string}"},"query-input":{"@type":"PropertyValueSpecification","valueRequired":true,"valueName":"search_term_string"}}],"inLanguage":"fr-FR"},{"@type":"Organization","@id":"https:\/\/bevaglobal.com\/#organization","name":"BEVA Global Management","url":"https:\/\/bevaglobal.com\/","logo":{"@type":"ImageObject","inLanguage":"fr-FR","@id":"https:\/\/bevaglobal.com\/#\/schema\/logo\/image\/","url":"https:\/\/bevaglobal.com\/wp-content\/uploads\/2016\/11\/logo-slogan-eng-maj3.jpg","contentUrl":"https:\/\/bevaglobal.com\/wp-content\/uploads\/2016\/11\/logo-slogan-eng-maj3.jpg","width":800,"height":290,"caption":"BEVA Global Management"},"image":{"@id":"https:\/\/bevaglobal.com\/#\/schema\/logo\/image\/"}}]}},"jetpack_sharing_enabled":true,"ticketed":false,"_links":{"self":[{"href":"https:\/\/bevaglobal.com\/fr\/wp-json\/wp\/v2\/pages\/5311","targetHints":{"allow":["GET"]}}],"collection":[{"href":"https:\/\/bevaglobal.com\/fr\/wp-json\/wp\/v2\/pages"}],"about":[{"href":"https:\/\/bevaglobal.com\/fr\/wp-json\/wp\/v2\/types\/page"}],"author":[{"embeddable":true,"href":"https:\/\/bevaglobal.com\/fr\/wp-json\/wp\/v2\/users\/3"}],"replies":[{"embeddable":true,"href":"https:\/\/bevaglobal.com\/fr\/wp-json\/wp\/v2\/comments?post=5311"}],"version-history":[{"count":6,"href":"https:\/\/bevaglobal.com\/fr\/wp-json\/wp\/v2\/pages\/5311\/revisions"}],"predecessor-version":[{"id":26245,"href":"https:\/\/bevaglobal.com\/fr\/wp-json\/wp\/v2\/pages\/5311\/revisions\/26245"}],"wp:attachment":[{"href":"https:\/\/bevaglobal.com\/fr\/wp-json\/wp\/v2\/media?parent=5311"}],"curies":[{"name":"wp","href":"https:\/\/api.w.org\/{rel}","templated":true}]}}