{"id":5343,"date":"2018-06-05T10:28:16","date_gmt":"2018-06-05T10:28:16","guid":{"rendered":"https:\/\/bevaglobal.com\/?page_id=5343"},"modified":"2022-10-20T13:09:04","modified_gmt":"2022-10-20T13:09:04","slug":"projet-gestion-cours-formation-ontario","status":"publish","type":"page","link":"https:\/\/bevaglobal.com\/fr\/projet-gestion-cours-formation-ontario\/","title":{"rendered":"Gestion de projet \/ programme"},"content":{"rendered":"<p>[et_pb_section fb_built=\u00a0\u00bb1&Prime; _builder_version=\u00a0\u00bb4.16&Prime; background_image=\u00a0\u00bbhttps:\/\/bevaglobal.com\/wp-content\/uploads\/2018\/06\/abstract02.jpg\u00a0\u00bb global_colors_info=\u00a0\u00bb{}\u00a0\u00bb][et_pb_row _builder_version=\u00a0\u00bb4.16&Prime; background_size=\u00a0\u00bbinitial\u00a0\u00bb background_position=\u00a0\u00bbtop_left\u00a0\u00bb background_repeat=\u00a0\u00bbrepeat\u00a0\u00bb global_colors_info=\u00a0\u00bb{}\u00a0\u00bb][et_pb_column type=\u00a0\u00bb4_4&Prime; _builder_version=\u00a0\u00bb4.16&Prime; custom_padding=\u00a0\u00bb|||\u00a0\u00bb global_colors_info=\u00a0\u00bb{}\u00a0\u00bb custom_padding__hover=\u00a0\u00bb|||\u00a0\u00bb][et_pb_text admin_label=\u00a0\u00bbPage Title\u00a0\u00bb _builder_version=\u00a0\u00bb4.16&Prime; header_font=\u00a0\u00bb|600||on|||||\u00a0\u00bb header_text_align=\u00a0\u00bbleft\u00a0\u00bb header_text_color=\u00a0\u00bb#ffffff\u00a0\u00bb global_colors_info=\u00a0\u00bb{}\u00a0\u00bb]<\/p>\n<h1>Services en management de projets et programmes Ontario<\/h1>\n<p>[\/et_pb_text][\/et_pb_column][\/et_pb_row][\/et_pb_section][et_pb_section fb_built=\u00a0\u00bb1&Prime; _builder_version=\u00a0\u00bb4.16&Prime; global_colors_info=\u00a0\u00bb{}\u00a0\u00bb][et_pb_row column_structure=\u00a0\u00bb2_3,1_3&Prime; _builder_version=\u00a0\u00bb4.16&Prime; background_size=\u00a0\u00bbinitial\u00a0\u00bb background_position=\u00a0\u00bbtop_left\u00a0\u00bb background_repeat=\u00a0\u00bbrepeat\u00a0\u00bb global_colors_info=\u00a0\u00bb{}\u00a0\u00bb][et_pb_column type=\u00a0\u00bb2_3&Prime; _builder_version=\u00a0\u00bb4.16&Prime; custom_padding=\u00a0\u00bb|||\u00a0\u00bb global_colors_info=\u00a0\u00bb{}\u00a0\u00bb custom_padding__hover=\u00a0\u00bb|||\u00a0\u00bb][et_pb_text _builder_version=\u00a0\u00bb4.18.0&Prime; hover_enabled=\u00a0\u00bb0&Prime; global_colors_info=\u00a0\u00bb{}\u00a0\u00bb sticky_enabled=\u00a0\u00bb0&Prime;]<\/p>\n<p>BEVA\u00ae dispose de gestionnaires de projets et de programmes exp\u00e9riment\u00e9s et certifi\u00e9s, reconnus par le Project Management Institute (PMI\u00ae). BEVA est \u00e9galement un fournisseur mondial agr\u00e9\u00e9 d&rsquo;\u00e9ducation reconnu par PMI.<\/p>\n<p>En travaillant \u00e9troitement avec votre haute direction, BEVA peut aider votre organisation \u00e0 identifier sa capacit\u00e9 organisationnelle actuelle dans la mise en \u0153uvre de cours de gestion de projet et de programmes de formation en Ontario.<\/p>\n<p>Si votre organisation met en \u0153uvre un syst\u00e8me de gestion de projet d&rsquo;entreprise, nous pouvons fournir une assistance pr\u00e9cieuse pour garantir la fluidit\u00e9 et l&rsquo;efficacit\u00e9 du processus. Notre \u00e9quipe exp\u00e9riment\u00e9e effectuera des audits de projets ou de programmes pour v\u00e9rifier que la m\u00e9thodologie et les normes appropri\u00e9es sont respect\u00e9es et appliqu\u00e9es. Pour garder vos d\u00e9lais sur la bonne voie, nous fournissons la r\u00e9cup\u00e9ration de projet pour les projets en retard ou d\u00e9passant le budget.<\/p>\n<h2>Nos services de gestion de projet<\/h2>\n<ul>\n<li>\u25cf Services de gestion de projets \/ programmes pour petites et grandes organisations<br \/>\u25cf Impl\u00e9mentation de MS Project dans le cloud &#8211; y compris les applications mobiles<br \/>\u25cf Audit de projet<br \/>\u25cf R\u00e9cup\u00e9ration de projet<\/li>\n<\/ul>\n<p>Vous cherchez des cours de gestion de projet et des programmes de formation personnalis\u00e9s et complets en Ontario? Parlez \u00e0 notre \u00e9quipe de BEVA Global aujourd&rsquo;hui. Appelez ou <a href=\"\/fr\/nous-joindre\/\">contactez-nous<\/a> en ligne.<\/p>\n<p>[\/et_pb_text][\/et_pb_column][et_pb_column type=\u00a0\u00bb1_3&Prime; _builder_version=\u00a0\u00bb4.16&Prime; custom_padding=\u00a0\u00bb|||\u00a0\u00bb global_colors_info=\u00a0\u00bb{}\u00a0\u00bb custom_padding__hover=\u00a0\u00bb|||\u00a0\u00bb][et_pb_text disabled_on=\u00a0\u00bbon|on|on\u00a0\u00bb _builder_version=\u00a0\u00bb4.16&Prime; text_font=\u00a0\u00bb|600|||||||\u00a0\u00bb text_text_color=\u00a0\u00bb#2a5eaa\u00a0\u00bb text_font_size=\u00a0\u00bb18px\u00a0\u00bb header_2_text_color=\u00a0\u00bb#2a5eaa\u00a0\u00bb header_3_font=\u00a0\u00bb|600|||||||\u00a0\u00bb header_3_text_color=\u00a0\u00bb#2a5eaa\u00a0\u00bb header_3_line_height=\u00a0\u00bb1.2em\u00a0\u00bb background_color=\u00a0\u00bb#eeeeee\u00a0\u00bb custom_padding=\u00a0\u00bb30px|30px|30px|30px\u00a0\u00bb border_radii=\u00a0\u00bbon|20px|20px|20px|20px\u00a0\u00bb disabled=\u00a0\u00bbon\u00a0\u00bb saved_tabs=\u00a0\u00bball\u00a0\u00bb global_colors_info=\u00a0\u00bb{}\u00a0\u00bb]<\/p>\n<h2><strong>Entente d\u2019approvisionnement ProServices avec le gouvernement f\u00e9d\u00e9ral du Canada.<\/strong><\/h2>\n<p>Entente d&rsquo;approvisionnement # E60ZT-152199\/176\/ZT<br \/>Fournisseur# 857177919PG0001<\/p>\n<p>[\/et_pb_text][et_pb_text _builder_version=\u00a0\u00bb4.18.0&Prime; global_colors_info=\u00a0\u00bb{}\u00a0\u00bb]<\/p>\n<h2>Services<\/h2>\n<ul>\n<li><a href=\"\/fr\/la-verification-en-gestion-de-projet\/\">La v\u00e9rification en gestion de projet<\/a><\/li>\n<li><a href=\"\/fr\/service-bureau-projet\/\">Service de bureau de projet<\/a><\/li>\n<li><a href=\"\/fr\/integration-entre-serveur-clients-ms-project\/\"> La mise en oeuvre de ms project en ligne<\/a><\/li>\n<\/ul>\n<p>[\/et_pb_text][et_pb_button button_url=\u00a0\u00bb\/fr\/liste-des-formations\/\u00a0\u00bb button_text=\u00a0\u00bbListe des formations\u00a0\u00bb button_alignment=\u00a0\u00bbcenter\u00a0\u00bb _builder_version=\u00a0\u00bb4.18.0&Prime; custom_button=\u00a0\u00bbon\u00a0\u00bb button_text_color=\u00a0\u00bb#ffffff\u00a0\u00bb button_bg_color=\u00a0\u00bb#2ea3f2&Prime; global_colors_info=\u00a0\u00bb{}\u00a0\u00bb][\/et_pb_button][et_pb_image src=\u00a0\u00bbhttps:\/\/bevaglobal.com\/wp-content\/uploads\/2020\/03\/project-management.jpg\u00a0\u00bb _builder_version=\u00a0\u00bb4.16&Prime; global_colors_info=\u00a0\u00bb{}\u00a0\u00bb][\/et_pb_image][\/et_pb_column][\/et_pb_row][\/et_pb_section][et_pb_section fb_built=\u00a0\u00bb1&Prime; _builder_version=\u00a0\u00bb3.20.1&Prime; background_color=\u00a0\u00bb#2a5eaa\u00a0\u00bb custom_padding=\u00a0\u00bb0|0px|54px|0px|false|false\u00a0\u00bb global_module=\u00a0\u00bb6475&Prime; global_colors_info=\u00a0\u00bb{}\u00a0\u00bb][et_pb_row module_class=\u00a0\u00bb et_pb_row_fullwidth et_pb_row_fullwidth et_pb_row_fullwidth et_pb_row_fullwidth\u00a0\u00bb _builder_version=\u00a0\u00bb4.18.0&Prime; width=\u00a0\u00bb89%\u00a0\u00bb width_tablet=\u00a0\u00bb80%\u00a0\u00bb width_phone=\u00a0\u00bb\u00a0\u00bb width_last_edited=\u00a0\u00bbon|desktop\u00a0\u00bb max_width=\u00a0\u00bb89%\u00a0\u00bb max_width_tablet=\u00a0\u00bb80%\u00a0\u00bb max_width_phone=\u00a0\u00bb\u00a0\u00bb max_width_last_edited=\u00a0\u00bbon|desktop\u00a0\u00bb module_alignment=\u00a0\u00bbcenter\u00a0\u00bb make_fullwidth=\u00a0\u00bbon\u00a0\u00bb global_colors_info=\u00a0\u00bb{}\u00a0\u00bb][et_pb_column type=\u00a0\u00bb4_4&Prime; _builder_version=\u00a0\u00bb4.16&Prime; custom_padding=\u00a0\u00bb|||\u00a0\u00bb global_colors_info=\u00a0\u00bb{}\u00a0\u00bb custom_padding__hover=\u00a0\u00bb|||\u00a0\u00bb][et_pb_cta title=\u00a0\u00bbPASSER \u00c0 L&rsquo;ACTION !\u00a0\u00bb button_url=\u00a0\u00bb\/fr\/nous-joindre\/\u00a0\u00bb button_text=\u00a0\u00bbCONTACTEZ-NOUS MAINTENANT\u00a0\u00bb _builder_version=\u00a0\u00bb4.18.0&Prime; header_level=\u00a0\u00bbh3&Prime; header_font=\u00a0\u00bb|700||on|||||\u00a0\u00bb header_text_align=\u00a0\u00bbcenter\u00a0\u00bb header_font_size=\u00a0\u00bb29&Prime; body_font_size=\u00a0\u00bb18&Prime; use_background_color=\u00a0\u00bboff\u00a0\u00bb global_colors_info=\u00a0\u00bb{}\u00a0\u00bb button_text_size__hover_enabled=\u00a0\u00bboff\u00a0\u00bb button_one_text_size__hover_enabled=\u00a0\u00bboff\u00a0\u00bb button_two_text_size__hover_enabled=\u00a0\u00bboff\u00a0\u00bb button_text_color__hover_enabled=\u00a0\u00bboff\u00a0\u00bb button_one_text_color__hover_enabled=\u00a0\u00bboff\u00a0\u00bb button_two_text_color__hover_enabled=\u00a0\u00bboff\u00a0\u00bb button_border_width__hover_enabled=\u00a0\u00bboff\u00a0\u00bb button_one_border_width__hover_enabled=\u00a0\u00bboff\u00a0\u00bb button_two_border_width__hover_enabled=\u00a0\u00bboff\u00a0\u00bb button_border_color__hover_enabled=\u00a0\u00bboff\u00a0\u00bb button_one_border_color__hover_enabled=\u00a0\u00bboff\u00a0\u00bb button_two_border_color__hover_enabled=\u00a0\u00bboff\u00a0\u00bb button_border_radius__hover_enabled=\u00a0\u00bboff\u00a0\u00bb button_one_border_radius__hover_enabled=\u00a0\u00bboff\u00a0\u00bb button_two_border_radius__hover_enabled=\u00a0\u00bboff\u00a0\u00bb button_letter_spacing__hover_enabled=\u00a0\u00bboff\u00a0\u00bb button_one_letter_spacing__hover_enabled=\u00a0\u00bboff\u00a0\u00bb button_two_letter_spacing__hover_enabled=\u00a0\u00bboff\u00a0\u00bb button_bg_color__hover_enabled=\u00a0\u00bboff\u00a0\u00bb button_one_bg_color__hover_enabled=\u00a0\u00bboff\u00a0\u00bb button_two_bg_color__hover_enabled=\u00a0\u00bboff\u00a0\u00bb]<\/p>\n<p>Laissez-nous r\u00e9pondre \u00e0 vos questions et voir comment nous pouvons vous aider.<\/p>\n<p>[\/et_pb_cta][\/et_pb_column][\/et_pb_row][\/et_pb_section]<\/p>\n","protected":false},"excerpt":{"rendered":"<p>Services en management de projets et programmes OntarioBEVA\u00ae dispose de gestionnaires de projets et de programmes exp\u00e9riment\u00e9s et certifi\u00e9s, reconnus par le Project Management Institute (PMI\u00ae). BEVA est \u00e9galement un [&hellip;]<\/p>\n","protected":false},"author":3,"featured_media":0,"parent":0,"menu_order":0,"comment_status":"closed","ping_status":"closed","template":"","meta":{"_et_pb_use_builder":"on","_et_pb_old_content":"<p>BEVA\u00ae has experienced and <strong>certified project and program managers<\/strong> that are recognized by the Project Management Institute (PMI\u00ae). BEVA is also a Global Registered Education Provider recognized by PMI.<\/p><p>BEVA\u00ae can assist your organisation in identifying its current organisational capacity in implementing projects and programs.\u00a0 BEVA\u00ae can also assist you in implementing an Enterprise Project Management system, perform project or program audits to ensure a methodology and standards are adhered to and provide project recovery for those projects that are behind schedule or over budget.<\/p><ul><li>Provide Project \/ Program Management services for small up to large organizations<\/li><li>MS Project Enterprise in the Cloud Implementation<\/li><li>Provide Project Audit<\/li><li>Provide Project Recovery<\/li><\/ul><h2><strong>ProServices Supply Arrangement\u00a0with the Federal Government of Canada.<\/strong><\/h2><p>Supply Arrangement # E60ZT-152199\/176\/ZT<br \/>Supplier # 857177919PG0001<\/p><p>\u00a0<\/p><p>\u00a0<\/p>","_et_gb_content_width":"","_price":"","_stock":"","_tribe_ticket_header":"","_tribe_default_ticket_provider":"","_ticket_start_date":"","_ticket_end_date":"","_tribe_ticket_show_description":"","_tribe_ticket_show_not_going":false,"_tribe_ticket_use_global_stock":"","_tribe_ticket_global_stock_level":"","_global_stock_mode":"","_global_stock_cap":"","_tribe_rsvp_for_event":"","_tribe_ticket_going_count":"","_tribe_ticket_not_going_count":"","_tribe_tickets_list":"[]","_tribe_ticket_has_attendee_info_fields":false,"footnotes":"","_tec_slr_enabled":"","_tec_slr_layout":""},"class_list":["post-5343","page","type-page","status-publish","hentry"],"yoast_head":"<!-- This site is optimized with the Yoast SEO plugin v27.1.1 - https:\/\/yoast.com\/product\/yoast-seo-wordpress\/ -->\n<title>Cours et formation en gestion de projet, Ontario | BEVA Global<\/title>\n<meta name=\"description\" content=\"BEVA Global Management offers practical Project Management Courses &amp; Training in Ontario with real-world applications for businesses. Call Today:1-877-669-7347\" \/>\n<meta name=\"robots\" content=\"index, follow, max-snippet:-1, max-image-preview:large, max-video-preview:-1\" \/>\n<link rel=\"canonical\" href=\"https:\/\/bevaglobal.com\/fr\/projet-gestion-cours-formation-ontario\/\" \/>\n<script type=\"application\/ld+json\" class=\"yoast-schema-graph\">{\"@context\":\"https:\/\/schema.org\",\"@graph\":[{\"@type\":\"WebPage\",\"@id\":\"https:\/\/bevaglobal.com\/fr\/projet-gestion-cours-formation-ontario\/\",\"url\":\"https:\/\/bevaglobal.com\/fr\/projet-gestion-cours-formation-ontario\/\",\"name\":\"Cours et formation en gestion de projet, Ontario | BEVA Global\",\"isPartOf\":{\"@id\":\"https:\/\/bevaglobal.com\/#website\"},\"datePublished\":\"2018-06-05T10:28:16+00:00\",\"dateModified\":\"2022-10-20T13:09:04+00:00\",\"description\":\"BEVA Global Management offers practical Project Management Courses & Training in Ontario with real-world applications for businesses. Call Today:1-877-669-7347\",\"breadcrumb\":{\"@id\":\"https:\/\/bevaglobal.com\/fr\/projet-gestion-cours-formation-ontario\/#breadcrumb\"},\"inLanguage\":\"fr-FR\",\"potentialAction\":[{\"@type\":\"ReadAction\",\"target\":[\"https:\/\/bevaglobal.com\/fr\/projet-gestion-cours-formation-ontario\/\"]}]},{\"@type\":\"BreadcrumbList\",\"@id\":\"https:\/\/bevaglobal.com\/fr\/projet-gestion-cours-formation-ontario\/#breadcrumb\",\"itemListElement\":[{\"@type\":\"ListItem\",\"position\":1,\"name\":\"Home\",\"item\":\"https:\/\/bevaglobal.com\/\"},{\"@type\":\"ListItem\",\"position\":2,\"name\":\"Gestion de projet \/ programme\"}]},{\"@type\":\"WebSite\",\"@id\":\"https:\/\/bevaglobal.com\/#website\",\"url\":\"https:\/\/bevaglobal.com\/\",\"name\":\"BEVA Global Management\",\"description\":\"Your gateway to knowledge!\",\"publisher\":{\"@id\":\"https:\/\/bevaglobal.com\/#organization\"},\"potentialAction\":[{\"@type\":\"SearchAction\",\"target\":{\"@type\":\"EntryPoint\",\"urlTemplate\":\"https:\/\/bevaglobal.com\/?s={search_term_string}\"},\"query-input\":{\"@type\":\"PropertyValueSpecification\",\"valueRequired\":true,\"valueName\":\"search_term_string\"}}],\"inLanguage\":\"fr-FR\"},{\"@type\":\"Organization\",\"@id\":\"https:\/\/bevaglobal.com\/#organization\",\"name\":\"BEVA Global Management\",\"url\":\"https:\/\/bevaglobal.com\/\",\"logo\":{\"@type\":\"ImageObject\",\"inLanguage\":\"fr-FR\",\"@id\":\"https:\/\/bevaglobal.com\/#\/schema\/logo\/image\/\",\"url\":\"https:\/\/bevaglobal.com\/wp-content\/uploads\/2016\/11\/logo-slogan-eng-maj3.jpg\",\"contentUrl\":\"https:\/\/bevaglobal.com\/wp-content\/uploads\/2016\/11\/logo-slogan-eng-maj3.jpg\",\"width\":800,\"height\":290,\"caption\":\"BEVA Global Management\"},\"image\":{\"@id\":\"https:\/\/bevaglobal.com\/#\/schema\/logo\/image\/\"}}]}<\/script>\n<!-- \/ Yoast SEO plugin. -->","yoast_head_json":{"title":"Cours et formation en gestion de projet, Ontario | BEVA Global","description":"BEVA Global Management offers practical Project Management Courses & Training in Ontario with real-world applications for businesses. Call Today:1-877-669-7347","robots":{"index":"index","follow":"follow","max-snippet":"max-snippet:-1","max-image-preview":"max-image-preview:large","max-video-preview":"max-video-preview:-1"},"canonical":"https:\/\/bevaglobal.com\/fr\/projet-gestion-cours-formation-ontario\/","schema":{"@context":"https:\/\/schema.org","@graph":[{"@type":"WebPage","@id":"https:\/\/bevaglobal.com\/fr\/projet-gestion-cours-formation-ontario\/","url":"https:\/\/bevaglobal.com\/fr\/projet-gestion-cours-formation-ontario\/","name":"Cours et formation en gestion de projet, Ontario | BEVA Global","isPartOf":{"@id":"https:\/\/bevaglobal.com\/#website"},"datePublished":"2018-06-05T10:28:16+00:00","dateModified":"2022-10-20T13:09:04+00:00","description":"BEVA Global Management offers practical Project Management Courses & Training in Ontario with real-world applications for businesses. Call Today:1-877-669-7347","breadcrumb":{"@id":"https:\/\/bevaglobal.com\/fr\/projet-gestion-cours-formation-ontario\/#breadcrumb"},"inLanguage":"fr-FR","potentialAction":[{"@type":"ReadAction","target":["https:\/\/bevaglobal.com\/fr\/projet-gestion-cours-formation-ontario\/"]}]},{"@type":"BreadcrumbList","@id":"https:\/\/bevaglobal.com\/fr\/projet-gestion-cours-formation-ontario\/#breadcrumb","itemListElement":[{"@type":"ListItem","position":1,"name":"Home","item":"https:\/\/bevaglobal.com\/"},{"@type":"ListItem","position":2,"name":"Gestion de projet \/ programme"}]},{"@type":"WebSite","@id":"https:\/\/bevaglobal.com\/#website","url":"https:\/\/bevaglobal.com\/","name":"BEVA Global Management","description":"Your gateway to knowledge!","publisher":{"@id":"https:\/\/bevaglobal.com\/#organization"},"potentialAction":[{"@type":"SearchAction","target":{"@type":"EntryPoint","urlTemplate":"https:\/\/bevaglobal.com\/?s={search_term_string}"},"query-input":{"@type":"PropertyValueSpecification","valueRequired":true,"valueName":"search_term_string"}}],"inLanguage":"fr-FR"},{"@type":"Organization","@id":"https:\/\/bevaglobal.com\/#organization","name":"BEVA Global Management","url":"https:\/\/bevaglobal.com\/","logo":{"@type":"ImageObject","inLanguage":"fr-FR","@id":"https:\/\/bevaglobal.com\/#\/schema\/logo\/image\/","url":"https:\/\/bevaglobal.com\/wp-content\/uploads\/2016\/11\/logo-slogan-eng-maj3.jpg","contentUrl":"https:\/\/bevaglobal.com\/wp-content\/uploads\/2016\/11\/logo-slogan-eng-maj3.jpg","width":800,"height":290,"caption":"BEVA Global Management"},"image":{"@id":"https:\/\/bevaglobal.com\/#\/schema\/logo\/image\/"}}]}},"jetpack_sharing_enabled":true,"ticketed":false,"_links":{"self":[{"href":"https:\/\/bevaglobal.com\/fr\/wp-json\/wp\/v2\/pages\/5343","targetHints":{"allow":["GET"]}}],"collection":[{"href":"https:\/\/bevaglobal.com\/fr\/wp-json\/wp\/v2\/pages"}],"about":[{"href":"https:\/\/bevaglobal.com\/fr\/wp-json\/wp\/v2\/types\/page"}],"author":[{"embeddable":true,"href":"https:\/\/bevaglobal.com\/fr\/wp-json\/wp\/v2\/users\/3"}],"replies":[{"embeddable":true,"href":"https:\/\/bevaglobal.com\/fr\/wp-json\/wp\/v2\/comments?post=5343"}],"version-history":[{"count":17,"href":"https:\/\/bevaglobal.com\/fr\/wp-json\/wp\/v2\/pages\/5343\/revisions"}],"predecessor-version":[{"id":26218,"href":"https:\/\/bevaglobal.com\/fr\/wp-json\/wp\/v2\/pages\/5343\/revisions\/26218"}],"wp:attachment":[{"href":"https:\/\/bevaglobal.com\/fr\/wp-json\/wp\/v2\/media?parent=5343"}],"curies":[{"name":"wp","href":"https:\/\/api.w.org\/{rel}","templated":true}]}}