{"id":5348,"date":"2018-06-05T10:31:38","date_gmt":"2018-06-05T10:31:38","guid":{"rendered":"https:\/\/bevaglobal.com\/?page_id=5348"},"modified":"2018-06-06T10:18:24","modified_gmt":"2018-06-06T10:18:24","slug":"plan-des-communications","status":"publish","type":"page","link":"https:\/\/bevaglobal.com\/fr\/services\/plan-des-communications\/","title":{"rendered":"Plan des communications"},"content":{"rendered":"<p>Cherchez-vous \u00e0 am\u00e9liorer vos communications envers vos employ\u00e9s, fournisseurs et autres parties prenantes ? Chaque organisation ou entreprise a besoin d\u2019un plan de communications. Vous devez savoir ce qui sera communiqu\u00e9, \u00e0 qui, quand et comment. BEVA peut vous aider \u00e0 \u00e9laborer votre plan de communications. BEVA compte de nombreuses ann\u00e9es dans le d\u00e9veloppement de plans de communication qui ont pour but d\u2019assurer que le message soit transmis aux bonnes personnes, au bon moment et en utilisant la bonne m\u00e9thode . Que vous travailliez au sein du gouvernement, de soci\u00e9t\u00e9s d\u2019\u00c9tat, d\u2019entreprises priv\u00e9es, publiques, ou sans but lucratif, nous pouvons \u00e9laborer un plan de communication qui sera claire et efficace et ajoutera une plus-value \u00e0 votre organisation ou entreprise. Les communications se font \u00e0 l\u2019interne et \u00e0 l\u2019externe. \u00c0 l\u2019interne, la haute direction devra informer les parties int\u00e9ress\u00e9es et les employ\u00e9s de la vision, la mission et du plan strat\u00e9gique de l\u2019organisation ou de l\u2019entreprise. \u00c0 l\u2019externe, les clients auront besoin de conna\u00eetre les produits et services disponibles. Quant aux vendeurs, ils auront besoin de conna\u00eetre tout les processus d\u2019approvisionnement n\u00e9cessaire ainsi que les canaux de distribution.<\/p>\n","protected":false},"excerpt":{"rendered":"<p>Cherchez-vous \u00e0 am\u00e9liorer vos communications envers vos employ\u00e9s, fournisseurs et autres parties prenantes ? Chaque organisation ou entreprise a besoin d\u2019un plan de communications. Vous devez savoir ce qui sera [&hellip;]<\/p>\n","protected":false},"author":3,"featured_media":0,"parent":5315,"menu_order":0,"comment_status":"open","ping_status":"open","template":"","meta":{"_et_pb_use_builder":"","_et_pb_old_content":"","_et_gb_content_width":"","_price":"","_stock":"","_tribe_ticket_header":"","_tribe_default_ticket_provider":"","_ticket_start_date":"","_ticket_end_date":"","_tribe_ticket_show_description":"","_tribe_ticket_show_not_going":false,"_tribe_ticket_use_global_stock":"","_tribe_ticket_global_stock_level":"","_global_stock_mode":"","_global_stock_cap":"","_tribe_rsvp_for_event":"","_tribe_ticket_going_count":"","_tribe_ticket_not_going_count":"","_tribe_tickets_list":"[]","_tribe_ticket_has_attendee_info_fields":false,"footnotes":"","_tec_slr_enabled":"","_tec_slr_layout":""},"class_list":["post-5348","page","type-page","status-publish","hentry"],"yoast_head":"<!-- This site is optimized with the Yoast SEO plugin v27.1.1 - https:\/\/yoast.com\/product\/yoast-seo-wordpress\/ -->\n<title>Plan des communications - BEVA Global Management<\/title>\n<meta name=\"description\" content=\"Plan des communications | Contact us online\" \/>\n<meta name=\"robots\" content=\"index, follow, max-snippet:-1, max-image-preview:large, max-video-preview:-1\" \/>\n<link rel=\"canonical\" href=\"https:\/\/bevaglobal.com\/services\/plan-des-communications\/?lang=fr\" \/>\n<script type=\"application\/ld+json\" class=\"yoast-schema-graph\">{\"@context\":\"https:\/\/schema.org\",\"@graph\":[{\"@type\":\"WebPage\",\"@id\":\"https:\/\/bevaglobal.com\/services\/plan-des-communications\/?lang=fr\",\"url\":\"https:\/\/bevaglobal.com\/services\/plan-des-communications\/?lang=fr\",\"name\":\"Plan des communications - BEVA Global Management\",\"isPartOf\":{\"@id\":\"https:\/\/bevaglobal.com\/#website\"},\"datePublished\":\"2018-06-05T10:31:38+00:00\",\"dateModified\":\"2018-06-06T10:18:24+00:00\",\"description\":\"Plan des communications | Contact us online\",\"breadcrumb\":{\"@id\":\"https:\/\/bevaglobal.com\/services\/plan-des-communications\/?lang=fr#breadcrumb\"},\"inLanguage\":\"fr-FR\",\"potentialAction\":[{\"@type\":\"ReadAction\",\"target\":[\"https:\/\/bevaglobal.com\/services\/plan-des-communications\/?lang=fr\"]}]},{\"@type\":\"BreadcrumbList\",\"@id\":\"https:\/\/bevaglobal.com\/services\/plan-des-communications\/?lang=fr#breadcrumb\",\"itemListElement\":[{\"@type\":\"ListItem\",\"position\":1,\"name\":\"Home\",\"item\":\"https:\/\/bevaglobal.com\/\"},{\"@type\":\"ListItem\",\"position\":2,\"name\":\"Priv\u00e9\u00a0: Services\",\"item\":\"https:\/\/bevaglobal.com\/?page_id=5315&lang=fr\"},{\"@type\":\"ListItem\",\"position\":3,\"name\":\"Plan des communications\"}]},{\"@type\":\"WebSite\",\"@id\":\"https:\/\/bevaglobal.com\/#website\",\"url\":\"https:\/\/bevaglobal.com\/\",\"name\":\"BEVA Global Management\",\"description\":\"Your gateway to knowledge!\",\"publisher\":{\"@id\":\"https:\/\/bevaglobal.com\/#organization\"},\"potentialAction\":[{\"@type\":\"SearchAction\",\"target\":{\"@type\":\"EntryPoint\",\"urlTemplate\":\"https:\/\/bevaglobal.com\/?s={search_term_string}\"},\"query-input\":{\"@type\":\"PropertyValueSpecification\",\"valueRequired\":true,\"valueName\":\"search_term_string\"}}],\"inLanguage\":\"fr-FR\"},{\"@type\":\"Organization\",\"@id\":\"https:\/\/bevaglobal.com\/#organization\",\"name\":\"BEVA Global Management\",\"url\":\"https:\/\/bevaglobal.com\/\",\"logo\":{\"@type\":\"ImageObject\",\"inLanguage\":\"fr-FR\",\"@id\":\"https:\/\/bevaglobal.com\/#\/schema\/logo\/image\/\",\"url\":\"https:\/\/bevaglobal.com\/wp-content\/uploads\/2016\/11\/logo-slogan-eng-maj3.jpg\",\"contentUrl\":\"https:\/\/bevaglobal.com\/wp-content\/uploads\/2016\/11\/logo-slogan-eng-maj3.jpg\",\"width\":800,\"height\":290,\"caption\":\"BEVA Global Management\"},\"image\":{\"@id\":\"https:\/\/bevaglobal.com\/#\/schema\/logo\/image\/\"}}]}<\/script>\n<!-- \/ Yoast SEO plugin. -->","yoast_head_json":{"title":"Plan des communications - BEVA Global Management","description":"Plan des communications | Contact us online","robots":{"index":"index","follow":"follow","max-snippet":"max-snippet:-1","max-image-preview":"max-image-preview:large","max-video-preview":"max-video-preview:-1"},"canonical":"https:\/\/bevaglobal.com\/services\/plan-des-communications\/?lang=fr","schema":{"@context":"https:\/\/schema.org","@graph":[{"@type":"WebPage","@id":"https:\/\/bevaglobal.com\/services\/plan-des-communications\/?lang=fr","url":"https:\/\/bevaglobal.com\/services\/plan-des-communications\/?lang=fr","name":"Plan des communications - BEVA Global Management","isPartOf":{"@id":"https:\/\/bevaglobal.com\/#website"},"datePublished":"2018-06-05T10:31:38+00:00","dateModified":"2018-06-06T10:18:24+00:00","description":"Plan des communications | Contact us online","breadcrumb":{"@id":"https:\/\/bevaglobal.com\/services\/plan-des-communications\/?lang=fr#breadcrumb"},"inLanguage":"fr-FR","potentialAction":[{"@type":"ReadAction","target":["https:\/\/bevaglobal.com\/services\/plan-des-communications\/?lang=fr"]}]},{"@type":"BreadcrumbList","@id":"https:\/\/bevaglobal.com\/services\/plan-des-communications\/?lang=fr#breadcrumb","itemListElement":[{"@type":"ListItem","position":1,"name":"Home","item":"https:\/\/bevaglobal.com\/"},{"@type":"ListItem","position":2,"name":"Priv\u00e9\u00a0: Services","item":"https:\/\/bevaglobal.com\/?page_id=5315&lang=fr"},{"@type":"ListItem","position":3,"name":"Plan des communications"}]},{"@type":"WebSite","@id":"https:\/\/bevaglobal.com\/#website","url":"https:\/\/bevaglobal.com\/","name":"BEVA Global Management","description":"Your gateway to knowledge!","publisher":{"@id":"https:\/\/bevaglobal.com\/#organization"},"potentialAction":[{"@type":"SearchAction","target":{"@type":"EntryPoint","urlTemplate":"https:\/\/bevaglobal.com\/?s={search_term_string}"},"query-input":{"@type":"PropertyValueSpecification","valueRequired":true,"valueName":"search_term_string"}}],"inLanguage":"fr-FR"},{"@type":"Organization","@id":"https:\/\/bevaglobal.com\/#organization","name":"BEVA Global Management","url":"https:\/\/bevaglobal.com\/","logo":{"@type":"ImageObject","inLanguage":"fr-FR","@id":"https:\/\/bevaglobal.com\/#\/schema\/logo\/image\/","url":"https:\/\/bevaglobal.com\/wp-content\/uploads\/2016\/11\/logo-slogan-eng-maj3.jpg","contentUrl":"https:\/\/bevaglobal.com\/wp-content\/uploads\/2016\/11\/logo-slogan-eng-maj3.jpg","width":800,"height":290,"caption":"BEVA Global Management"},"image":{"@id":"https:\/\/bevaglobal.com\/#\/schema\/logo\/image\/"}}]}},"jetpack_sharing_enabled":true,"ticketed":false,"_links":{"self":[{"href":"https:\/\/bevaglobal.com\/fr\/wp-json\/wp\/v2\/pages\/5348","targetHints":{"allow":["GET"]}}],"collection":[{"href":"https:\/\/bevaglobal.com\/fr\/wp-json\/wp\/v2\/pages"}],"about":[{"href":"https:\/\/bevaglobal.com\/fr\/wp-json\/wp\/v2\/types\/page"}],"author":[{"embeddable":true,"href":"https:\/\/bevaglobal.com\/fr\/wp-json\/wp\/v2\/users\/3"}],"replies":[{"embeddable":true,"href":"https:\/\/bevaglobal.com\/fr\/wp-json\/wp\/v2\/comments?post=5348"}],"version-history":[{"count":1,"href":"https:\/\/bevaglobal.com\/fr\/wp-json\/wp\/v2\/pages\/5348\/revisions"}],"predecessor-version":[{"id":5350,"href":"https:\/\/bevaglobal.com\/fr\/wp-json\/wp\/v2\/pages\/5348\/revisions\/5350"}],"up":[{"embeddable":true,"href":"https:\/\/bevaglobal.com\/fr\/wp-json\/wp\/v2\/pages\/5315"}],"wp:attachment":[{"href":"https:\/\/bevaglobal.com\/fr\/wp-json\/wp\/v2\/media?parent=5348"}],"curies":[{"name":"wp","href":"https:\/\/api.w.org\/{rel}","templated":true}]}}