{"id":5408,"date":"2018-06-05T11:33:28","date_gmt":"2018-06-05T11:33:28","guid":{"rendered":"https:\/\/bevaglobal.com\/?page_id=5408"},"modified":"2022-10-20T15:11:54","modified_gmt":"2022-10-20T15:11:54","slug":"coaching-et-mentorat","status":"publish","type":"page","link":"https:\/\/bevaglobal.com\/fr\/coaching-et-mentorat\/","title":{"rendered":"Coaching et mentorat"},"content":{"rendered":"<p>[et_pb_section fb_built=\u00a0\u00bb1&Prime; _builder_version=\u00a0\u00bb4.16&Prime; background_image=\u00a0\u00bbhttps:\/\/bevaglobal.com\/wp-content\/uploads\/2018\/06\/abstract02.jpg\u00a0\u00bb global_colors_info=\u00a0\u00bb{}\u00a0\u00bb][et_pb_row _builder_version=\u00a0\u00bb4.16&Prime; background_size=\u00a0\u00bbinitial\u00a0\u00bb background_position=\u00a0\u00bbtop_left\u00a0\u00bb background_repeat=\u00a0\u00bbrepeat\u00a0\u00bb global_colors_info=\u00a0\u00bb{}\u00a0\u00bb][et_pb_column type=\u00a0\u00bb4_4&Prime; _builder_version=\u00a0\u00bb4.16&Prime; custom_padding=\u00a0\u00bb|||\u00a0\u00bb global_colors_info=\u00a0\u00bb{}\u00a0\u00bb custom_padding__hover=\u00a0\u00bb|||\u00a0\u00bb][et_pb_text admin_label=\u00a0\u00bbPage Title\u00a0\u00bb _builder_version=\u00a0\u00bb4.16&Prime; header_font=\u00a0\u00bb|600||on|||||\u00a0\u00bb header_text_align=\u00a0\u00bbleft\u00a0\u00bb header_text_color=\u00a0\u00bb#ffffff\u00a0\u00bb global_colors_info=\u00a0\u00bb{}\u00a0\u00bb]<\/p>\n<h1>Coaching et mentorat<\/h1>\n<p>[\/et_pb_text][\/et_pb_column][\/et_pb_row][\/et_pb_section][et_pb_section fb_built=\u00a0\u00bb1&Prime; _builder_version=\u00a0\u00bb4.16&Prime; global_colors_info=\u00a0\u00bb{}\u00a0\u00bb][et_pb_row _builder_version=\u00a0\u00bb4.16&Prime; background_size=\u00a0\u00bbinitial\u00a0\u00bb background_position=\u00a0\u00bbtop_left\u00a0\u00bb background_repeat=\u00a0\u00bbrepeat\u00a0\u00bb global_colors_info=\u00a0\u00bb{}\u00a0\u00bb][et_pb_column type=\u00a0\u00bb4_4&Prime; _builder_version=\u00a0\u00bb4.16&Prime; custom_padding=\u00a0\u00bb|||\u00a0\u00bb global_colors_info=\u00a0\u00bb{}\u00a0\u00bb custom_padding__hover=\u00a0\u00bb|||\u00a0\u00bb][et_pb_text _builder_version=\u00a0\u00bb4.16&Prime; global_colors_info=\u00a0\u00bb{}\u00a0\u00bb]<\/p>\n<h2>Gestion de carri\u00e8re<\/h2>\n<p>BEVA est connue pour aider les individus et les organisations \u00e0 travers des sessions individuelles et de groupe pour r\u00e9fl\u00e9chir, planifier et r\u00e9aliser le d\u00e9veloppement et la croissance souhait\u00e9e. Nos entra\u00eeneurs couvrent la plupart des domaines du d\u00e9veloppement personnel et professionnel, sont accr\u00e9dit\u00e9s, et poss\u00e8dent la bonne combinaison de l\u2019exp\u00e9rience et de la formation.<\/p>\n<ul type=\"square\">\n<li>Carri\u00e8re<\/li>\n<li>Affaire et cadre sup\u00e9rieur<\/li>\n<li>D\u00e9veloppement personnel et professionel<\/li>\n<li>Accompagnement pour les cadres sup\u00e9rieurs en vue de la retraite<\/li>\n<\/ul>\n<p>La pierre angulaire de notre pratique de coaching est notre Programme de leadership ex\u00e9cutif de gestion. Nous livrons ces services de coaching pour aider \u00e0 l\u2019entr\u00e9e, aux cadres sup\u00e9rieurs et les employ\u00e9s \u00e0 haut potentiel dans un \u00e9ventail de situations, y compris:<\/p>\n<ul>\n<li>D\u00e9velopper \/ am\u00e9liorer les comp\u00e9tences en leadership<\/li>\n<li>D\u00e9velopper et perfectionner les domaines de comp\u00e9tences<\/li>\n<li>La planification strat\u00e9gique<\/li>\n<li>changement de leadership<\/li>\n<li>Faire face \u00e0 des probl\u00e8mes de performance<\/li>\n<li>Faire carri\u00e8re et de vie des d\u00e9cisions critiques<\/li>\n<li>Am\u00e9lioration de la productivit\u00e9<\/li>\n<li>Devenir productif dans un nouveau r\u00f4le<\/li>\n<\/ul>\n<p>Chaque mission est adapt\u00e9e aux besoins sp\u00e9cifiques de l\u2019individu afin d\u2019obtenir des r\u00e9sultats tangibles de mani\u00e8re rentable et de maximiser le rendement \u00e0 la fois pour l\u2019organisation et pour son actif le plus pr\u00e9cieux.<\/p>\n<h3>Coaching<\/h3>\n<p>Orienter le parcours d\u2019un individu en \u00e9valuant o\u00f9 il a \u00e9t\u00e9, o\u00f9 il est et o\u00f9 il veut \u00eatre \u00e0 l\u2019aide d\u2019une vari\u00e9t\u00e9 d\u2019exercices, de l\u2019auto-exploration et d\u2019\u00e9valuations psychom\u00e9triques et professionnelles.<\/p>\n<p>Des programmes complets de d\u00e9veloppement de la r\u00e9silience professionnelle qui, litt\u00e9ralement, mettent entre les mains du client la possibilit\u00e9 de g\u00e9rer la performance professionnelle, le d\u00e9veloppement et la mobilit\u00e9. Les s\u00e9ances d\u2019encadrement individuelles, de nature confidentielle, se font en personne, par t\u00e9l\u00e9phone ou par courriel, et aide chaque client \u00e0 travailler \u00e0 travers une s\u00e9rie de modules d\u2019auto-formation.<\/p>\n<p>Nos programmes de coaching sont adapt\u00e9s pour r\u00e9pondre aux besoins sp\u00e9cifiques de chaque client et ils comprennent :<\/p>\n<p>\u2022 \u00c9valuation de carri\u00e8re et orientation<br \/> \u2022 Services d\u2019ordre financier et autres services professionnels<br \/> \u2022 \u00c9tude du milieu et tendance<br \/> \u2022 Profil d\u2019emploi, emploi id\u00e9al<br \/> \u2022 Strat\u00e9gie de recherche d\u2019emploi<br \/> \u2022 R\u00e9seautage<br \/> \u2022 Plans de marketing personnels<br \/> \u2022 Curriculum Vitae<br \/> \u2022 Entrevue<br \/> \u2022 \u00c9valuations psychom\u00e9triques et professionnelles<br \/> \u2022 Ateliers et s\u00e9ances de r\u00e9seautage<br \/> \u2022 Manuel et centre de carri\u00e8res en ligne<br \/> \u2022 Bureau de soutien<br \/> \u2022 D\u00e9m\u00e9nagement de l\u2019\u00e9poux ou du conjoint<br \/> \u2022 Planification de la retraite et seconde carri\u00e8re<\/p>\n<h3>Mentorat<\/h3>\n<p>BEVA\u00ae a des professionnels exp\u00e9riment\u00e9s qui peuvent vous guider et apporter de la sagesse et des connaissances dans des situations difficiles ou des territoires inexplor\u00e9s. Nous fournissons nos services professionnels aux gestionnaires de projets juniors, interm\u00e9diaires et sup\u00e9rieurs, \u00e0 la direction et aux cadres sup\u00e9rieurs. Nous pouvons vous assurer la confidentialit\u00e9 tout au long de votre parcours.<\/p>\n<p>[\/et_pb_text][\/et_pb_column][\/et_pb_row][\/et_pb_section][et_pb_section fb_built=\u00a0\u00bb1&Prime; _builder_version=\u00a0\u00bb3.20.1&Prime; background_color=\u00a0\u00bb#2a5eaa\u00a0\u00bb custom_padding=\u00a0\u00bb0|0px|54px|0px|false|false\u00a0\u00bb global_module=\u00a0\u00bb6475&Prime; global_colors_info=\u00a0\u00bb{}\u00a0\u00bb][et_pb_row module_class=\u00a0\u00bb et_pb_row_fullwidth et_pb_row_fullwidth et_pb_row_fullwidth et_pb_row_fullwidth\u00a0\u00bb _builder_version=\u00a0\u00bb4.18.0&Prime; width=\u00a0\u00bb89%\u00a0\u00bb width_tablet=\u00a0\u00bb80%\u00a0\u00bb width_phone=\u00a0\u00bb\u00a0\u00bb width_last_edited=\u00a0\u00bbon|desktop\u00a0\u00bb max_width=\u00a0\u00bb89%\u00a0\u00bb max_width_tablet=\u00a0\u00bb80%\u00a0\u00bb max_width_phone=\u00a0\u00bb\u00a0\u00bb max_width_last_edited=\u00a0\u00bbon|desktop\u00a0\u00bb module_alignment=\u00a0\u00bbcenter\u00a0\u00bb make_fullwidth=\u00a0\u00bbon\u00a0\u00bb global_colors_info=\u00a0\u00bb{}\u00a0\u00bb][et_pb_column type=\u00a0\u00bb4_4&Prime; _builder_version=\u00a0\u00bb4.16&Prime; custom_padding=\u00a0\u00bb|||\u00a0\u00bb global_colors_info=\u00a0\u00bb{}\u00a0\u00bb custom_padding__hover=\u00a0\u00bb|||\u00a0\u00bb][et_pb_cta title=\u00a0\u00bbPASSER \u00c0 L&rsquo;ACTION !\u00a0\u00bb button_url=\u00a0\u00bb\/fr\/nous-joindre\/\u00a0\u00bb button_text=\u00a0\u00bbCONTACTEZ-NOUS MAINTENANT\u00a0\u00bb _builder_version=\u00a0\u00bb4.18.0&Prime; header_level=\u00a0\u00bbh3&Prime; header_font=\u00a0\u00bb|700||on|||||\u00a0\u00bb header_text_align=\u00a0\u00bbcenter\u00a0\u00bb header_font_size=\u00a0\u00bb29&Prime; body_font_size=\u00a0\u00bb18&Prime; use_background_color=\u00a0\u00bboff\u00a0\u00bb global_colors_info=\u00a0\u00bb{}\u00a0\u00bb button_text_size__hover_enabled=\u00a0\u00bboff\u00a0\u00bb button_one_text_size__hover_enabled=\u00a0\u00bboff\u00a0\u00bb button_two_text_size__hover_enabled=\u00a0\u00bboff\u00a0\u00bb button_text_color__hover_enabled=\u00a0\u00bboff\u00a0\u00bb button_one_text_color__hover_enabled=\u00a0\u00bboff\u00a0\u00bb button_two_text_color__hover_enabled=\u00a0\u00bboff\u00a0\u00bb button_border_width__hover_enabled=\u00a0\u00bboff\u00a0\u00bb button_one_border_width__hover_enabled=\u00a0\u00bboff\u00a0\u00bb button_two_border_width__hover_enabled=\u00a0\u00bboff\u00a0\u00bb button_border_color__hover_enabled=\u00a0\u00bboff\u00a0\u00bb button_one_border_color__hover_enabled=\u00a0\u00bboff\u00a0\u00bb button_two_border_color__hover_enabled=\u00a0\u00bboff\u00a0\u00bb button_border_radius__hover_enabled=\u00a0\u00bboff\u00a0\u00bb button_one_border_radius__hover_enabled=\u00a0\u00bboff\u00a0\u00bb button_two_border_radius__hover_enabled=\u00a0\u00bboff\u00a0\u00bb button_letter_spacing__hover_enabled=\u00a0\u00bboff\u00a0\u00bb button_one_letter_spacing__hover_enabled=\u00a0\u00bboff\u00a0\u00bb button_two_letter_spacing__hover_enabled=\u00a0\u00bboff\u00a0\u00bb button_bg_color__hover_enabled=\u00a0\u00bboff\u00a0\u00bb button_one_bg_color__hover_enabled=\u00a0\u00bboff\u00a0\u00bb button_two_bg_color__hover_enabled=\u00a0\u00bboff\u00a0\u00bb]<\/p>\n<p>Laissez-nous r\u00e9pondre \u00e0 vos questions et voir comment nous pouvons vous aider.<\/p>\n<p>[\/et_pb_cta][\/et_pb_column][\/et_pb_row][\/et_pb_section]<\/p>\n","protected":false},"excerpt":{"rendered":"<p>Coaching et mentorat Gestion de carri\u00e8re BEVA est connue pour aider les individus et les organisations \u00e0 travers des sessions individuelles et de groupe pour r\u00e9fl\u00e9chir, planifier et r\u00e9aliser le [&hellip;]<\/p>\n","protected":false},"author":3,"featured_media":0,"parent":0,"menu_order":0,"comment_status":"open","ping_status":"open","template":"","meta":{"_et_pb_use_builder":"on","_et_pb_old_content":"<h2>Career Management<\/h2><p>BEVA\u00ae\u00a0is experienced in assisting individuals and organizations through individual and group sessions to reflect, plan and achieve desired development and growth. Our coaches cover most areas of personal and professional development, are accredited, and possess the right mix of experience and training.<\/p><ul type=\"square\"><li>Career<\/li><li>Business and Executive<\/li><li>Personal & Professional Development<\/li><li>Executive Retirement Coaching<\/li><\/ul><p>The cornerstone of our coaching practice is our Management and Executive Leadership Program. We deliver these coaching services to help entry, mid to senior level managers and high-potential employees in an array of situations including:<\/p><ul><li>Developing\/improving leadership skills<\/li><li>Developing and honing key competency area<\/li><li>Strategic planning<\/li><li>Change leadership<\/li><li>Dealing with performance issues<\/li><li>Making critical career and life decisions<\/li><li>Improving productivity<\/li><li>Becoming productive in a new role<\/li><\/ul><p>Each assignment is tailored to the individual\u2019s specific needs to achieve tangible results cost effectively and to maximize return to both the organization and its most valued asset.<\/p><h2>Career Coaching<\/h2><p>Directing one\u2019s life path by assessing where an individual has been, where one is and where one wants to be through a variety of exercises, self-exploration, and psychometric and vocational assessments.<\/p><p>Comprehensive, career resiliency programs that literally place the opportunity for managing career performance, development, and mobility into the client's hands. Confidential one-on-one coaching sessions, in person, over the phone and\/or via e-mail, assist each client in working through a series of self-paced modules.<\/p><p>Our coaching are tailored to meet the specific needs of each individual client and include:<\/p><ul><li>Career Assessment and Counselling<\/li><li>Financial & Other Professional Services<\/li><li>Environmental Scan and Trends<\/li><li>Job Profiling\/Ideal Job<\/li><li>Job Search Strategy<\/li><li>Networking<\/li><li>Personal Marketing Plans<\/li><li>Resume<\/li><li>Interview<\/li><li>Psychometric and Vocational Assessments<\/li><li>Workshops and Networking Sessions<\/li><li>Workbook and Online Career Centre<\/li><li>Office Use and Support<\/li><li>Spouse\/Partner Relocation<\/li><li>Retirement and Second Career Planning<\/li><\/ul><h2>Mentoring<\/h2><p>BEVA\u00ae has experienced professionals that can guide you and provide wisdom and knowledge during difficult situations or uncharted territory.\u00a0 We provide our professional services to junior, intermediate and senior project managers, management and executives. We can assure you confidentiality throughout your journey.<\/p>","_et_gb_content_width":"","_price":"","_stock":"","_tribe_ticket_header":"","_tribe_default_ticket_provider":"","_ticket_start_date":"","_ticket_end_date":"","_tribe_ticket_show_description":"","_tribe_ticket_show_not_going":false,"_tribe_ticket_use_global_stock":"","_tribe_ticket_global_stock_level":"","_global_stock_mode":"","_global_stock_cap":"","_tribe_rsvp_for_event":"","_tribe_ticket_going_count":"","_tribe_ticket_not_going_count":"","_tribe_tickets_list":"[]","_tribe_ticket_has_attendee_info_fields":false,"footnotes":"","_tec_slr_enabled":"","_tec_slr_layout":""},"class_list":["post-5408","page","type-page","status-publish","hentry"],"yoast_head":"<!-- This site is optimized with the Yoast SEO plugin v27.1.1 - https:\/\/yoast.com\/product\/yoast-seo-wordpress\/ -->\n<title>Coaching et mentorat - BEVA Global Management<\/title>\n<meta name=\"description\" content=\"Coaching et mentorat | Contact us online\" \/>\n<meta name=\"robots\" content=\"index, follow, max-snippet:-1, max-image-preview:large, max-video-preview:-1\" \/>\n<link rel=\"canonical\" href=\"https:\/\/bevaglobal.com\/fr\/coaching-et-mentorat\/\" \/>\n<script type=\"application\/ld+json\" class=\"yoast-schema-graph\">{\"@context\":\"https:\/\/schema.org\",\"@graph\":[{\"@type\":\"WebPage\",\"@id\":\"https:\/\/bevaglobal.com\/fr\/coaching-et-mentorat\/\",\"url\":\"https:\/\/bevaglobal.com\/fr\/coaching-et-mentorat\/\",\"name\":\"Coaching et mentorat - BEVA Global Management\",\"isPartOf\":{\"@id\":\"https:\/\/bevaglobal.com\/#website\"},\"datePublished\":\"2018-06-05T11:33:28+00:00\",\"dateModified\":\"2022-10-20T15:11:54+00:00\",\"description\":\"Coaching et mentorat | Contact us online\",\"breadcrumb\":{\"@id\":\"https:\/\/bevaglobal.com\/fr\/coaching-et-mentorat\/#breadcrumb\"},\"inLanguage\":\"fr-FR\",\"potentialAction\":[{\"@type\":\"ReadAction\",\"target\":[\"https:\/\/bevaglobal.com\/fr\/coaching-et-mentorat\/\"]}]},{\"@type\":\"BreadcrumbList\",\"@id\":\"https:\/\/bevaglobal.com\/fr\/coaching-et-mentorat\/#breadcrumb\",\"itemListElement\":[{\"@type\":\"ListItem\",\"position\":1,\"name\":\"Home\",\"item\":\"https:\/\/bevaglobal.com\/\"},{\"@type\":\"ListItem\",\"position\":2,\"name\":\"Coaching et mentorat\"}]},{\"@type\":\"WebSite\",\"@id\":\"https:\/\/bevaglobal.com\/#website\",\"url\":\"https:\/\/bevaglobal.com\/\",\"name\":\"BEVA Global Management\",\"description\":\"Your gateway to knowledge!\",\"publisher\":{\"@id\":\"https:\/\/bevaglobal.com\/#organization\"},\"potentialAction\":[{\"@type\":\"SearchAction\",\"target\":{\"@type\":\"EntryPoint\",\"urlTemplate\":\"https:\/\/bevaglobal.com\/?s={search_term_string}\"},\"query-input\":{\"@type\":\"PropertyValueSpecification\",\"valueRequired\":true,\"valueName\":\"search_term_string\"}}],\"inLanguage\":\"fr-FR\"},{\"@type\":\"Organization\",\"@id\":\"https:\/\/bevaglobal.com\/#organization\",\"name\":\"BEVA Global Management\",\"url\":\"https:\/\/bevaglobal.com\/\",\"logo\":{\"@type\":\"ImageObject\",\"inLanguage\":\"fr-FR\",\"@id\":\"https:\/\/bevaglobal.com\/#\/schema\/logo\/image\/\",\"url\":\"https:\/\/bevaglobal.com\/wp-content\/uploads\/2016\/11\/logo-slogan-eng-maj3.jpg\",\"contentUrl\":\"https:\/\/bevaglobal.com\/wp-content\/uploads\/2016\/11\/logo-slogan-eng-maj3.jpg\",\"width\":800,\"height\":290,\"caption\":\"BEVA Global Management\"},\"image\":{\"@id\":\"https:\/\/bevaglobal.com\/#\/schema\/logo\/image\/\"}}]}<\/script>\n<!-- \/ Yoast SEO plugin. -->","yoast_head_json":{"title":"Coaching et mentorat - BEVA Global Management","description":"Coaching et mentorat | Contact us online","robots":{"index":"index","follow":"follow","max-snippet":"max-snippet:-1","max-image-preview":"max-image-preview:large","max-video-preview":"max-video-preview:-1"},"canonical":"https:\/\/bevaglobal.com\/fr\/coaching-et-mentorat\/","schema":{"@context":"https:\/\/schema.org","@graph":[{"@type":"WebPage","@id":"https:\/\/bevaglobal.com\/fr\/coaching-et-mentorat\/","url":"https:\/\/bevaglobal.com\/fr\/coaching-et-mentorat\/","name":"Coaching et mentorat - BEVA Global Management","isPartOf":{"@id":"https:\/\/bevaglobal.com\/#website"},"datePublished":"2018-06-05T11:33:28+00:00","dateModified":"2022-10-20T15:11:54+00:00","description":"Coaching et mentorat | Contact us online","breadcrumb":{"@id":"https:\/\/bevaglobal.com\/fr\/coaching-et-mentorat\/#breadcrumb"},"inLanguage":"fr-FR","potentialAction":[{"@type":"ReadAction","target":["https:\/\/bevaglobal.com\/fr\/coaching-et-mentorat\/"]}]},{"@type":"BreadcrumbList","@id":"https:\/\/bevaglobal.com\/fr\/coaching-et-mentorat\/#breadcrumb","itemListElement":[{"@type":"ListItem","position":1,"name":"Home","item":"https:\/\/bevaglobal.com\/"},{"@type":"ListItem","position":2,"name":"Coaching et mentorat"}]},{"@type":"WebSite","@id":"https:\/\/bevaglobal.com\/#website","url":"https:\/\/bevaglobal.com\/","name":"BEVA Global Management","description":"Your gateway to knowledge!","publisher":{"@id":"https:\/\/bevaglobal.com\/#organization"},"potentialAction":[{"@type":"SearchAction","target":{"@type":"EntryPoint","urlTemplate":"https:\/\/bevaglobal.com\/?s={search_term_string}"},"query-input":{"@type":"PropertyValueSpecification","valueRequired":true,"valueName":"search_term_string"}}],"inLanguage":"fr-FR"},{"@type":"Organization","@id":"https:\/\/bevaglobal.com\/#organization","name":"BEVA Global Management","url":"https:\/\/bevaglobal.com\/","logo":{"@type":"ImageObject","inLanguage":"fr-FR","@id":"https:\/\/bevaglobal.com\/#\/schema\/logo\/image\/","url":"https:\/\/bevaglobal.com\/wp-content\/uploads\/2016\/11\/logo-slogan-eng-maj3.jpg","contentUrl":"https:\/\/bevaglobal.com\/wp-content\/uploads\/2016\/11\/logo-slogan-eng-maj3.jpg","width":800,"height":290,"caption":"BEVA Global Management"},"image":{"@id":"https:\/\/bevaglobal.com\/#\/schema\/logo\/image\/"}}]}},"jetpack_sharing_enabled":true,"ticketed":false,"_links":{"self":[{"href":"https:\/\/bevaglobal.com\/fr\/wp-json\/wp\/v2\/pages\/5408","targetHints":{"allow":["GET"]}}],"collection":[{"href":"https:\/\/bevaglobal.com\/fr\/wp-json\/wp\/v2\/pages"}],"about":[{"href":"https:\/\/bevaglobal.com\/fr\/wp-json\/wp\/v2\/types\/page"}],"author":[{"embeddable":true,"href":"https:\/\/bevaglobal.com\/fr\/wp-json\/wp\/v2\/users\/3"}],"replies":[{"embeddable":true,"href":"https:\/\/bevaglobal.com\/fr\/wp-json\/wp\/v2\/comments?post=5408"}],"version-history":[{"count":8,"href":"https:\/\/bevaglobal.com\/fr\/wp-json\/wp\/v2\/pages\/5408\/revisions"}],"predecessor-version":[{"id":26235,"href":"https:\/\/bevaglobal.com\/fr\/wp-json\/wp\/v2\/pages\/5408\/revisions\/26235"}],"wp:attachment":[{"href":"https:\/\/bevaglobal.com\/fr\/wp-json\/wp\/v2\/media?parent=5408"}],"curies":[{"name":"wp","href":"https:\/\/api.w.org\/{rel}","templated":true}]}}