{"id":5434,"date":"2018-06-05T11:53:45","date_gmt":"2018-06-05T11:53:45","guid":{"rendered":"https:\/\/bevaglobal.com\/?page_id=5434"},"modified":"2022-10-20T15:27:24","modified_gmt":"2022-10-20T15:27:24","slug":"la-verification-en-gestion-de-projet","status":"publish","type":"page","link":"https:\/\/bevaglobal.com\/fr\/la-verification-en-gestion-de-projet\/","title":{"rendered":"La v\u00e9rification en gestion de projet"},"content":{"rendered":"<p>[et_pb_section fb_built=\u00a0\u00bb1&Prime; _builder_version=\u00a0\u00bb3.22&Prime; background_image=\u00a0\u00bbhttps:\/\/bevaglobal.com\/wp-content\/uploads\/2018\/06\/abstract02.jpg\u00a0\u00bb][et_pb_row _builder_version=\u00a0\u00bb3.25&Prime; background_size=\u00a0\u00bbinitial\u00a0\u00bb background_position=\u00a0\u00bbtop_left\u00a0\u00bb background_repeat=\u00a0\u00bbrepeat\u00a0\u00bb][et_pb_column type=\u00a0\u00bb4_4&Prime; _builder_version=\u00a0\u00bb3.25&Prime; custom_padding=\u00a0\u00bb|||\u00a0\u00bb custom_padding__hover=\u00a0\u00bb|||\u00a0\u00bb][et_pb_text admin_label=\u00a0\u00bbPage Title\u00a0\u00bb _builder_version=\u00a0\u00bb3.27.4&Prime; header_font=\u00a0\u00bb|600||on|||||\u00a0\u00bb header_text_align=\u00a0\u00bbleft\u00a0\u00bb header_text_color=\u00a0\u00bb#ffffff\u00a0\u00bb]<\/p>\n<h1>La v\u00e9rification en MANAGEMENT de projet<\/h1>\n<p>[\/et_pb_text][\/et_pb_column][\/et_pb_row][\/et_pb_section][et_pb_section fb_built=\u00a0\u00bb1&Prime; _builder_version=\u00a0\u00bb3.22&Prime;][et_pb_row _builder_version=\u00a0\u00bb3.25&Prime; background_size=\u00a0\u00bbinitial\u00a0\u00bb background_position=\u00a0\u00bbtop_left\u00a0\u00bb background_repeat=\u00a0\u00bbrepeat\u00a0\u00bb column_structure=\u00a0\u00bb2_3,1_3&Prime;][et_pb_column type=\u00a0\u00bb2_3&Prime; _builder_version=\u00a0\u00bb3.25&Prime; custom_padding=\u00a0\u00bb|||\u00a0\u00bb custom_padding__hover=\u00a0\u00bb|||\u00a0\u00bb][et_pb_text _builder_version=\u00a0\u00bb3.27.4&Prime; background_size=\u00a0\u00bbinitial\u00a0\u00bb background_position=\u00a0\u00bbtop_left\u00a0\u00bb background_repeat=\u00a0\u00bbrepeat\u00a0\u00bb]<\/p>\n<p><span class=\"hps\">Certaines organisations<\/span>\u00a0<span class=\"hps\">ont adapt\u00e9<\/span>\u00a0<span class=\"hps\">une m\u00e9thode<\/span>\u00a0<span class=\"hps\">de gestion de projet<\/span>,\u00a0<span class=\"hps\">mis en \u0153uvre<\/span>\u00a0<span class=\"hps\">un<\/span>\u00a0<span class=\"hps\">certain nombre de processus<\/span>,\u00a0<span class=\"hps\">et utilisent<\/span>\u00a0<span class=\"hps\">des outils<\/span>\u00a0<span class=\"hps\">et pourtant<\/span>\u00a0<span class=\"hps\">leurs projets<\/span>\u00a0<span class=\"hps\">ne sont pas<\/span>\u00a0<span class=\"hps\">livr\u00e9s<\/span>\u00a0<span class=\"hps\">avec succ\u00e8s<\/span>?<\/p>\n<p><span class=\"hps\">Si<\/span>\u00a0<span class=\"hps\">vous pouvez faire r\u00e9f\u00e9rence \u00e0<\/span>\u00a0<span class=\"hps\">ce sc\u00e9nario<\/span>, probablement que vous avez\u00a0<span class=\"hps\">besoin<\/span>\u00a0d\u2019<span class=\"hps\">un expert en\u00a0<\/span><span class=\"hps\">processus de gestion<\/span>\u00a0<span class=\"hps\">de projet<\/span>\u00a0<span class=\"hps\">pour effectuer un<\/span>\u00a0<span class=\"hps\">audit du projet.<\/span>\u00a0<span class=\"hps\">Cet audit<\/span>\u00a0<span class=\"hps\">permettra d\u2019identifier les\u00a0<\/span><span class=\"hps\">inefficacit\u00e9s dans<\/span>\u00a0<span class=\"hps\">votre syst\u00e8me<\/span>\u00a0<span class=\"hps\">de gestion de projet<\/span>\u00a0<span class=\"hps\">qui peuvent \u00eatre<\/span>\u00a0<span class=\"hps\">la cause<\/span>\u00a0<span class=\"hps\">racine de<\/span>\u00a0<span class=\"hps\">l\u2019\u00e9chec des projets<\/span>.<\/p>\n<p><span class=\"hps\">Nos<\/span>\u00a0<span class=\"hps\">gens ont de nombreuses<\/span>\u00a0<span class=\"hps\">ann\u00e9es<\/span>\u00a0<span class=\"hps\">d\u2019exp\u00e9rience<\/span>\u00a0<span class=\"hps\">en gestion de projets<\/span>\u00a0<span class=\"hps\">ainsi que de travailler<\/span>\u00a0<span class=\"hps\">avec les processus<\/span>\u00a0<span class=\"hps\">et les outils<\/span>.\u00a0<span class=\"hps\">Ils ont la capacit\u00e9<\/span>\u00a0<span class=\"hps\">de faire une \u00e9valuation<\/span>,\u00a0<span class=\"hps\">effectuer un<\/span>\u00a0<span class=\"hps\">diagnostic<\/span>\u00a0<span class=\"hps\">et formuler des recommandations<\/span>\u00a0<span class=\"hps\">pour am\u00e9liorer votre syst\u00e8me<\/span>\u00a0<span class=\"hps\">de gestion de<\/span>\u00a0<span class=\"hps\">projet en cours.<\/span><\/p>\n<p><span class=\"hps\">Si<\/span>\u00a0<span class=\"hps atn\">vous avez besoin <\/span>d\u2019un expert en processus de\u00a0<span class=\"hps\">gestion de projet<\/span>\u00a0<span class=\"hps\">pour vous aider passez \u00e0 l&rsquo;action.<\/span><\/p>\n<p>[\/et_pb_text][\/et_pb_column][et_pb_column type=\u00a0\u00bb1_3&Prime; _builder_version=\u00a0\u00bb3.25&Prime; custom_padding=\u00a0\u00bb|||\u00a0\u00bb custom_padding__hover=\u00a0\u00bb|||\u00a0\u00bb][et_pb_image src=\u00a0\u00bbhttps:\/\/bevaglobal.com\/wp-content\/uploads\/2018\/07\/People-discussing.jpg\u00a0\u00bb align_tablet=\u00a0\u00bbcenter\u00a0\u00bb align_last_edited=\u00a0\u00bbon|desktop\u00a0\u00bb _builder_version=\u00a0\u00bb3.23&Prime;][\/et_pb_image][\/et_pb_column][\/et_pb_row][\/et_pb_section][et_pb_section fb_built=\u00a0\u00bb1&Prime; _builder_version=\u00a0\u00bb3.20.1&Prime; background_color=\u00a0\u00bb#2a5eaa\u00a0\u00bb custom_padding=\u00a0\u00bb0|0px|54px|0px|false|false\u00a0\u00bb global_module=\u00a0\u00bb6475&Prime;][et_pb_row module_class=\u00a0\u00bb et_pb_row_fullwidth et_pb_row_fullwidth et_pb_row_fullwidth et_pb_row_fullwidth\u00a0\u00bb _builder_version=\u00a0\u00bb3.25&Prime; width=\u00a0\u00bb89%\u00a0\u00bb width_tablet=\u00a0\u00bb80%\u00a0\u00bb width_phone=\u00a0\u00bb\u00a0\u00bb width_last_edited=\u00a0\u00bbon|desktop\u00a0\u00bb max_width=\u00a0\u00bb89%\u00a0\u00bb max_width_tablet=\u00a0\u00bb80%\u00a0\u00bb max_width_phone=\u00a0\u00bb\u00a0\u00bb max_width_last_edited=\u00a0\u00bbon|desktop\u00a0\u00bb module_alignment=\u00a0\u00bbcenter\u00a0\u00bb make_fullwidth=\u00a0\u00bbon\u00a0\u00bb][et_pb_column type=\u00a0\u00bb4_4&Prime; _builder_version=\u00a0\u00bb3.0.47&Prime; custom_padding=\u00a0\u00bb|||\u00a0\u00bb custom_padding__hover=\u00a0\u00bb|||\u00a0\u00bb][et_pb_cta title=\u00a0\u00bbPASSER \u00c0 L&rsquo;ACTION !\u00a0\u00bb button_url=\u00a0\u00bbhttps:\/\/bevaglobal.com\/nous-joindre\/?lang=fr\u00a0\u00bb button_text=\u00a0\u00bbCONTACTEZ-NOUS MAINTENANT\u00a0\u00bb _builder_version=\u00a0\u00bb3.16&Prime; header_level=\u00a0\u00bbh3&Prime; header_font=\u00a0\u00bb|700||on|||||\u00a0\u00bb header_text_align=\u00a0\u00bbcenter\u00a0\u00bb header_font_size=\u00a0\u00bb29&Prime; body_font_size=\u00a0\u00bb18&Prime; use_background_color=\u00a0\u00bboff\u00a0\u00bb button_text_size__hover_enabled=\u00a0\u00bboff\u00a0\u00bb button_one_text_size__hover_enabled=\u00a0\u00bboff\u00a0\u00bb button_two_text_size__hover_enabled=\u00a0\u00bboff\u00a0\u00bb button_text_color__hover_enabled=\u00a0\u00bboff\u00a0\u00bb button_one_text_color__hover_enabled=\u00a0\u00bboff\u00a0\u00bb button_two_text_color__hover_enabled=\u00a0\u00bboff\u00a0\u00bb button_border_width__hover_enabled=\u00a0\u00bboff\u00a0\u00bb button_one_border_width__hover_enabled=\u00a0\u00bboff\u00a0\u00bb button_two_border_width__hover_enabled=\u00a0\u00bboff\u00a0\u00bb button_border_color__hover_enabled=\u00a0\u00bboff\u00a0\u00bb button_one_border_color__hover_enabled=\u00a0\u00bboff\u00a0\u00bb button_two_border_color__hover_enabled=\u00a0\u00bboff\u00a0\u00bb button_border_radius__hover_enabled=\u00a0\u00bboff\u00a0\u00bb button_one_border_radius__hover_enabled=\u00a0\u00bboff\u00a0\u00bb button_two_border_radius__hover_enabled=\u00a0\u00bboff\u00a0\u00bb button_letter_spacing__hover_enabled=\u00a0\u00bboff\u00a0\u00bb button_one_letter_spacing__hover_enabled=\u00a0\u00bboff\u00a0\u00bb button_two_letter_spacing__hover_enabled=\u00a0\u00bboff\u00a0\u00bb button_bg_color__hover_enabled=\u00a0\u00bboff\u00a0\u00bb button_one_bg_color__hover_enabled=\u00a0\u00bboff\u00a0\u00bb button_two_bg_color__hover_enabled=\u00a0\u00bboff\u00a0\u00bb]<\/p>\n<p>Laissez-nous r\u00e9pondre \u00e0 vos questions et voir comment nous pouvons vous aider.<\/p>\n<p>[\/et_pb_cta][\/et_pb_column][\/et_pb_row][\/et_pb_section]<\/p>\n","protected":false},"excerpt":{"rendered":"<p>La v\u00e9rification en MANAGEMENT de projet Certaines organisations\u00a0ont adapt\u00e9\u00a0une m\u00e9thode\u00a0de gestion de projet,\u00a0mis en \u0153uvre\u00a0un\u00a0certain nombre de processus,\u00a0et utilisent\u00a0des outils\u00a0et pourtant\u00a0leurs projets\u00a0ne sont pas\u00a0livr\u00e9s\u00a0avec succ\u00e8s? Si\u00a0vous pouvez faire r\u00e9f\u00e9rence \u00e0\u00a0ce [&hellip;]<\/p>\n","protected":false},"author":3,"featured_media":0,"parent":0,"menu_order":0,"comment_status":"open","ping_status":"closed","template":"","meta":{"_et_pb_use_builder":"on","_et_pb_old_content":"<p>Some organizations have adapted a\u00a0project management methodology, implemented a few processes, and are using some tools\u00a0and yet their projects are not being delivered successfully?<\/p><p>If you can relate to this scenario, you may require a project management process expert to perform a project audit.\u00a0 This audit will identify the inefficiencies in your project management system that may be the root cause of unsuccessful projects.<\/p><p>Our people have many years of experience in managing projects as well as working with processes and tools. They\u00a0have the ability to make an assessment, perform a diagnostic and provide recommendations to enhance your current project management system.<\/p>","_et_gb_content_width":"","_price":"","_stock":"","_tribe_ticket_header":"","_tribe_default_ticket_provider":"","_ticket_start_date":"","_ticket_end_date":"","_tribe_ticket_show_description":"","_tribe_ticket_show_not_going":false,"_tribe_ticket_use_global_stock":"","_tribe_ticket_global_stock_level":"","_global_stock_mode":"","_global_stock_cap":"","_tribe_rsvp_for_event":"","_tribe_ticket_going_count":"","_tribe_ticket_not_going_count":"","_tribe_tickets_list":"[]","_tribe_ticket_has_attendee_info_fields":false,"footnotes":"","_tec_slr_enabled":"","_tec_slr_layout":""},"class_list":["post-5434","page","type-page","status-publish","hentry"],"yoast_head":"<!-- This site is optimized with the Yoast SEO plugin v27.1.1 - https:\/\/yoast.com\/product\/yoast-seo-wordpress\/ -->\n<title>La v\u00e9rification en gestion de projet - BEVA Global Management<\/title>\n<meta name=\"description\" content=\"La v\u00e9rification en gestion de projet | Contact us online\" \/>\n<meta name=\"robots\" content=\"index, follow, max-snippet:-1, max-image-preview:large, max-video-preview:-1\" \/>\n<link rel=\"canonical\" href=\"https:\/\/bevaglobal.com\/fr\/la-verification-en-gestion-de-projet\/\" \/>\n<script type=\"application\/ld+json\" class=\"yoast-schema-graph\">{\"@context\":\"https:\/\/schema.org\",\"@graph\":[{\"@type\":\"WebPage\",\"@id\":\"https:\/\/bevaglobal.com\/fr\/la-verification-en-gestion-de-projet\/\",\"url\":\"https:\/\/bevaglobal.com\/fr\/la-verification-en-gestion-de-projet\/\",\"name\":\"La v\u00e9rification en gestion de projet - BEVA Global Management\",\"isPartOf\":{\"@id\":\"https:\/\/bevaglobal.com\/#website\"},\"datePublished\":\"2018-06-05T11:53:45+00:00\",\"dateModified\":\"2022-10-20T15:27:24+00:00\",\"description\":\"La v\u00e9rification en gestion de projet | Contact us online\",\"breadcrumb\":{\"@id\":\"https:\/\/bevaglobal.com\/fr\/la-verification-en-gestion-de-projet\/#breadcrumb\"},\"inLanguage\":\"fr-FR\",\"potentialAction\":[{\"@type\":\"ReadAction\",\"target\":[\"https:\/\/bevaglobal.com\/fr\/la-verification-en-gestion-de-projet\/\"]}]},{\"@type\":\"BreadcrumbList\",\"@id\":\"https:\/\/bevaglobal.com\/fr\/la-verification-en-gestion-de-projet\/#breadcrumb\",\"itemListElement\":[{\"@type\":\"ListItem\",\"position\":1,\"name\":\"Home\",\"item\":\"https:\/\/bevaglobal.com\/\"},{\"@type\":\"ListItem\",\"position\":2,\"name\":\"La v\u00e9rification en gestion de projet\"}]},{\"@type\":\"WebSite\",\"@id\":\"https:\/\/bevaglobal.com\/#website\",\"url\":\"https:\/\/bevaglobal.com\/\",\"name\":\"BEVA Global Management\",\"description\":\"Your gateway to knowledge!\",\"publisher\":{\"@id\":\"https:\/\/bevaglobal.com\/#organization\"},\"potentialAction\":[{\"@type\":\"SearchAction\",\"target\":{\"@type\":\"EntryPoint\",\"urlTemplate\":\"https:\/\/bevaglobal.com\/?s={search_term_string}\"},\"query-input\":{\"@type\":\"PropertyValueSpecification\",\"valueRequired\":true,\"valueName\":\"search_term_string\"}}],\"inLanguage\":\"fr-FR\"},{\"@type\":\"Organization\",\"@id\":\"https:\/\/bevaglobal.com\/#organization\",\"name\":\"BEVA Global Management\",\"url\":\"https:\/\/bevaglobal.com\/\",\"logo\":{\"@type\":\"ImageObject\",\"inLanguage\":\"fr-FR\",\"@id\":\"https:\/\/bevaglobal.com\/#\/schema\/logo\/image\/\",\"url\":\"https:\/\/bevaglobal.com\/wp-content\/uploads\/2016\/11\/logo-slogan-eng-maj3.jpg\",\"contentUrl\":\"https:\/\/bevaglobal.com\/wp-content\/uploads\/2016\/11\/logo-slogan-eng-maj3.jpg\",\"width\":800,\"height\":290,\"caption\":\"BEVA Global Management\"},\"image\":{\"@id\":\"https:\/\/bevaglobal.com\/#\/schema\/logo\/image\/\"}}]}<\/script>\n<!-- \/ Yoast SEO plugin. -->","yoast_head_json":{"title":"La v\u00e9rification en gestion de projet - BEVA Global Management","description":"La v\u00e9rification en gestion de projet | Contact us online","robots":{"index":"index","follow":"follow","max-snippet":"max-snippet:-1","max-image-preview":"max-image-preview:large","max-video-preview":"max-video-preview:-1"},"canonical":"https:\/\/bevaglobal.com\/fr\/la-verification-en-gestion-de-projet\/","schema":{"@context":"https:\/\/schema.org","@graph":[{"@type":"WebPage","@id":"https:\/\/bevaglobal.com\/fr\/la-verification-en-gestion-de-projet\/","url":"https:\/\/bevaglobal.com\/fr\/la-verification-en-gestion-de-projet\/","name":"La v\u00e9rification en gestion de projet - BEVA Global Management","isPartOf":{"@id":"https:\/\/bevaglobal.com\/#website"},"datePublished":"2018-06-05T11:53:45+00:00","dateModified":"2022-10-20T15:27:24+00:00","description":"La v\u00e9rification en gestion de projet | Contact us online","breadcrumb":{"@id":"https:\/\/bevaglobal.com\/fr\/la-verification-en-gestion-de-projet\/#breadcrumb"},"inLanguage":"fr-FR","potentialAction":[{"@type":"ReadAction","target":["https:\/\/bevaglobal.com\/fr\/la-verification-en-gestion-de-projet\/"]}]},{"@type":"BreadcrumbList","@id":"https:\/\/bevaglobal.com\/fr\/la-verification-en-gestion-de-projet\/#breadcrumb","itemListElement":[{"@type":"ListItem","position":1,"name":"Home","item":"https:\/\/bevaglobal.com\/"},{"@type":"ListItem","position":2,"name":"La v\u00e9rification en gestion de projet"}]},{"@type":"WebSite","@id":"https:\/\/bevaglobal.com\/#website","url":"https:\/\/bevaglobal.com\/","name":"BEVA Global Management","description":"Your gateway to knowledge!","publisher":{"@id":"https:\/\/bevaglobal.com\/#organization"},"potentialAction":[{"@type":"SearchAction","target":{"@type":"EntryPoint","urlTemplate":"https:\/\/bevaglobal.com\/?s={search_term_string}"},"query-input":{"@type":"PropertyValueSpecification","valueRequired":true,"valueName":"search_term_string"}}],"inLanguage":"fr-FR"},{"@type":"Organization","@id":"https:\/\/bevaglobal.com\/#organization","name":"BEVA Global Management","url":"https:\/\/bevaglobal.com\/","logo":{"@type":"ImageObject","inLanguage":"fr-FR","@id":"https:\/\/bevaglobal.com\/#\/schema\/logo\/image\/","url":"https:\/\/bevaglobal.com\/wp-content\/uploads\/2016\/11\/logo-slogan-eng-maj3.jpg","contentUrl":"https:\/\/bevaglobal.com\/wp-content\/uploads\/2016\/11\/logo-slogan-eng-maj3.jpg","width":800,"height":290,"caption":"BEVA Global Management"},"image":{"@id":"https:\/\/bevaglobal.com\/#\/schema\/logo\/image\/"}}]}},"jetpack_sharing_enabled":true,"ticketed":false,"_links":{"self":[{"href":"https:\/\/bevaglobal.com\/fr\/wp-json\/wp\/v2\/pages\/5434","targetHints":{"allow":["GET"]}}],"collection":[{"href":"https:\/\/bevaglobal.com\/fr\/wp-json\/wp\/v2\/pages"}],"about":[{"href":"https:\/\/bevaglobal.com\/fr\/wp-json\/wp\/v2\/types\/page"}],"author":[{"embeddable":true,"href":"https:\/\/bevaglobal.com\/fr\/wp-json\/wp\/v2\/users\/3"}],"replies":[{"embeddable":true,"href":"https:\/\/bevaglobal.com\/fr\/wp-json\/wp\/v2\/comments?post=5434"}],"version-history":[{"count":8,"href":"https:\/\/bevaglobal.com\/fr\/wp-json\/wp\/v2\/pages\/5434\/revisions"}],"predecessor-version":[{"id":26253,"href":"https:\/\/bevaglobal.com\/fr\/wp-json\/wp\/v2\/pages\/5434\/revisions\/26253"}],"wp:attachment":[{"href":"https:\/\/bevaglobal.com\/fr\/wp-json\/wp\/v2\/media?parent=5434"}],"curies":[{"name":"wp","href":"https:\/\/api.w.org\/{rel}","templated":true}]}}