{"id":5439,"date":"2018-06-05T11:59:07","date_gmt":"2018-06-05T11:59:07","guid":{"rendered":"https:\/\/bevaglobal.com\/?page_id=5439"},"modified":"2022-10-20T15:19:06","modified_gmt":"2022-10-20T15:19:06","slug":"service-bureau-projet","status":"publish","type":"page","link":"https:\/\/bevaglobal.com\/fr\/service-bureau-projet\/","title":{"rendered":"Service de bureau de projet"},"content":{"rendered":"<p>[et_pb_section fb_built=\u00a0\u00bb1&Prime; _builder_version=\u00a0\u00bb4.16&Prime; background_image=\u00a0\u00bbhttps:\/\/bevaglobal.com\/wp-content\/uploads\/2018\/06\/abstract02-4.jpg\u00a0\u00bb global_colors_info=\u00a0\u00bb{}\u00a0\u00bb][et_pb_row _builder_version=\u00a0\u00bb4.16&Prime; background_size=\u00a0\u00bbinitial\u00a0\u00bb background_position=\u00a0\u00bbtop_left\u00a0\u00bb background_repeat=\u00a0\u00bbrepeat\u00a0\u00bb global_colors_info=\u00a0\u00bb{}\u00a0\u00bb][et_pb_column type=\u00a0\u00bb4_4&Prime; _builder_version=\u00a0\u00bb4.16&Prime; custom_padding=\u00a0\u00bb|||\u00a0\u00bb global_colors_info=\u00a0\u00bb{}\u00a0\u00bb custom_padding__hover=\u00a0\u00bb|||\u00a0\u00bb][et_pb_text admin_label=\u00a0\u00bbPage Title\u00a0\u00bb _builder_version=\u00a0\u00bb4.16&Prime; header_font=\u00a0\u00bb|600||on|||||\u00a0\u00bb header_text_align=\u00a0\u00bbleft\u00a0\u00bb header_text_color=\u00a0\u00bb#ffffff\u00a0\u00bb global_colors_info=\u00a0\u00bb{}\u00a0\u00bb]<\/p>\n<h1>Service de bureau de projet<\/h1>\n<p>[\/et_pb_text][\/et_pb_column][\/et_pb_row][\/et_pb_section][et_pb_section fb_built=\u00a0\u00bb1&Prime; _builder_version=\u00a0\u00bb4.16&Prime; global_colors_info=\u00a0\u00bb{}\u00a0\u00bb][et_pb_row _builder_version=\u00a0\u00bb4.16&Prime; background_size=\u00a0\u00bbinitial\u00a0\u00bb background_position=\u00a0\u00bbtop_left\u00a0\u00bb background_repeat=\u00a0\u00bbrepeat\u00a0\u00bb global_colors_info=\u00a0\u00bb{}\u00a0\u00bb][et_pb_column type=\u00a0\u00bb4_4&Prime; _builder_version=\u00a0\u00bb4.16&Prime; custom_padding=\u00a0\u00bb|||\u00a0\u00bb global_colors_info=\u00a0\u00bb{}\u00a0\u00bb custom_padding__hover=\u00a0\u00bb|||\u00a0\u00bb][et_pb_text _builder_version=\u00a0\u00bb4.16&Prime; global_colors_info=\u00a0\u00bb{}\u00a0\u00bb]<\/p>\n<h2 class=\"p1\"><span class=\"s1\">\u00cates-vous propri\u00e9taire d\u2019une entreprise, directeur ou g\u00e9rant d\u2019une organisation et posez-vous les questions suivantes?<\/span><\/h2>\n<ol>\n<li class=\"p2\"><span class=\"s1\">Est-ce que mon entreprise ou organisation a de la difficult\u00e9 \u00e0 g\u00e9rer plusieurs projets?<\/span><\/li>\n<li class=\"p2\"><span class=\"s1\">Est-ce le mandat de l\u2019organisation est de mettre sur pied et tenir un bureau de projet?<\/span><\/li>\n<li class=\"p2\"><span class=\"s1\">Comment puis-je \u00e9conomiser de l\u2019argent et transf\u00e9rer les \u00e9conomies dans les op\u00e9rations?<\/span><\/li>\n<li class=\"p2\"><span class=\"s1\">Avons-nous des comp\u00e9tences dans la gestion de projet?<\/span><\/li>\n<li class=\"p2\"><span class=\"s1\">Est-ce que mon entreprise ou organisation utilise les pratiques exemplaires de la gestion de projet?<\/span><\/li>\n<li class=\"p2\"><span class=\"s1\">Comment pouvons-nous r\u00e9agir rapidement au changement organisationnel dans un environnement qui \u00e9volue rapidement en mati\u00e8re de\u00a0 gestion de projet ?<\/span><\/li>\n<li class=\"p2\"><span class=\"s1\">Que ferais-je si mon principal employ\u00e9 en gestion de projet dit \u00ab\u00a0Je quitte\u00a0\u00bb?<\/span><\/li>\n<li class=\"p2\"><span class=\"s1\">Est-ce que j\u2019attends r\u00e9guli\u00e8rement des rapports qui ne devraient pas prendre plus d\u2019une journ\u00e9e pour \u00eatre produits?<\/span><\/li>\n<\/ol>\n<p>[\/et_pb_text][et_pb_text _builder_version=\u00a0\u00bb4.16&Prime; text_font=\u00a0\u00bb|600|||||||\u00a0\u00bb text_text_color=\u00a0\u00bb#2a5eaa\u00a0\u00bb text_font_size=\u00a0\u00bb18px\u00a0\u00bb header_2_text_color=\u00a0\u00bb#2a5eaa\u00a0\u00bb header_3_font=\u00a0\u00bb|600|||||||\u00a0\u00bb header_3_text_color=\u00a0\u00bb#2a5eaa\u00a0\u00bb header_3_line_height=\u00a0\u00bb1.2em\u00a0\u00bb background_color=\u00a0\u00bb#eeeeee\u00a0\u00bb custom_padding=\u00a0\u00bb30px|30px|30px|30px\u00a0\u00bb border_radii=\u00a0\u00bbon|20px|20px|20px|20px\u00a0\u00bb saved_tabs=\u00a0\u00bball\u00a0\u00bb global_colors_info=\u00a0\u00bb{}\u00a0\u00bb]<\/p>\n<h3 class=\"p1\"><span class=\"s1\">Confiez vos projets au bureau de projet de BEVA !<\/span><\/h3>\n<p class=\"p2\"><span class=\"s1\">Le bureau de projet de BEVA aide les entreprises et les organisations \u00e0 ma\u00eetriser leurs activit\u00e9s li\u00e9es \u00e0 la gestion de projet. <\/span><\/p>\n<p class=\"p2\"><span class=\"s1\">Le\u00a0<b>but<\/b>\u00a0du bureau de projet de BEVA est de s\u2019assurer que nos clients ont acc\u00e8s aux informations concernant le projet sans se soucier de la gestion de projet en soi.<\/span><\/p>\n<p class=\"p2\"><span class=\"s1\">Les\u00a0<b>ressources humaines<\/b>\u00a0du bureau de projet de BEVA sont des gens form\u00e9s et certifi\u00e9s en gestion de projet et ils sont soumis \u00e0 un code de d\u00e9ontologie.<\/span><\/p>\n<p class=\"p2\"><span class=\"s1\">Les\u00a0<b>processus<\/b>\u00a0du bureau de projet de BEVA sont align\u00e9s avec le Project Management Institute, la premi\u00e8re association professionnelle \u00e0 but non-lucratif des gestionnaires de projet, programmes et portefeuilles dans le monde.<\/span><\/p>\n<p class=\"p2\"><span class=\"s1\">La\u00a0<b>technologie<\/b>\u00a0du bureau de projet de BEVA comprend les derni\u00e8res applications de gestion de projet et peut \u00eatre mise sur pied en tant qu\u2019une entreprise, \u00eatre autonome ou mobile.<\/span><\/p>\n<p>[\/et_pb_text][\/et_pb_column][\/et_pb_row][\/et_pb_section][et_pb_section fb_built=\u00a0\u00bb1&Prime; _builder_version=\u00a0\u00bb3.20.1&Prime; background_color=\u00a0\u00bb#2a5eaa\u00a0\u00bb custom_padding=\u00a0\u00bb0|0px|54px|0px|false|false\u00a0\u00bb global_module=\u00a0\u00bb6475&Prime; global_colors_info=\u00a0\u00bb{}\u00a0\u00bb][et_pb_row module_class=\u00a0\u00bb et_pb_row_fullwidth et_pb_row_fullwidth et_pb_row_fullwidth et_pb_row_fullwidth\u00a0\u00bb _builder_version=\u00a0\u00bb4.18.0&Prime; width=\u00a0\u00bb89%\u00a0\u00bb width_tablet=\u00a0\u00bb80%\u00a0\u00bb width_phone=\u00a0\u00bb\u00a0\u00bb width_last_edited=\u00a0\u00bbon|desktop\u00a0\u00bb max_width=\u00a0\u00bb89%\u00a0\u00bb max_width_tablet=\u00a0\u00bb80%\u00a0\u00bb max_width_phone=\u00a0\u00bb\u00a0\u00bb max_width_last_edited=\u00a0\u00bbon|desktop\u00a0\u00bb module_alignment=\u00a0\u00bbcenter\u00a0\u00bb make_fullwidth=\u00a0\u00bbon\u00a0\u00bb global_colors_info=\u00a0\u00bb{}\u00a0\u00bb][et_pb_column type=\u00a0\u00bb4_4&Prime; _builder_version=\u00a0\u00bb4.16&Prime; custom_padding=\u00a0\u00bb|||\u00a0\u00bb global_colors_info=\u00a0\u00bb{}\u00a0\u00bb custom_padding__hover=\u00a0\u00bb|||\u00a0\u00bb][et_pb_cta title=\u00a0\u00bbPASSER \u00c0 L&rsquo;ACTION !\u00a0\u00bb button_url=\u00a0\u00bb\/fr\/nous-joindre\/\u00a0\u00bb button_text=\u00a0\u00bbCONTACTEZ-NOUS MAINTENANT\u00a0\u00bb _builder_version=\u00a0\u00bb4.18.0&Prime; header_level=\u00a0\u00bbh3&Prime; header_font=\u00a0\u00bb|700||on|||||\u00a0\u00bb header_text_align=\u00a0\u00bbcenter\u00a0\u00bb header_font_size=\u00a0\u00bb29&Prime; body_font_size=\u00a0\u00bb18&Prime; use_background_color=\u00a0\u00bboff\u00a0\u00bb global_colors_info=\u00a0\u00bb{}\u00a0\u00bb button_text_size__hover_enabled=\u00a0\u00bboff\u00a0\u00bb button_one_text_size__hover_enabled=\u00a0\u00bboff\u00a0\u00bb button_two_text_size__hover_enabled=\u00a0\u00bboff\u00a0\u00bb button_text_color__hover_enabled=\u00a0\u00bboff\u00a0\u00bb button_one_text_color__hover_enabled=\u00a0\u00bboff\u00a0\u00bb button_two_text_color__hover_enabled=\u00a0\u00bboff\u00a0\u00bb button_border_width__hover_enabled=\u00a0\u00bboff\u00a0\u00bb button_one_border_width__hover_enabled=\u00a0\u00bboff\u00a0\u00bb button_two_border_width__hover_enabled=\u00a0\u00bboff\u00a0\u00bb button_border_color__hover_enabled=\u00a0\u00bboff\u00a0\u00bb button_one_border_color__hover_enabled=\u00a0\u00bboff\u00a0\u00bb button_two_border_color__hover_enabled=\u00a0\u00bboff\u00a0\u00bb button_border_radius__hover_enabled=\u00a0\u00bboff\u00a0\u00bb button_one_border_radius__hover_enabled=\u00a0\u00bboff\u00a0\u00bb button_two_border_radius__hover_enabled=\u00a0\u00bboff\u00a0\u00bb button_letter_spacing__hover_enabled=\u00a0\u00bboff\u00a0\u00bb button_one_letter_spacing__hover_enabled=\u00a0\u00bboff\u00a0\u00bb button_two_letter_spacing__hover_enabled=\u00a0\u00bboff\u00a0\u00bb button_bg_color__hover_enabled=\u00a0\u00bboff\u00a0\u00bb button_one_bg_color__hover_enabled=\u00a0\u00bboff\u00a0\u00bb button_two_bg_color__hover_enabled=\u00a0\u00bboff\u00a0\u00bb]<\/p>\n<p>Laissez-nous r\u00e9pondre \u00e0 vos questions et voir comment nous pouvons vous aider.<\/p>\n<p>[\/et_pb_cta][\/et_pb_column][\/et_pb_row][\/et_pb_section]<\/p>\n","protected":false},"excerpt":{"rendered":"<p>Service de bureau de projet \u00cates-vous propri\u00e9taire d\u2019une entreprise, directeur ou g\u00e9rant d\u2019une organisation et posez-vous les questions suivantes? Est-ce que mon entreprise ou organisation a de la difficult\u00e9 \u00e0 [&hellip;]<\/p>\n","protected":false},"author":3,"featured_media":0,"parent":0,"menu_order":0,"comment_status":"open","ping_status":"open","template":"","meta":{"_et_pb_use_builder":"on","_et_pb_old_content":"<h2>AS A BUSINESS OWNER, DIRECTOR OR MANAGER OF AN ORGANIZATION ARE YOU ASKING YOURSELF THE FOLLOWING QUESTIONS:<\/h2>\r\n<ol>\r\n\t<li>Is my business or organization struggling in managing multiple projects?<\/li>\r\n\t<li>Is it my core business or organisation\u2019s mandate to set up and maintain a Project Management Office (PMO)?<\/li>\r\n\t<li>How can I save money and allocate the savings to operations?<\/li>\r\n\t<li>Do we have the competency in managing Projects?<\/li>\r\n\t<li>Is my business or organization using best practices in project management?<\/li>\r\n\t<li>How quickly can we respond to organizational change in a fast paced environment in regards to Project Management?<\/li>\r\n\t<li>What would I do if my lead project management employee says \u201cI \u2018m leaving\u201d?<\/li>\r\n\t<li>Am I steadily waiting for reports that should not take a day to produce?<\/li>\r\n<\/ol>\r\n<h3><b>ENTRUST YOUR PROJECTS TO BEVA PMO!!<\/b><\/h3>\r\nThe BEVA Project Management Office (PMO) assists businesses and organizations in the control of their project management activities. BEVA PMO\u2019s <strong>GOAL<\/strong> is to ensure that our clients have access to their project information without worrying about the project management itself.\r\n\r\nBEVA PMO\u2019s <strong>PEOPLE<\/strong> are trained and certified in project management and are subject to code of ethics.\r\n\r\nBEVA PMO\u2019s <strong>PROCESS <\/strong>is aligned with the Project Management Institute the world's leading not-for-profit professional membership association for the project, program and portfolio management profession.\r\n\r\nBEVA PMO\u2019s <strong>TECHNOLOGY<\/strong> includes the latest project management applications and can be set up as an enterprise, stand alone or mobile.\r\n\r\n<strong>If you are interested in our PMO services or want to know more about our PMO services and the benefits you will gain, contact us at:<\/strong>\r\n\r\n<b><\/b> <b><a href=\"mailto:info@bevaglobal.ca\">info@bevaglobal.ca<\/a><\/b> <b>\u00a0<\/b>\r\n<h2><\/h2>","_et_gb_content_width":"","_price":"","_stock":"","_tribe_ticket_header":"","_tribe_default_ticket_provider":"","_ticket_start_date":"","_ticket_end_date":"","_tribe_ticket_show_description":"","_tribe_ticket_show_not_going":false,"_tribe_ticket_use_global_stock":"","_tribe_ticket_global_stock_level":"","_global_stock_mode":"","_global_stock_cap":"","_tribe_rsvp_for_event":"","_tribe_ticket_going_count":"","_tribe_ticket_not_going_count":"","_tribe_tickets_list":"[]","_tribe_ticket_has_attendee_info_fields":false,"footnotes":"","_tec_slr_enabled":"","_tec_slr_layout":""},"class_list":["post-5439","page","type-page","status-publish","hentry"],"yoast_head":"<!-- This site is optimized with the Yoast SEO plugin v27.1.1 - https:\/\/yoast.com\/product\/yoast-seo-wordpress\/ -->\n<title>Service de bureau de projet - BEVA Global Management<\/title>\n<meta name=\"description\" content=\"Service de bureau de projet | Contact us online\" \/>\n<meta name=\"robots\" content=\"index, follow, max-snippet:-1, max-image-preview:large, max-video-preview:-1\" \/>\n<link rel=\"canonical\" href=\"https:\/\/bevaglobal.com\/fr\/service-bureau-projet\/\" \/>\n<script type=\"application\/ld+json\" class=\"yoast-schema-graph\">{\"@context\":\"https:\/\/schema.org\",\"@graph\":[{\"@type\":\"WebPage\",\"@id\":\"https:\/\/bevaglobal.com\/fr\/service-bureau-projet\/\",\"url\":\"https:\/\/bevaglobal.com\/fr\/service-bureau-projet\/\",\"name\":\"Service de bureau de projet - BEVA Global Management\",\"isPartOf\":{\"@id\":\"https:\/\/bevaglobal.com\/#website\"},\"datePublished\":\"2018-06-05T11:59:07+00:00\",\"dateModified\":\"2022-10-20T15:19:06+00:00\",\"description\":\"Service de bureau de projet | Contact us online\",\"breadcrumb\":{\"@id\":\"https:\/\/bevaglobal.com\/fr\/service-bureau-projet\/#breadcrumb\"},\"inLanguage\":\"fr-FR\",\"potentialAction\":[{\"@type\":\"ReadAction\",\"target\":[\"https:\/\/bevaglobal.com\/fr\/service-bureau-projet\/\"]}]},{\"@type\":\"BreadcrumbList\",\"@id\":\"https:\/\/bevaglobal.com\/fr\/service-bureau-projet\/#breadcrumb\",\"itemListElement\":[{\"@type\":\"ListItem\",\"position\":1,\"name\":\"Home\",\"item\":\"https:\/\/bevaglobal.com\/\"},{\"@type\":\"ListItem\",\"position\":2,\"name\":\"Service de bureau de projet\"}]},{\"@type\":\"WebSite\",\"@id\":\"https:\/\/bevaglobal.com\/#website\",\"url\":\"https:\/\/bevaglobal.com\/\",\"name\":\"BEVA Global Management\",\"description\":\"Your gateway to knowledge!\",\"publisher\":{\"@id\":\"https:\/\/bevaglobal.com\/#organization\"},\"potentialAction\":[{\"@type\":\"SearchAction\",\"target\":{\"@type\":\"EntryPoint\",\"urlTemplate\":\"https:\/\/bevaglobal.com\/?s={search_term_string}\"},\"query-input\":{\"@type\":\"PropertyValueSpecification\",\"valueRequired\":true,\"valueName\":\"search_term_string\"}}],\"inLanguage\":\"fr-FR\"},{\"@type\":\"Organization\",\"@id\":\"https:\/\/bevaglobal.com\/#organization\",\"name\":\"BEVA Global Management\",\"url\":\"https:\/\/bevaglobal.com\/\",\"logo\":{\"@type\":\"ImageObject\",\"inLanguage\":\"fr-FR\",\"@id\":\"https:\/\/bevaglobal.com\/#\/schema\/logo\/image\/\",\"url\":\"https:\/\/bevaglobal.com\/wp-content\/uploads\/2016\/11\/logo-slogan-eng-maj3.jpg\",\"contentUrl\":\"https:\/\/bevaglobal.com\/wp-content\/uploads\/2016\/11\/logo-slogan-eng-maj3.jpg\",\"width\":800,\"height\":290,\"caption\":\"BEVA Global Management\"},\"image\":{\"@id\":\"https:\/\/bevaglobal.com\/#\/schema\/logo\/image\/\"}}]}<\/script>\n<!-- \/ Yoast SEO plugin. -->","yoast_head_json":{"title":"Service de bureau de projet - BEVA Global Management","description":"Service de bureau de projet | Contact us online","robots":{"index":"index","follow":"follow","max-snippet":"max-snippet:-1","max-image-preview":"max-image-preview:large","max-video-preview":"max-video-preview:-1"},"canonical":"https:\/\/bevaglobal.com\/fr\/service-bureau-projet\/","schema":{"@context":"https:\/\/schema.org","@graph":[{"@type":"WebPage","@id":"https:\/\/bevaglobal.com\/fr\/service-bureau-projet\/","url":"https:\/\/bevaglobal.com\/fr\/service-bureau-projet\/","name":"Service de bureau de projet - BEVA Global Management","isPartOf":{"@id":"https:\/\/bevaglobal.com\/#website"},"datePublished":"2018-06-05T11:59:07+00:00","dateModified":"2022-10-20T15:19:06+00:00","description":"Service de bureau de projet | Contact us online","breadcrumb":{"@id":"https:\/\/bevaglobal.com\/fr\/service-bureau-projet\/#breadcrumb"},"inLanguage":"fr-FR","potentialAction":[{"@type":"ReadAction","target":["https:\/\/bevaglobal.com\/fr\/service-bureau-projet\/"]}]},{"@type":"BreadcrumbList","@id":"https:\/\/bevaglobal.com\/fr\/service-bureau-projet\/#breadcrumb","itemListElement":[{"@type":"ListItem","position":1,"name":"Home","item":"https:\/\/bevaglobal.com\/"},{"@type":"ListItem","position":2,"name":"Service de bureau de projet"}]},{"@type":"WebSite","@id":"https:\/\/bevaglobal.com\/#website","url":"https:\/\/bevaglobal.com\/","name":"BEVA Global Management","description":"Your gateway to knowledge!","publisher":{"@id":"https:\/\/bevaglobal.com\/#organization"},"potentialAction":[{"@type":"SearchAction","target":{"@type":"EntryPoint","urlTemplate":"https:\/\/bevaglobal.com\/?s={search_term_string}"},"query-input":{"@type":"PropertyValueSpecification","valueRequired":true,"valueName":"search_term_string"}}],"inLanguage":"fr-FR"},{"@type":"Organization","@id":"https:\/\/bevaglobal.com\/#organization","name":"BEVA Global Management","url":"https:\/\/bevaglobal.com\/","logo":{"@type":"ImageObject","inLanguage":"fr-FR","@id":"https:\/\/bevaglobal.com\/#\/schema\/logo\/image\/","url":"https:\/\/bevaglobal.com\/wp-content\/uploads\/2016\/11\/logo-slogan-eng-maj3.jpg","contentUrl":"https:\/\/bevaglobal.com\/wp-content\/uploads\/2016\/11\/logo-slogan-eng-maj3.jpg","width":800,"height":290,"caption":"BEVA Global Management"},"image":{"@id":"https:\/\/bevaglobal.com\/#\/schema\/logo\/image\/"}}]}},"jetpack_sharing_enabled":true,"ticketed":false,"_links":{"self":[{"href":"https:\/\/bevaglobal.com\/fr\/wp-json\/wp\/v2\/pages\/5439","targetHints":{"allow":["GET"]}}],"collection":[{"href":"https:\/\/bevaglobal.com\/fr\/wp-json\/wp\/v2\/pages"}],"about":[{"href":"https:\/\/bevaglobal.com\/fr\/wp-json\/wp\/v2\/types\/page"}],"author":[{"embeddable":true,"href":"https:\/\/bevaglobal.com\/fr\/wp-json\/wp\/v2\/users\/3"}],"replies":[{"embeddable":true,"href":"https:\/\/bevaglobal.com\/fr\/wp-json\/wp\/v2\/comments?post=5439"}],"version-history":[{"count":5,"href":"https:\/\/bevaglobal.com\/fr\/wp-json\/wp\/v2\/pages\/5439\/revisions"}],"predecessor-version":[{"id":26244,"href":"https:\/\/bevaglobal.com\/fr\/wp-json\/wp\/v2\/pages\/5439\/revisions\/26244"}],"wp:attachment":[{"href":"https:\/\/bevaglobal.com\/fr\/wp-json\/wp\/v2\/media?parent=5439"}],"curies":[{"name":"wp","href":"https:\/\/api.w.org\/{rel}","templated":true}]}}