{"id":5471,"date":"2018-06-05T12:23:31","date_gmt":"2018-06-05T12:23:31","guid":{"rendered":"https:\/\/bevaglobal.com\/?page_id=5471"},"modified":"2021-12-27T15:47:15","modified_gmt":"2021-12-27T15:47:15","slug":"itm-platform","status":"publish","type":"page","link":"https:\/\/bevaglobal.com\/fr\/itm-platform\/","title":{"rendered":"ITM Platform &#8211; Projets, programmes et portefeuille"},"content":{"rendered":"<p>[et_pb_section fb_built=\u00a0\u00bb1&Prime; _builder_version=\u00a0\u00bb3.22&Prime; background_image=\u00a0\u00bbhttps:\/\/bevaglobal.com\/wp-content\/uploads\/2018\/06\/abstract02-7.jpg\u00a0\u00bb][et_pb_row _builder_version=\u00a0\u00bb3.25&Prime; background_size=\u00a0\u00bbinitial\u00a0\u00bb background_position=\u00a0\u00bbtop_left\u00a0\u00bb background_repeat=\u00a0\u00bbrepeat\u00a0\u00bb][et_pb_column type=\u00a0\u00bb4_4&Prime; _builder_version=\u00a0\u00bb3.25&Prime; custom_padding=\u00a0\u00bb|||\u00a0\u00bb custom_padding__hover=\u00a0\u00bb|||\u00a0\u00bb][et_pb_text admin_label=\u00a0\u00bbPage Title\u00a0\u00bb _builder_version=\u00a0\u00bb3.27.4&Prime; header_font=\u00a0\u00bb|600||on|||||\u00a0\u00bb header_text_align=\u00a0\u00bbleft\u00a0\u00bb header_text_color=\u00a0\u00bb#ffffff\u00a0\u00bb]<\/p>\n<h1>ITM Platform &#8211; Projets, programmes et portefeuille<\/h1>\n<p>[\/et_pb_text][\/et_pb_column][\/et_pb_row][\/et_pb_section][et_pb_section fb_built=\u00a0\u00bb1&Prime; _builder_version=\u00a0\u00bb3.22&Prime; background_image=\u00a0\u00bbhttps:\/\/bevaglobal.com\/wp-content\/uploads\/2018\/06\/itm-platform-1.jpg\u00a0\u00bb][et_pb_row _builder_version=\u00a0\u00bb3.25&Prime; background_size=\u00a0\u00bbinitial\u00a0\u00bb background_position=\u00a0\u00bbtop_left\u00a0\u00bb background_repeat=\u00a0\u00bbrepeat\u00a0\u00bb][et_pb_column type=\u00a0\u00bb4_4&Prime; _builder_version=\u00a0\u00bb3.25&Prime; custom_padding=\u00a0\u00bb|||\u00a0\u00bb custom_padding__hover=\u00a0\u00bb|||\u00a0\u00bb][et_pb_text _builder_version=\u00a0\u00bb3.27.4&Prime; header_2_font=\u00a0\u00bb|600||on|||||\u00a0\u00bb header_2_text_align=\u00a0\u00bbcenter\u00a0\u00bb header_2_text_color=\u00a0\u00bb#ffffff\u00a0\u00bb custom_padding=\u00a0\u00bb150px||150px|\u00a0\u00bb]<\/p>\n<div>\n<h2 class=\"text-overlay\"><span style=\"color: #dcb242\">Logiciel de gestion de projet<\/span> sur le \u201ccloud\u201d<\/h2>\n<\/div>\n<p>[\/et_pb_text][\/et_pb_column][\/et_pb_row][\/et_pb_section][et_pb_section fb_built=\u00a0\u00bb1&Prime; _builder_version=\u00a0\u00bb3.22&Prime;][et_pb_row column_structure=\u00a0\u00bb1_3,1_3,1_3&Prime; _builder_version=\u00a0\u00bb3.25&Prime; background_size=\u00a0\u00bbinitial\u00a0\u00bb background_position=\u00a0\u00bbtop_left\u00a0\u00bb background_repeat=\u00a0\u00bbrepeat\u00a0\u00bb][et_pb_column type=\u00a0\u00bb1_3&Prime; _builder_version=\u00a0\u00bb3.25&Prime; custom_padding=\u00a0\u00bb|||\u00a0\u00bb custom_padding__hover=\u00a0\u00bb|||\u00a0\u00bb][et_pb_text _builder_version=\u00a0\u00bb3.27.4&Prime; header_3_font=\u00a0\u00bb|||on|||||\u00a0\u00bb header_3_text_align=\u00a0\u00bbcenter\u00a0\u00bb text_orientation=\u00a0\u00bbcenter\u00a0\u00bb hover_enabled=\u00a0\u00bb0&Prime;]<\/p>\n<h3>D\u00e9ploiement rapide<\/h3>\n<p>Votre environnement en gestion de projet sera op\u00e9rationnel en moins de 2 semaines, y compris la formation des utilisateurs et la migration des projets.<br \/>\n[\/et_pb_text][\/et_pb_column][et_pb_column type=\u00a0\u00bb1_3&Prime; _builder_version=\u00a0\u00bb3.25&Prime; custom_padding=\u00a0\u00bb|||\u00a0\u00bb custom_padding__hover=\u00a0\u00bb|||\u00a0\u00bb][et_pb_text _builder_version=\u00a0\u00bb3.27.4&Prime; header_3_font=\u00a0\u00bb|||on|||||\u00a0\u00bb header_3_text_align=\u00a0\u00bbcenter\u00a0\u00bb text_orientation=\u00a0\u00bbcenter\u00a0\u00bb]<\/p>\n<h3>Facile \u00e0 utiliser dans tous les d\u00e9partements<\/h3>\n<p>L\u2019exp\u00e9rience de l\u2019utilisateur est optimis\u00e9e pour l\u2019int\u00e9gration de projets les plus ambitieux: les co\u00fbts, les t\u00e2ches, les ressources, la communication, les revenus, les risques et encore plus.<br \/>\n[\/et_pb_text][\/et_pb_column][et_pb_column type=\u00a0\u00bb1_3&Prime; _builder_version=\u00a0\u00bb3.25&Prime; custom_padding=\u00a0\u00bb|||\u00a0\u00bb custom_padding__hover=\u00a0\u00bb|||\u00a0\u00bb][et_pb_text _builder_version=\u00a0\u00bb3.27.4&Prime; header_3_font=\u00a0\u00bb|||on|||||\u00a0\u00bb header_3_text_align=\u00a0\u00bbcenter\u00a0\u00bb text_orientation=\u00a0\u00bbcenter\u00a0\u00bb]<\/p>\n<h3>Aligner des projets avec vos objectifs<\/h3>\n<p>Connectez vos projets avec les objectifs commerciaux de votre entreprise et prenez des d\u00e9cisions \u00e9clair\u00e9es qui maximisent la performance et la productivit\u00e9.<br \/>\n[\/et_pb_text][\/et_pb_column][\/et_pb_row][\/et_pb_section][et_pb_section fb_built=\u00a0\u00bb1&Prime; _builder_version=\u00a0\u00bb3.22&Prime; background_color=\u00a0\u00bb#eeeeee\u00a0\u00bb min_height=\u00a0\u00bb286px\u00a0\u00bb custom_margin=\u00a0\u00bb-36px|||||\u00a0\u00bb custom_padding=\u00a0\u00bb27px|||||\u00a0\u00bb][et_pb_row _builder_version=\u00a0\u00bb3.25&Prime; background_size=\u00a0\u00bbinitial\u00a0\u00bb background_position=\u00a0\u00bbtop_left\u00a0\u00bb background_repeat=\u00a0\u00bbrepeat\u00a0\u00bb custom_padding=\u00a0\u00bb1px|||||\u00a0\u00bb][et_pb_column type=\u00a0\u00bb4_4&Prime; _builder_version=\u00a0\u00bb3.25&Prime; custom_padding=\u00a0\u00bb|||\u00a0\u00bb custom_padding__hover=\u00a0\u00bb|||\u00a0\u00bb][et_pb_code]<\/p>\n<div class=\"ITM-iframe\"><!-- [et_pb_line_break_holder] --> <\/p>\n<h3 style=\"text-align: center; color:#17335c;\">Commencer votre <span style=\"color: #fd9b0b;\">essai gratuit<\/span><\/h3>\n<p><!-- [et_pb_line_break_holder] --> <pee style=\"text-align: center;\"><iframe src=\"\/\/store.itmplatform.com\/RegisterTrialUserEmail_V1.aspx?sid=44e2c5ff-83b3-46bd-9f56-bbfcb79fa436&#038;ph=2&#038;accountsource=Beva\" width=\"250px\" height=\"125\" frameborder=\"0\" scrolling=\"no\" kwframeid=\"1\"><\/iframe><\/pee><!-- [et_pb_line_break_holder] --><\/div>\n<p>[\/et_pb_code][\/et_pb_column][\/et_pb_row][\/et_pb_section][et_pb_section fb_built=\u00a0\u00bb1&Prime; _builder_version=\u00a0\u00bb3.22&Prime; custom_margin=\u00a0\u00bb-66px|||||\u00a0\u00bb][et_pb_row column_structure=\u00a0\u00bb1_3,1_3,1_3&Prime; make_equal=\u00a0\u00bbon\u00a0\u00bb _builder_version=\u00a0\u00bb3.25&Prime; module_alignment=\u00a0\u00bbcenter\u00a0\u00bb custom_margin=\u00a0\u00bb-22px|auto||auto||\u00a0\u00bb][et_pb_column type=\u00a0\u00bb1_3&Prime; _builder_version=\u00a0\u00bb3.25&Prime; custom_padding=\u00a0\u00bb|||\u00a0\u00bb custom_padding__hover=\u00a0\u00bb|||\u00a0\u00bb][\/et_pb_column][et_pb_column type=\u00a0\u00bb1_3&Prime; _builder_version=\u00a0\u00bb3.25&Prime; custom_padding=\u00a0\u00bb|||\u00a0\u00bb custom_padding__hover=\u00a0\u00bb|||\u00a0\u00bb][\/et_pb_column][et_pb_column type=\u00a0\u00bb1_3&Prime; _builder_version=\u00a0\u00bb3.25&Prime; custom_padding=\u00a0\u00bb|||\u00a0\u00bb custom_padding__hover=\u00a0\u00bb|||\u00a0\u00bb][\/et_pb_column][\/et_pb_row][et_pb_row _builder_version=\u00a0\u00bb4.4.5&Prime; column_structure=\u00a0\u00bb1_4,1_4,1_4,1_4&Prime;][et_pb_column _builder_version=\u00a0\u00bb4.4.5&Prime; type=\u00a0\u00bb1_4&Prime;][\/et_pb_column][et_pb_column _builder_version=\u00a0\u00bb4.4.5&Prime; type=\u00a0\u00bb1_4&Prime;][et_pb_image src=\u00a0\u00bbhttps:\/\/www.itmplatform.com\/lib\/uploads\/capterra.png\u00a0\u00bb align=\u00a0\u00bbcenter\u00a0\u00bb align_tablet=\u00a0\u00bbcenter\u00a0\u00bb align_phone=\u00a0\u00bb\u00a0\u00bb align_last_edited=\u00a0\u00bbon|desktop\u00a0\u00bb _builder_version=\u00a0\u00bb3.23&Prime;][\/et_pb_image][\/et_pb_column][et_pb_column _builder_version=\u00a0\u00bb4.4.5&Prime; type=\u00a0\u00bb1_4&Prime;][et_pb_image src=\u00a0\u00bbhttps:\/\/bevaglobal.com\/wp-content\/uploads\/2020\/07\/GetApp-Logo-1.jpg\u00a0\u00bb title_text=\u00a0\u00bbGetApp Logo\u00a0\u00bb align=\u00a0\u00bbcenter\u00a0\u00bb align_tablet=\u00a0\u00bbcenter\u00a0\u00bb align_phone=\u00a0\u00bb\u00a0\u00bb align_last_edited=\u00a0\u00bbon|desktop\u00a0\u00bb _builder_version=\u00a0\u00bb4.4.5&Prime; max_width=\u00a0\u00bb158px\u00a0\u00bb][\/et_pb_image][\/et_pb_column][et_pb_column _builder_version=\u00a0\u00bb4.4.5&Prime; type=\u00a0\u00bb1_4&Prime;][\/et_pb_column][\/et_pb_row][\/et_pb_section][et_pb_section fb_built=\u00a0\u00bb1&Prime; _builder_version=\u00a0\u00bb3.22&Prime; custom_margin=\u00a0\u00bb-40px||-44px|||\u00a0\u00bb][et_pb_row _builder_version=\u00a0\u00bb3.25&Prime; background_size=\u00a0\u00bbinitial\u00a0\u00bb background_position=\u00a0\u00bbtop_left\u00a0\u00bb background_repeat=\u00a0\u00bbrepeat\u00a0\u00bb][et_pb_column type=\u00a0\u00bb4_4&Prime; _builder_version=\u00a0\u00bb3.25&Prime; custom_padding=\u00a0\u00bb|||\u00a0\u00bb custom_padding__hover=\u00a0\u00bb|||\u00a0\u00bb][et_pb_text _builder_version=\u00a0\u00bb4.4.5&Prime;]<\/p>\n<h2 style=\"text-align: center;\">Voici quelques-unes des fonctionnalit\u00e9s qui vous aideront dans la gestion de projet.<\/h2>\n<p>[\/et_pb_text][\/et_pb_column][\/et_pb_row][\/et_pb_section][et_pb_section fb_built=\u00a0\u00bb1&Prime; _builder_version=\u00a0\u00bb3.22&Prime; custom_margin=\u00a0\u00bb-40px||-44px|||\u00a0\u00bb][et_pb_row column_structure=\u00a0\u00bb1_2,1_2&Prime; _builder_version=\u00a0\u00bb3.25&Prime; background_size=\u00a0\u00bbinitial\u00a0\u00bb background_position=\u00a0\u00bbtop_left\u00a0\u00bb background_repeat=\u00a0\u00bbrepeat\u00a0\u00bb][et_pb_column type=\u00a0\u00bb1_2&Prime; _builder_version=\u00a0\u00bb3.25&Prime; custom_padding=\u00a0\u00bb|||\u00a0\u00bb custom_padding__hover=\u00a0\u00bb|||\u00a0\u00bb][et_pb_blurb title=\u00a0\u00bbPortefeuille et programme\u00a0\u00bb image=\u00a0\u00bbhttps:\/\/www.itmplatform.com\/lib\/uploads\/portfolio.jpg\u00a0\u00bb icon_placement=\u00a0\u00bbleft\u00a0\u00bb _builder_version=\u00a0\u00bb4.4.5&Prime; custom_padding=\u00a0\u00bb1px|||||\u00a0\u00bb]G\u00e9rez l&rsquo;ensemble de votre portefeuille dans une solution compl\u00e8te. Structurez vos projets au sein de programmes d&rsquo;entreprise. Fixez-vous des objectifs et \u00e9valuez les r\u00e9sultats.[\/et_pb_blurb][et_pb_blurb title=\u00a0\u00bbAligner les strat\u00e9gies sur l&rsquo;ex\u00e9cution\u00a0\u00bb image=\u00a0\u00bbhttps:\/\/bevaglobal.com\/wp-content\/uploads\/2020\/07\/Strategies-Logo.jpg\u00a0\u00bb icon_placement=\u00a0\u00bbleft\u00a0\u00bb _builder_version=\u00a0\u00bb4.4.5&Prime;]Prenez des d\u00e9cisions de projet en fonction des priorit\u00e9s commerciales et des donn\u00e9es en temps r\u00e9el.[\/et_pb_blurb][et_pb_blurb title=\u00a0\u00bbInt\u00e9gration et Interfaces\u00a0\u00bb image=\u00a0\u00bbhttps:\/\/bevaglobal.com\/wp-content\/uploads\/2020\/07\/Integration.jpg\u00a0\u00bb icon_placement=\u00a0\u00bbleft\u00a0\u00bb _builder_version=\u00a0\u00bb4.4.5&Prime;]ITM Platform coexiste avec votre logiciel actuel. Signalez les efforts de Slack, importez vos diagrammes de Gantt de MS Project ou connectez ITM Platform \u00e0 vos syst\u00e8mes existants \u00e0 l&rsquo;aide de notre interface pour les d\u00e9veloppeurs.[\/et_pb_blurb][\/et_pb_column][et_pb_column type=\u00a0\u00bb1_2&Prime; _builder_version=\u00a0\u00bb3.25&Prime; custom_padding=\u00a0\u00bb|||\u00a0\u00bb custom_padding__hover=\u00a0\u00bb|||\u00a0\u00bb][et_pb_blurb title=\u00a0\u00bbProjets classiques et agiles\u00a0\u00bb image=\u00a0\u00bbhttps:\/\/www.itmplatform.com\/lib\/uploads\/Classic-and-agile.jpg\u00a0\u00bb icon_placement=\u00a0\u00bbleft\u00a0\u00bb _builder_version=\u00a0\u00bb4.4.5&Prime;]G\u00e9rez vos projets en mode pr\u00e9dictif \u00e0 l&rsquo;aide de notre diagramme de Gantt ou en mode agile avec des tableaux Kanban.[\/et_pb_blurb][et_pb_blurb title=\u00a0\u00bbGestion des ressources\u00a0\u00bb image=\u00a0\u00bbhttps:\/\/bevaglobal.com\/wp-content\/uploads\/2020\/07\/Resources.jpg\u00a0\u00bb icon_placement=\u00a0\u00bbleft\u00a0\u00bb _builder_version=\u00a0\u00bb4.4.5&Prime;]G\u00e9rez vos projets en mode pr\u00e9dictif \u00e0 l&rsquo;aide de notre diagramme de Gantt ou en mode agile avec des tableaux Kanban.[\/et_pb_blurb][\/et_pb_column][\/et_pb_row][\/et_pb_section][et_pb_section fb_built=\u00a0\u00bb1&Prime; _builder_version=\u00a0\u00bb3.20.1&Prime; background_color=\u00a0\u00bb#2a5eaa\u00a0\u00bb custom_padding=\u00a0\u00bb0|0px|54px|0px|false|false\u00a0\u00bb global_module=\u00a0\u00bb6475&Prime;][et_pb_row module_class=\u00a0\u00bb et_pb_row_fullwidth et_pb_row_fullwidth et_pb_row_fullwidth et_pb_row_fullwidth\u00a0\u00bb _builder_version=\u00a0\u00bb3.25&Prime; width=\u00a0\u00bb89%\u00a0\u00bb width_tablet=\u00a0\u00bb80%\u00a0\u00bb width_phone=\u00a0\u00bb\u00a0\u00bb width_last_edited=\u00a0\u00bbon|desktop\u00a0\u00bb max_width=\u00a0\u00bb89%\u00a0\u00bb max_width_tablet=\u00a0\u00bb80%\u00a0\u00bb max_width_phone=\u00a0\u00bb\u00a0\u00bb max_width_last_edited=\u00a0\u00bbon|desktop\u00a0\u00bb module_alignment=\u00a0\u00bbcenter\u00a0\u00bb make_fullwidth=\u00a0\u00bbon\u00a0\u00bb][et_pb_column type=\u00a0\u00bb4_4&Prime; _builder_version=\u00a0\u00bb3.0.47&Prime; custom_padding=\u00a0\u00bb|||\u00a0\u00bb custom_padding__hover=\u00a0\u00bb|||\u00a0\u00bb][et_pb_cta title=\u00a0\u00bbPASSER \u00c0 L&rsquo;ACTION !\u00a0\u00bb button_url=\u00a0\u00bbhttps:\/\/bevaglobal.com\/nous-joindre\/?lang=fr\u00a0\u00bb button_text=\u00a0\u00bbCONTACTEZ-NOUS MAINTENANT\u00a0\u00bb _builder_version=\u00a0\u00bb3.16&Prime; header_level=\u00a0\u00bbh3&Prime; header_font=\u00a0\u00bb|700||on|||||\u00a0\u00bb header_text_align=\u00a0\u00bbcenter\u00a0\u00bb header_font_size=\u00a0\u00bb29&Prime; body_font_size=\u00a0\u00bb18&Prime; use_background_color=\u00a0\u00bboff\u00a0\u00bb button_text_size__hover_enabled=\u00a0\u00bboff\u00a0\u00bb button_one_text_size__hover_enabled=\u00a0\u00bboff\u00a0\u00bb button_two_text_size__hover_enabled=\u00a0\u00bboff\u00a0\u00bb button_text_color__hover_enabled=\u00a0\u00bboff\u00a0\u00bb button_one_text_color__hover_enabled=\u00a0\u00bboff\u00a0\u00bb button_two_text_color__hover_enabled=\u00a0\u00bboff\u00a0\u00bb button_border_width__hover_enabled=\u00a0\u00bboff\u00a0\u00bb button_one_border_width__hover_enabled=\u00a0\u00bboff\u00a0\u00bb button_two_border_width__hover_enabled=\u00a0\u00bboff\u00a0\u00bb button_border_color__hover_enabled=\u00a0\u00bboff\u00a0\u00bb button_one_border_color__hover_enabled=\u00a0\u00bboff\u00a0\u00bb button_two_border_color__hover_enabled=\u00a0\u00bboff\u00a0\u00bb button_border_radius__hover_enabled=\u00a0\u00bboff\u00a0\u00bb button_one_border_radius__hover_enabled=\u00a0\u00bboff\u00a0\u00bb button_two_border_radius__hover_enabled=\u00a0\u00bboff\u00a0\u00bb button_letter_spacing__hover_enabled=\u00a0\u00bboff\u00a0\u00bb button_one_letter_spacing__hover_enabled=\u00a0\u00bboff\u00a0\u00bb button_two_letter_spacing__hover_enabled=\u00a0\u00bboff\u00a0\u00bb button_bg_color__hover_enabled=\u00a0\u00bboff\u00a0\u00bb button_one_bg_color__hover_enabled=\u00a0\u00bboff\u00a0\u00bb button_two_bg_color__hover_enabled=\u00a0\u00bboff\u00a0\u00bb]<\/p>\n<p>Laissez-nous r\u00e9pondre \u00e0 vos questions et voir comment nous pouvons vous aider.<\/p>\n<p>[\/et_pb_cta][\/et_pb_column][\/et_pb_row][\/et_pb_section]<\/p>\n","protected":false},"excerpt":{"rendered":"<p>ITM Platform &#8211; Projets, programmes et portefeuille Logiciel de gestion de projet sur le \u201ccloud\u201d D\u00e9ploiement rapide Votre environnement en gestion de projet sera op\u00e9rationnel en moins de 2 semaines, [&hellip;]<\/p>\n","protected":false},"author":3,"featured_media":0,"parent":0,"menu_order":0,"comment_status":"closed","ping_status":"closed","template":"","meta":{"_et_pb_use_builder":"on","_et_pb_old_content":"","_et_gb_content_width":"","_price":"","_stock":"","_tribe_ticket_header":"","_tribe_default_ticket_provider":"","_ticket_start_date":"","_ticket_end_date":"","_tribe_ticket_show_description":"","_tribe_ticket_show_not_going":false,"_tribe_ticket_use_global_stock":"","_tribe_ticket_global_stock_level":"","_global_stock_mode":"","_global_stock_cap":"","_tribe_rsvp_for_event":"","_tribe_ticket_going_count":"","_tribe_ticket_not_going_count":"","_tribe_tickets_list":"[]","_tribe_ticket_has_attendee_info_fields":false,"footnotes":"","_tec_slr_enabled":"","_tec_slr_layout":""},"class_list":["post-5471","page","type-page","status-publish","hentry"],"yoast_head":"<!-- This site is optimized with the Yoast SEO plugin v27.1.1 - https:\/\/yoast.com\/product\/yoast-seo-wordpress\/ -->\n<title>ITM Platform - Projets, programmes et portefeuille - BEVA Global Management<\/title>\n<meta name=\"description\" content=\"ITM Platform - Projets, programmes et portefeuille | Contact us online\" \/>\n<meta name=\"robots\" content=\"index, follow, max-snippet:-1, max-image-preview:large, max-video-preview:-1\" \/>\n<link rel=\"canonical\" href=\"https:\/\/bevaglobal.com\/itm-platform\/?lang=fr\" \/>\n<script type=\"application\/ld+json\" class=\"yoast-schema-graph\">{\"@context\":\"https:\/\/schema.org\",\"@graph\":[{\"@type\":\"WebPage\",\"@id\":\"https:\/\/bevaglobal.com\/itm-platform\/?lang=fr\",\"url\":\"https:\/\/bevaglobal.com\/itm-platform\/?lang=fr\",\"name\":\"ITM Platform - Projets, programmes et portefeuille - BEVA Global Management\",\"isPartOf\":{\"@id\":\"https:\/\/bevaglobal.com\/#website\"},\"datePublished\":\"2018-06-05T12:23:31+00:00\",\"dateModified\":\"2021-12-27T15:47:15+00:00\",\"description\":\"ITM Platform - Projets, programmes et portefeuille | Contact us online\",\"breadcrumb\":{\"@id\":\"https:\/\/bevaglobal.com\/itm-platform\/?lang=fr#breadcrumb\"},\"inLanguage\":\"fr-FR\",\"potentialAction\":[{\"@type\":\"ReadAction\",\"target\":[\"https:\/\/bevaglobal.com\/itm-platform\/?lang=fr\"]}]},{\"@type\":\"BreadcrumbList\",\"@id\":\"https:\/\/bevaglobal.com\/itm-platform\/?lang=fr#breadcrumb\",\"itemListElement\":[{\"@type\":\"ListItem\",\"position\":1,\"name\":\"Home\",\"item\":\"https:\/\/bevaglobal.com\/\"},{\"@type\":\"ListItem\",\"position\":2,\"name\":\"ITM Platform &#8211; Projets, programmes et portefeuille\"}]},{\"@type\":\"WebSite\",\"@id\":\"https:\/\/bevaglobal.com\/#website\",\"url\":\"https:\/\/bevaglobal.com\/\",\"name\":\"BEVA Global Management\",\"description\":\"Your gateway to knowledge!\",\"publisher\":{\"@id\":\"https:\/\/bevaglobal.com\/#organization\"},\"potentialAction\":[{\"@type\":\"SearchAction\",\"target\":{\"@type\":\"EntryPoint\",\"urlTemplate\":\"https:\/\/bevaglobal.com\/?s={search_term_string}\"},\"query-input\":{\"@type\":\"PropertyValueSpecification\",\"valueRequired\":true,\"valueName\":\"search_term_string\"}}],\"inLanguage\":\"fr-FR\"},{\"@type\":\"Organization\",\"@id\":\"https:\/\/bevaglobal.com\/#organization\",\"name\":\"BEVA Global Management\",\"url\":\"https:\/\/bevaglobal.com\/\",\"logo\":{\"@type\":\"ImageObject\",\"inLanguage\":\"fr-FR\",\"@id\":\"https:\/\/bevaglobal.com\/#\/schema\/logo\/image\/\",\"url\":\"https:\/\/bevaglobal.com\/wp-content\/uploads\/2016\/11\/logo-slogan-eng-maj3.jpg\",\"contentUrl\":\"https:\/\/bevaglobal.com\/wp-content\/uploads\/2016\/11\/logo-slogan-eng-maj3.jpg\",\"width\":800,\"height\":290,\"caption\":\"BEVA Global Management\"},\"image\":{\"@id\":\"https:\/\/bevaglobal.com\/#\/schema\/logo\/image\/\"}}]}<\/script>\n<!-- \/ Yoast SEO plugin. -->","yoast_head_json":{"title":"ITM Platform - Projets, programmes et portefeuille - BEVA Global Management","description":"ITM Platform - Projets, programmes et portefeuille | Contact us online","robots":{"index":"index","follow":"follow","max-snippet":"max-snippet:-1","max-image-preview":"max-image-preview:large","max-video-preview":"max-video-preview:-1"},"canonical":"https:\/\/bevaglobal.com\/itm-platform\/?lang=fr","schema":{"@context":"https:\/\/schema.org","@graph":[{"@type":"WebPage","@id":"https:\/\/bevaglobal.com\/itm-platform\/?lang=fr","url":"https:\/\/bevaglobal.com\/itm-platform\/?lang=fr","name":"ITM Platform - Projets, programmes et portefeuille - BEVA Global Management","isPartOf":{"@id":"https:\/\/bevaglobal.com\/#website"},"datePublished":"2018-06-05T12:23:31+00:00","dateModified":"2021-12-27T15:47:15+00:00","description":"ITM Platform - Projets, programmes et portefeuille | Contact us online","breadcrumb":{"@id":"https:\/\/bevaglobal.com\/itm-platform\/?lang=fr#breadcrumb"},"inLanguage":"fr-FR","potentialAction":[{"@type":"ReadAction","target":["https:\/\/bevaglobal.com\/itm-platform\/?lang=fr"]}]},{"@type":"BreadcrumbList","@id":"https:\/\/bevaglobal.com\/itm-platform\/?lang=fr#breadcrumb","itemListElement":[{"@type":"ListItem","position":1,"name":"Home","item":"https:\/\/bevaglobal.com\/"},{"@type":"ListItem","position":2,"name":"ITM Platform &#8211; Projets, programmes et portefeuille"}]},{"@type":"WebSite","@id":"https:\/\/bevaglobal.com\/#website","url":"https:\/\/bevaglobal.com\/","name":"BEVA Global Management","description":"Your gateway to knowledge!","publisher":{"@id":"https:\/\/bevaglobal.com\/#organization"},"potentialAction":[{"@type":"SearchAction","target":{"@type":"EntryPoint","urlTemplate":"https:\/\/bevaglobal.com\/?s={search_term_string}"},"query-input":{"@type":"PropertyValueSpecification","valueRequired":true,"valueName":"search_term_string"}}],"inLanguage":"fr-FR"},{"@type":"Organization","@id":"https:\/\/bevaglobal.com\/#organization","name":"BEVA Global Management","url":"https:\/\/bevaglobal.com\/","logo":{"@type":"ImageObject","inLanguage":"fr-FR","@id":"https:\/\/bevaglobal.com\/#\/schema\/logo\/image\/","url":"https:\/\/bevaglobal.com\/wp-content\/uploads\/2016\/11\/logo-slogan-eng-maj3.jpg","contentUrl":"https:\/\/bevaglobal.com\/wp-content\/uploads\/2016\/11\/logo-slogan-eng-maj3.jpg","width":800,"height":290,"caption":"BEVA Global Management"},"image":{"@id":"https:\/\/bevaglobal.com\/#\/schema\/logo\/image\/"}}]}},"jetpack_sharing_enabled":true,"ticketed":false,"_links":{"self":[{"href":"https:\/\/bevaglobal.com\/fr\/wp-json\/wp\/v2\/pages\/5471","targetHints":{"allow":["GET"]}}],"collection":[{"href":"https:\/\/bevaglobal.com\/fr\/wp-json\/wp\/v2\/pages"}],"about":[{"href":"https:\/\/bevaglobal.com\/fr\/wp-json\/wp\/v2\/types\/page"}],"author":[{"embeddable":true,"href":"https:\/\/bevaglobal.com\/fr\/wp-json\/wp\/v2\/users\/3"}],"replies":[{"embeddable":true,"href":"https:\/\/bevaglobal.com\/fr\/wp-json\/wp\/v2\/comments?post=5471"}],"version-history":[{"count":20,"href":"https:\/\/bevaglobal.com\/fr\/wp-json\/wp\/v2\/pages\/5471\/revisions"}],"predecessor-version":[{"id":18135,"href":"https:\/\/bevaglobal.com\/fr\/wp-json\/wp\/v2\/pages\/5471\/revisions\/18135"}],"wp:attachment":[{"href":"https:\/\/bevaglobal.com\/fr\/wp-json\/wp\/v2\/media?parent=5471"}],"curies":[{"name":"wp","href":"https:\/\/api.w.org\/{rel}","templated":true}]}}