{"id":5541,"date":"2018-06-06T06:49:05","date_gmt":"2018-06-06T06:49:05","guid":{"rendered":"https:\/\/bevaglobal.com\/?page_id=5541"},"modified":"2025-12-30T06:27:00","modified_gmt":"2025-12-30T11:27:00","slug":"certificat-en-gestion-de-projet-subvention-disponible","status":"publish","type":"page","link":"https:\/\/bevaglobal.com\/fr\/certificat-en-gestion-de-projet-subvention-disponible\/","title":{"rendered":"Certificat en gestion de projet &#8211; subvention disponible"},"content":{"rendered":"<p style=\"text-align: center;\">La formation intensive pour obtenir un <em>Certificat en gestion de projet<\/em> de <strong>La Cit\u00e9 coll\u00e9giale<\/strong> et la pr\u00e9paration aux examens <strong>CAPM<\/strong> et<strong> PMP<\/strong> du<strong> PMI<\/strong> est <strong>\u00e9ligible<\/strong> pour la <strong>Subvention Canada-Ontario pour l\u2019emploi<\/strong><\/p>\n<p><strong>La Subvention Canada-Ontario pour l\u2019emploi (SCOE) \u2013 g\u00e9n\u00e9ralit\u00e9s<\/strong><\/p>\n<p>La SCOE fournit un <strong>soutien financier direct<\/strong> aux employeurs qui souhaitent se pr\u00e9valoir <strong>de cours de formation pour leur main-d\u2019\u0153uvre<\/strong>. Dans le cadre de ce programme de subvention, les employeurs choisissent les personnes qui devraient suivre la formation, ainsi que la formation qui satisfait leurs besoins en mati\u00e8re de perfectionnement de la main-d\u2019\u0153uvre.<\/p>\n<p><strong>Bref<\/strong><strong> :<\/strong><\/p>\n<ul>\n<li>La SCOE financera, en moyenne deux tiers (2\/3) des co\u00fbts de formation admissibles d\u2019un travailleur, jusqu\u2019\u00e0 10 000 $.<\/li>\n<li>Les co\u00fbts de formation admissibles comprennent les frais de scolarit\u00e9, les frais accessoires, les manuels et le mat\u00e9riel.<\/li>\n<li>Les employeurs individuels suivants peuvent pr\u00e9senter une demande :\n<ul>\n<li>du secteur priv\u00e9;<\/li>\n<li>du secteur sans but lucratif;<\/li>\n<li>les conseils de bandes des Premi\u00e8res Nations; et<\/li>\n<li>les organisations qui agissent pour le compte d\u2019employeurs (y compris <em>les centres de formation des syndicats, les associations professionnelles, les coordonnateurs de formation et les consortiums d\u2019employeur<\/em>).<\/li>\n<\/ul>\n<\/li>\n<\/ul>\n<p>(Pour <strong>des renseignements suppl\u00e9mentaires<\/strong> concernant la SCOE veuillez consulter le document de BEVA intitul\u00e9 <strong><em>Subvention Canada-Ontario pour l\u2019emploi &#8211; une subvention pour former vos employ\u00e9s<\/em><\/strong> ou visitez le <strong>site Web du Minist\u00e8re de l\u2019\u00c9ducation<\/strong> de l\u2019Ontario : <a href=\"http:\/\/www.tcu.gov.on.ca\/fre\/eopg\/cojg\/cojg_faq.html\">https:\/\/www.tcu.gov.on.ca\/fre\/eopg\/cojg\/cojg_faq.html<\/a>.)<\/p>\n<p style=\"text-align: center;\"><strong>La formation pour obtenir un certificat en gestion de projet de La Cit\u00e9 coll\u00e9giale y compris la pr\u00e9paration aux examens CAPM<\/strong><strong> et PMP<\/strong><strong> du Project Management Institute (PMI<\/strong><strong>.)<\/strong><\/p>\n<p><strong>Description de la formation<\/strong><\/p>\n<p>Vous g\u00e9rez des projets dans le cadre de vos fonctions ou vous cherchez une avenue nouvelle \u00e0 votre carri\u00e8re ? Devenez gestionnaire de projet!<\/p>\n<p>Ce certificat s&rsquo;adresse \u00e0 des personnes int\u00e9ress\u00e9es \u00e0 parfaire leur formation, \u00e0 acc\u00e9der \u00e0 de nouvelles fonctions ou \u00e0 envisager un changement de carri\u00e8re. Les enqu\u00eates d\u00e9montrent qu\u2019au cours des 6<\/p>\n<p>prochaines ann\u00e9es il y aura une demande croissante pour des gestionnaires de projets dans le monde. Sans compter les gestionnaires qui quittent pour leur retraite (estim\u00e9 actuellement \u00e0 40%), plus de 11 millions de nouveaux postes seront cr\u00e9\u00e9s au cours de cette p\u00e9riode.<\/p>\n<p>Le certificat vous permettra d&rsquo;acqu\u00e9rir les connaissances de l&rsquo;environnement de gestion de projet afin de pouvoir g\u00e9rer toutes les \u00e9tapes de projets simples ou complexes et d&rsquo;envergures vari\u00e9es. Les formateurs sont des gestionnaires de projets d\u2019exp\u00e9riences qui vous pr\u00e9pareront \u00e0 prendre en charge un projet d\u00e8s la fin de vos \u00e9tudes.<\/p>\n<p>Cette formation de <em>27 jours<\/em> (<strong>24 jours pour la certification et gestion de projets<\/strong> et <strong>3 jours pour la pr\u00e9paration aux examens CAPM et PMP<\/strong>) aura lieu chaque vendredi, samedi et dimanche pour une p\u00e9riode de neuf (9) semaines, soient du 25 septembre 2015 au 22 novembre 2015.<\/p>\n<p><strong>Frais<\/strong><\/p>\n<p>Le <strong>co\u00fbt<\/strong> de la formation est <strong>4942,60 $<\/strong> toutes taxes incluses.<\/p>\n<p>Le co\u00fbt comprend les frais suivants :<\/p>\n<ul>\n<li>Le frais de la formation pour le certificat en gestion de projet de La Cit\u00e9 coll\u00e9giale<\/li>\n<li>Le frais des manuels et des mat\u00e9riaux<\/li>\n<li>La formation \u00e0 la pr\u00e9paration aux examens CAPM et PMP du PMI<\/li>\n<li>L\u2019adh\u00e9sion comme membre du PMI pour un an<\/li>\n<li>Un bon pour l\u2019examen CAPM ou PMP du PMI<\/li>\n<\/ul>\n<p><strong>Comment faire demande pour la SCOE ?<\/strong><\/p>\n<p><strong>Remplir et soumettre votre formulaire de demande \u00e0 SCOE<\/strong><\/p>\n<p>Pour remplir et soumettre votre formulaire de demande \u00e0 SCOE, veuillez communiquer avec Johanne Fredette-Meloche, prospectrice d\u2019emploi pour Emploi Ontario :<\/p>\n<p><em>Johanne Fredette-Meloche<\/em><\/p>\n<p><a href=\"mailto:jmeloc@lacitec.on.ca\">jmeloc@lacitec.on.ca<\/a><\/p>\n<p>613 741-9042, poste 4011<\/p>\n<p><strong>Le d\u00e9lai de l\u2019\u00e9valuation <\/strong><\/p>\n<p>Les employeurs recevront <em>un accus\u00e9 de r\u00e9ception<\/em> de leur demande dans les <em>24 heures<\/em> qui suivront la soumission.<\/p>\n<p>Les demandes sont examin\u00e9es r\u00e9guli\u00e8rement et les employeurs sont inform\u00e9s d\u00e8s qu\u2019une d\u00e9cision est prise. La dur\u00e9e du processus de demande varie selon le nombre de demandes re\u00e7ues par le m\u00eame bureau du minist\u00e8re ou fournisseur de services.<\/p>\n<p><strong>Comment s\u2019inscrire pour le certificat en gestion de projet de La Cit\u00e9 coll\u00e9giale <\/strong><\/p>\n<p>Une fois que vous avez re\u00e7u votre r\u00e9ponse de la SCOE vous pouvez vous inscrire \u00e0 la formation en communiquant directement avec La Cit\u00e9 coll\u00e9giale :<\/p>\n<p><a href=\"https:\/\/www.collegelacite.ca\/formationcontinue\/info.htm\">formationcontinue@lacitec.on.ca<\/a><strong><br \/>\n<\/strong><strong>613 742-2483 poste 2371<\/strong><\/p>\n<p>Pour toutes informations suppl\u00e9mentaires concernant la formation en gestion de projet, veuillez communiquer aupr\u00e8s de Richard Bett :<\/p>\n<p>Richard Bett<\/p>\n<p><strong>Conseiller en formation<\/strong><\/p>\n<p><strong>BEVA Global Management Inc. (BEVA)<\/strong><\/p>\n<p>613 693-1250, poste 252<\/p>\n<p><a href=\"mailto:Richard.bett@bevaglobal.ca\">Richard.Bett@bevaglobal.ca<\/a><\/p>\n<p><a href=\"https:\/\/www.bevaglobal.ca\">www.bevaglobal.ca<\/a><!--:--><!--:fr--><\/p>\n<p style=\"text-align: center;\">La formation intensive pour obtenir un <em>Certificat en gestion de projet<\/em> de <strong>La Cit\u00e9 coll\u00e9giale<\/strong> et la pr\u00e9paration aux examens <strong>CAPM<\/strong> et<strong> PMP<\/strong> du<strong> PMI<\/strong> est <strong>\u00e9ligible<\/strong> pour la <strong>Subvention Canada-Ontario pour l\u2019emploi<\/strong><\/p>\n<p><strong>La Subvention Canada-Ontario pour l\u2019emploi (SCOE) \u2013 g\u00e9n\u00e9ralit\u00e9s<\/strong><\/p>\n<p>La SCOE fournit un <strong>soutien financier direct<\/strong> aux employeurs qui souhaitent se pr\u00e9valoir <strong>de cours de formation pour leur main-d\u2019\u0153uvre<\/strong>. Dans le cadre de ce programme de subvention, les employeurs choisissent les personnes qui devraient suivre la formation, ainsi que la formation qui satisfait leurs besoins en mati\u00e8re de perfectionnement de la main-d\u2019\u0153uvre.<\/p>\n<p><strong>Bref<\/strong><strong> :<\/strong><\/p>\n<ul>\n<li>La SCOE financera, en moyenne deux tiers (2\/3) des co\u00fbts de formation admissibles d\u2019un travailleur, jusqu\u2019\u00e0 10 000 $.<\/li>\n<li>Les co\u00fbts de formation admissibles comprennent les frais de scolarit\u00e9, les frais accessoires, les manuels et le mat\u00e9riel.<\/li>\n<li>Les employeurs individuels suivants peuvent pr\u00e9senter une demande :\n<ul>\n<li>du secteur priv\u00e9;<\/li>\n<li>du secteur sans but lucratif;<\/li>\n<li>les conseils de bandes des Premi\u00e8res Nations; et<\/li>\n<li>les organisations qui agissent pour le compte d\u2019employeurs (y compris <em>les centres de formation des syndicats, les associations professionnelles, les coordonnateurs de formation et les consortiums d\u2019employeur<\/em>).<\/li>\n<\/ul>\n<\/li>\n<\/ul>\n<p>(Pour <strong>des renseignements suppl\u00e9mentaires<\/strong> concernant la SCOE veuillez consulter le document de BEVA intitul\u00e9 <strong><em>Subvention Canada-Ontario pour l\u2019emploi &#8211; une subvention pour former vos employ\u00e9s<\/em><\/strong> ou visitez le <strong>site Web du Minist\u00e8re de l\u2019\u00c9ducation<\/strong> de l\u2019Ontario : <a href=\"https:\/\/www.tcu.gov.on.ca\/fre\/eopg\/cojg\/cojg_faq.html\">https:\/\/www.tcu.gov.on.ca\/fre\/eopg\/cojg\/cojg_faq.html<\/a>.)<\/p>\n<p style=\"text-align: center;\"><strong>La formation pour obtenir un certificat en gestion de projet de La Cit\u00e9 coll\u00e9giale y compris la pr\u00e9paration aux examens CAPM<\/strong><strong> et PMP<\/strong><strong> du Project Management Institute (PMI<\/strong><strong>.)<\/strong><\/p>\n<p><strong>Description de la formation<\/strong><\/p>\n<p>Vous g\u00e9rez des projets dans le cadre de vos fonctions ou vous cherchez une avenue nouvelle \u00e0 votre carri\u00e8re ? Devenez gestionnaire de projet!<\/p>\n<p>Ce certificat s&rsquo;adresse \u00e0 des personnes int\u00e9ress\u00e9es \u00e0 parfaire leur formation, \u00e0 acc\u00e9der \u00e0 de nouvelles fonctions ou \u00e0 envisager un changement de carri\u00e8re. Les enqu\u00eates d\u00e9montrent qu\u2019au cours des 6<\/p>\n<p>prochaines ann\u00e9es il y aura une demande croissante pour des gestionnaires de projets dans le monde. Sans compter les gestionnaires qui quittent pour leur retraite (estim\u00e9 actuellement \u00e0 40%), plus de 11 millions de nouveaux postes seront cr\u00e9\u00e9s au cours de cette p\u00e9riode.<\/p>\n<p>Le certificat vous permettra d&rsquo;acqu\u00e9rir les connaissances de l&rsquo;environnement de gestion de projet afin de pouvoir g\u00e9rer toutes les \u00e9tapes de projets simples ou complexes et d&rsquo;envergures vari\u00e9es. Les formateurs sont des gestionnaires de projets d\u2019exp\u00e9riences qui vous pr\u00e9pareront \u00e0 prendre en charge un projet d\u00e8s la fin de vos \u00e9tudes.<\/p>\n<p>Cette formation de <em>27 jours<\/em> (<strong>24 jours pour la certification et gestion de projets<\/strong> et <strong>3 jours pour la pr\u00e9paration aux examens CAPM et PMP<\/strong>) aura lieu chaque vendredi, samedi et dimanche pour une p\u00e9riode de neuf (9) semaines, soient du 25 septembre 2015 au 22 novembre 2015.<\/p>\n<p><strong>Frais<\/strong><\/p>\n<p>Le <strong>co\u00fbt<\/strong> de la formation est <strong>4942,60 $<\/strong> toutes taxes incluses.<\/p>\n<p>Le co\u00fbt comprend les frais suivants :<\/p>\n<ul>\n<li>Le frais de la formation pour le certificat en gestion de projet de La Cit\u00e9 coll\u00e9giale<\/li>\n<li>Le frais des manuels et des mat\u00e9riaux<\/li>\n<li>La formation \u00e0 la pr\u00e9paration aux examens CAPM et PMP du PMI<\/li>\n<li>L\u2019adh\u00e9sion comme membre du PMI pour un an<\/li>\n<li>Un bon pour l\u2019examen CAPM ou PMP du PMI<\/li>\n<\/ul>\n<p><strong>Comment faire demande pour la SCOE ?<\/strong><\/p>\n<p><strong>Remplir et soumettre votre formulaire de demande \u00e0 SCOE<\/strong><\/p>\n<p>Pour remplir et soumettre votre formulaire de demande \u00e0 SCOE, veuillez communiquer avec Johanne Fredette-Meloche, prospectrice d\u2019emploi pour Emploi Ontario :<\/p>\n<p><em>Johanne Fredette-Meloche<\/em><\/p>\n<p><a href=\"mailto:jmeloc@lacitec.on.ca\">jmeloc@lacitec.on.ca<\/a><\/p>\n<p>613 741-9042, poste 4011<\/p>\n<p><strong>Le d\u00e9lai de l\u2019\u00e9valuation <\/strong><\/p>\n<p>Les employeurs recevront <em>un accus\u00e9 de r\u00e9ception<\/em> de leur demande dans les <em>24 heures<\/em> qui suivront la soumission.<\/p>\n<p>Les demandes sont examin\u00e9es r\u00e9guli\u00e8rement et les employeurs sont inform\u00e9s d\u00e8s qu\u2019une d\u00e9cision est prise. La dur\u00e9e du processus de demande varie selon le nombre de demandes re\u00e7ues par le m\u00eame bureau du minist\u00e8re ou fournisseur de services.<\/p>\n<p><strong>Comment s\u2019inscrire pour le certificat en gestion de projet de La Cit\u00e9 coll\u00e9giale <\/strong><\/p>\n<p>Une fois que vous avez re\u00e7u votre r\u00e9ponse de la SCOE vous pouvez vous inscrire \u00e0 la formation en communiquant directement avec La Cit\u00e9 coll\u00e9giale :<\/p>\n<p><a href=\"https:\/\/www.collegelacite.ca\/formationcontinue\/info.htm\">formationcontinue@lacitec.on.ca<\/a><strong><br \/>\n<\/strong><strong>613 742-2483 poste 2371<\/strong><\/p>\n<p>Pour toutes informations suppl\u00e9mentaires concernant la formation en gestion de projet, veuillez communiquer aupr\u00e8s de Richard Bett :<\/p>\n<p>Richard Bett<\/p>\n<p><strong>Conseiller en formation<\/strong><\/p>\n<p><strong>BEVA Global Management inc. (BEVA)<\/strong><\/p>\n<p>613 693-1250, poste 252<\/p>\n<p><a href=\"mailto:Richard.Bett@bevaglobal.ca\">Richard.Bett@bevaglobal.ca<\/a><\/p>\n<p><a href=\"https:\/\/www.bevaglobal.ca\">www.bevaglobal.ca<\/a><!--:--><\/p>\n","protected":false},"excerpt":{"rendered":"<p>La formation intensive pour obtenir un Certificat en gestion de projet de La Cit\u00e9 coll\u00e9giale et la pr\u00e9paration aux examens CAPM et PMP du PMI est \u00e9ligible pour la Subvention [&hellip;]<\/p>\n","protected":false},"author":3,"featured_media":0,"parent":0,"menu_order":0,"comment_status":"open","ping_status":"closed","template":"","meta":{"_et_pb_use_builder":"","_et_pb_old_content":"","_et_gb_content_width":"","_price":"","_stock":"","_tribe_ticket_header":"","_tribe_default_ticket_provider":"TEC\\Tickets\\Commerce\\Module","_ticket_start_date":"","_ticket_end_date":"","_tribe_ticket_show_description":"","_tribe_ticket_show_not_going":false,"_tribe_ticket_use_global_stock":"","_tribe_ticket_global_stock_level":"","_global_stock_mode":"","_global_stock_cap":"","_tribe_rsvp_for_event":"","_tribe_ticket_going_count":"","_tribe_ticket_not_going_count":"","_tribe_tickets_list":"[]","_tribe_ticket_has_attendee_info_fields":false,"footnotes":"","_tec_slr_enabled":"","_tec_slr_layout":""},"class_list":["post-5541","page","type-page","status-publish","hentry"],"yoast_head":"<!-- This site is optimized with the Yoast SEO plugin v27.1.1 - https:\/\/yoast.com\/product\/yoast-seo-wordpress\/ -->\n<title>Certificat en gestion de projet - subvention disponible - BEVA Global Management<\/title>\n<meta name=\"description\" content=\"Certificat en gestion de projet - subvention disponible | Contact us online\" \/>\n<meta name=\"robots\" content=\"index, follow, max-snippet:-1, max-image-preview:large, max-video-preview:-1\" \/>\n<link rel=\"canonical\" href=\"https:\/\/bevaglobal.com\/fr\/certificat-en-gestion-de-projet-subvention-disponible\/\" \/>\n<script type=\"application\/ld+json\" class=\"yoast-schema-graph\">{\"@context\":\"https:\/\/schema.org\",\"@graph\":[{\"@type\":\"WebPage\",\"@id\":\"https:\/\/bevaglobal.com\/fr\/certificat-en-gestion-de-projet-subvention-disponible\/\",\"url\":\"https:\/\/bevaglobal.com\/fr\/certificat-en-gestion-de-projet-subvention-disponible\/\",\"name\":\"Certificat en gestion de projet - subvention disponible - BEVA Global Management\",\"isPartOf\":{\"@id\":\"https:\/\/bevaglobal.com\/#website\"},\"datePublished\":\"2018-06-06T06:49:05+00:00\",\"dateModified\":\"2025-12-30T11:27:00+00:00\",\"description\":\"Certificat en gestion de projet - subvention disponible | Contact us online\",\"breadcrumb\":{\"@id\":\"https:\/\/bevaglobal.com\/fr\/certificat-en-gestion-de-projet-subvention-disponible\/#breadcrumb\"},\"inLanguage\":\"fr-FR\",\"potentialAction\":[{\"@type\":\"ReadAction\",\"target\":[\"https:\/\/bevaglobal.com\/fr\/certificat-en-gestion-de-projet-subvention-disponible\/\"]}]},{\"@type\":\"BreadcrumbList\",\"@id\":\"https:\/\/bevaglobal.com\/fr\/certificat-en-gestion-de-projet-subvention-disponible\/#breadcrumb\",\"itemListElement\":[{\"@type\":\"ListItem\",\"position\":1,\"name\":\"Home\",\"item\":\"https:\/\/bevaglobal.com\/\"},{\"@type\":\"ListItem\",\"position\":2,\"name\":\"Certificat en gestion de projet &#8211; subvention disponible\"}]},{\"@type\":\"WebSite\",\"@id\":\"https:\/\/bevaglobal.com\/#website\",\"url\":\"https:\/\/bevaglobal.com\/\",\"name\":\"BEVA Global Management\",\"description\":\"Your gateway to knowledge!\",\"publisher\":{\"@id\":\"https:\/\/bevaglobal.com\/#organization\"},\"potentialAction\":[{\"@type\":\"SearchAction\",\"target\":{\"@type\":\"EntryPoint\",\"urlTemplate\":\"https:\/\/bevaglobal.com\/?s={search_term_string}\"},\"query-input\":{\"@type\":\"PropertyValueSpecification\",\"valueRequired\":true,\"valueName\":\"search_term_string\"}}],\"inLanguage\":\"fr-FR\"},{\"@type\":\"Organization\",\"@id\":\"https:\/\/bevaglobal.com\/#organization\",\"name\":\"BEVA Global Management\",\"url\":\"https:\/\/bevaglobal.com\/\",\"logo\":{\"@type\":\"ImageObject\",\"inLanguage\":\"fr-FR\",\"@id\":\"https:\/\/bevaglobal.com\/#\/schema\/logo\/image\/\",\"url\":\"https:\/\/bevaglobal.com\/wp-content\/uploads\/2016\/11\/logo-slogan-eng-maj3.jpg\",\"contentUrl\":\"https:\/\/bevaglobal.com\/wp-content\/uploads\/2016\/11\/logo-slogan-eng-maj3.jpg\",\"width\":800,\"height\":290,\"caption\":\"BEVA Global Management\"},\"image\":{\"@id\":\"https:\/\/bevaglobal.com\/#\/schema\/logo\/image\/\"}}]}<\/script>\n<!-- \/ Yoast SEO plugin. -->","yoast_head_json":{"title":"Certificat en gestion de projet - subvention disponible - BEVA Global Management","description":"Certificat en gestion de projet - subvention disponible | Contact us online","robots":{"index":"index","follow":"follow","max-snippet":"max-snippet:-1","max-image-preview":"max-image-preview:large","max-video-preview":"max-video-preview:-1"},"canonical":"https:\/\/bevaglobal.com\/fr\/certificat-en-gestion-de-projet-subvention-disponible\/","schema":{"@context":"https:\/\/schema.org","@graph":[{"@type":"WebPage","@id":"https:\/\/bevaglobal.com\/fr\/certificat-en-gestion-de-projet-subvention-disponible\/","url":"https:\/\/bevaglobal.com\/fr\/certificat-en-gestion-de-projet-subvention-disponible\/","name":"Certificat en gestion de projet - subvention disponible - BEVA Global Management","isPartOf":{"@id":"https:\/\/bevaglobal.com\/#website"},"datePublished":"2018-06-06T06:49:05+00:00","dateModified":"2025-12-30T11:27:00+00:00","description":"Certificat en gestion de projet - subvention disponible | Contact us online","breadcrumb":{"@id":"https:\/\/bevaglobal.com\/fr\/certificat-en-gestion-de-projet-subvention-disponible\/#breadcrumb"},"inLanguage":"fr-FR","potentialAction":[{"@type":"ReadAction","target":["https:\/\/bevaglobal.com\/fr\/certificat-en-gestion-de-projet-subvention-disponible\/"]}]},{"@type":"BreadcrumbList","@id":"https:\/\/bevaglobal.com\/fr\/certificat-en-gestion-de-projet-subvention-disponible\/#breadcrumb","itemListElement":[{"@type":"ListItem","position":1,"name":"Home","item":"https:\/\/bevaglobal.com\/"},{"@type":"ListItem","position":2,"name":"Certificat en gestion de projet &#8211; subvention disponible"}]},{"@type":"WebSite","@id":"https:\/\/bevaglobal.com\/#website","url":"https:\/\/bevaglobal.com\/","name":"BEVA Global Management","description":"Your gateway to knowledge!","publisher":{"@id":"https:\/\/bevaglobal.com\/#organization"},"potentialAction":[{"@type":"SearchAction","target":{"@type":"EntryPoint","urlTemplate":"https:\/\/bevaglobal.com\/?s={search_term_string}"},"query-input":{"@type":"PropertyValueSpecification","valueRequired":true,"valueName":"search_term_string"}}],"inLanguage":"fr-FR"},{"@type":"Organization","@id":"https:\/\/bevaglobal.com\/#organization","name":"BEVA Global Management","url":"https:\/\/bevaglobal.com\/","logo":{"@type":"ImageObject","inLanguage":"fr-FR","@id":"https:\/\/bevaglobal.com\/#\/schema\/logo\/image\/","url":"https:\/\/bevaglobal.com\/wp-content\/uploads\/2016\/11\/logo-slogan-eng-maj3.jpg","contentUrl":"https:\/\/bevaglobal.com\/wp-content\/uploads\/2016\/11\/logo-slogan-eng-maj3.jpg","width":800,"height":290,"caption":"BEVA Global Management"},"image":{"@id":"https:\/\/bevaglobal.com\/#\/schema\/logo\/image\/"}}]}},"jetpack_sharing_enabled":true,"ticketed":false,"_links":{"self":[{"href":"https:\/\/bevaglobal.com\/fr\/wp-json\/wp\/v2\/pages\/5541","targetHints":{"allow":["GET"]}}],"collection":[{"href":"https:\/\/bevaglobal.com\/fr\/wp-json\/wp\/v2\/pages"}],"about":[{"href":"https:\/\/bevaglobal.com\/fr\/wp-json\/wp\/v2\/types\/page"}],"author":[{"embeddable":true,"href":"https:\/\/bevaglobal.com\/fr\/wp-json\/wp\/v2\/users\/3"}],"replies":[{"embeddable":true,"href":"https:\/\/bevaglobal.com\/fr\/wp-json\/wp\/v2\/comments?post=5541"}],"version-history":[{"count":7,"href":"https:\/\/bevaglobal.com\/fr\/wp-json\/wp\/v2\/pages\/5541\/revisions"}],"predecessor-version":[{"id":38775,"href":"https:\/\/bevaglobal.com\/fr\/wp-json\/wp\/v2\/pages\/5541\/revisions\/38775"}],"wp:attachment":[{"href":"https:\/\/bevaglobal.com\/fr\/wp-json\/wp\/v2\/media?parent=5541"}],"curies":[{"name":"wp","href":"https:\/\/api.w.org\/{rel}","templated":true}]}}