{"id":5582,"date":"2018-06-06T07:17:04","date_gmt":"2018-06-06T07:17:04","guid":{"rendered":"https:\/\/bevaglobal.com\/?page_id=5582"},"modified":"2022-10-21T08:14:16","modified_gmt":"2022-10-21T08:14:16","slug":"developpement-professionnel-formation","status":"publish","type":"page","link":"https:\/\/bevaglobal.com\/fr\/developpement-professionnel-formation\/","title":{"rendered":"D\u00e9veloppement professionnel &#8211; formation"},"content":{"rendered":"<p>BEVA offre des cours dans diff\u00e9rentes disciplines en fran\u00e7ais et en anglais ainsi que des cours personnalis\u00e9s pour r\u00e9pondre \u00e0 vos besoins de formation uniques. Vous pouvez compter sur nous pour la conception, les tests, l\u2019impression et la livraison du mat\u00e9riel de cours. Nos associ\u00e9s ont de nombreuses ann\u00e9es d\u2019exp\u00e9rience en enseignement pratique et sont certifi\u00e9s et pr\u00eats \u00e0 travailler avec vous.<\/p>\n<p><strong>M\u00e9thodes de formation<\/strong><\/p>\n<p>BEVA offre diff\u00e9rentes m\u00e9thodes de prestation pour satisfaire vos exigences en mati\u00e8re de formation:<\/p>\n<p>\u2022 Sur place \u2022 virtuelle \u2022 en classe<\/p>\n<p><strong>BEVA offre de la formation dans les disciplines suivantes:<\/strong><\/p>\n<p>\u2022 Gestion des communications \u2022 Gestion G\u00e9n\u00e9ral \u2022 Ressources humaines \u2022 Leadership \u2022 Planification de la retraite humaines \u2022Gestion de projet<\/p>\n<p>Pour de plus amples informations sur nos cours, contactez-nous au:<br \/>\n<a title=\"BEVA Formation\" href=\"mailto:training-formation@bevaglobal.com\">training-formation@bevaglobal.com<\/a><\/p>\n","protected":false},"excerpt":{"rendered":"<p>BEVA offre des cours dans diff\u00e9rentes disciplines en fran\u00e7ais et en anglais ainsi que des cours personnalis\u00e9s pour r\u00e9pondre \u00e0 vos besoins de formation uniques. Vous pouvez compter sur nous [&hellip;]<\/p>\n","protected":false},"author":3,"featured_media":0,"parent":0,"menu_order":0,"comment_status":"open","ping_status":"open","template":"","meta":{"_et_pb_use_builder":"","_et_pb_old_content":"","_et_gb_content_width":"","_price":"","_stock":"","_tribe_ticket_header":"","_tribe_default_ticket_provider":"","_ticket_start_date":"","_ticket_end_date":"","_tribe_ticket_show_description":"","_tribe_ticket_show_not_going":false,"_tribe_ticket_use_global_stock":"","_tribe_ticket_global_stock_level":"","_global_stock_mode":"","_global_stock_cap":"","_tribe_rsvp_for_event":"","_tribe_ticket_going_count":"","_tribe_ticket_not_going_count":"","_tribe_tickets_list":"[]","_tribe_ticket_has_attendee_info_fields":false,"footnotes":"","_tec_slr_enabled":"","_tec_slr_layout":""},"class_list":["post-5582","page","type-page","status-publish","hentry"],"yoast_head":"<!-- This site is optimized with the Yoast SEO plugin v27.1.1 - https:\/\/yoast.com\/product\/yoast-seo-wordpress\/ -->\n<title>D\u00e9veloppement professionnel - formation - BEVA Global Management<\/title>\n<meta name=\"description\" content=\"D\u00e9veloppement professionnel - formation | Contact us online\" \/>\n<meta name=\"robots\" content=\"index, follow, max-snippet:-1, max-image-preview:large, max-video-preview:-1\" \/>\n<link rel=\"canonical\" href=\"https:\/\/bevaglobal.com\/fr\/developpement-professionnel-formation\/\" \/>\n<script type=\"application\/ld+json\" class=\"yoast-schema-graph\">{\"@context\":\"https:\/\/schema.org\",\"@graph\":[{\"@type\":\"WebPage\",\"@id\":\"https:\/\/bevaglobal.com\/fr\/developpement-professionnel-formation\/\",\"url\":\"https:\/\/bevaglobal.com\/fr\/developpement-professionnel-formation\/\",\"name\":\"D\u00e9veloppement professionnel - formation - BEVA Global Management\",\"isPartOf\":{\"@id\":\"https:\/\/bevaglobal.com\/#website\"},\"datePublished\":\"2018-06-06T07:17:04+00:00\",\"dateModified\":\"2022-10-21T08:14:16+00:00\",\"description\":\"D\u00e9veloppement professionnel - formation | Contact us online\",\"breadcrumb\":{\"@id\":\"https:\/\/bevaglobal.com\/fr\/developpement-professionnel-formation\/#breadcrumb\"},\"inLanguage\":\"fr-FR\",\"potentialAction\":[{\"@type\":\"ReadAction\",\"target\":[\"https:\/\/bevaglobal.com\/fr\/developpement-professionnel-formation\/\"]}]},{\"@type\":\"BreadcrumbList\",\"@id\":\"https:\/\/bevaglobal.com\/fr\/developpement-professionnel-formation\/#breadcrumb\",\"itemListElement\":[{\"@type\":\"ListItem\",\"position\":1,\"name\":\"Home\",\"item\":\"https:\/\/bevaglobal.com\/\"},{\"@type\":\"ListItem\",\"position\":2,\"name\":\"D\u00e9veloppement professionnel &#8211; formation\"}]},{\"@type\":\"WebSite\",\"@id\":\"https:\/\/bevaglobal.com\/#website\",\"url\":\"https:\/\/bevaglobal.com\/\",\"name\":\"BEVA Global Management\",\"description\":\"Your gateway to knowledge!\",\"publisher\":{\"@id\":\"https:\/\/bevaglobal.com\/#organization\"},\"potentialAction\":[{\"@type\":\"SearchAction\",\"target\":{\"@type\":\"EntryPoint\",\"urlTemplate\":\"https:\/\/bevaglobal.com\/?s={search_term_string}\"},\"query-input\":{\"@type\":\"PropertyValueSpecification\",\"valueRequired\":true,\"valueName\":\"search_term_string\"}}],\"inLanguage\":\"fr-FR\"},{\"@type\":\"Organization\",\"@id\":\"https:\/\/bevaglobal.com\/#organization\",\"name\":\"BEVA Global Management\",\"url\":\"https:\/\/bevaglobal.com\/\",\"logo\":{\"@type\":\"ImageObject\",\"inLanguage\":\"fr-FR\",\"@id\":\"https:\/\/bevaglobal.com\/#\/schema\/logo\/image\/\",\"url\":\"https:\/\/bevaglobal.com\/wp-content\/uploads\/2016\/11\/logo-slogan-eng-maj3.jpg\",\"contentUrl\":\"https:\/\/bevaglobal.com\/wp-content\/uploads\/2016\/11\/logo-slogan-eng-maj3.jpg\",\"width\":800,\"height\":290,\"caption\":\"BEVA Global Management\"},\"image\":{\"@id\":\"https:\/\/bevaglobal.com\/#\/schema\/logo\/image\/\"}}]}<\/script>\n<!-- \/ Yoast SEO plugin. -->","yoast_head_json":{"title":"D\u00e9veloppement professionnel - formation - BEVA Global Management","description":"D\u00e9veloppement professionnel - formation | Contact us online","robots":{"index":"index","follow":"follow","max-snippet":"max-snippet:-1","max-image-preview":"max-image-preview:large","max-video-preview":"max-video-preview:-1"},"canonical":"https:\/\/bevaglobal.com\/fr\/developpement-professionnel-formation\/","schema":{"@context":"https:\/\/schema.org","@graph":[{"@type":"WebPage","@id":"https:\/\/bevaglobal.com\/fr\/developpement-professionnel-formation\/","url":"https:\/\/bevaglobal.com\/fr\/developpement-professionnel-formation\/","name":"D\u00e9veloppement professionnel - formation - BEVA Global Management","isPartOf":{"@id":"https:\/\/bevaglobal.com\/#website"},"datePublished":"2018-06-06T07:17:04+00:00","dateModified":"2022-10-21T08:14:16+00:00","description":"D\u00e9veloppement professionnel - formation | Contact us online","breadcrumb":{"@id":"https:\/\/bevaglobal.com\/fr\/developpement-professionnel-formation\/#breadcrumb"},"inLanguage":"fr-FR","potentialAction":[{"@type":"ReadAction","target":["https:\/\/bevaglobal.com\/fr\/developpement-professionnel-formation\/"]}]},{"@type":"BreadcrumbList","@id":"https:\/\/bevaglobal.com\/fr\/developpement-professionnel-formation\/#breadcrumb","itemListElement":[{"@type":"ListItem","position":1,"name":"Home","item":"https:\/\/bevaglobal.com\/"},{"@type":"ListItem","position":2,"name":"D\u00e9veloppement professionnel &#8211; formation"}]},{"@type":"WebSite","@id":"https:\/\/bevaglobal.com\/#website","url":"https:\/\/bevaglobal.com\/","name":"BEVA Global Management","description":"Your gateway to knowledge!","publisher":{"@id":"https:\/\/bevaglobal.com\/#organization"},"potentialAction":[{"@type":"SearchAction","target":{"@type":"EntryPoint","urlTemplate":"https:\/\/bevaglobal.com\/?s={search_term_string}"},"query-input":{"@type":"PropertyValueSpecification","valueRequired":true,"valueName":"search_term_string"}}],"inLanguage":"fr-FR"},{"@type":"Organization","@id":"https:\/\/bevaglobal.com\/#organization","name":"BEVA Global Management","url":"https:\/\/bevaglobal.com\/","logo":{"@type":"ImageObject","inLanguage":"fr-FR","@id":"https:\/\/bevaglobal.com\/#\/schema\/logo\/image\/","url":"https:\/\/bevaglobal.com\/wp-content\/uploads\/2016\/11\/logo-slogan-eng-maj3.jpg","contentUrl":"https:\/\/bevaglobal.com\/wp-content\/uploads\/2016\/11\/logo-slogan-eng-maj3.jpg","width":800,"height":290,"caption":"BEVA Global Management"},"image":{"@id":"https:\/\/bevaglobal.com\/#\/schema\/logo\/image\/"}}]}},"jetpack_sharing_enabled":true,"ticketed":false,"_links":{"self":[{"href":"https:\/\/bevaglobal.com\/fr\/wp-json\/wp\/v2\/pages\/5582","targetHints":{"allow":["GET"]}}],"collection":[{"href":"https:\/\/bevaglobal.com\/fr\/wp-json\/wp\/v2\/pages"}],"about":[{"href":"https:\/\/bevaglobal.com\/fr\/wp-json\/wp\/v2\/types\/page"}],"author":[{"embeddable":true,"href":"https:\/\/bevaglobal.com\/fr\/wp-json\/wp\/v2\/users\/3"}],"replies":[{"embeddable":true,"href":"https:\/\/bevaglobal.com\/fr\/wp-json\/wp\/v2\/comments?post=5582"}],"version-history":[{"count":2,"href":"https:\/\/bevaglobal.com\/fr\/wp-json\/wp\/v2\/pages\/5582\/revisions"}],"predecessor-version":[{"id":26272,"href":"https:\/\/bevaglobal.com\/fr\/wp-json\/wp\/v2\/pages\/5582\/revisions\/26272"}],"wp:attachment":[{"href":"https:\/\/bevaglobal.com\/fr\/wp-json\/wp\/v2\/media?parent=5582"}],"curies":[{"name":"wp","href":"https:\/\/api.w.org\/{rel}","templated":true}]}}