{"id":5586,"date":"2018-06-06T07:18:30","date_gmt":"2018-06-06T07:18:30","guid":{"rendered":"https:\/\/bevaglobal.com\/?page_id=5586"},"modified":"2022-10-25T12:18:41","modified_gmt":"2022-10-25T12:18:41","slug":"certificat-en-gestion-de-projet","status":"publish","type":"page","link":"https:\/\/bevaglobal.com\/fr\/certificat-en-gestion-de-projet\/","title":{"rendered":"Certificat en gestion de projet"},"content":{"rendered":"<h2><span class=\"hps\">Programme de certificat<\/span> en gestion de projet &#8211; <span class=\"hps\">certificat coll\u00e9giale<\/span><\/h2>\n<table border=\"0\" width=\"100%\" cellspacing=\"0\" cellpadding=\"0\">\n<tbody>\n<tr>\n<td width=\"19%\">\n<p align=\"center\"><b>NO DU COURS<\/b><\/p>\n<\/td>\n<td width=\"47%\">\n<p align=\"center\"><b>TITRE DU COURS<\/b><\/p>\n<\/td>\n<td width=\"16%\">\n<p align=\"center\"><b>LANGAGE<\/b><\/p>\n<\/td>\n<td valign=\"top\" width=\"16%\">\n<p align=\"center\"><b>Dur\u00e9e (Jours)<\/b><\/p>\n<\/td>\n<\/tr>\n<tr>\n<td style=\"text-align: center;\" width=\"19%\">IPM<\/td>\n<td width=\"47%\">Introduction \u00e0 la gestion de projet<\/td>\n<td width=\"16%\">\n<p align=\"center\">A<\/p>\n<\/td>\n<td valign=\"top\" width=\"16%\">\n<p align=\"center\">6<\/p>\n<\/td>\n<\/tr>\n<tr>\n<td style=\"text-align: center;\" width=\"19%\">IGP<\/td>\n<td width=\"47%\">Groupe de processus d\u00e9marrage<\/td>\n<td width=\"16%\">\n<p align=\"center\">A<\/p>\n<\/td>\n<td valign=\"top\" width=\"16%\">\n<p align=\"center\">4<\/p>\n<\/td>\n<\/tr>\n<tr>\n<td style=\"text-align: center;\" width=\"19%\">PGP<\/td>\n<td width=\"47%\">Groupe de processus planification<\/td>\n<td width=\"16%\">\n<p align=\"center\">A<\/p>\n<\/td>\n<td valign=\"top\" width=\"16%\">\n<p align=\"center\">12<\/p>\n<\/td>\n<\/tr>\n<tr>\n<td style=\"text-align: center;\" width=\"19%\">EGP<\/td>\n<td width=\"47%\">Groupe de processus ex\u00e9cution<\/td>\n<td width=\"16%\">\n<p align=\"center\">A<\/p>\n<\/td>\n<td valign=\"top\" width=\"16%\">\n<p align=\"center\">4<\/p>\n<\/td>\n<\/tr>\n<tr>\n<td style=\"text-align: center;\" width=\"19%\">MCGP<\/td>\n<td width=\"47%\">Groupe de processus surveillance et ma\u00eetrise<\/td>\n<td width=\"16%\">\n<p align=\"center\">A<\/p>\n<\/td>\n<td valign=\"top\" width=\"16%\">\n<p align=\"center\">8<\/p>\n<\/td>\n<\/tr>\n<tr>\n<td width=\"19%\">\n<p align=\"center\">CGP<b> <\/b><\/p>\n<\/td>\n<td width=\"47%\">Groupe de processus cl\u00f4ture<\/td>\n<td width=\"16%\">\n<p align=\"center\">A<\/p>\n<\/td>\n<td valign=\"top\" width=\"16%\">\n<p align=\"center\">2<\/p>\n<\/td>\n<\/tr>\n<tr>\n<td width=\"19%\">\n<p align=\"center\">CP<b> <\/b><\/p>\n<\/td>\n<td width=\"47%\">Travail dirig\u00e9<\/td>\n<td width=\"16%\">\n<p align=\"center\">A<\/p>\n<\/td>\n<td valign=\"top\" width=\"16%\">\n<p align=\"center\">6<\/p>\n<\/td>\n<\/tr>\n<\/tbody>\n<\/table>\n<p><span class=\"hps\">Pour de plus ample informations sur notre programme de gestion de projet en mode intensif, veuillez nous contacter \u00e0 l&rsquo;adresse suivante: <a href=\"mailto:training-formation@bevaglobal.com\">training-formation@bevaglobal.com<\/a><\/span><\/p>\n","protected":false},"excerpt":{"rendered":"<p>Programme de certificat en gestion de projet &#8211; certificat coll\u00e9giale NO DU COURS TITRE DU COURS LANGAGE Dur\u00e9e (Jours) IPM Introduction \u00e0 la gestion de projet A 6 IGP Groupe [&hellip;]<\/p>\n","protected":false},"author":3,"featured_media":0,"parent":0,"menu_order":0,"comment_status":"open","ping_status":"open","template":"","meta":{"_et_pb_use_builder":"","_et_pb_old_content":"","_et_gb_content_width":"","_price":"","_stock":"","_tribe_ticket_header":"","_tribe_default_ticket_provider":"","_ticket_start_date":"","_ticket_end_date":"","_tribe_ticket_show_description":"","_tribe_ticket_show_not_going":false,"_tribe_ticket_use_global_stock":"","_tribe_ticket_global_stock_level":"","_global_stock_mode":"","_global_stock_cap":"","_tribe_rsvp_for_event":"","_tribe_ticket_going_count":"","_tribe_ticket_not_going_count":"","_tribe_tickets_list":"[]","_tribe_ticket_has_attendee_info_fields":false,"footnotes":"","_tec_slr_enabled":"","_tec_slr_layout":""},"class_list":["post-5586","page","type-page","status-publish","hentry"],"yoast_head":"<!-- This site is optimized with the Yoast SEO plugin v27.1.1 - https:\/\/yoast.com\/product\/yoast-seo-wordpress\/ -->\n<title>Certificat en gestion de projet - BEVA Global Management<\/title>\n<meta name=\"description\" content=\"Certificat en gestion de projet | Contact us online\" \/>\n<meta name=\"robots\" content=\"index, follow, max-snippet:-1, max-image-preview:large, max-video-preview:-1\" \/>\n<link rel=\"canonical\" href=\"https:\/\/bevaglobal.com\/fr\/certificat-en-gestion-de-projet\/\" \/>\n<script type=\"application\/ld+json\" class=\"yoast-schema-graph\">{\"@context\":\"https:\/\/schema.org\",\"@graph\":[{\"@type\":\"WebPage\",\"@id\":\"https:\/\/bevaglobal.com\/fr\/certificat-en-gestion-de-projet\/\",\"url\":\"https:\/\/bevaglobal.com\/fr\/certificat-en-gestion-de-projet\/\",\"name\":\"Certificat en gestion de projet - BEVA Global Management\",\"isPartOf\":{\"@id\":\"https:\/\/bevaglobal.com\/#website\"},\"datePublished\":\"2018-06-06T07:18:30+00:00\",\"dateModified\":\"2022-10-25T12:18:41+00:00\",\"description\":\"Certificat en gestion de projet | Contact us online\",\"breadcrumb\":{\"@id\":\"https:\/\/bevaglobal.com\/fr\/certificat-en-gestion-de-projet\/#breadcrumb\"},\"inLanguage\":\"fr-FR\",\"potentialAction\":[{\"@type\":\"ReadAction\",\"target\":[\"https:\/\/bevaglobal.com\/fr\/certificat-en-gestion-de-projet\/\"]}]},{\"@type\":\"BreadcrumbList\",\"@id\":\"https:\/\/bevaglobal.com\/fr\/certificat-en-gestion-de-projet\/#breadcrumb\",\"itemListElement\":[{\"@type\":\"ListItem\",\"position\":1,\"name\":\"Home\",\"item\":\"https:\/\/bevaglobal.com\/\"},{\"@type\":\"ListItem\",\"position\":2,\"name\":\"Certificat en gestion de projet\"}]},{\"@type\":\"WebSite\",\"@id\":\"https:\/\/bevaglobal.com\/#website\",\"url\":\"https:\/\/bevaglobal.com\/\",\"name\":\"BEVA Global Management\",\"description\":\"Your gateway to knowledge!\",\"publisher\":{\"@id\":\"https:\/\/bevaglobal.com\/#organization\"},\"potentialAction\":[{\"@type\":\"SearchAction\",\"target\":{\"@type\":\"EntryPoint\",\"urlTemplate\":\"https:\/\/bevaglobal.com\/?s={search_term_string}\"},\"query-input\":{\"@type\":\"PropertyValueSpecification\",\"valueRequired\":true,\"valueName\":\"search_term_string\"}}],\"inLanguage\":\"fr-FR\"},{\"@type\":\"Organization\",\"@id\":\"https:\/\/bevaglobal.com\/#organization\",\"name\":\"BEVA Global Management\",\"url\":\"https:\/\/bevaglobal.com\/\",\"logo\":{\"@type\":\"ImageObject\",\"inLanguage\":\"fr-FR\",\"@id\":\"https:\/\/bevaglobal.com\/#\/schema\/logo\/image\/\",\"url\":\"https:\/\/bevaglobal.com\/wp-content\/uploads\/2016\/11\/logo-slogan-eng-maj3.jpg\",\"contentUrl\":\"https:\/\/bevaglobal.com\/wp-content\/uploads\/2016\/11\/logo-slogan-eng-maj3.jpg\",\"width\":800,\"height\":290,\"caption\":\"BEVA Global Management\"},\"image\":{\"@id\":\"https:\/\/bevaglobal.com\/#\/schema\/logo\/image\/\"}}]}<\/script>\n<!-- \/ Yoast SEO plugin. -->","yoast_head_json":{"title":"Certificat en gestion de projet - BEVA Global Management","description":"Certificat en gestion de projet | Contact us online","robots":{"index":"index","follow":"follow","max-snippet":"max-snippet:-1","max-image-preview":"max-image-preview:large","max-video-preview":"max-video-preview:-1"},"canonical":"https:\/\/bevaglobal.com\/fr\/certificat-en-gestion-de-projet\/","schema":{"@context":"https:\/\/schema.org","@graph":[{"@type":"WebPage","@id":"https:\/\/bevaglobal.com\/fr\/certificat-en-gestion-de-projet\/","url":"https:\/\/bevaglobal.com\/fr\/certificat-en-gestion-de-projet\/","name":"Certificat en gestion de projet - BEVA Global Management","isPartOf":{"@id":"https:\/\/bevaglobal.com\/#website"},"datePublished":"2018-06-06T07:18:30+00:00","dateModified":"2022-10-25T12:18:41+00:00","description":"Certificat en gestion de projet | Contact us online","breadcrumb":{"@id":"https:\/\/bevaglobal.com\/fr\/certificat-en-gestion-de-projet\/#breadcrumb"},"inLanguage":"fr-FR","potentialAction":[{"@type":"ReadAction","target":["https:\/\/bevaglobal.com\/fr\/certificat-en-gestion-de-projet\/"]}]},{"@type":"BreadcrumbList","@id":"https:\/\/bevaglobal.com\/fr\/certificat-en-gestion-de-projet\/#breadcrumb","itemListElement":[{"@type":"ListItem","position":1,"name":"Home","item":"https:\/\/bevaglobal.com\/"},{"@type":"ListItem","position":2,"name":"Certificat en gestion de projet"}]},{"@type":"WebSite","@id":"https:\/\/bevaglobal.com\/#website","url":"https:\/\/bevaglobal.com\/","name":"BEVA Global Management","description":"Your gateway to knowledge!","publisher":{"@id":"https:\/\/bevaglobal.com\/#organization"},"potentialAction":[{"@type":"SearchAction","target":{"@type":"EntryPoint","urlTemplate":"https:\/\/bevaglobal.com\/?s={search_term_string}"},"query-input":{"@type":"PropertyValueSpecification","valueRequired":true,"valueName":"search_term_string"}}],"inLanguage":"fr-FR"},{"@type":"Organization","@id":"https:\/\/bevaglobal.com\/#organization","name":"BEVA Global Management","url":"https:\/\/bevaglobal.com\/","logo":{"@type":"ImageObject","inLanguage":"fr-FR","@id":"https:\/\/bevaglobal.com\/#\/schema\/logo\/image\/","url":"https:\/\/bevaglobal.com\/wp-content\/uploads\/2016\/11\/logo-slogan-eng-maj3.jpg","contentUrl":"https:\/\/bevaglobal.com\/wp-content\/uploads\/2016\/11\/logo-slogan-eng-maj3.jpg","width":800,"height":290,"caption":"BEVA Global Management"},"image":{"@id":"https:\/\/bevaglobal.com\/#\/schema\/logo\/image\/"}}]}},"jetpack_sharing_enabled":true,"ticketed":false,"_links":{"self":[{"href":"https:\/\/bevaglobal.com\/fr\/wp-json\/wp\/v2\/pages\/5586","targetHints":{"allow":["GET"]}}],"collection":[{"href":"https:\/\/bevaglobal.com\/fr\/wp-json\/wp\/v2\/pages"}],"about":[{"href":"https:\/\/bevaglobal.com\/fr\/wp-json\/wp\/v2\/types\/page"}],"author":[{"embeddable":true,"href":"https:\/\/bevaglobal.com\/fr\/wp-json\/wp\/v2\/users\/3"}],"replies":[{"embeddable":true,"href":"https:\/\/bevaglobal.com\/fr\/wp-json\/wp\/v2\/comments?post=5586"}],"version-history":[{"count":1,"href":"https:\/\/bevaglobal.com\/fr\/wp-json\/wp\/v2\/pages\/5586\/revisions"}],"predecessor-version":[{"id":5588,"href":"https:\/\/bevaglobal.com\/fr\/wp-json\/wp\/v2\/pages\/5586\/revisions\/5588"}],"wp:attachment":[{"href":"https:\/\/bevaglobal.com\/fr\/wp-json\/wp\/v2\/media?parent=5586"}],"curies":[{"name":"wp","href":"https:\/\/api.w.org\/{rel}","templated":true}]}}