{"id":5637,"date":"2018-06-06T07:46:56","date_gmt":"2018-06-06T07:46:56","guid":{"rendered":"https:\/\/bevaglobal.com\/?page_id=5637"},"modified":"2022-10-26T13:08:34","modified_gmt":"2022-10-26T13:08:34","slug":"formation-en-leadership","status":"publish","type":"page","link":"https:\/\/bevaglobal.com\/fr\/formation-en-leadership\/","title":{"rendered":"Formation en leadership"},"content":{"rendered":"<h2><span title=\"Leadership is fundamentally a relational practice. \">Le leadership est fondamentalement une pratique relationnelle.<\/span><\/h2>\n<p><span title=\"It is realized and most effective in relationship.\">Il est r\u00e9alis\u00e9 et le plus efficace dans la relation. <\/span><span title=\"We are becoming more and more obsessed with getting leadership right and are looking for the \u201csuper-person\u201d who will lead us out of uncertainty and into stability and certainty.\">Nous devenons de plus en plus obs\u00e9d\u00e9s par un bon leadership et cherchons la <strong>\u00absuper-personne\u00bb<\/strong> qui nous conduira de l&rsquo;incertitude et de la stabilit\u00e9 et de la certitude. <\/span><span title=\"However rather than stepping away from others (into the phone booth to change) perhaps another way of leading is realized when one moves closer to others and adopts a stance of listening, learning to foster collaboration, engagement and personal accountability. \">Cependant, plut\u00f4t que de se d\u00e9tourner des autres (dans la cabine t\u00e9l\u00e9phonique pour changer) peut-\u00eatre une autre fa\u00e7on de diriger se r\u00e9alise quand on se rapproche des autres et adopte une attitude d&rsquo;\u00e9coute, d&rsquo;apprendre \u00e0 favoriser la collaboration, l&rsquo;engagement et la responsabilit\u00e9 personnelle.<\/span><\/p>\n<p><span title=\"We are faced today with complex issues full of uncertainty, requiring new ways of thinking and finding solutions that address a myriad of interconnected issues;\">Nous sommes confront\u00e9s aujourd&rsquo;hui \u00e0 des questions complexes, pleines d&rsquo;incertitudes, qui exigent de nouvelles fa\u00e7ons de penser et de trouver des solutions qui abordent une multitude de questions interconnect\u00e9es. <\/span><span title=\"requiring us to go beyond the capacity of simply one individual. \">Ce qui nous oblige \u00e0 aller au-del\u00e0 de la capacit\u00e9 d&rsquo;un seul individu.<\/span><\/p>\n<p><span title=\"Effectiveness as a leader is realized when followers chose to follow and accept leadership.\">L&rsquo;efficacit\u00e9 comme leader se r\u00e9alise lorsque les adeptes choisissent de suivre et d&rsquo;accepter le leadership. <\/span><span title=\"As a leader, I am a part of these relationships, not apart from these relationships.\">En tant que leader, je fais partie de ces relations, pas en dehors de ces relations. <\/span><span title=\"When the focus is on relational leadership;\">Lorsque l&rsquo;accent est mis sur le leadership relationnel; l<\/span><span title=\"the focus on collaborative practices that foster and creative innovative ways to respond to emerging issues and creating collective resilience to adapt to uncertainty. \">&lsquo;accent mis sur les pratiques collaboratives qui favorisent et cr\u00e9ent des moyens novateurs de r\u00e9pondre aux probl\u00e8mes \u00e9mergents et de cr\u00e9er une r\u00e9silience collective pour s&rsquo;adapter \u00e0 l&rsquo;incertitude.<\/span><\/p>\n<p><span title=\"Join us if you want to develop your self-mastery skills as well as to enhance your capacity to work more effectively and collaboratively with others. \">Rejoignez-nous si vous voulez <strong>d\u00e9velopper vos comp\u00e9tences<\/strong> en auto-ma\u00eetrise ainsi que pour am\u00e9liorer votre capacit\u00e9 \u00e0 travailler plus efficacement et en collaboration avec d&rsquo;autres.<\/span><\/p>\n<p><span title=\"Join us if you are starting out on your journey of leadership or if you want to explore another way of looking at leadership with the aim of enhancing your leadership capacity and competencies. \">Rejoignez-nous si vous commencez votre cheminement de leadership ou si vous voulez explorer une autre fa\u00e7on de regarder le leadership dans le but de renforcer votre capacit\u00e9 de leadership et de comp\u00e9tences.<\/span><\/p>\n<p><span title=\"BEVA offers many courses on Leadership.\">BEVA offre de nombreux cours sur le leadership. <\/span><span title=\"Click on this link to see our Leadership courses. \">Cliquez sur ce LIEN pour voir nos cours de leadership.<\/span><\/p>\n<p><span title=\"For more information on the leadership courses, please contact: training-formation@bevaglobal.com\">Pour plus d&rsquo;informations sur les cours de leadership, veuillez contacter: <a href=\"mailto:training-formation@bevaglobal.com\">training-formation@bevaglobal.com<\/a><\/span><\/p>\n","protected":false},"excerpt":{"rendered":"<p>Le leadership est fondamentalement une pratique relationnelle. Il est r\u00e9alis\u00e9 et le plus efficace dans la relation. Nous devenons de plus en plus obs\u00e9d\u00e9s par un bon leadership et cherchons [&hellip;]<\/p>\n","protected":false},"author":3,"featured_media":0,"parent":0,"menu_order":0,"comment_status":"closed","ping_status":"closed","template":"","meta":{"_et_pb_use_builder":"","_et_pb_old_content":"","_et_gb_content_width":"","_price":"","_stock":"","_tribe_ticket_header":"","_tribe_default_ticket_provider":"","_ticket_start_date":"","_ticket_end_date":"","_tribe_ticket_show_description":"","_tribe_ticket_show_not_going":false,"_tribe_ticket_use_global_stock":"","_tribe_ticket_global_stock_level":"","_global_stock_mode":"","_global_stock_cap":"","_tribe_rsvp_for_event":"","_tribe_ticket_going_count":"","_tribe_ticket_not_going_count":"","_tribe_tickets_list":"[]","_tribe_ticket_has_attendee_info_fields":false,"footnotes":"","_tec_slr_enabled":"","_tec_slr_layout":""},"class_list":["post-5637","page","type-page","status-publish","hentry"],"yoast_head":"<!-- This site is optimized with the Yoast SEO plugin v27.1.1 - https:\/\/yoast.com\/product\/yoast-seo-wordpress\/ -->\n<title>Formation en leadership - BEVA Global Management<\/title>\n<meta name=\"description\" content=\"Formation en leadership | Contact us online\" \/>\n<meta name=\"robots\" content=\"index, follow, max-snippet:-1, max-image-preview:large, max-video-preview:-1\" \/>\n<link rel=\"canonical\" href=\"https:\/\/bevaglobal.com\/fr\/formation-en-leadership\/\" \/>\n<script type=\"application\/ld+json\" class=\"yoast-schema-graph\">{\"@context\":\"https:\/\/schema.org\",\"@graph\":[{\"@type\":\"WebPage\",\"@id\":\"https:\/\/bevaglobal.com\/fr\/formation-en-leadership\/\",\"url\":\"https:\/\/bevaglobal.com\/fr\/formation-en-leadership\/\",\"name\":\"Formation en leadership - BEVA Global Management\",\"isPartOf\":{\"@id\":\"https:\/\/bevaglobal.com\/#website\"},\"datePublished\":\"2018-06-06T07:46:56+00:00\",\"dateModified\":\"2022-10-26T13:08:34+00:00\",\"description\":\"Formation en leadership | Contact us online\",\"breadcrumb\":{\"@id\":\"https:\/\/bevaglobal.com\/fr\/formation-en-leadership\/#breadcrumb\"},\"inLanguage\":\"fr-FR\",\"potentialAction\":[{\"@type\":\"ReadAction\",\"target\":[\"https:\/\/bevaglobal.com\/fr\/formation-en-leadership\/\"]}]},{\"@type\":\"BreadcrumbList\",\"@id\":\"https:\/\/bevaglobal.com\/fr\/formation-en-leadership\/#breadcrumb\",\"itemListElement\":[{\"@type\":\"ListItem\",\"position\":1,\"name\":\"Home\",\"item\":\"https:\/\/bevaglobal.com\/\"},{\"@type\":\"ListItem\",\"position\":2,\"name\":\"Formation en leadership\"}]},{\"@type\":\"WebSite\",\"@id\":\"https:\/\/bevaglobal.com\/#website\",\"url\":\"https:\/\/bevaglobal.com\/\",\"name\":\"BEVA Global Management\",\"description\":\"Your gateway to knowledge!\",\"publisher\":{\"@id\":\"https:\/\/bevaglobal.com\/#organization\"},\"potentialAction\":[{\"@type\":\"SearchAction\",\"target\":{\"@type\":\"EntryPoint\",\"urlTemplate\":\"https:\/\/bevaglobal.com\/?s={search_term_string}\"},\"query-input\":{\"@type\":\"PropertyValueSpecification\",\"valueRequired\":true,\"valueName\":\"search_term_string\"}}],\"inLanguage\":\"fr-FR\"},{\"@type\":\"Organization\",\"@id\":\"https:\/\/bevaglobal.com\/#organization\",\"name\":\"BEVA Global Management\",\"url\":\"https:\/\/bevaglobal.com\/\",\"logo\":{\"@type\":\"ImageObject\",\"inLanguage\":\"fr-FR\",\"@id\":\"https:\/\/bevaglobal.com\/#\/schema\/logo\/image\/\",\"url\":\"https:\/\/bevaglobal.com\/wp-content\/uploads\/2016\/11\/logo-slogan-eng-maj3.jpg\",\"contentUrl\":\"https:\/\/bevaglobal.com\/wp-content\/uploads\/2016\/11\/logo-slogan-eng-maj3.jpg\",\"width\":800,\"height\":290,\"caption\":\"BEVA Global Management\"},\"image\":{\"@id\":\"https:\/\/bevaglobal.com\/#\/schema\/logo\/image\/\"}}]}<\/script>\n<!-- \/ Yoast SEO plugin. -->","yoast_head_json":{"title":"Formation en leadership - BEVA Global Management","description":"Formation en leadership | Contact us online","robots":{"index":"index","follow":"follow","max-snippet":"max-snippet:-1","max-image-preview":"max-image-preview:large","max-video-preview":"max-video-preview:-1"},"canonical":"https:\/\/bevaglobal.com\/fr\/formation-en-leadership\/","schema":{"@context":"https:\/\/schema.org","@graph":[{"@type":"WebPage","@id":"https:\/\/bevaglobal.com\/fr\/formation-en-leadership\/","url":"https:\/\/bevaglobal.com\/fr\/formation-en-leadership\/","name":"Formation en leadership - BEVA Global Management","isPartOf":{"@id":"https:\/\/bevaglobal.com\/#website"},"datePublished":"2018-06-06T07:46:56+00:00","dateModified":"2022-10-26T13:08:34+00:00","description":"Formation en leadership | Contact us online","breadcrumb":{"@id":"https:\/\/bevaglobal.com\/fr\/formation-en-leadership\/#breadcrumb"},"inLanguage":"fr-FR","potentialAction":[{"@type":"ReadAction","target":["https:\/\/bevaglobal.com\/fr\/formation-en-leadership\/"]}]},{"@type":"BreadcrumbList","@id":"https:\/\/bevaglobal.com\/fr\/formation-en-leadership\/#breadcrumb","itemListElement":[{"@type":"ListItem","position":1,"name":"Home","item":"https:\/\/bevaglobal.com\/"},{"@type":"ListItem","position":2,"name":"Formation en leadership"}]},{"@type":"WebSite","@id":"https:\/\/bevaglobal.com\/#website","url":"https:\/\/bevaglobal.com\/","name":"BEVA Global Management","description":"Your gateway to knowledge!","publisher":{"@id":"https:\/\/bevaglobal.com\/#organization"},"potentialAction":[{"@type":"SearchAction","target":{"@type":"EntryPoint","urlTemplate":"https:\/\/bevaglobal.com\/?s={search_term_string}"},"query-input":{"@type":"PropertyValueSpecification","valueRequired":true,"valueName":"search_term_string"}}],"inLanguage":"fr-FR"},{"@type":"Organization","@id":"https:\/\/bevaglobal.com\/#organization","name":"BEVA Global Management","url":"https:\/\/bevaglobal.com\/","logo":{"@type":"ImageObject","inLanguage":"fr-FR","@id":"https:\/\/bevaglobal.com\/#\/schema\/logo\/image\/","url":"https:\/\/bevaglobal.com\/wp-content\/uploads\/2016\/11\/logo-slogan-eng-maj3.jpg","contentUrl":"https:\/\/bevaglobal.com\/wp-content\/uploads\/2016\/11\/logo-slogan-eng-maj3.jpg","width":800,"height":290,"caption":"BEVA Global Management"},"image":{"@id":"https:\/\/bevaglobal.com\/#\/schema\/logo\/image\/"}}]}},"jetpack_sharing_enabled":true,"ticketed":false,"_links":{"self":[{"href":"https:\/\/bevaglobal.com\/fr\/wp-json\/wp\/v2\/pages\/5637","targetHints":{"allow":["GET"]}}],"collection":[{"href":"https:\/\/bevaglobal.com\/fr\/wp-json\/wp\/v2\/pages"}],"about":[{"href":"https:\/\/bevaglobal.com\/fr\/wp-json\/wp\/v2\/types\/page"}],"author":[{"embeddable":true,"href":"https:\/\/bevaglobal.com\/fr\/wp-json\/wp\/v2\/users\/3"}],"replies":[{"embeddable":true,"href":"https:\/\/bevaglobal.com\/fr\/wp-json\/wp\/v2\/comments?post=5637"}],"version-history":[{"count":2,"href":"https:\/\/bevaglobal.com\/fr\/wp-json\/wp\/v2\/pages\/5637\/revisions"}],"predecessor-version":[{"id":26385,"href":"https:\/\/bevaglobal.com\/fr\/wp-json\/wp\/v2\/pages\/5637\/revisions\/26385"}],"wp:attachment":[{"href":"https:\/\/bevaglobal.com\/fr\/wp-json\/wp\/v2\/media?parent=5637"}],"curies":[{"name":"wp","href":"https:\/\/api.w.org\/{rel}","templated":true}]}}