{"id":5657,"date":"2018-06-06T07:55:42","date_gmt":"2018-06-06T07:55:42","guid":{"rendered":"https:\/\/bevaglobal.com\/?page_id=5657"},"modified":"2018-06-06T07:55:42","modified_gmt":"2018-06-06T07:55:42","slug":"planifier-mon-avenir","status":"publish","type":"page","link":"https:\/\/bevaglobal.com\/fr\/planifier-mon-avenir\/","title":{"rendered":"Planifier mon avenir"},"content":{"rendered":"<h2><strong>Planifier mon avenir<\/strong><\/h2>\n<p>BEVA\u00ae offre un s\u00e9minaire sur Planifier mon avenir pour la retraite de deux (2) jours. Ce s\u00e9minaire est tr\u00e8s participatif et guid\u00e9 par les instructeurs. Il est offert aux participants qui d\u00e9butent dans leur carri\u00e8re et veulent en savoir plus sur les retraites et les avantages de SPAC, ainsi que sur la planification financi\u00e8re, la planification successorale et les modes de vie sains.<\/p>\n<p>Cet atelier est hautement participatif dirig\u00e9 par des animateurs offrent des principes de base et des outils pratiques pour assurer une s\u00e9curit\u00e9 financi\u00e8re, un mode de vie sain et les aider dans cette transition.<\/p>\n<p>L&rsquo;accent est mis sur le d\u00e9veloppement d&rsquo;une bonne compr\u00e9hension de la perspicacit\u00e9 financi\u00e8re ainsi qu&rsquo;une meilleure compr\u00e9hension sur la planification successorale.<\/p>\n<p><strong>Vous allez:<\/strong><br \/>\n\u2022 Obtenir une meilleure compr\u00e9hension du calcul de la pension, r\u00e9cup\u00e9ration de services, calendrier de retraite;<br \/>\n\u2022 Acqu\u00e9rir une connaissance approfondie des questions financi\u00e8res et des concepts tels que la planification fiscale, les investissements et les assurances;<br \/>\n\u2022 Obtenir une meilleure compr\u00e9hension de la planification successorale: examen des documents juridiques &#8211; testament et procureur \u00e0 la fois en Ontario et au Qu\u00e9bec; et<br \/>\n\u2022 Obtenir une meilleur compr\u00e9hension de la conduite d`un mode de vie plus sain.<\/p>\n<p><strong>L&rsquo;ordre du jour de chaque module couvre les sujets suivant: <\/strong><\/p>\n<p><strong>1. PENSION (\u00bd journ\u00e9e) et inclut:<\/strong><\/p>\n<p>a) R\u00e9gimes de retraite;<br \/>\nb) Calculs et calcul de la pension;<br \/>\nc) Service optionnel;<br \/>\nd) D\u00e9part avant ou apr\u00e8s l&rsquo;\u00e2ge de 50 ans;<br \/>\ne) Loi sur la division des prestations de retraite;<br \/>\nf) Assurances apr\u00e8s la retraite;<br \/>\ng) Loi sur la pension de la fonction publique;<br \/>\nh) Prestations de d\u00e9c\u00e8s suppl\u00e9mentaires;<br \/>\ni) Plan de soins de sant\u00e9 de la fonction publique;<br \/>\nj) Plan d&rsquo;assurance de la gestion de la fonction publique;<br \/>\nk) Assurance-vie post-retraite; et<br \/>\nl) R\u00e9gime de services dentaires des retrait\u00e9s.<\/p>\n<p><strong>2. PLANIFICATION FINANCI\u00c8RE (\u00bd journ\u00e9e) et inclut :<\/strong><\/p>\n<p>a) Cong\u00e9s pay\u00e9s \/ cong\u00e9s maladie;<br \/>\nb) Indemnit\u00e9 de d\u00e9part;<br \/>\nc) R\u00e9gime de pensions du canada \/ r\u00e9gime de rentes du qu\u00e9bec;<br \/>\nd) S\u00e9curit\u00e9 de la vieillesse;<br \/>\ne) Imp\u00f4ts;<br \/>\nf) Investissements;<br \/>\ng) \u00c9tapes de la vie;<br \/>\nh) Strat\u00e9gies d&rsquo;\u00e9conomie d&rsquo;imp\u00f4ts;<br \/>\ni) Forfaits de s\u00e9paration;<br \/>\nj) Strat\u00e9gies d&rsquo;investissement;<br \/>\nk) Objectifs de retraite;<br \/>\nl) Gestion d&rsquo;une retraite s\u00e9curis\u00e9e; et<br \/>\nm) Travailler avec un planificateur financier.<\/p>\n<p><strong>3. PLANIFICATION SUCCESSORALE (\u00bd journ\u00e9e) Ontario et Qu\u00e9bec et inclut:<\/strong><\/p>\n<p>a) Actes et les lois;<br \/>\nb) Planification successorale, volont\u00e9 et procuration;<br \/>\nc) R\u00f4le de l&rsquo;avocat (notaire);<br \/>\nd) R\u00f4le de l&rsquo;ex\u00e9cuteur testamentaire ou du liquidateur; et<br \/>\ne) Administration immobili\u00e8re et succession.<\/p>\n<p><strong>4. SANTE ET MIEUX ETRE (\u00bd jour) et inclut :<\/strong><\/p>\n<p>a) Ressources;<br \/>\nb) Nutrition;<br \/>\nc) Fitness;<br \/>\nd) Loisir;<br \/>\ne) Le b\u00e9n\u00e9volat; et<br \/>\nf) Impact de la retraite sur les membres de la famille.<\/p>\n","protected":false},"excerpt":{"rendered":"<p>Planifier mon avenir BEVA\u00ae offre un s\u00e9minaire sur Planifier mon avenir pour la retraite de deux (2) jours. Ce s\u00e9minaire est tr\u00e8s participatif et guid\u00e9 par les instructeurs. Il est [&hellip;]<\/p>\n","protected":false},"author":3,"featured_media":0,"parent":0,"menu_order":0,"comment_status":"closed","ping_status":"closed","template":"","meta":{"_et_pb_use_builder":"","_et_pb_old_content":"","_et_gb_content_width":"","_price":"","_stock":"","_tribe_ticket_header":"","_tribe_default_ticket_provider":"","_ticket_start_date":"","_ticket_end_date":"","_tribe_ticket_show_description":"","_tribe_ticket_show_not_going":false,"_tribe_ticket_use_global_stock":"","_tribe_ticket_global_stock_level":"","_global_stock_mode":"","_global_stock_cap":"","_tribe_rsvp_for_event":"","_tribe_ticket_going_count":"","_tribe_ticket_not_going_count":"","_tribe_tickets_list":"[]","_tribe_ticket_has_attendee_info_fields":false,"footnotes":"","_tec_slr_enabled":"","_tec_slr_layout":""},"class_list":["post-5657","page","type-page","status-publish","hentry"],"yoast_head":"<!-- This site is optimized with the Yoast SEO plugin v27.1.1 - https:\/\/yoast.com\/product\/yoast-seo-wordpress\/ -->\n<title>Planifier mon avenir - BEVA Global Management<\/title>\n<meta name=\"description\" content=\"Planifier mon avenir | Contact us online\" \/>\n<meta name=\"robots\" content=\"index, follow, max-snippet:-1, max-image-preview:large, max-video-preview:-1\" \/>\n<link rel=\"canonical\" href=\"https:\/\/bevaglobal.com\/planifier-mon-avenir\/?lang=fr\" \/>\n<script type=\"application\/ld+json\" class=\"yoast-schema-graph\">{\"@context\":\"https:\/\/schema.org\",\"@graph\":[{\"@type\":\"WebPage\",\"@id\":\"https:\/\/bevaglobal.com\/planifier-mon-avenir\/?lang=fr\",\"url\":\"https:\/\/bevaglobal.com\/planifier-mon-avenir\/?lang=fr\",\"name\":\"Planifier mon avenir - BEVA Global Management\",\"isPartOf\":{\"@id\":\"https:\/\/bevaglobal.com\/#website\"},\"datePublished\":\"2018-06-06T07:55:42+00:00\",\"description\":\"Planifier mon avenir | Contact us online\",\"breadcrumb\":{\"@id\":\"https:\/\/bevaglobal.com\/planifier-mon-avenir\/?lang=fr#breadcrumb\"},\"inLanguage\":\"fr-FR\",\"potentialAction\":[{\"@type\":\"ReadAction\",\"target\":[\"https:\/\/bevaglobal.com\/planifier-mon-avenir\/?lang=fr\"]}]},{\"@type\":\"BreadcrumbList\",\"@id\":\"https:\/\/bevaglobal.com\/planifier-mon-avenir\/?lang=fr#breadcrumb\",\"itemListElement\":[{\"@type\":\"ListItem\",\"position\":1,\"name\":\"Home\",\"item\":\"https:\/\/bevaglobal.com\/\"},{\"@type\":\"ListItem\",\"position\":2,\"name\":\"Planifier mon avenir\"}]},{\"@type\":\"WebSite\",\"@id\":\"https:\/\/bevaglobal.com\/#website\",\"url\":\"https:\/\/bevaglobal.com\/\",\"name\":\"BEVA Global Management\",\"description\":\"Your gateway to knowledge!\",\"publisher\":{\"@id\":\"https:\/\/bevaglobal.com\/#organization\"},\"potentialAction\":[{\"@type\":\"SearchAction\",\"target\":{\"@type\":\"EntryPoint\",\"urlTemplate\":\"https:\/\/bevaglobal.com\/?s={search_term_string}\"},\"query-input\":{\"@type\":\"PropertyValueSpecification\",\"valueRequired\":true,\"valueName\":\"search_term_string\"}}],\"inLanguage\":\"fr-FR\"},{\"@type\":\"Organization\",\"@id\":\"https:\/\/bevaglobal.com\/#organization\",\"name\":\"BEVA Global Management\",\"url\":\"https:\/\/bevaglobal.com\/\",\"logo\":{\"@type\":\"ImageObject\",\"inLanguage\":\"fr-FR\",\"@id\":\"https:\/\/bevaglobal.com\/#\/schema\/logo\/image\/\",\"url\":\"https:\/\/bevaglobal.com\/wp-content\/uploads\/2016\/11\/logo-slogan-eng-maj3.jpg\",\"contentUrl\":\"https:\/\/bevaglobal.com\/wp-content\/uploads\/2016\/11\/logo-slogan-eng-maj3.jpg\",\"width\":800,\"height\":290,\"caption\":\"BEVA Global Management\"},\"image\":{\"@id\":\"https:\/\/bevaglobal.com\/#\/schema\/logo\/image\/\"}}]}<\/script>\n<!-- \/ Yoast SEO plugin. -->","yoast_head_json":{"title":"Planifier mon avenir - BEVA Global Management","description":"Planifier mon avenir | Contact us online","robots":{"index":"index","follow":"follow","max-snippet":"max-snippet:-1","max-image-preview":"max-image-preview:large","max-video-preview":"max-video-preview:-1"},"canonical":"https:\/\/bevaglobal.com\/planifier-mon-avenir\/?lang=fr","schema":{"@context":"https:\/\/schema.org","@graph":[{"@type":"WebPage","@id":"https:\/\/bevaglobal.com\/planifier-mon-avenir\/?lang=fr","url":"https:\/\/bevaglobal.com\/planifier-mon-avenir\/?lang=fr","name":"Planifier mon avenir - BEVA Global Management","isPartOf":{"@id":"https:\/\/bevaglobal.com\/#website"},"datePublished":"2018-06-06T07:55:42+00:00","description":"Planifier mon avenir | Contact us online","breadcrumb":{"@id":"https:\/\/bevaglobal.com\/planifier-mon-avenir\/?lang=fr#breadcrumb"},"inLanguage":"fr-FR","potentialAction":[{"@type":"ReadAction","target":["https:\/\/bevaglobal.com\/planifier-mon-avenir\/?lang=fr"]}]},{"@type":"BreadcrumbList","@id":"https:\/\/bevaglobal.com\/planifier-mon-avenir\/?lang=fr#breadcrumb","itemListElement":[{"@type":"ListItem","position":1,"name":"Home","item":"https:\/\/bevaglobal.com\/"},{"@type":"ListItem","position":2,"name":"Planifier mon avenir"}]},{"@type":"WebSite","@id":"https:\/\/bevaglobal.com\/#website","url":"https:\/\/bevaglobal.com\/","name":"BEVA Global Management","description":"Your gateway to knowledge!","publisher":{"@id":"https:\/\/bevaglobal.com\/#organization"},"potentialAction":[{"@type":"SearchAction","target":{"@type":"EntryPoint","urlTemplate":"https:\/\/bevaglobal.com\/?s={search_term_string}"},"query-input":{"@type":"PropertyValueSpecification","valueRequired":true,"valueName":"search_term_string"}}],"inLanguage":"fr-FR"},{"@type":"Organization","@id":"https:\/\/bevaglobal.com\/#organization","name":"BEVA Global Management","url":"https:\/\/bevaglobal.com\/","logo":{"@type":"ImageObject","inLanguage":"fr-FR","@id":"https:\/\/bevaglobal.com\/#\/schema\/logo\/image\/","url":"https:\/\/bevaglobal.com\/wp-content\/uploads\/2016\/11\/logo-slogan-eng-maj3.jpg","contentUrl":"https:\/\/bevaglobal.com\/wp-content\/uploads\/2016\/11\/logo-slogan-eng-maj3.jpg","width":800,"height":290,"caption":"BEVA Global Management"},"image":{"@id":"https:\/\/bevaglobal.com\/#\/schema\/logo\/image\/"}}]}},"jetpack_sharing_enabled":true,"ticketed":false,"_links":{"self":[{"href":"https:\/\/bevaglobal.com\/fr\/wp-json\/wp\/v2\/pages\/5657","targetHints":{"allow":["GET"]}}],"collection":[{"href":"https:\/\/bevaglobal.com\/fr\/wp-json\/wp\/v2\/pages"}],"about":[{"href":"https:\/\/bevaglobal.com\/fr\/wp-json\/wp\/v2\/types\/page"}],"author":[{"embeddable":true,"href":"https:\/\/bevaglobal.com\/fr\/wp-json\/wp\/v2\/users\/3"}],"replies":[{"embeddable":true,"href":"https:\/\/bevaglobal.com\/fr\/wp-json\/wp\/v2\/comments?post=5657"}],"version-history":[{"count":1,"href":"https:\/\/bevaglobal.com\/fr\/wp-json\/wp\/v2\/pages\/5657\/revisions"}],"predecessor-version":[{"id":5659,"href":"https:\/\/bevaglobal.com\/fr\/wp-json\/wp\/v2\/pages\/5657\/revisions\/5659"}],"wp:attachment":[{"href":"https:\/\/bevaglobal.com\/fr\/wp-json\/wp\/v2\/media?parent=5657"}],"curies":[{"name":"wp","href":"https:\/\/api.w.org\/{rel}","templated":true}]}}