{"id":5718,"date":"2018-06-06T08:27:20","date_gmt":"2018-06-06T08:27:20","guid":{"rendered":"https:\/\/bevaglobal.com\/?page_id=5718"},"modified":"2022-10-26T13:07:56","modified_gmt":"2022-10-26T13:07:56","slug":"formation-dans-la-planification-de-carriere-et-reclassement","status":"publish","type":"page","link":"https:\/\/bevaglobal.com\/fr\/formation-dans-la-planification-de-carriere-et-reclassement\/","title":{"rendered":"Formation dans la planification de carri\u00e8re et reclassement"},"content":{"rendered":"<h2>Vous cherchez un entra\u00eeneur certifi\u00e9 qui peut vous aidez dans votre planification de carri\u00e8re ou vous trouvez un autre emploi?<\/h2>\n<p>BEVA Global Management, \u00e9galement connue sous le nom de \u00abBEVA\u00bb est une soci\u00e9t\u00e9 de conseil internationale sp\u00e9cialis\u00e9e dans la gestion, les ressources humaines, la gestion de projet, programme et portefeuille, GI \/ TI et perfectionnement professionnel.<\/p>\n<h2>BEVA offre maintenant des s\u00e9ances de planification de carri\u00e8re et de transition\/reclassement qui vous aideront \u00e0 planifier votre carri\u00e8re ou \u00e0 trouver un autre emploi. Nos entra\u00eeneurs aident les gens depuis 1993.<\/h2>\n<p>Notre formation en planification de carri\u00e8re et de transition\/reclassement appuie les personnes touch\u00e9es et am\u00e8ne les gens et les organisations \u00e0 un avenir meilleur.<\/p>\n<p>BEVA offre de nombreux cours reli\u00e9 \u00e0 la planification de carri\u00e8re et de transition. Cliquez sur ce LIEN pour afficher la liste des cours.<\/p>\n<p>Pour de plus ample informations sur nos programmes de reclassement (outplacement), veuillez nous contacter au <a href=\"mailto:training-formation@bevaglobal.com\">training-formation@bevaglobal.com<\/a><\/p>\n","protected":false},"excerpt":{"rendered":"<p>Vous cherchez un entra\u00eeneur certifi\u00e9 qui peut vous aidez dans votre planification de carri\u00e8re ou vous trouvez un autre emploi? BEVA Global Management, \u00e9galement connue sous le nom de \u00abBEVA\u00bb [&hellip;]<\/p>\n","protected":false},"author":3,"featured_media":0,"parent":0,"menu_order":0,"comment_status":"closed","ping_status":"closed","template":"","meta":{"_et_pb_use_builder":"","_et_pb_old_content":"","_et_gb_content_width":"","_price":"","_stock":"","_tribe_ticket_header":"","_tribe_default_ticket_provider":"","_ticket_start_date":"","_ticket_end_date":"","_tribe_ticket_show_description":"","_tribe_ticket_show_not_going":false,"_tribe_ticket_use_global_stock":"","_tribe_ticket_global_stock_level":"","_global_stock_mode":"","_global_stock_cap":"","_tribe_rsvp_for_event":"","_tribe_ticket_going_count":"","_tribe_ticket_not_going_count":"","_tribe_tickets_list":"[]","_tribe_ticket_has_attendee_info_fields":false,"footnotes":"","_tec_slr_enabled":"","_tec_slr_layout":""},"class_list":["post-5718","page","type-page","status-publish","hentry"],"yoast_head":"<!-- This site is optimized with the Yoast SEO plugin v27.1.1 - https:\/\/yoast.com\/product\/yoast-seo-wordpress\/ -->\n<title>Formation dans la planification de carri\u00e8re et reclassement - BEVA Global Management<\/title>\n<meta name=\"description\" content=\"Formation dans la planification de carri\u00e8re et reclassement | Contact us online\" \/>\n<meta name=\"robots\" content=\"index, follow, max-snippet:-1, max-image-preview:large, max-video-preview:-1\" \/>\n<link rel=\"canonical\" href=\"https:\/\/bevaglobal.com\/fr\/formation-dans-la-planification-de-carriere-et-reclassement\/\" \/>\n<script type=\"application\/ld+json\" class=\"yoast-schema-graph\">{\"@context\":\"https:\/\/schema.org\",\"@graph\":[{\"@type\":\"WebPage\",\"@id\":\"https:\/\/bevaglobal.com\/fr\/formation-dans-la-planification-de-carriere-et-reclassement\/\",\"url\":\"https:\/\/bevaglobal.com\/fr\/formation-dans-la-planification-de-carriere-et-reclassement\/\",\"name\":\"Formation dans la planification de carri\u00e8re et reclassement - BEVA Global Management\",\"isPartOf\":{\"@id\":\"https:\/\/bevaglobal.com\/#website\"},\"datePublished\":\"2018-06-06T08:27:20+00:00\",\"dateModified\":\"2022-10-26T13:07:56+00:00\",\"description\":\"Formation dans la planification de carri\u00e8re et reclassement | Contact us online\",\"breadcrumb\":{\"@id\":\"https:\/\/bevaglobal.com\/fr\/formation-dans-la-planification-de-carriere-et-reclassement\/#breadcrumb\"},\"inLanguage\":\"fr-FR\",\"potentialAction\":[{\"@type\":\"ReadAction\",\"target\":[\"https:\/\/bevaglobal.com\/fr\/formation-dans-la-planification-de-carriere-et-reclassement\/\"]}]},{\"@type\":\"BreadcrumbList\",\"@id\":\"https:\/\/bevaglobal.com\/fr\/formation-dans-la-planification-de-carriere-et-reclassement\/#breadcrumb\",\"itemListElement\":[{\"@type\":\"ListItem\",\"position\":1,\"name\":\"Home\",\"item\":\"https:\/\/bevaglobal.com\/\"},{\"@type\":\"ListItem\",\"position\":2,\"name\":\"Formation dans la planification de carri\u00e8re et reclassement\"}]},{\"@type\":\"WebSite\",\"@id\":\"https:\/\/bevaglobal.com\/#website\",\"url\":\"https:\/\/bevaglobal.com\/\",\"name\":\"BEVA Global Management\",\"description\":\"Your gateway to knowledge!\",\"publisher\":{\"@id\":\"https:\/\/bevaglobal.com\/#organization\"},\"potentialAction\":[{\"@type\":\"SearchAction\",\"target\":{\"@type\":\"EntryPoint\",\"urlTemplate\":\"https:\/\/bevaglobal.com\/?s={search_term_string}\"},\"query-input\":{\"@type\":\"PropertyValueSpecification\",\"valueRequired\":true,\"valueName\":\"search_term_string\"}}],\"inLanguage\":\"fr-FR\"},{\"@type\":\"Organization\",\"@id\":\"https:\/\/bevaglobal.com\/#organization\",\"name\":\"BEVA Global Management\",\"url\":\"https:\/\/bevaglobal.com\/\",\"logo\":{\"@type\":\"ImageObject\",\"inLanguage\":\"fr-FR\",\"@id\":\"https:\/\/bevaglobal.com\/#\/schema\/logo\/image\/\",\"url\":\"https:\/\/bevaglobal.com\/wp-content\/uploads\/2016\/11\/logo-slogan-eng-maj3.jpg\",\"contentUrl\":\"https:\/\/bevaglobal.com\/wp-content\/uploads\/2016\/11\/logo-slogan-eng-maj3.jpg\",\"width\":800,\"height\":290,\"caption\":\"BEVA Global Management\"},\"image\":{\"@id\":\"https:\/\/bevaglobal.com\/#\/schema\/logo\/image\/\"}}]}<\/script>\n<!-- \/ Yoast SEO plugin. -->","yoast_head_json":{"title":"Formation dans la planification de carri\u00e8re et reclassement - BEVA Global Management","description":"Formation dans la planification de carri\u00e8re et reclassement | Contact us online","robots":{"index":"index","follow":"follow","max-snippet":"max-snippet:-1","max-image-preview":"max-image-preview:large","max-video-preview":"max-video-preview:-1"},"canonical":"https:\/\/bevaglobal.com\/fr\/formation-dans-la-planification-de-carriere-et-reclassement\/","schema":{"@context":"https:\/\/schema.org","@graph":[{"@type":"WebPage","@id":"https:\/\/bevaglobal.com\/fr\/formation-dans-la-planification-de-carriere-et-reclassement\/","url":"https:\/\/bevaglobal.com\/fr\/formation-dans-la-planification-de-carriere-et-reclassement\/","name":"Formation dans la planification de carri\u00e8re et reclassement - BEVA Global Management","isPartOf":{"@id":"https:\/\/bevaglobal.com\/#website"},"datePublished":"2018-06-06T08:27:20+00:00","dateModified":"2022-10-26T13:07:56+00:00","description":"Formation dans la planification de carri\u00e8re et reclassement | Contact us online","breadcrumb":{"@id":"https:\/\/bevaglobal.com\/fr\/formation-dans-la-planification-de-carriere-et-reclassement\/#breadcrumb"},"inLanguage":"fr-FR","potentialAction":[{"@type":"ReadAction","target":["https:\/\/bevaglobal.com\/fr\/formation-dans-la-planification-de-carriere-et-reclassement\/"]}]},{"@type":"BreadcrumbList","@id":"https:\/\/bevaglobal.com\/fr\/formation-dans-la-planification-de-carriere-et-reclassement\/#breadcrumb","itemListElement":[{"@type":"ListItem","position":1,"name":"Home","item":"https:\/\/bevaglobal.com\/"},{"@type":"ListItem","position":2,"name":"Formation dans la planification de carri\u00e8re et reclassement"}]},{"@type":"WebSite","@id":"https:\/\/bevaglobal.com\/#website","url":"https:\/\/bevaglobal.com\/","name":"BEVA Global Management","description":"Your gateway to knowledge!","publisher":{"@id":"https:\/\/bevaglobal.com\/#organization"},"potentialAction":[{"@type":"SearchAction","target":{"@type":"EntryPoint","urlTemplate":"https:\/\/bevaglobal.com\/?s={search_term_string}"},"query-input":{"@type":"PropertyValueSpecification","valueRequired":true,"valueName":"search_term_string"}}],"inLanguage":"fr-FR"},{"@type":"Organization","@id":"https:\/\/bevaglobal.com\/#organization","name":"BEVA Global Management","url":"https:\/\/bevaglobal.com\/","logo":{"@type":"ImageObject","inLanguage":"fr-FR","@id":"https:\/\/bevaglobal.com\/#\/schema\/logo\/image\/","url":"https:\/\/bevaglobal.com\/wp-content\/uploads\/2016\/11\/logo-slogan-eng-maj3.jpg","contentUrl":"https:\/\/bevaglobal.com\/wp-content\/uploads\/2016\/11\/logo-slogan-eng-maj3.jpg","width":800,"height":290,"caption":"BEVA Global Management"},"image":{"@id":"https:\/\/bevaglobal.com\/#\/schema\/logo\/image\/"}}]}},"jetpack_sharing_enabled":true,"ticketed":false,"_links":{"self":[{"href":"https:\/\/bevaglobal.com\/fr\/wp-json\/wp\/v2\/pages\/5718","targetHints":{"allow":["GET"]}}],"collection":[{"href":"https:\/\/bevaglobal.com\/fr\/wp-json\/wp\/v2\/pages"}],"about":[{"href":"https:\/\/bevaglobal.com\/fr\/wp-json\/wp\/v2\/types\/page"}],"author":[{"embeddable":true,"href":"https:\/\/bevaglobal.com\/fr\/wp-json\/wp\/v2\/users\/3"}],"replies":[{"embeddable":true,"href":"https:\/\/bevaglobal.com\/fr\/wp-json\/wp\/v2\/comments?post=5718"}],"version-history":[{"count":2,"href":"https:\/\/bevaglobal.com\/fr\/wp-json\/wp\/v2\/pages\/5718\/revisions"}],"predecessor-version":[{"id":26384,"href":"https:\/\/bevaglobal.com\/fr\/wp-json\/wp\/v2\/pages\/5718\/revisions\/26384"}],"wp:attachment":[{"href":"https:\/\/bevaglobal.com\/fr\/wp-json\/wp\/v2\/media?parent=5718"}],"curies":[{"name":"wp","href":"https:\/\/api.w.org\/{rel}","templated":true}]}}