{"id":5867,"date":"2018-06-06T10:27:40","date_gmt":"2018-06-06T10:27:40","guid":{"rendered":"https:\/\/bevaglobal.com\/?page_id=5867"},"modified":"2023-06-02T11:19:53","modified_gmt":"2023-06-02T11:19:53","slug":"subvention-canada-ontario-pour-lemploi-2","status":"publish","type":"page","link":"https:\/\/bevaglobal.com\/fr\/subvention-canada-ontario-pour-lemploi-2\/","title":{"rendered":"Subvention Canada-Ontario pour l&#8217;emploi"},"content":{"rendered":"<p style=\"text-align: center;\"><span style=\"color: #000000;\"><strong>Subvention Canada-Ontario pour l\u2019emploi &#8211; Une subvention pour former vos employ\u00e9s<\/strong><\/span><\/p>\n<p><strong>Pourquoi devrais-je former mes employ\u00e9s ?<\/strong><\/p>\n<p>La formation peut am\u00e9liorer les performances de l\u2019entreprise, ses b\u00e9n\u00e9fices et le moral de son personnel. Selon le Forum canadien sur l\u2019apprentissage, de chaque dollar investi dans la formation, l\u2019employeur retire en moyenne 1,38 $. Si vous voulez procurer \u00e0 votre entreprise les avantages de la formation pratique, cette subvention est pour vous.<\/p>\n<p><em><span style=\"color: #3366ff;\"><strong>Note BEVA :<\/strong><\/span><\/em><\/p>\n<p><em>De plus, la formation :<\/em><\/p>\n<p><em>\u2014   Est un excellent outil de recrutement       \u2014   Est un excellent outil de r\u00e9tention de la main d\u2019\u0153uvre<\/em><\/p>\n<p><em>\u2014   Favorise la satisfaction au travail             \u2014   Est crucial pour le transfert des connaissances<\/em><\/p>\n<p><em>\u2014   Diminue le besoin de surveillance           \u2014   Favorise l\u2019image positive de votre entreprise<\/em><\/p>\n<p><strong>Combien d\u2019argent puis-je recevoir ?<\/strong><\/p>\n<p>La Subvention financera, en moyenne deux tiers des co\u00fbts de formation admissibles d\u2019un travailleur, jusqu\u2019\u00e0 10 000 $. Les co\u00fbts de formation admissibles comprennent les frais de scolarit\u00e9, les frais accessoires, les manuels et le mat\u00e9riel. Vous assumez le reste des co\u00fbts et vous embauchez la personne que vous formez.<\/p>\n<p><strong>Toutes les entreprises sont-elles admissibles au financement ?<\/strong><\/p>\n<p>Les entreprises ainsi que les associations d\u2019entreprises peuvent pr\u00e9senter une demande. Les organismes du secteur parapublic ou les fournisseurs de services pour la Subvention Canada-Ontario pour l\u2019emploi ne sont pas admissibles. Par ailleurs, vous ne pouvez pas pr\u00e9senter une demande si vous recevez d\u00e9j\u00e0 un financement public pour la formation du m\u00eame travailleur.<\/p>\n<p><em><span style=\"color: #3366ff;\"><strong>Note BEVA :<\/strong><\/span><\/em><\/p>\n<p>Les employeurs individuels du <em>secteur priv\u00e9<\/em> et du <em>secteur sans but lucratif<\/em>, les <em>conseils de bandes des Premi\u00e8res Nations <\/em>et les <em>organisations qui agissent pour le compte d\u2019employeurs<\/em> (y compris les centres de formation des syndicats, les associations professionnelles, les coordonnateurs de formation et les consortiums d\u2019employeur qui satisfont les exigences) peuvent pr\u00e9senter une demande de subvention.<\/p>\n<p><strong>Quelles sont les conditions ?<\/strong><\/p>\n<p>Votre entreprise doit :<\/p>\n<ul>\n<li>Couvrir au moins le tiers des co\u00fbts de formation;<\/li>\n<li>Embaucher la personne que vous pr\u00e9voyez de former (si elles ne sont pas d\u00e9j\u00e0 des employ\u00e9es);<\/li>\n<li>\u00catre autoris\u00e9e \u00e0 exercer des activit\u00e9s en Ontario;<\/li>\n<li>Avoir souscrit une assurance et respecter les lois sur le travail et sur les droits de la personne.<\/li>\n<\/ul>\n<p>De plus, la formation <strong>doit avoir lieu en Ontario<\/strong>, et <strong>l\u2019emploi doit y \u00eatre situ\u00e9<\/strong>.<\/p>\n<p><strong>Qui assure la formation ?<\/strong><\/p>\n<p>Vous pouvez choisir toute formation appropri\u00e9e propos\u00e9e par un formateur tiers admissible. Consultez le site Web et le formulaire de demande du Minist\u00e8re de l\u2019\u00c9ducation de l\u2019Ontario pour en savoir plus.<\/p>\n<p><em><span style=\"color: #3366ff;\"><strong>Note BEVA :<\/strong><\/span><\/em><\/p>\n<p><em>Les \u00e9tablissements de formation admissibles consistent des :<\/em><\/p>\n<p><em>&#8211;   Coll\u00e8ges d\u2019arts appliqu\u00e9s et de technologie       &#8211;   Universit\u00e9s publiques<\/em><\/p>\n<p><em>&#8211;   Conseils scolaires                                                    &#8211;   Centres de formation syndicaux<\/em><\/p>\n<p><em>&#8211;   Formateurs priv\u00e9s qui \u0153uvrent dans le             &#8211;   Vendeurs de produits<\/em><\/p>\n<p><em>cadre de la Loi de 2005 sur les coll\u00e8ges<\/em><\/p>\n<p><em>priv\u00e9s d\u2019enseignement professionnel<\/em><\/p>\n<p><strong>Qui peut obtenir une formation ?<\/strong><\/p>\n<p>La travailleuse ou le travailleur doit :<\/p>\n<ul>\n<li>\u00catre parrain\u00e9 par un employeur;<\/li>\n<li>\u00catre r\u00e9sident de l\u2019Ontario;<\/li>\n<li>\u00catre citoyen canadien, r\u00e9sident permanent ou personne prot\u00e9g\u00e9e;<\/li>\n<li>Ne pas suivre d\u00e9j\u00e0 des \u00e9tudes ou une formation \u00e0 temps plein.<\/li>\n<\/ul>\n<p>(Pour <strong>des renseignements suppl\u00e9mentaires<\/strong> concernant la SCOE veuillez communiquer avec Richard Bett ou visitez le <strong>site Web du Minist\u00e8re de l\u2019\u00c9ducation<\/strong> de l\u2019Ontario : <a href=\"https:\/\/www.tcu.gov.on.ca\/fre\/eopg\/cojg\/cojg_faq.html\">https:\/\/www.tcu.gov.on.ca\/fre\/eopg\/cojg\/cojg_faq.html<\/a>.)<\/p>\n<p>Richard Bett<\/p>\n<p><strong>Conseiller en formation<\/strong><\/p>\n<p>BEVA Global Management Inc.<\/p>\n<p>613 693-1250, poste 252<\/p>\n<p>Richard.Bett@bevaglobal.ca<\/p>\n","protected":false},"excerpt":{"rendered":"<p>Subvention Canada-Ontario pour l\u2019emploi &#8211; Une subvention pour former vos employ\u00e9s Pourquoi devrais-je former mes employ\u00e9s ? La formation peut am\u00e9liorer les performances de l\u2019entreprise, ses b\u00e9n\u00e9fices et le moral [&hellip;]<\/p>\n","protected":false},"author":3,"featured_media":0,"parent":0,"menu_order":0,"comment_status":"open","ping_status":"open","template":"","meta":{"_et_pb_use_builder":"","_et_pb_old_content":"","_et_gb_content_width":"","_price":"","_stock":"","_tribe_ticket_header":"","_tribe_default_ticket_provider":"","_ticket_start_date":"","_ticket_end_date":"","_tribe_ticket_show_description":"","_tribe_ticket_show_not_going":false,"_tribe_ticket_use_global_stock":"","_tribe_ticket_global_stock_level":"","_global_stock_mode":"","_global_stock_cap":"","_tribe_rsvp_for_event":"","_tribe_ticket_going_count":"","_tribe_ticket_not_going_count":"","_tribe_tickets_list":"[]","_tribe_ticket_has_attendee_info_fields":false,"footnotes":"","_tec_slr_enabled":"","_tec_slr_layout":""},"class_list":["post-5867","page","type-page","status-publish","hentry"],"yoast_head":"<!-- This site is optimized with the Yoast SEO plugin v27.1.1 - https:\/\/yoast.com\/product\/yoast-seo-wordpress\/ -->\n<title>Subvention Canada-Ontario pour l&#039;emploi - BEVA Global Management<\/title>\n<meta name=\"description\" content=\"Subvention Canada-Ontario pour l&#039;emploi | Contact us online\" \/>\n<meta name=\"robots\" content=\"index, follow, max-snippet:-1, max-image-preview:large, max-video-preview:-1\" \/>\n<link rel=\"canonical\" href=\"https:\/\/bevaglobal.com\/fr\/subvention-canada-ontario-pour-lemploi-2\/\" \/>\n<script type=\"application\/ld+json\" class=\"yoast-schema-graph\">{\"@context\":\"https:\/\/schema.org\",\"@graph\":[{\"@type\":\"WebPage\",\"@id\":\"https:\/\/bevaglobal.com\/fr\/subvention-canada-ontario-pour-lemploi-2\/\",\"url\":\"https:\/\/bevaglobal.com\/fr\/subvention-canada-ontario-pour-lemploi-2\/\",\"name\":\"Subvention Canada-Ontario pour l'emploi - BEVA Global Management\",\"isPartOf\":{\"@id\":\"https:\/\/bevaglobal.com\/#website\"},\"datePublished\":\"2018-06-06T10:27:40+00:00\",\"dateModified\":\"2023-06-02T11:19:53+00:00\",\"description\":\"Subvention Canada-Ontario pour l'emploi | Contact us online\",\"breadcrumb\":{\"@id\":\"https:\/\/bevaglobal.com\/fr\/subvention-canada-ontario-pour-lemploi-2\/#breadcrumb\"},\"inLanguage\":\"fr-FR\",\"potentialAction\":[{\"@type\":\"ReadAction\",\"target\":[\"https:\/\/bevaglobal.com\/fr\/subvention-canada-ontario-pour-lemploi-2\/\"]}]},{\"@type\":\"BreadcrumbList\",\"@id\":\"https:\/\/bevaglobal.com\/fr\/subvention-canada-ontario-pour-lemploi-2\/#breadcrumb\",\"itemListElement\":[{\"@type\":\"ListItem\",\"position\":1,\"name\":\"Home\",\"item\":\"https:\/\/bevaglobal.com\/\"},{\"@type\":\"ListItem\",\"position\":2,\"name\":\"Subvention Canada-Ontario pour l&#8217;emploi\"}]},{\"@type\":\"WebSite\",\"@id\":\"https:\/\/bevaglobal.com\/#website\",\"url\":\"https:\/\/bevaglobal.com\/\",\"name\":\"BEVA Global Management\",\"description\":\"Your gateway to knowledge!\",\"publisher\":{\"@id\":\"https:\/\/bevaglobal.com\/#organization\"},\"potentialAction\":[{\"@type\":\"SearchAction\",\"target\":{\"@type\":\"EntryPoint\",\"urlTemplate\":\"https:\/\/bevaglobal.com\/?s={search_term_string}\"},\"query-input\":{\"@type\":\"PropertyValueSpecification\",\"valueRequired\":true,\"valueName\":\"search_term_string\"}}],\"inLanguage\":\"fr-FR\"},{\"@type\":\"Organization\",\"@id\":\"https:\/\/bevaglobal.com\/#organization\",\"name\":\"BEVA Global Management\",\"url\":\"https:\/\/bevaglobal.com\/\",\"logo\":{\"@type\":\"ImageObject\",\"inLanguage\":\"fr-FR\",\"@id\":\"https:\/\/bevaglobal.com\/#\/schema\/logo\/image\/\",\"url\":\"https:\/\/bevaglobal.com\/wp-content\/uploads\/2016\/11\/logo-slogan-eng-maj3.jpg\",\"contentUrl\":\"https:\/\/bevaglobal.com\/wp-content\/uploads\/2016\/11\/logo-slogan-eng-maj3.jpg\",\"width\":800,\"height\":290,\"caption\":\"BEVA Global Management\"},\"image\":{\"@id\":\"https:\/\/bevaglobal.com\/#\/schema\/logo\/image\/\"}}]}<\/script>\n<!-- \/ Yoast SEO plugin. -->","yoast_head_json":{"title":"Subvention Canada-Ontario pour l'emploi - BEVA Global Management","description":"Subvention Canada-Ontario pour l'emploi | Contact us online","robots":{"index":"index","follow":"follow","max-snippet":"max-snippet:-1","max-image-preview":"max-image-preview:large","max-video-preview":"max-video-preview:-1"},"canonical":"https:\/\/bevaglobal.com\/fr\/subvention-canada-ontario-pour-lemploi-2\/","schema":{"@context":"https:\/\/schema.org","@graph":[{"@type":"WebPage","@id":"https:\/\/bevaglobal.com\/fr\/subvention-canada-ontario-pour-lemploi-2\/","url":"https:\/\/bevaglobal.com\/fr\/subvention-canada-ontario-pour-lemploi-2\/","name":"Subvention Canada-Ontario pour l'emploi - BEVA Global Management","isPartOf":{"@id":"https:\/\/bevaglobal.com\/#website"},"datePublished":"2018-06-06T10:27:40+00:00","dateModified":"2023-06-02T11:19:53+00:00","description":"Subvention Canada-Ontario pour l'emploi | Contact us online","breadcrumb":{"@id":"https:\/\/bevaglobal.com\/fr\/subvention-canada-ontario-pour-lemploi-2\/#breadcrumb"},"inLanguage":"fr-FR","potentialAction":[{"@type":"ReadAction","target":["https:\/\/bevaglobal.com\/fr\/subvention-canada-ontario-pour-lemploi-2\/"]}]},{"@type":"BreadcrumbList","@id":"https:\/\/bevaglobal.com\/fr\/subvention-canada-ontario-pour-lemploi-2\/#breadcrumb","itemListElement":[{"@type":"ListItem","position":1,"name":"Home","item":"https:\/\/bevaglobal.com\/"},{"@type":"ListItem","position":2,"name":"Subvention Canada-Ontario pour l&#8217;emploi"}]},{"@type":"WebSite","@id":"https:\/\/bevaglobal.com\/#website","url":"https:\/\/bevaglobal.com\/","name":"BEVA Global Management","description":"Your gateway to knowledge!","publisher":{"@id":"https:\/\/bevaglobal.com\/#organization"},"potentialAction":[{"@type":"SearchAction","target":{"@type":"EntryPoint","urlTemplate":"https:\/\/bevaglobal.com\/?s={search_term_string}"},"query-input":{"@type":"PropertyValueSpecification","valueRequired":true,"valueName":"search_term_string"}}],"inLanguage":"fr-FR"},{"@type":"Organization","@id":"https:\/\/bevaglobal.com\/#organization","name":"BEVA Global Management","url":"https:\/\/bevaglobal.com\/","logo":{"@type":"ImageObject","inLanguage":"fr-FR","@id":"https:\/\/bevaglobal.com\/#\/schema\/logo\/image\/","url":"https:\/\/bevaglobal.com\/wp-content\/uploads\/2016\/11\/logo-slogan-eng-maj3.jpg","contentUrl":"https:\/\/bevaglobal.com\/wp-content\/uploads\/2016\/11\/logo-slogan-eng-maj3.jpg","width":800,"height":290,"caption":"BEVA Global Management"},"image":{"@id":"https:\/\/bevaglobal.com\/#\/schema\/logo\/image\/"}}]}},"jetpack_sharing_enabled":true,"ticketed":false,"_links":{"self":[{"href":"https:\/\/bevaglobal.com\/fr\/wp-json\/wp\/v2\/pages\/5867","targetHints":{"allow":["GET"]}}],"collection":[{"href":"https:\/\/bevaglobal.com\/fr\/wp-json\/wp\/v2\/pages"}],"about":[{"href":"https:\/\/bevaglobal.com\/fr\/wp-json\/wp\/v2\/types\/page"}],"author":[{"embeddable":true,"href":"https:\/\/bevaglobal.com\/fr\/wp-json\/wp\/v2\/users\/3"}],"replies":[{"embeddable":true,"href":"https:\/\/bevaglobal.com\/fr\/wp-json\/wp\/v2\/comments?post=5867"}],"version-history":[{"count":3,"href":"https:\/\/bevaglobal.com\/fr\/wp-json\/wp\/v2\/pages\/5867\/revisions"}],"predecessor-version":[{"id":30355,"href":"https:\/\/bevaglobal.com\/fr\/wp-json\/wp\/v2\/pages\/5867\/revisions\/30355"}],"wp:attachment":[{"href":"https:\/\/bevaglobal.com\/fr\/wp-json\/wp\/v2\/media?parent=5867"}],"curies":[{"name":"wp","href":"https:\/\/api.w.org\/{rel}","templated":true}]}}