{"id":5906,"date":"2018-06-06T10:44:14","date_gmt":"2018-06-06T10:44:14","guid":{"rendered":"https:\/\/bevaglobal.com\/?page_id=5906"},"modified":"2022-10-21T08:11:26","modified_gmt":"2022-10-21T08:11:26","slug":"master-talents","status":"publish","type":"page","link":"https:\/\/bevaglobal.com\/fr\/master-talents\/","title":{"rendered":"Master Talents\u00ae"},"content":{"rendered":"<p><strong>L&rsquo;OUTIL :<\/strong><br \/>\nMASTER TALENTS\u00ae est fond\u00e9 sur la d\u00e9finition pr\u00e9cise du poste \u00e0 pourvoir et celle du candidat id\u00e9al en mati\u00e8re de savoir, de savoir-faire et de savoir-\u00eatre.<\/p>\n<p>Pour chaque candidature re\u00e7ue, d\u00e8s la lecture du CV, vous obtenez un score qui vous guide dans les candidats \u00e0 prioriser&#8230; et ceux \u00e0 mettre de c\u00f4t\u00e9.<\/p>\n<p>A l&rsquo;issue des entretiens, des grilles d&rsquo;analyse vous donnent des scores compl\u00e9mentaires et vous conduisent &#8211; en toute objectivit\u00e9 &#8211; vers le ou les candidats les mieux plac\u00e9s.<\/p>\n<p><strong>LE PROCESSUS :<\/strong><\/p>\n<p>&gt; param\u00e9trage de l&rsquo;outil en fonction de vos attentes pr\u00e9cises ;<br \/>\n&gt; mise en main du Guide M\u00e9thodologique du recrutement (r\u00e9diger une annonce, conduire un entretien&#8230;) ;<br \/>\n&gt; accompagnement sur les premiers entretiens ;<br \/>\n&gt; \u00e9laboration de la grille d&rsquo;accompagnement \u00e0 la prise de fonction.<\/p>\n","protected":false},"excerpt":{"rendered":"<p>L&rsquo;OUTIL : MASTER TALENTS\u00ae est fond\u00e9 sur la d\u00e9finition pr\u00e9cise du poste \u00e0 pourvoir et celle du candidat id\u00e9al en mati\u00e8re de savoir, de savoir-faire et de savoir-\u00eatre. Pour chaque [&hellip;]<\/p>\n","protected":false},"author":3,"featured_media":0,"parent":0,"menu_order":0,"comment_status":"open","ping_status":"open","template":"","meta":{"_et_pb_use_builder":"","_et_pb_old_content":"","_et_gb_content_width":"","_price":"","_stock":"","_tribe_ticket_header":"","_tribe_default_ticket_provider":"","_ticket_start_date":"","_ticket_end_date":"","_tribe_ticket_show_description":"","_tribe_ticket_show_not_going":false,"_tribe_ticket_use_global_stock":"","_tribe_ticket_global_stock_level":"","_global_stock_mode":"","_global_stock_cap":"","_tribe_rsvp_for_event":"","_tribe_ticket_going_count":"","_tribe_ticket_not_going_count":"","_tribe_tickets_list":"[]","_tribe_ticket_has_attendee_info_fields":false,"footnotes":"","_tec_slr_enabled":"","_tec_slr_layout":""},"class_list":["post-5906","page","type-page","status-publish","hentry"],"yoast_head":"<!-- This site is optimized with the Yoast SEO plugin v27.1.1 - https:\/\/yoast.com\/product\/yoast-seo-wordpress\/ -->\n<title>Master Talents\u00ae - BEVA Global Management<\/title>\n<meta name=\"description\" content=\"Master Talents\u00ae | Contact us online\" \/>\n<meta name=\"robots\" content=\"index, follow, max-snippet:-1, max-image-preview:large, max-video-preview:-1\" \/>\n<link rel=\"canonical\" href=\"https:\/\/bevaglobal.com\/fr\/master-talents\/\" \/>\n<script type=\"application\/ld+json\" class=\"yoast-schema-graph\">{\"@context\":\"https:\/\/schema.org\",\"@graph\":[{\"@type\":\"WebPage\",\"@id\":\"https:\/\/bevaglobal.com\/fr\/master-talents\/\",\"url\":\"https:\/\/bevaglobal.com\/fr\/master-talents\/\",\"name\":\"Master Talents\u00ae - BEVA Global Management\",\"isPartOf\":{\"@id\":\"https:\/\/bevaglobal.com\/#website\"},\"datePublished\":\"2018-06-06T10:44:14+00:00\",\"dateModified\":\"2022-10-21T08:11:26+00:00\",\"description\":\"Master Talents\u00ae | Contact us online\",\"breadcrumb\":{\"@id\":\"https:\/\/bevaglobal.com\/fr\/master-talents\/#breadcrumb\"},\"inLanguage\":\"fr-FR\",\"potentialAction\":[{\"@type\":\"ReadAction\",\"target\":[\"https:\/\/bevaglobal.com\/fr\/master-talents\/\"]}]},{\"@type\":\"BreadcrumbList\",\"@id\":\"https:\/\/bevaglobal.com\/fr\/master-talents\/#breadcrumb\",\"itemListElement\":[{\"@type\":\"ListItem\",\"position\":1,\"name\":\"Home\",\"item\":\"https:\/\/bevaglobal.com\/\"},{\"@type\":\"ListItem\",\"position\":2,\"name\":\"Master Talents\u00ae\"}]},{\"@type\":\"WebSite\",\"@id\":\"https:\/\/bevaglobal.com\/#website\",\"url\":\"https:\/\/bevaglobal.com\/\",\"name\":\"BEVA Global Management\",\"description\":\"Your gateway to knowledge!\",\"publisher\":{\"@id\":\"https:\/\/bevaglobal.com\/#organization\"},\"potentialAction\":[{\"@type\":\"SearchAction\",\"target\":{\"@type\":\"EntryPoint\",\"urlTemplate\":\"https:\/\/bevaglobal.com\/?s={search_term_string}\"},\"query-input\":{\"@type\":\"PropertyValueSpecification\",\"valueRequired\":true,\"valueName\":\"search_term_string\"}}],\"inLanguage\":\"fr-FR\"},{\"@type\":\"Organization\",\"@id\":\"https:\/\/bevaglobal.com\/#organization\",\"name\":\"BEVA Global Management\",\"url\":\"https:\/\/bevaglobal.com\/\",\"logo\":{\"@type\":\"ImageObject\",\"inLanguage\":\"fr-FR\",\"@id\":\"https:\/\/bevaglobal.com\/#\/schema\/logo\/image\/\",\"url\":\"https:\/\/bevaglobal.com\/wp-content\/uploads\/2016\/11\/logo-slogan-eng-maj3.jpg\",\"contentUrl\":\"https:\/\/bevaglobal.com\/wp-content\/uploads\/2016\/11\/logo-slogan-eng-maj3.jpg\",\"width\":800,\"height\":290,\"caption\":\"BEVA Global Management\"},\"image\":{\"@id\":\"https:\/\/bevaglobal.com\/#\/schema\/logo\/image\/\"}}]}<\/script>\n<!-- \/ Yoast SEO plugin. -->","yoast_head_json":{"title":"Master Talents\u00ae - BEVA Global Management","description":"Master Talents\u00ae | Contact us online","robots":{"index":"index","follow":"follow","max-snippet":"max-snippet:-1","max-image-preview":"max-image-preview:large","max-video-preview":"max-video-preview:-1"},"canonical":"https:\/\/bevaglobal.com\/fr\/master-talents\/","schema":{"@context":"https:\/\/schema.org","@graph":[{"@type":"WebPage","@id":"https:\/\/bevaglobal.com\/fr\/master-talents\/","url":"https:\/\/bevaglobal.com\/fr\/master-talents\/","name":"Master Talents\u00ae - BEVA Global Management","isPartOf":{"@id":"https:\/\/bevaglobal.com\/#website"},"datePublished":"2018-06-06T10:44:14+00:00","dateModified":"2022-10-21T08:11:26+00:00","description":"Master Talents\u00ae | Contact us online","breadcrumb":{"@id":"https:\/\/bevaglobal.com\/fr\/master-talents\/#breadcrumb"},"inLanguage":"fr-FR","potentialAction":[{"@type":"ReadAction","target":["https:\/\/bevaglobal.com\/fr\/master-talents\/"]}]},{"@type":"BreadcrumbList","@id":"https:\/\/bevaglobal.com\/fr\/master-talents\/#breadcrumb","itemListElement":[{"@type":"ListItem","position":1,"name":"Home","item":"https:\/\/bevaglobal.com\/"},{"@type":"ListItem","position":2,"name":"Master Talents\u00ae"}]},{"@type":"WebSite","@id":"https:\/\/bevaglobal.com\/#website","url":"https:\/\/bevaglobal.com\/","name":"BEVA Global Management","description":"Your gateway to knowledge!","publisher":{"@id":"https:\/\/bevaglobal.com\/#organization"},"potentialAction":[{"@type":"SearchAction","target":{"@type":"EntryPoint","urlTemplate":"https:\/\/bevaglobal.com\/?s={search_term_string}"},"query-input":{"@type":"PropertyValueSpecification","valueRequired":true,"valueName":"search_term_string"}}],"inLanguage":"fr-FR"},{"@type":"Organization","@id":"https:\/\/bevaglobal.com\/#organization","name":"BEVA Global Management","url":"https:\/\/bevaglobal.com\/","logo":{"@type":"ImageObject","inLanguage":"fr-FR","@id":"https:\/\/bevaglobal.com\/#\/schema\/logo\/image\/","url":"https:\/\/bevaglobal.com\/wp-content\/uploads\/2016\/11\/logo-slogan-eng-maj3.jpg","contentUrl":"https:\/\/bevaglobal.com\/wp-content\/uploads\/2016\/11\/logo-slogan-eng-maj3.jpg","width":800,"height":290,"caption":"BEVA Global Management"},"image":{"@id":"https:\/\/bevaglobal.com\/#\/schema\/logo\/image\/"}}]}},"jetpack_sharing_enabled":true,"ticketed":false,"_links":{"self":[{"href":"https:\/\/bevaglobal.com\/fr\/wp-json\/wp\/v2\/pages\/5906","targetHints":{"allow":["GET"]}}],"collection":[{"href":"https:\/\/bevaglobal.com\/fr\/wp-json\/wp\/v2\/pages"}],"about":[{"href":"https:\/\/bevaglobal.com\/fr\/wp-json\/wp\/v2\/types\/page"}],"author":[{"embeddable":true,"href":"https:\/\/bevaglobal.com\/fr\/wp-json\/wp\/v2\/users\/3"}],"replies":[{"embeddable":true,"href":"https:\/\/bevaglobal.com\/fr\/wp-json\/wp\/v2\/comments?post=5906"}],"version-history":[{"count":3,"href":"https:\/\/bevaglobal.com\/fr\/wp-json\/wp\/v2\/pages\/5906\/revisions"}],"predecessor-version":[{"id":26269,"href":"https:\/\/bevaglobal.com\/fr\/wp-json\/wp\/v2\/pages\/5906\/revisions\/26269"}],"wp:attachment":[{"href":"https:\/\/bevaglobal.com\/fr\/wp-json\/wp\/v2\/media?parent=5906"}],"curies":[{"name":"wp","href":"https:\/\/api.w.org\/{rel}","templated":true}]}}