{"id":5920,"date":"2018-06-06T10:48:51","date_gmt":"2018-06-06T10:48:51","guid":{"rendered":"https:\/\/bevaglobal.com\/?page_id=5920"},"modified":"2018-06-06T10:48:51","modified_gmt":"2018-06-06T10:48:51","slug":"evaluation-pm-360","status":"publish","type":"page","link":"https:\/\/bevaglobal.com\/fr\/evaluation-pm-360\/","title":{"rendered":"\u00c9valuation PM 360"},"content":{"rendered":"<p><strong>PM 360 \u00b0 : L\u2019INSTRUMENT<\/strong><\/p>\n<p>Le PM 360\u00b0 est un jeu de questions en ligne, qui fait partie d\u2019une plate-forme plus large du 360\u00b0 et qui contient des questionnaires pour les niveaux de direction et de gestion, la gestion des ventes, la gestion des risques en gestion de projet et plus encore. Un 360\u00b0 est une liste de questions comportementales, \u00e9ventuellement compl\u00e9t\u00e9e par un certain nombre de questions ouvertes, et qui est \u00e9valu\u00e9e par le milieu professionnel d\u2019une personne (appel\u00e9e Self), soit le gestionnaire de projet et son patron, son commanditaire, ses pairs et son \u00e9quipe de projet. La liste PM360\u00b0 est bas\u00e9e sur la recherche et couvre un large \u00e9ventail de comportements que les gestionnaires de projet qui ont du succ\u00e8s affichent dans des situations vari\u00e9es. <strong><\/strong><\/p>\n<p><strong>PM 360 \u00b0 : LE RAPPORT<\/strong> Le rapport de r\u00e9troaction PM 360\u00b0 se compose de trois parties :<\/p>\n<p>1. La premi\u00e8re partie du rapport donne un aper\u00e7u graphique de la fa\u00e7on dont la r\u00e9ponse du Soi se rapporte \u00e0 la r\u00e9ponse des personnes qui ont r\u00e9pondu au questionnaire. Le premier graphique montre une image g\u00e9n\u00e9rique et un second graphique donne un aper\u00e7u de l\u2019individu par rapport aux diff\u00e9rents sous-groupes.<\/p>\n<p>2. La deuxi\u00e8me partie du rapport contient les donn\u00e9es consolid\u00e9es de toutes les personnes qui ont r\u00e9pondu, sauf les r\u00e9ponses du patron. Toutes les questions et leurs r\u00e9ponses respectives sont r\u00e9pertori\u00e9es.<\/p>\n<p>3. La troisi\u00e8me partie pr\u00e9sente les r\u00e9ponses aux questions ouvertes et constitue des t\u00e9moignages tr\u00e8s pr\u00e9cieux d\u2019appr\u00e9ciation ainsi que des commentaires personnels pour l\u2019individu.<\/p>\n<p><strong>\u00c9GALEMENT DISPONIBLE SUR NOTRE PLATEFORME 360\u00b0 :<\/strong><\/p>\n<ul>\n<li>360 \u00b0 pour les patrons de bureau de gestion de projet<\/li>\n<li>360 \u00b0 pour la gestion de projet et la gestion des risques<\/li>\n<\/ul>\n","protected":false},"excerpt":{"rendered":"<p>PM 360 \u00b0 : L\u2019INSTRUMENT Le PM 360\u00b0 est un jeu de questions en ligne, qui fait partie d\u2019une plate-forme plus large du 360\u00b0 et qui contient des questionnaires pour [&hellip;]<\/p>\n","protected":false},"author":3,"featured_media":0,"parent":0,"menu_order":0,"comment_status":"open","ping_status":"open","template":"","meta":{"_et_pb_use_builder":"","_et_pb_old_content":"","_et_gb_content_width":"","_price":"","_stock":"","_tribe_ticket_header":"","_tribe_default_ticket_provider":"","_ticket_start_date":"","_ticket_end_date":"","_tribe_ticket_show_description":"","_tribe_ticket_show_not_going":false,"_tribe_ticket_use_global_stock":"","_tribe_ticket_global_stock_level":"","_global_stock_mode":"","_global_stock_cap":"","_tribe_rsvp_for_event":"","_tribe_ticket_going_count":"","_tribe_ticket_not_going_count":"","_tribe_tickets_list":"[]","_tribe_ticket_has_attendee_info_fields":false,"footnotes":"","_tec_slr_enabled":"","_tec_slr_layout":""},"class_list":["post-5920","page","type-page","status-publish","hentry"],"yoast_head":"<!-- This site is optimized with the Yoast SEO plugin v27.1.1 - https:\/\/yoast.com\/product\/yoast-seo-wordpress\/ -->\n<title>\u00c9valuation PM 360 - BEVA Global Management<\/title>\n<meta name=\"description\" content=\"\u00c9valuation PM 360 | Contact us online\" \/>\n<meta name=\"robots\" content=\"index, follow, max-snippet:-1, max-image-preview:large, max-video-preview:-1\" \/>\n<link rel=\"canonical\" href=\"https:\/\/bevaglobal.com\/evaluation-pm-360\/?lang=fr\" \/>\n<script type=\"application\/ld+json\" class=\"yoast-schema-graph\">{\"@context\":\"https:\/\/schema.org\",\"@graph\":[{\"@type\":\"WebPage\",\"@id\":\"https:\/\/bevaglobal.com\/evaluation-pm-360\/?lang=fr\",\"url\":\"https:\/\/bevaglobal.com\/evaluation-pm-360\/?lang=fr\",\"name\":\"\u00c9valuation PM 360 - BEVA Global Management\",\"isPartOf\":{\"@id\":\"https:\/\/bevaglobal.com\/#website\"},\"datePublished\":\"2018-06-06T10:48:51+00:00\",\"description\":\"\u00c9valuation PM 360 | Contact us online\",\"breadcrumb\":{\"@id\":\"https:\/\/bevaglobal.com\/evaluation-pm-360\/?lang=fr#breadcrumb\"},\"inLanguage\":\"fr-FR\",\"potentialAction\":[{\"@type\":\"ReadAction\",\"target\":[\"https:\/\/bevaglobal.com\/evaluation-pm-360\/?lang=fr\"]}]},{\"@type\":\"BreadcrumbList\",\"@id\":\"https:\/\/bevaglobal.com\/evaluation-pm-360\/?lang=fr#breadcrumb\",\"itemListElement\":[{\"@type\":\"ListItem\",\"position\":1,\"name\":\"Home\",\"item\":\"https:\/\/bevaglobal.com\/\"},{\"@type\":\"ListItem\",\"position\":2,\"name\":\"\u00c9valuation PM 360\"}]},{\"@type\":\"WebSite\",\"@id\":\"https:\/\/bevaglobal.com\/#website\",\"url\":\"https:\/\/bevaglobal.com\/\",\"name\":\"BEVA Global Management\",\"description\":\"Your gateway to knowledge!\",\"publisher\":{\"@id\":\"https:\/\/bevaglobal.com\/#organization\"},\"potentialAction\":[{\"@type\":\"SearchAction\",\"target\":{\"@type\":\"EntryPoint\",\"urlTemplate\":\"https:\/\/bevaglobal.com\/?s={search_term_string}\"},\"query-input\":{\"@type\":\"PropertyValueSpecification\",\"valueRequired\":true,\"valueName\":\"search_term_string\"}}],\"inLanguage\":\"fr-FR\"},{\"@type\":\"Organization\",\"@id\":\"https:\/\/bevaglobal.com\/#organization\",\"name\":\"BEVA Global Management\",\"url\":\"https:\/\/bevaglobal.com\/\",\"logo\":{\"@type\":\"ImageObject\",\"inLanguage\":\"fr-FR\",\"@id\":\"https:\/\/bevaglobal.com\/#\/schema\/logo\/image\/\",\"url\":\"https:\/\/bevaglobal.com\/wp-content\/uploads\/2016\/11\/logo-slogan-eng-maj3.jpg\",\"contentUrl\":\"https:\/\/bevaglobal.com\/wp-content\/uploads\/2016\/11\/logo-slogan-eng-maj3.jpg\",\"width\":800,\"height\":290,\"caption\":\"BEVA Global Management\"},\"image\":{\"@id\":\"https:\/\/bevaglobal.com\/#\/schema\/logo\/image\/\"}}]}<\/script>\n<!-- \/ Yoast SEO plugin. -->","yoast_head_json":{"title":"\u00c9valuation PM 360 - BEVA Global Management","description":"\u00c9valuation PM 360 | Contact us online","robots":{"index":"index","follow":"follow","max-snippet":"max-snippet:-1","max-image-preview":"max-image-preview:large","max-video-preview":"max-video-preview:-1"},"canonical":"https:\/\/bevaglobal.com\/evaluation-pm-360\/?lang=fr","schema":{"@context":"https:\/\/schema.org","@graph":[{"@type":"WebPage","@id":"https:\/\/bevaglobal.com\/evaluation-pm-360\/?lang=fr","url":"https:\/\/bevaglobal.com\/evaluation-pm-360\/?lang=fr","name":"\u00c9valuation PM 360 - BEVA Global Management","isPartOf":{"@id":"https:\/\/bevaglobal.com\/#website"},"datePublished":"2018-06-06T10:48:51+00:00","description":"\u00c9valuation PM 360 | Contact us online","breadcrumb":{"@id":"https:\/\/bevaglobal.com\/evaluation-pm-360\/?lang=fr#breadcrumb"},"inLanguage":"fr-FR","potentialAction":[{"@type":"ReadAction","target":["https:\/\/bevaglobal.com\/evaluation-pm-360\/?lang=fr"]}]},{"@type":"BreadcrumbList","@id":"https:\/\/bevaglobal.com\/evaluation-pm-360\/?lang=fr#breadcrumb","itemListElement":[{"@type":"ListItem","position":1,"name":"Home","item":"https:\/\/bevaglobal.com\/"},{"@type":"ListItem","position":2,"name":"\u00c9valuation PM 360"}]},{"@type":"WebSite","@id":"https:\/\/bevaglobal.com\/#website","url":"https:\/\/bevaglobal.com\/","name":"BEVA Global Management","description":"Your gateway to knowledge!","publisher":{"@id":"https:\/\/bevaglobal.com\/#organization"},"potentialAction":[{"@type":"SearchAction","target":{"@type":"EntryPoint","urlTemplate":"https:\/\/bevaglobal.com\/?s={search_term_string}"},"query-input":{"@type":"PropertyValueSpecification","valueRequired":true,"valueName":"search_term_string"}}],"inLanguage":"fr-FR"},{"@type":"Organization","@id":"https:\/\/bevaglobal.com\/#organization","name":"BEVA Global Management","url":"https:\/\/bevaglobal.com\/","logo":{"@type":"ImageObject","inLanguage":"fr-FR","@id":"https:\/\/bevaglobal.com\/#\/schema\/logo\/image\/","url":"https:\/\/bevaglobal.com\/wp-content\/uploads\/2016\/11\/logo-slogan-eng-maj3.jpg","contentUrl":"https:\/\/bevaglobal.com\/wp-content\/uploads\/2016\/11\/logo-slogan-eng-maj3.jpg","width":800,"height":290,"caption":"BEVA Global Management"},"image":{"@id":"https:\/\/bevaglobal.com\/#\/schema\/logo\/image\/"}}]}},"jetpack_sharing_enabled":true,"ticketed":false,"_links":{"self":[{"href":"https:\/\/bevaglobal.com\/fr\/wp-json\/wp\/v2\/pages\/5920","targetHints":{"allow":["GET"]}}],"collection":[{"href":"https:\/\/bevaglobal.com\/fr\/wp-json\/wp\/v2\/pages"}],"about":[{"href":"https:\/\/bevaglobal.com\/fr\/wp-json\/wp\/v2\/types\/page"}],"author":[{"embeddable":true,"href":"https:\/\/bevaglobal.com\/fr\/wp-json\/wp\/v2\/users\/3"}],"replies":[{"embeddable":true,"href":"https:\/\/bevaglobal.com\/fr\/wp-json\/wp\/v2\/comments?post=5920"}],"version-history":[{"count":2,"href":"https:\/\/bevaglobal.com\/fr\/wp-json\/wp\/v2\/pages\/5920\/revisions"}],"predecessor-version":[{"id":5924,"href":"https:\/\/bevaglobal.com\/fr\/wp-json\/wp\/v2\/pages\/5920\/revisions\/5924"}],"wp:attachment":[{"href":"https:\/\/bevaglobal.com\/fr\/wp-json\/wp\/v2\/media?parent=5920"}],"curies":[{"name":"wp","href":"https:\/\/api.w.org\/{rel}","templated":true}]}}