{"id":6276,"date":"2018-06-07T16:04:13","date_gmt":"2018-06-07T16:04:13","guid":{"rendered":"https:\/\/bevaglobal.com\/beva-talent-management\/"},"modified":"2018-08-17T19:55:06","modified_gmt":"2018-08-17T19:55:06","slug":"beva-talent-management","status":"publish","type":"page","link":"https:\/\/bevaglobal.com\/fr\/beva-talent-management\/","title":{"rendered":"BEVA Talent Management"},"content":{"rendered":"<p>[et_pb_section bb_built=\u00a0\u00bb1&Prime; _builder_version=\u00a0\u00bb3.4.1&Prime; background_image=\u00a0\u00bbhttps:\/\/bevaglobal.com\/wp-content\/uploads\/2018\/06\/talent-management.jpg\u00a0\u00bb next_background_color=\u00a0\u00bb#eeeeee\u00a0\u00bb][et_pb_row _builder_version=\u00a0\u00bb3.4.1&Prime;][et_pb_column type=\u00a0\u00bb4_4&Prime;][et_pb_image admin_label=\u00a0\u00bbLogo\u00a0\u00bb src=\u00a0\u00bbhttps:\/\/bevaglobal.com\/wp-content\/uploads\/2018\/08\/beva-gestion-des-talents.png\u00a0\u00bb align=\u00a0\u00bbcenter\u00a0\u00bb _builder_version=\u00a0\u00bb3.12.1&Prime; alt=\u00a0\u00bbbeva-gestion-des-talents\u00a0\u00bb title_text=\u00a0\u00bbbeva-gestion-des-talents\u00a0\u00bb]<\/p>\n<p>&nbsp;<\/p>\n<p>[\/et_pb_image][\/et_pb_column][\/et_pb_row][\/et_pb_section][et_pb_section bb_built=\u00a0\u00bb1&Prime; _builder_version=\u00a0\u00bb3.4.1&Prime; background_color=\u00a0\u00bb#eeeeee\u00a0\u00bb prev_background_color=\u00a0\u00bb#ffffff\u00a0\u00bb next_background_color=\u00a0\u00bb#ffffff\u00a0\u00bb][et_pb_row _builder_version=\u00a0\u00bb3.0.47&Prime; background_size=\u00a0\u00bbinitial\u00a0\u00bb background_position=\u00a0\u00bbtop_left\u00a0\u00bb background_repeat=\u00a0\u00bbrepeat\u00a0\u00bb][et_pb_column type=\u00a0\u00bb4_4&Prime;][et_pb_text admin_label=\u00a0\u00bbFeature Text\u00a0\u00bb _builder_version=\u00a0\u00bb3.4.1&Prime; text_text_color=\u00a0\u00bb#5fa8a7&Prime; text_font_size=\u00a0\u00bb18px\u00a0\u00bb text_orientation=\u00a0\u00bbcenter\u00a0\u00bb]<\/p>\n<p>BEVA, par le biais d&rsquo;acquisitions, fournit une gamme compl\u00e8te de services de gestion des talents depuis 1993.<\/p>\n<p>Nous d\u00e9veloppons des partenariats avec des organisations clientes qui apportent un soutien \u00e0 leur infrastructure et qui contribuent \u00e0 la r\u00e9alisation d&rsquo;objectifs, \u00e0 une rentabilit\u00e9 durable et \u00e0 la croissance. Nous soutenons les fonctions des ressources humaines avec une expertise lorsque vous en avez besoin, aussi longtemps que vous en avez besoin.<\/p>\n<p>[\/et_pb_text][\/et_pb_column][\/et_pb_row][\/et_pb_section][et_pb_section bb_built=\u00a0\u00bb1&Prime; _builder_version=\u00a0\u00bb3.4.1&Prime; custom_margin=\u00a0\u00bb0px|||\u00a0\u00bb custom_padding=\u00a0\u00bb0px|||\u00a0\u00bb prev_background_color=\u00a0\u00bb#eeeeee\u00a0\u00bb next_background_color=\u00a0\u00bb#dcb242&Prime;][et_pb_row custom_padding=\u00a0\u00bb||0px|\u00a0\u00bb custom_margin=\u00a0\u00bb||0px|\u00a0\u00bb make_equal=\u00a0\u00bbon\u00a0\u00bb padding_top_1=\u00a0\u00bb30px\u00a0\u00bb padding_top_2=\u00a0\u00bb30px\u00a0\u00bb padding_top_3=\u00a0\u00bb30px\u00a0\u00bb padding_right_1=\u00a0\u00bb30px\u00a0\u00bb padding_right_2=\u00a0\u00bb30px\u00a0\u00bb padding_right_3=\u00a0\u00bb30px\u00a0\u00bb padding_bottom_1=\u00a0\u00bb30px\u00a0\u00bb padding_bottom_2=\u00a0\u00bb30px\u00a0\u00bb padding_bottom_3=\u00a0\u00bb30px\u00a0\u00bb padding_left_1=\u00a0\u00bb30px\u00a0\u00bb padding_left_2=\u00a0\u00bb30px\u00a0\u00bb padding_left_3=\u00a0\u00bb30px\u00a0\u00bb _builder_version=\u00a0\u00bb3.4.1&Prime; border_radii=\u00a0\u00bbon|20px|20px|20px|20px\u00a0\u00bb][et_pb_column type=\u00a0\u00bb2_3&Prime;][et_pb_text admin_label=\u00a0\u00bbHuman Resources Services\u00a0\u00bb _builder_version=\u00a0\u00bb3.4.1&Prime; header_2_text_align=\u00a0\u00bbcenter\u00a0\u00bb custom_margin=\u00a0\u00bb||0px|\u00a0\u00bb custom_padding=\u00a0\u00bb||0px|\u00a0\u00bb]<\/p>\n<h2 style=\"text-align: left;\">Nos services de ressources humaines comprennent:<\/h2>\n<p>&nbsp;<\/p>\n<ul>\n<li>Consultant en ressources humaines<\/li>\n<li>Coaching ex\u00e9cutif et d\u2019affaires<\/li>\n<li>Outplacement et transition de carri\u00e8re<\/li>\n<li>360 \u00c9valuation pour soi et ses pairs<\/li>\n<li>Gestion de carri\u00e8re et r\u00e9emploi<\/li>\n<li>Personnel de dotation et de recrutement pour le travail \u00e0 contrat<\/li>\n<li>Outil de Master Talent<\/li>\n<li>D\u00e9veloppement personnel et professionnel<\/li>\n<\/ul>\n<p>[\/et_pb_text][\/et_pb_column][et_pb_column type=\u00a0\u00bb1_3&Prime;][et_pb_image src=\u00a0\u00bbhttps:\/\/bevaglobal.com\/wp-content\/uploads\/2016\/04\/career-transition-coaching.png\u00a0\u00bb _builder_version=\u00a0\u00bb3.4.1&Prime; \/][\/et_pb_column][\/et_pb_row][\/et_pb_section][et_pb_section bb_built=\u00a0\u00bb1&Prime; _builder_version=\u00a0\u00bb3.4.1&Prime; background_color=\u00a0\u00bb#dcb242&Prime; prev_background_color=\u00a0\u00bb#ffffff\u00a0\u00bb][et_pb_row make_fullwidth=\u00a0\u00bbon\u00a0\u00bb _builder_version=\u00a0\u00bb3.4.1&Prime; module_alignment=\u00a0\u00bbcenter\u00a0\u00bb][et_pb_column type=\u00a0\u00bb4_4&Prime;][et_pb_cta title=\u00a0\u00bbPasser \u00e0 l&rsquo;action\u00a0\u00bb button_url=\u00a0\u00bbhttps:\/\/bevaglobal.com\/nous-joindre\/?lang=fr\u00a0\u00bb button_text=\u00a0\u00bbCONTACTEZ-NOUS MAINTENANT\u00a0\u00bb _builder_version=\u00a0\u00bb3.4.1&Prime; header_level=\u00a0\u00bbh3&Prime; header_font=\u00a0\u00bb|700||on|||||\u00a0\u00bb header_text_align=\u00a0\u00bbcenter\u00a0\u00bb header_font_size=\u00a0\u00bb29&Prime; body_font_size=\u00a0\u00bb18&Prime; use_background_color=\u00a0\u00bboff\u00a0\u00bb]<\/p>\n<p>R\u00e9pondons aux questions que vous pourriez avoir et voyons comment nous pouvons vous aider.<\/p>\n<p>[\/et_pb_cta][\/et_pb_column][\/et_pb_row][\/et_pb_section]<\/p>\n","protected":false},"excerpt":{"rendered":"<p>&nbsp; BEVA, par le biais d&rsquo;acquisitions, fournit une gamme compl\u00e8te de services de gestion des talents depuis 1993. Nous d\u00e9veloppons des partenariats avec des organisations clientes qui apportent un soutien [&hellip;]<\/p>\n","protected":false},"author":3,"featured_media":0,"parent":0,"menu_order":0,"comment_status":"closed","ping_status":"closed","template":"","meta":{"_et_pb_use_builder":"on","_et_pb_old_content":"BEVA through acquisitions has been providing a full range of Talent Management services since 1993. We develop partnerships with client organizations providing support to their infrastructure that assists in the achievement of goals, sustained profitability and growth. We support Human Resources functions with expertise when you need them, for as long as you need them.\r\n\r\n<strong>Our Human Resources Services includes<\/strong>:\r\n<ul>\r\n \t<li>Career Management and Re-employment<\/li>\r\n \t<li>Staffing and Recruiting Professional for contract work<\/li>\r\n \t<li>Master Talent Tool<\/li>\r\n \t<li>Personal and Professional Development<\/li>\r\n<\/ul>\r\n\u00a0\r\n\r\n\u00a0\r\n\r\n\u00a0","_et_gb_content_width":"","_price":"","_stock":"","_tribe_ticket_header":"","_tribe_default_ticket_provider":"","_ticket_start_date":"","_ticket_end_date":"","_tribe_ticket_show_description":"","_tribe_ticket_show_not_going":false,"_tribe_ticket_use_global_stock":"","_tribe_ticket_global_stock_level":"","_global_stock_mode":"","_global_stock_cap":"","_tribe_rsvp_for_event":"","_tribe_ticket_going_count":"","_tribe_ticket_not_going_count":"","_tribe_tickets_list":"[]","_tribe_ticket_has_attendee_info_fields":false,"footnotes":"","_tec_slr_enabled":"","_tec_slr_layout":""},"class_list":["post-6276","page","type-page","status-publish","hentry"],"yoast_head":"<!-- This site is optimized with the Yoast SEO plugin v27.1.1 - https:\/\/yoast.com\/product\/yoast-seo-wordpress\/ -->\n<title>BEVA Talent Management - BEVA Global Management<\/title>\n<meta name=\"description\" content=\"BEVA Talent Management | Contact us online\" \/>\n<meta name=\"robots\" content=\"index, follow, max-snippet:-1, max-image-preview:large, max-video-preview:-1\" \/>\n<link rel=\"canonical\" href=\"https:\/\/bevaglobal.com\/beva-talent-management\/?lang=fr\" \/>\n<script type=\"application\/ld+json\" class=\"yoast-schema-graph\">{\"@context\":\"https:\/\/schema.org\",\"@graph\":[{\"@type\":\"WebPage\",\"@id\":\"https:\/\/bevaglobal.com\/beva-talent-management\/?lang=fr\",\"url\":\"https:\/\/bevaglobal.com\/beva-talent-management\/?lang=fr\",\"name\":\"BEVA Talent Management - BEVA Global Management\",\"isPartOf\":{\"@id\":\"https:\/\/bevaglobal.com\/#website\"},\"datePublished\":\"2018-06-07T16:04:13+00:00\",\"dateModified\":\"2018-08-17T19:55:06+00:00\",\"description\":\"BEVA Talent Management | Contact us online\",\"breadcrumb\":{\"@id\":\"https:\/\/bevaglobal.com\/beva-talent-management\/?lang=fr#breadcrumb\"},\"inLanguage\":\"fr-FR\",\"potentialAction\":[{\"@type\":\"ReadAction\",\"target\":[\"https:\/\/bevaglobal.com\/beva-talent-management\/?lang=fr\"]}]},{\"@type\":\"BreadcrumbList\",\"@id\":\"https:\/\/bevaglobal.com\/beva-talent-management\/?lang=fr#breadcrumb\",\"itemListElement\":[{\"@type\":\"ListItem\",\"position\":1,\"name\":\"Home\",\"item\":\"https:\/\/bevaglobal.com\/\"},{\"@type\":\"ListItem\",\"position\":2,\"name\":\"BEVA Talent Management\"}]},{\"@type\":\"WebSite\",\"@id\":\"https:\/\/bevaglobal.com\/#website\",\"url\":\"https:\/\/bevaglobal.com\/\",\"name\":\"BEVA Global Management\",\"description\":\"Your gateway to knowledge!\",\"publisher\":{\"@id\":\"https:\/\/bevaglobal.com\/#organization\"},\"potentialAction\":[{\"@type\":\"SearchAction\",\"target\":{\"@type\":\"EntryPoint\",\"urlTemplate\":\"https:\/\/bevaglobal.com\/?s={search_term_string}\"},\"query-input\":{\"@type\":\"PropertyValueSpecification\",\"valueRequired\":true,\"valueName\":\"search_term_string\"}}],\"inLanguage\":\"fr-FR\"},{\"@type\":\"Organization\",\"@id\":\"https:\/\/bevaglobal.com\/#organization\",\"name\":\"BEVA Global Management\",\"url\":\"https:\/\/bevaglobal.com\/\",\"logo\":{\"@type\":\"ImageObject\",\"inLanguage\":\"fr-FR\",\"@id\":\"https:\/\/bevaglobal.com\/#\/schema\/logo\/image\/\",\"url\":\"https:\/\/bevaglobal.com\/wp-content\/uploads\/2016\/11\/logo-slogan-eng-maj3.jpg\",\"contentUrl\":\"https:\/\/bevaglobal.com\/wp-content\/uploads\/2016\/11\/logo-slogan-eng-maj3.jpg\",\"width\":800,\"height\":290,\"caption\":\"BEVA Global Management\"},\"image\":{\"@id\":\"https:\/\/bevaglobal.com\/#\/schema\/logo\/image\/\"}}]}<\/script>\n<!-- \/ Yoast SEO plugin. -->","yoast_head_json":{"title":"BEVA Talent Management - BEVA Global Management","description":"BEVA Talent Management | Contact us online","robots":{"index":"index","follow":"follow","max-snippet":"max-snippet:-1","max-image-preview":"max-image-preview:large","max-video-preview":"max-video-preview:-1"},"canonical":"https:\/\/bevaglobal.com\/beva-talent-management\/?lang=fr","schema":{"@context":"https:\/\/schema.org","@graph":[{"@type":"WebPage","@id":"https:\/\/bevaglobal.com\/beva-talent-management\/?lang=fr","url":"https:\/\/bevaglobal.com\/beva-talent-management\/?lang=fr","name":"BEVA Talent Management - BEVA Global Management","isPartOf":{"@id":"https:\/\/bevaglobal.com\/#website"},"datePublished":"2018-06-07T16:04:13+00:00","dateModified":"2018-08-17T19:55:06+00:00","description":"BEVA Talent Management | Contact us online","breadcrumb":{"@id":"https:\/\/bevaglobal.com\/beva-talent-management\/?lang=fr#breadcrumb"},"inLanguage":"fr-FR","potentialAction":[{"@type":"ReadAction","target":["https:\/\/bevaglobal.com\/beva-talent-management\/?lang=fr"]}]},{"@type":"BreadcrumbList","@id":"https:\/\/bevaglobal.com\/beva-talent-management\/?lang=fr#breadcrumb","itemListElement":[{"@type":"ListItem","position":1,"name":"Home","item":"https:\/\/bevaglobal.com\/"},{"@type":"ListItem","position":2,"name":"BEVA Talent Management"}]},{"@type":"WebSite","@id":"https:\/\/bevaglobal.com\/#website","url":"https:\/\/bevaglobal.com\/","name":"BEVA Global Management","description":"Your gateway to knowledge!","publisher":{"@id":"https:\/\/bevaglobal.com\/#organization"},"potentialAction":[{"@type":"SearchAction","target":{"@type":"EntryPoint","urlTemplate":"https:\/\/bevaglobal.com\/?s={search_term_string}"},"query-input":{"@type":"PropertyValueSpecification","valueRequired":true,"valueName":"search_term_string"}}],"inLanguage":"fr-FR"},{"@type":"Organization","@id":"https:\/\/bevaglobal.com\/#organization","name":"BEVA Global Management","url":"https:\/\/bevaglobal.com\/","logo":{"@type":"ImageObject","inLanguage":"fr-FR","@id":"https:\/\/bevaglobal.com\/#\/schema\/logo\/image\/","url":"https:\/\/bevaglobal.com\/wp-content\/uploads\/2016\/11\/logo-slogan-eng-maj3.jpg","contentUrl":"https:\/\/bevaglobal.com\/wp-content\/uploads\/2016\/11\/logo-slogan-eng-maj3.jpg","width":800,"height":290,"caption":"BEVA Global Management"},"image":{"@id":"https:\/\/bevaglobal.com\/#\/schema\/logo\/image\/"}}]}},"jetpack_sharing_enabled":true,"ticketed":false,"_links":{"self":[{"href":"https:\/\/bevaglobal.com\/fr\/wp-json\/wp\/v2\/pages\/6276","targetHints":{"allow":["GET"]}}],"collection":[{"href":"https:\/\/bevaglobal.com\/fr\/wp-json\/wp\/v2\/pages"}],"about":[{"href":"https:\/\/bevaglobal.com\/fr\/wp-json\/wp\/v2\/types\/page"}],"author":[{"embeddable":true,"href":"https:\/\/bevaglobal.com\/fr\/wp-json\/wp\/v2\/users\/3"}],"replies":[{"embeddable":true,"href":"https:\/\/bevaglobal.com\/fr\/wp-json\/wp\/v2\/comments?post=6276"}],"version-history":[{"count":13,"href":"https:\/\/bevaglobal.com\/fr\/wp-json\/wp\/v2\/pages\/6276\/revisions"}],"predecessor-version":[{"id":7213,"href":"https:\/\/bevaglobal.com\/fr\/wp-json\/wp\/v2\/pages\/6276\/revisions\/7213"}],"wp:attachment":[{"href":"https:\/\/bevaglobal.com\/fr\/wp-json\/wp\/v2\/media?parent=6276"}],"curies":[{"name":"wp","href":"https:\/\/api.w.org\/{rel}","templated":true}]}}