{"id":6293,"date":"2018-06-12T08:17:42","date_gmt":"2018-06-12T08:17:42","guid":{"rendered":"https:\/\/bevaglobal.com\/a-propos-de-beva-learning-institute-2\/"},"modified":"2024-03-16T15:23:18","modified_gmt":"2024-03-16T15:23:18","slug":"linstitut-de-formation-beva","status":"publish","type":"page","link":"https:\/\/bevaglobal.com\/fr\/linstitut-de-formation-beva\/","title":{"rendered":"L&rsquo;institut de formation BEVA"},"content":{"rendered":"<p>[et_pb_section fb_built=\u00a0\u00bb1&Prime; _builder_version=\u00a0\u00bb4.16&Prime; background_image=\u00a0\u00bbhttps:\/\/bevaglobal.com\/wp-content\/uploads\/2018\/06\/learning-institute-1-1.jpg\u00a0\u00bb global_colors_info=\u00a0\u00bb{}\u00a0\u00bb][et_pb_row _builder_version=\u00a0\u00bb4.16&Prime; global_colors_info=\u00a0\u00bb{}\u00a0\u00bb][et_pb_column type=\u00a0\u00bb4_4&Prime; _builder_version=\u00a0\u00bb4.16&Prime; custom_padding=\u00a0\u00bb|||\u00a0\u00bb global_colors_info=\u00a0\u00bb{}\u00a0\u00bb custom_padding__hover=\u00a0\u00bb|||\u00a0\u00bb][et_pb_image src=\u00a0\u00bbhttps:\/\/bevaglobal.com\/wp-content\/uploads\/2018\/08\/beva-l-institut-de-formation.png\u00a0\u00bb alt=\u00a0\u00bbbeva-l&rsquo;institut-de-formation\u00a0\u00bb title_text=\u00a0\u00bbbeva-l&rsquo;institut-de-formation\u00a0\u00bb align=\u00a0\u00bbcenter\u00a0\u00bb align_tablet=\u00a0\u00bbcenter\u00a0\u00bb align_phone=\u00a0\u00bb\u00a0\u00bb align_last_edited=\u00a0\u00bbon|desktop\u00a0\u00bb admin_label=\u00a0\u00bbLogo\u00a0\u00bb _builder_version=\u00a0\u00bb4.16&Prime; global_colors_info=\u00a0\u00bb{}\u00a0\u00bb][\/et_pb_image][\/et_pb_column][\/et_pb_row][\/et_pb_section][et_pb_section fb_built=\u00a0\u00bb1&Prime; _builder_version=\u00a0\u00bb4.24.0&Prime; background_color=\u00a0\u00bb#eeeeee\u00a0\u00bb custom_padding=\u00a0\u00bb53.1094px|0px|11px|0px|false|false\u00a0\u00bb global_colors_info=\u00a0\u00bb{}\u00a0\u00bb][et_pb_row _builder_version=\u00a0\u00bb4.16&Prime; background_size=\u00a0\u00bbinitial\u00a0\u00bb background_position=\u00a0\u00bbtop_left\u00a0\u00bb background_repeat=\u00a0\u00bbrepeat\u00a0\u00bb global_colors_info=\u00a0\u00bb{}\u00a0\u00bb][et_pb_column type=\u00a0\u00bb4_4&Prime; _builder_version=\u00a0\u00bb4.16&Prime; custom_padding=\u00a0\u00bb|||\u00a0\u00bb global_colors_info=\u00a0\u00bb{}\u00a0\u00bb custom_padding__hover=\u00a0\u00bb|||\u00a0\u00bb][et_pb_text admin_label=\u00a0\u00bbFeature Text\u00a0\u00bb _builder_version=\u00a0\u00bb4.24.0&Prime; text_text_color=\u00a0\u00bb#5c98c4&Prime; text_font_size=\u00a0\u00bb18px\u00a0\u00bb header_2_text_color=\u00a0\u00bb#5c98c4&Prime; text_orientation=\u00a0\u00bbcenter\u00a0\u00bb global_colors_info=\u00a0\u00bb{}\u00a0\u00bb]<\/p>\n<h1>Leader du d\u00e9veloppement professionnel&#8230;<\/h1>\n<p class=\"p1\"><span class=\"s1\"><b>L&rsquo;institut de formation BEVA<\/b> est le d\u00e9partement de formation de BEVA Global Management. Nous sommes une entreprise Canadienne situ\u00e9e \u00e0 Ottawa, Canada. Nous offrons plus de <a href=\"\/fr\/liste-des-formations\/\"><strong>700<\/strong> formations \/ cours<\/a> dans diff\u00e9rentes disciplines en fran\u00e7ais et en anglais \u00e0 Ottawa, \u00e0 Montr\u00e9al et \u00e0 Toronto ainsi que dans d\u2019autres grandes villes canadiennes et \u00e0 l\u2019ext\u00e9rieur du pays.\u00a0<\/span><\/p>\n<p class=\"p1\"><span class=\"s1\">Nous proposons \u00e9galement des cours sur mesure pour r\u00e9pondre \u00e0 vos besoins de formation uniques. Vous pouvez compter sur nous\u00a0<\/span><span class=\"s1\">pour la conception, les essais, l\u2019impression et la livraison du mat\u00e9riel de cours. Nos instructeurs ont de nombreuses ann\u00e9es d\u2019exp\u00e9rience en enseignement pratique et sont certifi\u00e9s et pr\u00eats \u00e0 travailler avec vous.<\/span><\/p>\n<p>[\/et_pb_text][\/et_pb_column][\/et_pb_row][\/et_pb_section][et_pb_section fb_built=\u00a0\u00bb1&Prime; admin_label=\u00a0\u00bbsection\u00a0\u00bb _builder_version=\u00a0\u00bb4.16&Prime; custom_padding=\u00a0\u00bb7px|0px|53.1094px|0px|false|false\u00a0\u00bb global_colors_info=\u00a0\u00bb{}\u00a0\u00bb][et_pb_row admin_label=\u00a0\u00bbrow\u00a0\u00bb _builder_version=\u00a0\u00bb4.16&Prime; background_size=\u00a0\u00bbinitial\u00a0\u00bb background_position=\u00a0\u00bbtop_left\u00a0\u00bb background_repeat=\u00a0\u00bbrepeat\u00a0\u00bb custom_padding=\u00a0\u00bb23.3646px|0px|12px|0px|false|false\u00a0\u00bb global_colors_info=\u00a0\u00bb{}\u00a0\u00bb][et_pb_column type=\u00a0\u00bb4_4&Prime; _builder_version=\u00a0\u00bb4.16&Prime; custom_padding=\u00a0\u00bb|||\u00a0\u00bb global_colors_info=\u00a0\u00bb{}\u00a0\u00bb custom_padding__hover=\u00a0\u00bb|||\u00a0\u00bb][et_pb_text _builder_version=\u00a0\u00bb4.16&Prime; background_size=\u00a0\u00bbinitial\u00a0\u00bb background_position=\u00a0\u00bbtop_left\u00a0\u00bb background_repeat=\u00a0\u00bbrepeat\u00a0\u00bb custom_margin=\u00a0\u00bb||0px|\u00a0\u00bb custom_padding=\u00a0\u00bb||0px|\u00a0\u00bb global_colors_info=\u00a0\u00bb{}\u00a0\u00bb]<\/p>\n<h3>Une vari\u00e9t\u00e9 d&rsquo;options de formation en fran\u00e7ais et en anglais:<\/h3>\n<p>[\/et_pb_text][\/et_pb_column][\/et_pb_row][et_pb_row column_structure=\u00a0\u00bb1_2,1_2&Prime; _builder_version=\u00a0\u00bb4.16&Prime; background_size=\u00a0\u00bbinitial\u00a0\u00bb background_position=\u00a0\u00bbtop_left\u00a0\u00bb background_repeat=\u00a0\u00bbrepeat\u00a0\u00bb custom_padding=\u00a0\u00bb11px|0px|0|0px|false|false\u00a0\u00bb global_colors_info=\u00a0\u00bb{}\u00a0\u00bb][et_pb_column type=\u00a0\u00bb1_2&Prime; _builder_version=\u00a0\u00bb4.16&Prime; custom_padding=\u00a0\u00bb|||\u00a0\u00bb global_colors_info=\u00a0\u00bb{}\u00a0\u00bb custom_padding__hover=\u00a0\u00bb|||\u00a0\u00bb][et_pb_text _builder_version=\u00a0\u00bb4.16&Prime; background_size=\u00a0\u00bbinitial\u00a0\u00bb background_position=\u00a0\u00bbtop_left\u00a0\u00bb background_repeat=\u00a0\u00bbrepeat\u00a0\u00bb global_colors_info=\u00a0\u00bb{}\u00a0\u00bb]<\/p>\n<h4>Ateliers ouverts<\/h4>\n<p>Nous organisons r\u00e9guli\u00e8rement des ateliers pour les personnes qui souhaitent suivre des ateliers de formation individuels et pour les besoins de formation d&rsquo;une organisation.<br \/>\n[\/et_pb_text][et_pb_text _builder_version=\u00a0\u00bb4.16&Prime; background_size=\u00a0\u00bbinitial\u00a0\u00bb background_position=\u00a0\u00bbtop_left\u00a0\u00bb background_repeat=\u00a0\u00bbrepeat\u00a0\u00bb global_colors_info=\u00a0\u00bb{}\u00a0\u00bb]<\/p>\n<h4>Services de formation personnalis\u00e9s<\/h4>\n<p>BEVA personnalise des programmes de formation con\u00e7us sp\u00e9cifiquement pour r\u00e9pondre aux besoins sp\u00e9cifiques de votre organisation.<\/p>\n<p>Des cours personnalis\u00e9s peuvent \u00eatre cr\u00e9\u00e9s en modifiant le mat\u00e9riel existant, en d\u00e9veloppant du nouveau mat\u00e9riel d&rsquo;atelier ou en combinant le mat\u00e9riel de plusieurs ateliers.<br \/>\n[\/et_pb_text][\/et_pb_column][et_pb_column type=\u00a0\u00bb1_2&Prime; _builder_version=\u00a0\u00bb4.16&Prime; custom_padding=\u00a0\u00bb|||\u00a0\u00bb global_colors_info=\u00a0\u00bb{}\u00a0\u00bb custom_padding__hover=\u00a0\u00bb|||\u00a0\u00bb][et_pb_image src=\u00a0\u00bbhttps:\/\/bevaglobal.com\/wp-content\/uploads\/2018\/07\/BLACK-Formation-Logo.jpg\u00a0\u00bb align_tablet=\u00a0\u00bbcenter\u00a0\u00bb align_phone=\u00a0\u00bb\u00a0\u00bb align_last_edited=\u00a0\u00bbon|desktop\u00a0\u00bb _builder_version=\u00a0\u00bb4.16&Prime; global_colors_info=\u00a0\u00bb{}\u00a0\u00bb]&nbsp;<br \/>\n[\/et_pb_image][et_pb_text _builder_version=\u00a0\u00bb4.16&Prime; background_size=\u00a0\u00bbinitial\u00a0\u00bb background_position=\u00a0\u00bbtop_left\u00a0\u00bb background_repeat=\u00a0\u00bbrepeat\u00a0\u00bb global_colors_info=\u00a0\u00bb{}\u00a0\u00bb]<\/p>\n<h4>Autres services<\/h4>\n<p>Mentorat, coaching, facilitation, retraites, discours d&rsquo;ouverture<br \/>\n[\/et_pb_text][et_pb_text _builder_version=\u00a0\u00bb4.16&Prime; background_size=\u00a0\u00bbinitial\u00a0\u00bb background_position=\u00a0\u00bbtop_left\u00a0\u00bb background_repeat=\u00a0\u00bbrepeat\u00a0\u00bb global_colors_info=\u00a0\u00bb{}\u00a0\u00bb]<\/p>\n<h4>M\u00e9thodes de livraison de formation<\/h4>\n<ul>\n<li>Emplacement du client<\/li>\n<li>En classe \/ virtuelle<\/li>\n<li>En ligne \u00e0 votre propre rythme utilisant l&rsquo;int\u00e9lligence artificielle<\/li>\n<li>Webinaires<\/li>\n<\/ul>\n<p>[\/et_pb_text][\/et_pb_column][\/et_pb_row][et_pb_row _builder_version=\u00a0\u00bb4.16&Prime; background_size=\u00a0\u00bbinitial\u00a0\u00bb background_position=\u00a0\u00bbtop_left\u00a0\u00bb background_repeat=\u00a0\u00bbrepeat\u00a0\u00bb custom_padding=\u00a0\u00bb0|0px|10px|0px|false|false\u00a0\u00bb global_colors_info=\u00a0\u00bb{}\u00a0\u00bb][et_pb_column type=\u00a0\u00bb4_4&Prime; _builder_version=\u00a0\u00bb4.16&Prime; custom_padding=\u00a0\u00bb|||\u00a0\u00bb global_colors_info=\u00a0\u00bb{}\u00a0\u00bb custom_padding__hover=\u00a0\u00bb|||\u00a0\u00bb][et_pb_divider color=\u00a0\u00bb#e0e0e0&Prime; _builder_version=\u00a0\u00bb4.16&Prime; global_colors_info=\u00a0\u00bb{}\u00a0\u00bb]&nbsp;<br \/>\n[\/et_pb_divider][et_pb_text _builder_version=\u00a0\u00bb4.16&Prime; background_size=\u00a0\u00bbinitial\u00a0\u00bb background_position=\u00a0\u00bbtop_left\u00a0\u00bb background_repeat=\u00a0\u00bbrepeat\u00a0\u00bb custom_margin=\u00a0\u00bb||0px|\u00a0\u00bb custom_padding=\u00a0\u00bb||0px|\u00a0\u00bb global_colors_info=\u00a0\u00bb{}\u00a0\u00bb]<\/p>\n<h3>\u00c0 propos des formateurs L&rsquo;Institut de formation<\/h3>\n<h3>BEVA<\/h3>\n<p>Nos formateurs sont des professionnels form\u00e9s \u00e0 l&rsquo;universit\u00e9 avec de nombreuses ann\u00e9es d&rsquo;exp\u00e9rience dans leurs domaines respectifs. Ils sont \u00e9galement membres de diverses associations professionnelles, notamment:<\/p>\n<ul>\n<li style=\"list-style-type: none;\"><\/li>\n<\/ul>\n<p>[\/et_pb_text][\/et_pb_column][\/et_pb_row][et_pb_row column_structure=\u00a0\u00bb1_2,1_2&Prime; _builder_version=\u00a0\u00bb4.16&Prime; custom_margin=\u00a0\u00bb0px||0px|\u00a0\u00bb custom_padding=\u00a0\u00bb0px||0||false|false\u00a0\u00bb global_colors_info=\u00a0\u00bb{}\u00a0\u00bb][et_pb_column type=\u00a0\u00bb1_2&Prime; _builder_version=\u00a0\u00bb4.16&Prime; custom_padding=\u00a0\u00bb|||\u00a0\u00bb global_colors_info=\u00a0\u00bb{}\u00a0\u00bb custom_padding__hover=\u00a0\u00bb|||\u00a0\u00bb][et_pb_text _builder_version=\u00a0\u00bb4.16&Prime; background_size=\u00a0\u00bbinitial\u00a0\u00bb background_position=\u00a0\u00bbtop_left\u00a0\u00bb background_repeat=\u00a0\u00bbrepeat\u00a0\u00bb global_colors_info=\u00a0\u00bb{}\u00a0\u00bb]<\/p>\n<ul>\n<li>Project Management Institute (PMI)\u00ae<\/li>\n<li>American Academy of Project Management (AAPM)&#x2122;<\/li>\n<li>Certification d&rsquo;entra\u00eeneur d&rsquo;intelligence \u00e9motionnelle<\/li>\n<li>D\u00e9signations professionnelles certifi\u00e9es dans les processus de facilitation et la gestion des ressources humaines<\/li>\n<li>Association des entra\u00eeneurs priv\u00e9s<\/li>\n<li>Association canadienne des consultants en d\u00e9veloppement international<\/li>\n<\/ul>\n<p>[\/et_pb_text][et_pb_text _builder_version=\u00a0\u00bb4.21.0&Prime; global_colors_info=\u00a0\u00bb{}\u00a0\u00bb]<\/p>\n<h3>\u00c0 propos des partenaires de<\/h3>\n<h3>L&rsquo;Institut de formation BEVA<\/h3>\n<p>BEVA a \u00e9tabli des partenariats avec les coll\u00e8ges et l&rsquo;entreprise suivantes:<\/p>\n<ul>\n<li><a href=\"https:\/\/www.collegelacite.ca\/\" target=\"_blank\" rel=\"noopener noreferrer\">La Cit\u00e9 Coll\u00e9giale<\/a><\/li>\n<li><a href=\"https:\/\/www.northernc.on.ca\/\">Coll\u00e8ge Northern<\/a><\/li>\n<li><a href=\"https:\/\/humber.ca\/\">Coll\u00e8ge Humber<\/a><\/li>\n<li><a href=\"https:\/\/www.itmplatform.com\" target=\"_blank\" rel=\"noopener noreferrer\">ITM Platform &#8211; Project Management Platform on the Cloud<\/a><\/li>\n<\/ul>\n<p>[\/et_pb_text][\/et_pb_column][et_pb_column type=\u00a0\u00bb1_2&Prime; _builder_version=\u00a0\u00bb4.16&Prime; custom_padding=\u00a0\u00bb|||\u00a0\u00bb global_colors_info=\u00a0\u00bb{}\u00a0\u00bb custom_padding__hover=\u00a0\u00bb|||\u00a0\u00bb][et_pb_text _builder_version=\u00a0\u00bb4.16&Prime; background_size=\u00a0\u00bbinitial\u00a0\u00bb background_position=\u00a0\u00bbtop_left\u00a0\u00bb background_repeat=\u00a0\u00bbrepeat\u00a0\u00bb global_colors_info=\u00a0\u00bb{}\u00a0\u00bb]<\/p>\n<ul>\n<li>Forum pour la formation en commerce international<\/li>\n<li>Institut des conseillers en gestion agr\u00e9\u00e9s de l&rsquo;Ontario<\/li>\n<li>Chambre de commerce &#8211; Orl\u00e9ans<\/li>\n<li>Soci\u00e9t\u00e9 de d\u00e9veloppement \u00e9conomique d&rsquo;Ottawa-Carleton<\/li>\n<li>La Soci\u00e9t\u00e9 des comptables en management de l&rsquo;Ontario<\/li>\n<li>F\u00e9d\u00e9ration internationale des entra\u00eeneurs<\/li>\n<li>Professionnel de carri\u00e8re Canada<\/li>\n<\/ul>\n<p>[\/et_pb_text][\/et_pb_column][\/et_pb_row][\/et_pb_section][et_pb_section fb_built=\u00a0\u00bb1&Prime; _builder_version=\u00a0\u00bb3.20.1&Prime; background_color=\u00a0\u00bb#2a5eaa\u00a0\u00bb custom_padding=\u00a0\u00bb0|0px|54px|0px|false|false\u00a0\u00bb global_module=\u00a0\u00bb6475&Prime; global_colors_info=\u00a0\u00bb{}\u00a0\u00bb][et_pb_row module_class=\u00a0\u00bb et_pb_row_fullwidth et_pb_row_fullwidth et_pb_row_fullwidth et_pb_row_fullwidth\u00a0\u00bb _builder_version=\u00a0\u00bb4.18.0&Prime; width=\u00a0\u00bb89%\u00a0\u00bb width_tablet=\u00a0\u00bb80%\u00a0\u00bb width_phone=\u00a0\u00bb\u00a0\u00bb width_last_edited=\u00a0\u00bbon|desktop\u00a0\u00bb max_width=\u00a0\u00bb89%\u00a0\u00bb max_width_tablet=\u00a0\u00bb80%\u00a0\u00bb max_width_phone=\u00a0\u00bb\u00a0\u00bb max_width_last_edited=\u00a0\u00bbon|desktop\u00a0\u00bb module_alignment=\u00a0\u00bbcenter\u00a0\u00bb make_fullwidth=\u00a0\u00bbon\u00a0\u00bb global_colors_info=\u00a0\u00bb{}\u00a0\u00bb][et_pb_column type=\u00a0\u00bb4_4&Prime; _builder_version=\u00a0\u00bb4.16&Prime; custom_padding=\u00a0\u00bb|||\u00a0\u00bb global_colors_info=\u00a0\u00bb{}\u00a0\u00bb custom_padding__hover=\u00a0\u00bb|||\u00a0\u00bb][et_pb_cta title=\u00a0\u00bbPASSER \u00c0 L&rsquo;ACTION !\u00a0\u00bb button_url=\u00a0\u00bb\/fr\/nous-joindre\/\u00a0\u00bb button_text=\u00a0\u00bbCONTACTEZ-NOUS MAINTENANT\u00a0\u00bb _builder_version=\u00a0\u00bb4.18.0&Prime; header_level=\u00a0\u00bbh3&Prime; header_font=\u00a0\u00bb|700||on|||||\u00a0\u00bb header_text_align=\u00a0\u00bbcenter\u00a0\u00bb header_font_size=\u00a0\u00bb29&Prime; body_font_size=\u00a0\u00bb18&Prime; use_background_color=\u00a0\u00bboff\u00a0\u00bb global_colors_info=\u00a0\u00bb{}\u00a0\u00bb button_text_size__hover_enabled=\u00a0\u00bboff\u00a0\u00bb button_one_text_size__hover_enabled=\u00a0\u00bboff\u00a0\u00bb button_two_text_size__hover_enabled=\u00a0\u00bboff\u00a0\u00bb button_text_color__hover_enabled=\u00a0\u00bboff\u00a0\u00bb button_one_text_color__hover_enabled=\u00a0\u00bboff\u00a0\u00bb button_two_text_color__hover_enabled=\u00a0\u00bboff\u00a0\u00bb button_border_width__hover_enabled=\u00a0\u00bboff\u00a0\u00bb button_one_border_width__hover_enabled=\u00a0\u00bboff\u00a0\u00bb button_two_border_width__hover_enabled=\u00a0\u00bboff\u00a0\u00bb button_border_color__hover_enabled=\u00a0\u00bboff\u00a0\u00bb button_one_border_color__hover_enabled=\u00a0\u00bboff\u00a0\u00bb button_two_border_color__hover_enabled=\u00a0\u00bboff\u00a0\u00bb button_border_radius__hover_enabled=\u00a0\u00bboff\u00a0\u00bb button_one_border_radius__hover_enabled=\u00a0\u00bboff\u00a0\u00bb button_two_border_radius__hover_enabled=\u00a0\u00bboff\u00a0\u00bb button_letter_spacing__hover_enabled=\u00a0\u00bboff\u00a0\u00bb button_one_letter_spacing__hover_enabled=\u00a0\u00bboff\u00a0\u00bb button_two_letter_spacing__hover_enabled=\u00a0\u00bboff\u00a0\u00bb button_bg_color__hover_enabled=\u00a0\u00bboff\u00a0\u00bb button_one_bg_color__hover_enabled=\u00a0\u00bboff\u00a0\u00bb button_two_bg_color__hover_enabled=\u00a0\u00bboff\u00a0\u00bb]<\/p>\n<p>Laissez-nous r\u00e9pondre \u00e0 vos questions et voir comment nous pouvons vous aider.<\/p>\n<p>[\/et_pb_cta][\/et_pb_column][\/et_pb_row][\/et_pb_section]<\/p>\n","protected":false},"excerpt":{"rendered":"<p>Leader du d\u00e9veloppement professionnel&#8230; L&rsquo;institut de formation BEVA est le d\u00e9partement de formation de BEVA Global Management. Nous sommes une entreprise Canadienne situ\u00e9e \u00e0 Ottawa, Canada. Nous offrons plus de [&hellip;]<\/p>\n","protected":false},"author":3,"featured_media":0,"parent":0,"menu_order":0,"comment_status":"closed","ping_status":"closed","template":"","meta":{"_et_pb_use_builder":"on","_et_pb_old_content":"<h1>...a leader in professional development.<\/h1>\r\n<p style=\"text-align: left;\">We offer more than <strong>300<\/strong>\u00a0training\/courses in various disciplines in both <strong>English and French<\/strong> in Ottawa, Montreal and Toronto and other major Canadian cities and abroad. BEVA Learning Institute is the training branch for BEVA Global Management. We also offer\u00a0<strong>customized courses <\/strong>to m<a href=\"https:\/\/bevaglobal.com\/home\/training\/training\/logo-beva-learning-institute\/\"><img class=\"wp-image-4421 size-medium alignright\" src=\"https:\/\/bevaglobal.com\/wp-content\/uploads\/2013\/09\/logo-beva-learning-institute-300x78.jpg\" alt=\"\" width=\"300\" height=\"78\" \/><\/a>eet your unique training requirements. You can count on us for the design, testing, printing, and delivery of course material. Our Associates have many years of practical teaching experience, they are certified and ready to work with you.<\/p>\r\nBEVA extensive experience uniquely positions us to develop a wide range of interactive training workshops that will allow participants to improve their work performance and acquire practical skills which they use in the workplace. Our goal is to delver the most cost-effective blend of training services which help our clients to achieve their learning and performance objectives.\r\n<h2>A variety of training options in English and in French:<\/h2>\r\n<strong>Open Workshops<\/strong>\r\nWe conduct on an going basis a number of workshops for individuals who are looking to take individual training workshops and for an organization's smaller training requirements.\r\n\r\n<strong>Custom Training Services<\/strong>\r\nBEVA customizes training programs that are uniquely designed to address your organizations specific needs. Custom courses can be created by modifying existing material, developing new workshop material or by combining material from multiple workshops.\r\n\r\n<strong>Other Services<\/strong>\r\nMentoring, coaching, facilitation, retreats, keynote speaking\r\n\r\n<strong>Training Delivery Methods<\/strong>\r\n\r\nBEVA Learning Institute offers different delivery methods\u00a0to\u00a0satisfy your training requirements:\r\n<ul>\r\n \t<li>Client facility<\/li>\r\n \t<li>In class<\/li>\r\n \t<li>Virtual training - On line<\/li>\r\n<\/ul>\r\n<h2>About BEVA Learning Institute Trainers<\/h2>\r\nOur trainers are university educated professionals with many years of experience in their respective fields. They are also members of various professional associations including:\r\n<ul>\r\n \t<li style=\"list-style-type: none;\">\r\n<ul>\r\n \t<li>Project Management Institute (PMI)\u00ae<\/li>\r\n \t<li>American Academy of Project Management (AAPM)\u2122<\/li>\r\n \t<li>Emotional Intelligence Coach Certification<\/li>\r\n \t<li>Certified Professional Designations in Facilitation Processes and HR Management<\/li>\r\n \t<li>Association of Private Trainers<\/li>\r\n \t<li>Canadian Association of International Development Consultants<\/li>\r\n \t<li>Canadian Institute of Financial Planners<\/li>\r\n \t<li>Canadian Public Personnel Management Association<\/li>\r\n \t<li>Career Partners International, Forum for International Trade Training<\/li>\r\n \t<li>Institute of Certified Management Consultants of Ontario<\/li>\r\n \t<li>Chamber of Commerce - Orl\u00e9ans<\/li>\r\n \t<li>Ottawa-Carleton Economic Development Corporation<\/li>\r\n \t<li>The Society of Management Accountants of Ontario<\/li>\r\n \t<li>International Coaching Federation<\/li>\r\n \t<li>Career Professional Canada<\/li>\r\n<\/ul>\r\n<\/li>\r\n<\/ul>\r\nFor more information on our courses that will help you and your organization gain the right skills, knowledge and understanding to help you grow, contact us at:\r\n\r\n<a href=\"mailto:training-formation@bevaglobal.com\">training-formation@bevaglobal.com<\/a>","_et_gb_content_width":"","_price":"","_stock":"","_tribe_ticket_header":"","_tribe_default_ticket_provider":"","_ticket_start_date":"","_ticket_end_date":"","_tribe_ticket_show_description":"","_tribe_ticket_show_not_going":false,"_tribe_ticket_use_global_stock":"","_tribe_ticket_global_stock_level":"","_global_stock_mode":"","_global_stock_cap":"","_tribe_rsvp_for_event":"","_tribe_ticket_going_count":"","_tribe_ticket_not_going_count":"","_tribe_tickets_list":"[]","_tribe_ticket_has_attendee_info_fields":false,"footnotes":"","_tec_slr_enabled":"","_tec_slr_layout":""},"class_list":["post-6293","page","type-page","status-publish","hentry"],"yoast_head":"<!-- This site is optimized with the Yoast SEO plugin v27.1.1 - https:\/\/yoast.com\/product\/yoast-seo-wordpress\/ -->\n<title>L&#039;institut de formation BEVA - BEVA Global Management<\/title>\n<meta name=\"description\" content=\"L&#039;institut de formation BEVA | Contact us online\" \/>\n<meta name=\"robots\" content=\"index, follow, max-snippet:-1, max-image-preview:large, max-video-preview:-1\" \/>\n<link rel=\"canonical\" href=\"https:\/\/bevaglobal.com\/fr\/linstitut-de-formation-beva\/\" \/>\n<script type=\"application\/ld+json\" class=\"yoast-schema-graph\">{\"@context\":\"https:\/\/schema.org\",\"@graph\":[{\"@type\":\"WebPage\",\"@id\":\"https:\/\/bevaglobal.com\/fr\/linstitut-de-formation-beva\/\",\"url\":\"https:\/\/bevaglobal.com\/fr\/linstitut-de-formation-beva\/\",\"name\":\"L'institut de formation BEVA - BEVA Global Management\",\"isPartOf\":{\"@id\":\"https:\/\/bevaglobal.com\/#website\"},\"datePublished\":\"2018-06-12T08:17:42+00:00\",\"dateModified\":\"2024-03-16T15:23:18+00:00\",\"description\":\"L'institut de formation BEVA | Contact us online\",\"breadcrumb\":{\"@id\":\"https:\/\/bevaglobal.com\/fr\/linstitut-de-formation-beva\/#breadcrumb\"},\"inLanguage\":\"fr-FR\",\"potentialAction\":[{\"@type\":\"ReadAction\",\"target\":[\"https:\/\/bevaglobal.com\/fr\/linstitut-de-formation-beva\/\"]}]},{\"@type\":\"BreadcrumbList\",\"@id\":\"https:\/\/bevaglobal.com\/fr\/linstitut-de-formation-beva\/#breadcrumb\",\"itemListElement\":[{\"@type\":\"ListItem\",\"position\":1,\"name\":\"Home\",\"item\":\"https:\/\/bevaglobal.com\/\"},{\"@type\":\"ListItem\",\"position\":2,\"name\":\"L&#8217;institut de formation BEVA\"}]},{\"@type\":\"WebSite\",\"@id\":\"https:\/\/bevaglobal.com\/#website\",\"url\":\"https:\/\/bevaglobal.com\/\",\"name\":\"BEVA Global Management\",\"description\":\"Your gateway to knowledge!\",\"publisher\":{\"@id\":\"https:\/\/bevaglobal.com\/#organization\"},\"potentialAction\":[{\"@type\":\"SearchAction\",\"target\":{\"@type\":\"EntryPoint\",\"urlTemplate\":\"https:\/\/bevaglobal.com\/?s={search_term_string}\"},\"query-input\":{\"@type\":\"PropertyValueSpecification\",\"valueRequired\":true,\"valueName\":\"search_term_string\"}}],\"inLanguage\":\"fr-FR\"},{\"@type\":\"Organization\",\"@id\":\"https:\/\/bevaglobal.com\/#organization\",\"name\":\"BEVA Global Management\",\"url\":\"https:\/\/bevaglobal.com\/\",\"logo\":{\"@type\":\"ImageObject\",\"inLanguage\":\"fr-FR\",\"@id\":\"https:\/\/bevaglobal.com\/#\/schema\/logo\/image\/\",\"url\":\"https:\/\/bevaglobal.com\/wp-content\/uploads\/2016\/11\/logo-slogan-eng-maj3.jpg\",\"contentUrl\":\"https:\/\/bevaglobal.com\/wp-content\/uploads\/2016\/11\/logo-slogan-eng-maj3.jpg\",\"width\":800,\"height\":290,\"caption\":\"BEVA Global Management\"},\"image\":{\"@id\":\"https:\/\/bevaglobal.com\/#\/schema\/logo\/image\/\"}}]}<\/script>\n<!-- \/ Yoast SEO plugin. -->","yoast_head_json":{"title":"L'institut de formation BEVA - BEVA Global Management","description":"L'institut de formation BEVA | Contact us online","robots":{"index":"index","follow":"follow","max-snippet":"max-snippet:-1","max-image-preview":"max-image-preview:large","max-video-preview":"max-video-preview:-1"},"canonical":"https:\/\/bevaglobal.com\/fr\/linstitut-de-formation-beva\/","schema":{"@context":"https:\/\/schema.org","@graph":[{"@type":"WebPage","@id":"https:\/\/bevaglobal.com\/fr\/linstitut-de-formation-beva\/","url":"https:\/\/bevaglobal.com\/fr\/linstitut-de-formation-beva\/","name":"L'institut de formation BEVA - BEVA Global Management","isPartOf":{"@id":"https:\/\/bevaglobal.com\/#website"},"datePublished":"2018-06-12T08:17:42+00:00","dateModified":"2024-03-16T15:23:18+00:00","description":"L'institut de formation BEVA | Contact us online","breadcrumb":{"@id":"https:\/\/bevaglobal.com\/fr\/linstitut-de-formation-beva\/#breadcrumb"},"inLanguage":"fr-FR","potentialAction":[{"@type":"ReadAction","target":["https:\/\/bevaglobal.com\/fr\/linstitut-de-formation-beva\/"]}]},{"@type":"BreadcrumbList","@id":"https:\/\/bevaglobal.com\/fr\/linstitut-de-formation-beva\/#breadcrumb","itemListElement":[{"@type":"ListItem","position":1,"name":"Home","item":"https:\/\/bevaglobal.com\/"},{"@type":"ListItem","position":2,"name":"L&#8217;institut de formation BEVA"}]},{"@type":"WebSite","@id":"https:\/\/bevaglobal.com\/#website","url":"https:\/\/bevaglobal.com\/","name":"BEVA Global Management","description":"Your gateway to knowledge!","publisher":{"@id":"https:\/\/bevaglobal.com\/#organization"},"potentialAction":[{"@type":"SearchAction","target":{"@type":"EntryPoint","urlTemplate":"https:\/\/bevaglobal.com\/?s={search_term_string}"},"query-input":{"@type":"PropertyValueSpecification","valueRequired":true,"valueName":"search_term_string"}}],"inLanguage":"fr-FR"},{"@type":"Organization","@id":"https:\/\/bevaglobal.com\/#organization","name":"BEVA Global Management","url":"https:\/\/bevaglobal.com\/","logo":{"@type":"ImageObject","inLanguage":"fr-FR","@id":"https:\/\/bevaglobal.com\/#\/schema\/logo\/image\/","url":"https:\/\/bevaglobal.com\/wp-content\/uploads\/2016\/11\/logo-slogan-eng-maj3.jpg","contentUrl":"https:\/\/bevaglobal.com\/wp-content\/uploads\/2016\/11\/logo-slogan-eng-maj3.jpg","width":800,"height":290,"caption":"BEVA Global Management"},"image":{"@id":"https:\/\/bevaglobal.com\/#\/schema\/logo\/image\/"}}]}},"jetpack_sharing_enabled":true,"ticketed":false,"_links":{"self":[{"href":"https:\/\/bevaglobal.com\/fr\/wp-json\/wp\/v2\/pages\/6293","targetHints":{"allow":["GET"]}}],"collection":[{"href":"https:\/\/bevaglobal.com\/fr\/wp-json\/wp\/v2\/pages"}],"about":[{"href":"https:\/\/bevaglobal.com\/fr\/wp-json\/wp\/v2\/types\/page"}],"author":[{"embeddable":true,"href":"https:\/\/bevaglobal.com\/fr\/wp-json\/wp\/v2\/users\/3"}],"replies":[{"embeddable":true,"href":"https:\/\/bevaglobal.com\/fr\/wp-json\/wp\/v2\/comments?post=6293"}],"version-history":[{"count":39,"href":"https:\/\/bevaglobal.com\/fr\/wp-json\/wp\/v2\/pages\/6293\/revisions"}],"predecessor-version":[{"id":33683,"href":"https:\/\/bevaglobal.com\/fr\/wp-json\/wp\/v2\/pages\/6293\/revisions\/33683"}],"wp:attachment":[{"href":"https:\/\/bevaglobal.com\/fr\/wp-json\/wp\/v2\/media?parent=6293"}],"curies":[{"name":"wp","href":"https:\/\/api.w.org\/{rel}","templated":true}]}}