{"id":6699,"date":"2018-06-07T15:32:52","date_gmt":"2018-06-07T15:32:52","guid":{"rendered":"https:\/\/bevaglobal.com\/beva-management-consulting\/"},"modified":"2021-08-26T08:38:12","modified_gmt":"2021-08-26T08:38:12","slug":"beva-management-consulting","status":"publish","type":"page","link":"https:\/\/bevaglobal.com\/fr\/beva-management-consulting\/","title":{"rendered":"BEVA Management Consulting"},"content":{"rendered":"<p>[et_pb_section fb_built=\u00a0\u00bb1&Prime; _builder_version=\u00a0\u00bb4.0.1&Prime; background_color=\u00a0\u00bb#eeeeee\u00a0\u00bb background_image=\u00a0\u00bbhttps:\/\/bevaglobal.com\/wp-content\/uploads\/2018\/06\/abstract02.jpg\u00a0\u00bb][et_pb_row _builder_version=\u00a0\u00bb3.25&Prime; background_size=\u00a0\u00bbinitial\u00a0\u00bb background_position=\u00a0\u00bbtop_left\u00a0\u00bb background_repeat=\u00a0\u00bbrepeat\u00a0\u00bb][et_pb_column type=\u00a0\u00bb4_4&Prime; _builder_version=\u00a0\u00bb3.25&Prime; custom_padding=\u00a0\u00bb|||\u00a0\u00bb custom_padding__hover=\u00a0\u00bb|||\u00a0\u00bb][et_pb_text admin_label=\u00a0\u00bbFeature Text\u00a0\u00bb _builder_version=\u00a0\u00bb4.0.1&Prime; text_text_color=\u00a0\u00bb#2a5eaa\u00a0\u00bb text_font_size=\u00a0\u00bb18px\u00a0\u00bb header_font=\u00a0\u00bb|600||on|||||\u00a0\u00bb header_text_align=\u00a0\u00bbcenter\u00a0\u00bb header_text_color=\u00a0\u00bb#ffffff\u00a0\u00bb text_orientation=\u00a0\u00bbcenter\u00a0\u00bb custom_padding=\u00a0\u00bb||0px|||\u00a0\u00bb]<\/p>\n<h1>Services de gestion d&rsquo;entreprise<\/h1>\n<p>[\/et_pb_text][\/et_pb_column][\/et_pb_row][\/et_pb_section][et_pb_section fb_built=\u00a0\u00bb1&Prime; _builder_version=\u00a0\u00bb3.22&Prime;][et_pb_row column_structure=\u00a0\u00bb3_5,2_5&Prime; _builder_version=\u00a0\u00bb4.0.1&Prime;][et_pb_column type=\u00a0\u00bb3_5&Prime; _builder_version=\u00a0\u00bb4.0.1&Prime;][et_pb_text _builder_version=\u00a0\u00bb4.0.1&Prime;]<\/p>\n<p>BEVA Global Management Inc. alias BEVA\u00ae est une soci\u00e9t\u00e9 de conseil en gestion et un centre de formation avec plus de 25 ans d&rsquo;exp\u00e9rience par le biais d&rsquo;acquisitions. Nos liens internationaux nous permettent de concevoir et de fournir des services de gestion d&rsquo;entreprise et de la formation aux organisations ontariennes \u00e0 la recherche d&rsquo;une perspective mondiale.<\/p>\n<p>BEVA est sp\u00e9cialis\u00e9e dans le conseil en gestion, les ressources humaines, le d\u00e9veloppement commercial, la gestion de projets, de programmes et de portefeuilles et le d\u00e9veloppement professionnel.<\/p>\n<h2>Nos services de gestion d&rsquo;entreprise<\/h2>\n<p>\u25cf \u00c9valuation des syst\u00e8mes d&rsquo;entreprise pour identifier les probl\u00e8mes et les solutions<br \/> \u25cf Cartographie des processus m\u00e9tier \u00e0 l&rsquo;\u00e9chelle de l&rsquo;entreprise<br \/> \u25cf Alignement et affectation du personnel \u00e0 l&rsquo;\u00e9chelle de l&rsquo;entreprise<br \/> \u25cf Conseil en culture et leadership<br \/> \u25cf Plan d&rsquo;action personnalis\u00e9 de croissance et d&rsquo;ex\u00e9cution<br \/> \u25cf Facilitation des programmes et projets<br \/> \u25cf D\u00e9veloppement organisationnel<br \/> \u25cf Gestion du secteur public<br \/> \u25cf Planification strat\u00e9gique<\/p>\n<h2>D\u00e9veloppement commercial \/ Ventes<\/h2>\n<p>\u25cf Diagnostics de performances commerciales<br \/> \u25cf Plan strat\u00e9gique \/ d&rsquo;action commerciale<br \/> \u25cf Optimiser le portefeuille clients \/ prospects<br \/> \u25cf Recrutement Commercial \/ Retail<\/p>\n<h2>Projet, programme et portefeuille<\/h2>\n<p>\u25cf \u00c9valuation de la capacit\u00e9 organisationnelle (SysteoPlus\u00ae)<br \/> \u25cf Projet \/ programme \/ portefeuille d&rsquo;audit de gestion de projet<br \/> \u25cf Project Management Office (PMO)<br \/> \u25cf Impl\u00e9mentation de MS Project Enterprise sur le Cloud<br \/> \u25cf ITM Platform &#8211; Logiciel de gestion de projet bas\u00e9 sur le cloud<\/p>\n<p>Choisissez parmi une vaste gamme de services de gestion d&rsquo;entreprise et de programmes de formation en Ontario. Parlez \u00e0 notre \u00e9quipe de BEVA Global aujourd&rsquo;hui. Appelez ou <a href=\"https:\/\/bevaglobal.com\/nous-joindre\/?lang=fr\">contactez-nous<\/a> en ligne.<\/p>\n<p>[\/et_pb_text][\/et_pb_column][et_pb_column type=\u00a0\u00bb2_5&Prime; _builder_version=\u00a0\u00bb4.0.1&Prime;][et_pb_text _builder_version=\u00a0\u00bb4.0.1&Prime;]<\/p>\n<h2>Services<\/h2>\n<ul>\n<li><a href=\"https:\/\/bevaglobal.com\/facilitation\/?lang=fr\">Facilitation<\/a><\/li>\n<li><a href=\"https:\/\/bevaglobal.com\/development-organisationnel\/?lang=fr\">D\u00e9velopement organisationnel<\/a><\/li>\n<li><a href=\"https:\/\/bevaglobal.com\/planification-strategique\/?lang=fr\">Planification strat\u00e9gique<\/a><\/li>\n<\/ul>\n<p>[\/et_pb_text][et_pb_button button_url=\u00a0\u00bbhttps:\/\/bevaglobal.com\/liste-des-formations\/?lang=fr\u00a0\u00bb button_text=\u00a0\u00bbListe des formations\u00a0\u00bb button_alignment=\u00a0\u00bbcenter\u00a0\u00bb _builder_version=\u00a0\u00bb4.0.1&Prime; custom_button=\u00a0\u00bbon\u00a0\u00bb button_text_color=\u00a0\u00bb#ffffff\u00a0\u00bb button_bg_color=\u00a0\u00bb#2ea3f2&Prime;][\/et_pb_button][et_pb_image src=\u00a0\u00bbhttps:\/\/bevaglobal.com\/wp-content\/uploads\/2020\/02\/pre-retirement.jpg\u00a0\u00bb _builder_version=\u00a0\u00bb4.0.1&Prime;][\/et_pb_image][\/et_pb_column][\/et_pb_row][\/et_pb_section][et_pb_section fb_built=\u00a0\u00bb1&Prime; _builder_version=\u00a0\u00bb3.20.1&Prime; background_color=\u00a0\u00bb#2a5eaa\u00a0\u00bb custom_padding=\u00a0\u00bb0|0px|54px|0px|false|false\u00a0\u00bb global_module=\u00a0\u00bb6475&Prime;][et_pb_row module_class=\u00a0\u00bb et_pb_row_fullwidth et_pb_row_fullwidth et_pb_row_fullwidth et_pb_row_fullwidth\u00a0\u00bb _builder_version=\u00a0\u00bb3.25&Prime; width=\u00a0\u00bb89%\u00a0\u00bb width_tablet=\u00a0\u00bb80%\u00a0\u00bb width_phone=\u00a0\u00bb\u00a0\u00bb width_last_edited=\u00a0\u00bbon|desktop\u00a0\u00bb max_width=\u00a0\u00bb89%\u00a0\u00bb max_width_tablet=\u00a0\u00bb80%\u00a0\u00bb max_width_phone=\u00a0\u00bb\u00a0\u00bb max_width_last_edited=\u00a0\u00bbon|desktop\u00a0\u00bb module_alignment=\u00a0\u00bbcenter\u00a0\u00bb make_fullwidth=\u00a0\u00bbon\u00a0\u00bb][et_pb_column type=\u00a0\u00bb4_4&Prime; _builder_version=\u00a0\u00bb3.0.47&Prime; custom_padding=\u00a0\u00bb|||\u00a0\u00bb custom_padding__hover=\u00a0\u00bb|||\u00a0\u00bb][et_pb_cta title=\u00a0\u00bbPASSER \u00c0 L&rsquo;ACTION !\u00a0\u00bb button_url=\u00a0\u00bbhttps:\/\/bevaglobal.com\/nous-joindre\/?lang=fr\u00a0\u00bb button_text=\u00a0\u00bbCONTACTEZ-NOUS MAINTENANT\u00a0\u00bb _builder_version=\u00a0\u00bb3.16&Prime; header_level=\u00a0\u00bbh3&Prime; header_font=\u00a0\u00bb|700||on|||||\u00a0\u00bb header_text_align=\u00a0\u00bbcenter\u00a0\u00bb header_font_size=\u00a0\u00bb29&Prime; body_font_size=\u00a0\u00bb18&Prime; use_background_color=\u00a0\u00bboff\u00a0\u00bb button_text_size__hover_enabled=\u00a0\u00bboff\u00a0\u00bb button_one_text_size__hover_enabled=\u00a0\u00bboff\u00a0\u00bb button_two_text_size__hover_enabled=\u00a0\u00bboff\u00a0\u00bb button_text_color__hover_enabled=\u00a0\u00bboff\u00a0\u00bb button_one_text_color__hover_enabled=\u00a0\u00bboff\u00a0\u00bb button_two_text_color__hover_enabled=\u00a0\u00bboff\u00a0\u00bb button_border_width__hover_enabled=\u00a0\u00bboff\u00a0\u00bb button_one_border_width__hover_enabled=\u00a0\u00bboff\u00a0\u00bb button_two_border_width__hover_enabled=\u00a0\u00bboff\u00a0\u00bb button_border_color__hover_enabled=\u00a0\u00bboff\u00a0\u00bb button_one_border_color__hover_enabled=\u00a0\u00bboff\u00a0\u00bb button_two_border_color__hover_enabled=\u00a0\u00bboff\u00a0\u00bb button_border_radius__hover_enabled=\u00a0\u00bboff\u00a0\u00bb button_one_border_radius__hover_enabled=\u00a0\u00bboff\u00a0\u00bb button_two_border_radius__hover_enabled=\u00a0\u00bboff\u00a0\u00bb button_letter_spacing__hover_enabled=\u00a0\u00bboff\u00a0\u00bb button_one_letter_spacing__hover_enabled=\u00a0\u00bboff\u00a0\u00bb button_two_letter_spacing__hover_enabled=\u00a0\u00bboff\u00a0\u00bb button_bg_color__hover_enabled=\u00a0\u00bboff\u00a0\u00bb button_one_bg_color__hover_enabled=\u00a0\u00bboff\u00a0\u00bb button_two_bg_color__hover_enabled=\u00a0\u00bboff\u00a0\u00bb]<\/p>\n<p>Laissez-nous r\u00e9pondre \u00e0 vos questions et voir comment nous pouvons vous aider.<\/p>\n<p>[\/et_pb_cta][\/et_pb_column][\/et_pb_row][\/et_pb_section]<\/p>\n","protected":false},"excerpt":{"rendered":"<p>Services de gestion d&rsquo;entrepriseBEVA Global Management Inc. alias BEVA\u00ae est une soci\u00e9t\u00e9 de conseil en gestion et un centre de formation avec plus de 25 ans d&rsquo;exp\u00e9rience par le biais [&hellip;]<\/p>\n","protected":false},"author":3,"featured_media":0,"parent":0,"menu_order":0,"comment_status":"closed","ping_status":"closed","template":"","meta":{"_et_pb_use_builder":"on","_et_pb_old_content":"<p><strong>WHO WE ARE<\/strong><br \/>BEVA Global Management Inc. (BEVA)\u00ae is an international management consulting firm and training facility with more than 20 years of experience.<\/p><p>BEVA\u00ae is specialized in Management Consulting, Human Resources, Business Development, Project, Program and Portfolio Management, and Professional Development.<\/p><p>BEVA\u00ae is a Registered Education Provider (REP)\u00ae with the Project Management Institute (PMI)\u00ae.<\/p><p><strong>Management Consulting<\/strong><br \/>Business systems evaluation to identify problems and evaluations<br \/>Culture and leadership advisory<br \/>Company-wide business process mapping<br \/>Company-wide personnel alignment and assignment<br \/>Customized growth and executional action plan<br \/>Facilitation<br \/>Organizational Development<br \/>Public Sector Management<br \/>Strategic Planning<\/p><p><strong>Business Development \/ Sales<\/strong><br \/>Commercial Performance Diagnostics<br \/>Commercial Strategic \/ Action Plan<br \/>Optimizing Client \/ Prospects Portfolio<br \/>Commercial \/ Retail Recruitment<\/p><p><strong>Project, Program and Portfolio<\/strong><br \/>Organizational Capacity Assessment (SysteoPlus\u00ae)<br \/>Project Management Auditing<br \/>Project \/ Program \/ Portfolio<br \/>Project Management Office (PMO)<br \/>ITM Platform - Cloud based PM software<\/p>","_et_gb_content_width":"","_price":"","_stock":"","_tribe_ticket_header":"","_tribe_default_ticket_provider":"","_ticket_start_date":"","_ticket_end_date":"","_tribe_ticket_show_description":"","_tribe_ticket_show_not_going":false,"_tribe_ticket_use_global_stock":"","_tribe_ticket_global_stock_level":"","_global_stock_mode":"","_global_stock_cap":"","_tribe_rsvp_for_event":"","_tribe_ticket_going_count":"","_tribe_ticket_not_going_count":"","_tribe_tickets_list":"[]","_tribe_ticket_has_attendee_info_fields":false,"footnotes":"","_tec_slr_enabled":"","_tec_slr_layout":""},"class_list":["post-6699","page","type-page","status-publish","hentry"],"yoast_head":"<!-- This site is optimized with the Yoast SEO plugin v27.1.1 - https:\/\/yoast.com\/product\/yoast-seo-wordpress\/ -->\n<title>BEVA Management Consulting - BEVA Global Management<\/title>\n<meta name=\"description\" content=\"BEVA Management Consulting | Contact us online\" \/>\n<meta name=\"robots\" content=\"index, follow, max-snippet:-1, max-image-preview:large, max-video-preview:-1\" \/>\n<link rel=\"canonical\" href=\"https:\/\/bevaglobal.com\/business-management-services-training-ontario\/\" \/>\n<script type=\"application\/ld+json\" class=\"yoast-schema-graph\">{\"@context\":\"https:\/\/schema.org\",\"@graph\":[{\"@type\":\"WebPage\",\"@id\":\"https:\/\/bevaglobal.com\/business-management-services-training-ontario\/\",\"url\":\"https:\/\/bevaglobal.com\/business-management-services-training-ontario\/\",\"name\":\"BEVA Management Consulting - BEVA Global Management\",\"isPartOf\":{\"@id\":\"https:\/\/bevaglobal.com\/#website\"},\"datePublished\":\"2018-06-07T15:32:52+00:00\",\"dateModified\":\"2021-08-26T08:38:12+00:00\",\"description\":\"BEVA Management Consulting | Contact us online\",\"breadcrumb\":{\"@id\":\"https:\/\/bevaglobal.com\/business-management-services-training-ontario\/#breadcrumb\"},\"inLanguage\":\"fr-FR\",\"potentialAction\":[{\"@type\":\"ReadAction\",\"target\":[\"https:\/\/bevaglobal.com\/business-management-services-training-ontario\/\"]}]},{\"@type\":\"BreadcrumbList\",\"@id\":\"https:\/\/bevaglobal.com\/business-management-services-training-ontario\/#breadcrumb\",\"itemListElement\":[{\"@type\":\"ListItem\",\"position\":1,\"name\":\"Home\",\"item\":\"https:\/\/bevaglobal.com\/\"},{\"@type\":\"ListItem\",\"position\":2,\"name\":\"BEVA Management Consulting\"}]},{\"@type\":\"WebSite\",\"@id\":\"https:\/\/bevaglobal.com\/#website\",\"url\":\"https:\/\/bevaglobal.com\/\",\"name\":\"BEVA Global Management\",\"description\":\"Your gateway to knowledge!\",\"publisher\":{\"@id\":\"https:\/\/bevaglobal.com\/#organization\"},\"potentialAction\":[{\"@type\":\"SearchAction\",\"target\":{\"@type\":\"EntryPoint\",\"urlTemplate\":\"https:\/\/bevaglobal.com\/?s={search_term_string}\"},\"query-input\":{\"@type\":\"PropertyValueSpecification\",\"valueRequired\":true,\"valueName\":\"search_term_string\"}}],\"inLanguage\":\"fr-FR\"},{\"@type\":\"Organization\",\"@id\":\"https:\/\/bevaglobal.com\/#organization\",\"name\":\"BEVA Global Management\",\"url\":\"https:\/\/bevaglobal.com\/\",\"logo\":{\"@type\":\"ImageObject\",\"inLanguage\":\"fr-FR\",\"@id\":\"https:\/\/bevaglobal.com\/#\/schema\/logo\/image\/\",\"url\":\"https:\/\/bevaglobal.com\/wp-content\/uploads\/2016\/11\/logo-slogan-eng-maj3.jpg\",\"contentUrl\":\"https:\/\/bevaglobal.com\/wp-content\/uploads\/2016\/11\/logo-slogan-eng-maj3.jpg\",\"width\":800,\"height\":290,\"caption\":\"BEVA Global Management\"},\"image\":{\"@id\":\"https:\/\/bevaglobal.com\/#\/schema\/logo\/image\/\"}}]}<\/script>\n<!-- \/ Yoast SEO plugin. -->","yoast_head_json":{"title":"BEVA Management Consulting - BEVA Global Management","description":"BEVA Management Consulting | Contact us online","robots":{"index":"index","follow":"follow","max-snippet":"max-snippet:-1","max-image-preview":"max-image-preview:large","max-video-preview":"max-video-preview:-1"},"canonical":"https:\/\/bevaglobal.com\/business-management-services-training-ontario\/","schema":{"@context":"https:\/\/schema.org","@graph":[{"@type":"WebPage","@id":"https:\/\/bevaglobal.com\/business-management-services-training-ontario\/","url":"https:\/\/bevaglobal.com\/business-management-services-training-ontario\/","name":"BEVA Management Consulting - BEVA Global Management","isPartOf":{"@id":"https:\/\/bevaglobal.com\/#website"},"datePublished":"2018-06-07T15:32:52+00:00","dateModified":"2021-08-26T08:38:12+00:00","description":"BEVA Management Consulting | Contact us online","breadcrumb":{"@id":"https:\/\/bevaglobal.com\/business-management-services-training-ontario\/#breadcrumb"},"inLanguage":"fr-FR","potentialAction":[{"@type":"ReadAction","target":["https:\/\/bevaglobal.com\/business-management-services-training-ontario\/"]}]},{"@type":"BreadcrumbList","@id":"https:\/\/bevaglobal.com\/business-management-services-training-ontario\/#breadcrumb","itemListElement":[{"@type":"ListItem","position":1,"name":"Home","item":"https:\/\/bevaglobal.com\/"},{"@type":"ListItem","position":2,"name":"BEVA Management Consulting"}]},{"@type":"WebSite","@id":"https:\/\/bevaglobal.com\/#website","url":"https:\/\/bevaglobal.com\/","name":"BEVA Global Management","description":"Your gateway to knowledge!","publisher":{"@id":"https:\/\/bevaglobal.com\/#organization"},"potentialAction":[{"@type":"SearchAction","target":{"@type":"EntryPoint","urlTemplate":"https:\/\/bevaglobal.com\/?s={search_term_string}"},"query-input":{"@type":"PropertyValueSpecification","valueRequired":true,"valueName":"search_term_string"}}],"inLanguage":"fr-FR"},{"@type":"Organization","@id":"https:\/\/bevaglobal.com\/#organization","name":"BEVA Global Management","url":"https:\/\/bevaglobal.com\/","logo":{"@type":"ImageObject","inLanguage":"fr-FR","@id":"https:\/\/bevaglobal.com\/#\/schema\/logo\/image\/","url":"https:\/\/bevaglobal.com\/wp-content\/uploads\/2016\/11\/logo-slogan-eng-maj3.jpg","contentUrl":"https:\/\/bevaglobal.com\/wp-content\/uploads\/2016\/11\/logo-slogan-eng-maj3.jpg","width":800,"height":290,"caption":"BEVA Global Management"},"image":{"@id":"https:\/\/bevaglobal.com\/#\/schema\/logo\/image\/"}}]}},"jetpack_sharing_enabled":true,"ticketed":false,"_links":{"self":[{"href":"https:\/\/bevaglobal.com\/fr\/wp-json\/wp\/v2\/pages\/6699","targetHints":{"allow":["GET"]}}],"collection":[{"href":"https:\/\/bevaglobal.com\/fr\/wp-json\/wp\/v2\/pages"}],"about":[{"href":"https:\/\/bevaglobal.com\/fr\/wp-json\/wp\/v2\/types\/page"}],"author":[{"embeddable":true,"href":"https:\/\/bevaglobal.com\/fr\/wp-json\/wp\/v2\/users\/3"}],"replies":[{"embeddable":true,"href":"https:\/\/bevaglobal.com\/fr\/wp-json\/wp\/v2\/comments?post=6699"}],"version-history":[{"count":17,"href":"https:\/\/bevaglobal.com\/fr\/wp-json\/wp\/v2\/pages\/6699\/revisions"}],"predecessor-version":[{"id":12910,"href":"https:\/\/bevaglobal.com\/fr\/wp-json\/wp\/v2\/pages\/6699\/revisions\/12910"}],"wp:attachment":[{"href":"https:\/\/bevaglobal.com\/fr\/wp-json\/wp\/v2\/media?parent=6699"}],"curies":[{"name":"wp","href":"https:\/\/api.w.org\/{rel}","templated":true}]}}