{"id":6935,"date":"2018-06-29T00:16:35","date_gmt":"2018-06-29T00:16:35","guid":{"rendered":"https:\/\/bevaglobal.com\/?page_id=6935"},"modified":"2025-11-07T12:04:08","modified_gmt":"2025-11-07T17:04:08","slug":"affiliation-pmi","status":"publish","type":"page","link":"https:\/\/bevaglobal.com\/fr\/affiliation-pmi\/","title":{"rendered":"Affiliation PMI"},"content":{"rendered":"<p>[et_pb_section fb_built=\u00a0\u00bb1&Prime; _builder_version=\u00a0\u00bb4.16&Prime; background_image=\u00a0\u00bbhttps:\/\/bevaglobal.com\/wp-content\/uploads\/2018\/06\/abstract02.jpg\u00a0\u00bb locked=\u00a0\u00bboff\u00a0\u00bb global_colors_info=\u00a0\u00bb{}\u00a0\u00bb][et_pb_row _builder_version=\u00a0\u00bb4.16&Prime; background_size=\u00a0\u00bbinitial\u00a0\u00bb background_position=\u00a0\u00bbtop_left\u00a0\u00bb background_repeat=\u00a0\u00bbrepeat\u00a0\u00bb global_colors_info=\u00a0\u00bb{}\u00a0\u00bb][et_pb_column type=\u00a0\u00bb4_4&Prime; _builder_version=\u00a0\u00bb4.16&Prime; custom_padding=\u00a0\u00bb|||\u00a0\u00bb global_colors_info=\u00a0\u00bb{}\u00a0\u00bb custom_padding__hover=\u00a0\u00bb|||\u00a0\u00bb][et_pb_text admin_label=\u00a0\u00bbPage Title\u00a0\u00bb _builder_version=\u00a0\u00bb4.16&Prime; header_font=\u00a0\u00bb|600||on|||||\u00a0\u00bb header_text_align=\u00a0\u00bbleft\u00a0\u00bb header_text_color=\u00a0\u00bb#ffffff\u00a0\u00bb global_colors_info=\u00a0\u00bb{}\u00a0\u00bb]<\/p>\n<h1>Affiliation avec PMI<\/h1>\n<p>&nbsp;<\/p>\n<p>[\/et_pb_text][\/et_pb_column][\/et_pb_row][\/et_pb_section][et_pb_section fb_built=\u00a0\u00bb1&Prime; admin_label=\u00a0\u00bbsection\u00a0\u00bb _builder_version=\u00a0\u00bb4.16&Prime; global_colors_info=\u00a0\u00bb{}\u00a0\u00bb][et_pb_row column_structure=\u00a0\u00bb2_3,1_3&Prime; admin_label=\u00a0\u00bbrow\u00a0\u00bb _builder_version=\u00a0\u00bb4.16&Prime; background_size=\u00a0\u00bbinitial\u00a0\u00bb background_position=\u00a0\u00bbtop_left\u00a0\u00bb background_repeat=\u00a0\u00bbrepeat\u00a0\u00bb global_colors_info=\u00a0\u00bb{}\u00a0\u00bb][et_pb_column type=\u00a0\u00bb2_3&Prime; _builder_version=\u00a0\u00bb4.16&Prime; custom_padding=\u00a0\u00bb|||\u00a0\u00bb global_colors_info=\u00a0\u00bb{}\u00a0\u00bb custom_padding__hover=\u00a0\u00bb|||\u00a0\u00bb][et_pb_text _builder_version=\u00a0\u00bb4.27.4&Prime; background_size=\u00a0\u00bbinitial\u00a0\u00bb background_position=\u00a0\u00bbtop_left\u00a0\u00bb background_repeat=\u00a0\u00bbrepeat\u00a0\u00bb hover_enabled=\u00a0\u00bb0&Prime; global_colors_info=\u00a0\u00bb{}\u00a0\u00bb sticky_enabled=\u00a0\u00bb0&Prime;]<\/p>\n<h2>BEVA L&rsquo;institut de formation est votre formateur professionnel par excellence.<\/h2>\n<p>BEVA\u00ae fournit une formation de qualit\u00e9, dans les deux langues officielles, aussi bien au gouvernement qu\u2019\u00e0 un large \u00e9ventail de secteurs de l\u2019industrie, r\u00e9partis au travers de multiples disciplines.<\/p>\n<p><strong>BEVA\u00ae est un fournisseur reconnu comme un partenaire autoris\u00e9 par le \u00ab\u00a0Project Management Institute\u00a0\u00bb (PMI)\u00ae, un institut de gestion de projet pour le nouveau programme 2021.<\/strong><\/p>\n<p><strong>BEVA\u00ae est dans le r\u00e9pertoire du R.E.P. sous: \u00ab\u00a0BEVA Global Management Inc. \u2013 BEVA Learning Institute, PMI Registered Education Provider.\u201d<\/strong><\/p>\n<p>Les formateurs \u0153uvrant au sein de BEVA\u00a0sont soumis \u00e0 une s\u00e9lection rigoureuse afin de r\u00e9pondre aux attentes\u00a0 des clients.<\/p>\n<p>Chacun de ces formateurs doit poss\u00e9der un bagage d\u2019exp\u00e9rience solide afin d\u2019\u00eatre en mesure de partager des exp\u00e9riences concr\u00e8tes avec les participants.<\/p>\n<p>La qualit\u00e9 de nos formateurs est reconnue et certains d\u2019entre eux ont obtenu une \u00e9valuation de 4,98 sur 5.<\/p>\n<p>Au cours des six derni\u00e8res ann\u00e9es, par l\u2032entremise d\u2032acquisition, BEVA \u00e0 donn\u00e9 plus de 5000 heures de formation \u00e0 plus de 3000 participants.<\/p>\n<p>Que ce soit pour un cours d\u2019initiation ou pour un cours avanc\u00e9 sur les risques, la communication, la qualit\u00e9 ou autres sujets de la gestion de projet, BEVA\u00a0a le talent n\u00e9cessaire pour r\u00e9pondre \u00e0 vos besoins.\u00a0BEVA peut fournir du mat\u00e9riel standard ou d\u00e9velopper du mat\u00e9riel sp\u00e9cifique \u00e0 vos besoins.<\/p>\n<p>Les services d\u2019encadrement (coaching) \u00a0sont hautement r\u00e9put\u00e9s et document\u00e9s. Plus de 50 entreprises ou individus ont b\u00e9n\u00e9fici\u00e9 de notre expertise \u00a0au cours des six (6) derni\u00e8res ann\u00e9es, BEVA les ayant encadr\u00e9s et soutenus lors de la mise en \u0153uvre de gestion de projet.<\/p>\n<p>L\u2019uniformit\u00e9 des formations en gestion de projet offertes par\u00a0BEVA constitue un autre avantage. Dans le cas de formations pr\u00e9sent\u00e9es dans les deux langues officielles,\u00a0BEVA<strong>\u00ae<\/strong> s\u2019efforce toujours de recourir aux services du m\u00eame formateur. Les participants re\u00e7oivent ainsi la m\u00eame information, tant en fran\u00e7ais qu\u2019en anglais.<\/p>\n<p>Le logo de \u00ab\u00a0Authorized Training Partner\u00a0\u00bb sont des marques d\u00e9pos\u00e9es et enregistr\u00e9es par le \u00ab\u00a0Project Management Institute\u00a0\u00bb.<\/p>\n<p>[\/et_pb_text][\/et_pb_column][et_pb_column type=\u00a0\u00bb1_3&Prime; _builder_version=\u00a0\u00bb4.16&Prime; custom_padding=\u00a0\u00bb|||\u00a0\u00bb global_colors_info=\u00a0\u00bb{}\u00a0\u00bb custom_padding__hover=\u00a0\u00bb|||\u00a0\u00bb][et_pb_image src=\u00a0\u00bbhttps:\/\/bevaglobal.com\/wp-content\/uploads\/2025\/08\/PMI-ATP-2026-300&#215;300-2.png\u00a0\u00bb title_text=\u00a0\u00bbPMI-ATP-2026-300&#215;300&Prime; align_tablet=\u00a0\u00bbcenter\u00a0\u00bb align_phone=\u00a0\u00bb\u00a0\u00bb align_last_edited=\u00a0\u00bbon|desktop\u00a0\u00bb _builder_version=\u00a0\u00bb4.27.4&Prime; hover_enabled=\u00a0\u00bb0&Prime; global_colors_info=\u00a0\u00bb{}\u00a0\u00bb sticky_enabled=\u00a0\u00bb0&Prime;][\/et_pb_image][\/et_pb_column][\/et_pb_row][\/et_pb_section][et_pb_section fb_built=\u00a0\u00bb1&Prime; _builder_version=\u00a0\u00bb3.20.1&Prime; background_color=\u00a0\u00bb#2a5eaa\u00a0\u00bb custom_padding=\u00a0\u00bb0|0px|54px|0px|false|false\u00a0\u00bb global_module=\u00a0\u00bb6475&Prime; global_colors_info=\u00a0\u00bb{}\u00a0\u00bb][et_pb_row module_class=\u00a0\u00bb et_pb_row_fullwidth et_pb_row_fullwidth et_pb_row_fullwidth et_pb_row_fullwidth\u00a0\u00bb _builder_version=\u00a0\u00bb4.18.0&Prime; width=\u00a0\u00bb89%\u00a0\u00bb width_tablet=\u00a0\u00bb80%\u00a0\u00bb width_phone=\u00a0\u00bb\u00a0\u00bb width_last_edited=\u00a0\u00bbon|desktop\u00a0\u00bb max_width=\u00a0\u00bb89%\u00a0\u00bb max_width_tablet=\u00a0\u00bb80%\u00a0\u00bb max_width_phone=\u00a0\u00bb\u00a0\u00bb max_width_last_edited=\u00a0\u00bbon|desktop\u00a0\u00bb module_alignment=\u00a0\u00bbcenter\u00a0\u00bb make_fullwidth=\u00a0\u00bbon\u00a0\u00bb global_colors_info=\u00a0\u00bb{}\u00a0\u00bb][et_pb_column type=\u00a0\u00bb4_4&Prime; _builder_version=\u00a0\u00bb4.16&Prime; custom_padding=\u00a0\u00bb|||\u00a0\u00bb global_colors_info=\u00a0\u00bb{}\u00a0\u00bb custom_padding__hover=\u00a0\u00bb|||\u00a0\u00bb][et_pb_cta title=\u00a0\u00bbPASSER \u00c0 L&rsquo;ACTION !\u00a0\u00bb button_url=\u00a0\u00bb\/fr\/nous-joindre\/\u00a0\u00bb button_text=\u00a0\u00bbCONTACTEZ-NOUS MAINTENANT\u00a0\u00bb _builder_version=\u00a0\u00bb4.18.0&Prime; header_level=\u00a0\u00bbh3&Prime; header_font=\u00a0\u00bb|700||on|||||\u00a0\u00bb header_text_align=\u00a0\u00bbcenter\u00a0\u00bb header_font_size=\u00a0\u00bb29&Prime; body_font_size=\u00a0\u00bb18&Prime; use_background_color=\u00a0\u00bboff\u00a0\u00bb global_colors_info=\u00a0\u00bb{}\u00a0\u00bb button_text_size__hover_enabled=\u00a0\u00bboff\u00a0\u00bb button_one_text_size__hover_enabled=\u00a0\u00bboff\u00a0\u00bb button_two_text_size__hover_enabled=\u00a0\u00bboff\u00a0\u00bb button_text_color__hover_enabled=\u00a0\u00bboff\u00a0\u00bb button_one_text_color__hover_enabled=\u00a0\u00bboff\u00a0\u00bb button_two_text_color__hover_enabled=\u00a0\u00bboff\u00a0\u00bb button_border_width__hover_enabled=\u00a0\u00bboff\u00a0\u00bb button_one_border_width__hover_enabled=\u00a0\u00bboff\u00a0\u00bb button_two_border_width__hover_enabled=\u00a0\u00bboff\u00a0\u00bb button_border_color__hover_enabled=\u00a0\u00bboff\u00a0\u00bb button_one_border_color__hover_enabled=\u00a0\u00bboff\u00a0\u00bb button_two_border_color__hover_enabled=\u00a0\u00bboff\u00a0\u00bb button_border_radius__hover_enabled=\u00a0\u00bboff\u00a0\u00bb button_one_border_radius__hover_enabled=\u00a0\u00bboff\u00a0\u00bb button_two_border_radius__hover_enabled=\u00a0\u00bboff\u00a0\u00bb button_letter_spacing__hover_enabled=\u00a0\u00bboff\u00a0\u00bb button_one_letter_spacing__hover_enabled=\u00a0\u00bboff\u00a0\u00bb button_two_letter_spacing__hover_enabled=\u00a0\u00bboff\u00a0\u00bb button_bg_color__hover_enabled=\u00a0\u00bboff\u00a0\u00bb button_one_bg_color__hover_enabled=\u00a0\u00bboff\u00a0\u00bb button_two_bg_color__hover_enabled=\u00a0\u00bboff\u00a0\u00bb]<\/p>\n<p>Laissez-nous r\u00e9pondre \u00e0 vos questions et voir comment nous pouvons vous aider.<\/p>\n<p>[\/et_pb_cta][\/et_pb_column][\/et_pb_row][\/et_pb_section]<\/p>\n","protected":false},"excerpt":{"rendered":"<p>Affiliation avec PMI &nbsp;BEVA L&rsquo;institut de formation est votre formateur professionnel par excellence. BEVA\u00ae fournit une formation de qualit\u00e9, dans les deux langues officielles, aussi bien au gouvernement qu\u2019\u00e0 un [&hellip;]<\/p>\n","protected":false},"author":3,"featured_media":0,"parent":0,"menu_order":0,"comment_status":"closed","ping_status":"closed","template":"","meta":{"_et_pb_use_builder":"on","_et_pb_old_content":"<h3>Project Management Institute<\/h3>\r\n<h3>BEVA est votre formateur professionnel\u00a0par excellence.<\/h3>\r\nBEVA fournit une formation de qualit\u00e9, dans les deux langues officielles, aussi bien au gouvernement qu\u2019\u00e0 un large \u00e9ventail de secteurs de l\u2019industrie, r\u00e9partis au travers de multiples disciplines.\r\n\r\nBEVA est un fournisseur autoris\u00e9 de sp\u00e9cialistes en education \u201cRegistered Education Provider \u201d du Project Management Institute, un\u00a0institut de gestion de projet.\r\n\r\nLes formateurs \u0153uvrant au sein de BEVA\u00a0sont soumis \u00e0 une s\u00e9lection rigoureuse afin de r\u00e9pondre aux attentes\u00a0 des clients.\r\n\r\nChacun de ces formateurs doit poss\u00e9der un bagage d\u2019exp\u00e9rience solide afin d\u2019\u00eatre en mesure de partager des exp\u00e9riences concr\u00e8tes avec les participants.\r\n\r\nLa qualit\u00e9 de nos formateurs est reconnue et certains d\u2019entre eux ont obtenu une \u00e9valuation de 4,98 sur 5.\r\n\r\nAu cours des cinq derni\u00e8res ann\u00e9es, par l\u2032entremise d\u2032acquisition, BEVA \u00e0\u00a0donn\u00e9 plus de 5000 heures de formation \u00e0 plus de 3000 participants.\r\n\r\nQue ce soit pour un cours d\u2019initiation ou pour un cours avanc\u00e9 sur les risques, la communication, la qualit\u00e9 ou autres sujets de la gestion de projet, BEVA\u00a0a le talent n\u00e9cessaire pour r\u00e9pondre \u00e0 vos besoins.\u00a0BEVA peut fournir du mat\u00e9riel standard ou d\u00e9velopper du mat\u00e9riel sp\u00e9cifique \u00e0 vos besoins.\r\n\r\nLes services d\u2019encadrement (coaching) \u00a0sont hautement r\u00e9put\u00e9s et document\u00e9s. Plus de 50 entreprises ou individus ont b\u00e9n\u00e9fici\u00e9 de notre expertise \u00a0au cours des cinq (5) derni\u00e8res ann\u00e9es,\u00a0BEVA les ayant encadr\u00e9s et soutenus lors de la mise en \u0153uvre de gestion de projet.\r\n\r\nL\u2019uniformit\u00e9 des formations en gestion de projet offertes par\u00a0BEVA constitue un autre avantage. Dans le cas de formations pr\u00e9sent\u00e9es dans les deux langues officielles,\u00a0BEVA s\u2019efforce toujours de recourir aux services du m\u00eame formateur. Les participants re\u00e7oivent ainsi la m\u00eame information, tant en fran\u00e7ais qu\u2019en anglais.\r\n\r\nLe logo de \u00abRegistered Education Provider\u00bb sont des marques d\u00e9pos\u00e9es et enregistr\u00e9es par le \u00abProject Management Institute\u00bb.","_et_gb_content_width":"","_price":"","_stock":"","_tribe_ticket_header":"","_tribe_default_ticket_provider":"TEC\\Tickets\\Commerce\\Module","_ticket_start_date":"","_ticket_end_date":"","_tribe_ticket_show_description":"","_tribe_ticket_show_not_going":false,"_tribe_ticket_use_global_stock":"","_tribe_ticket_global_stock_level":"","_global_stock_mode":"","_global_stock_cap":"","_tribe_rsvp_for_event":"","_tribe_ticket_going_count":"","_tribe_ticket_not_going_count":"","_tribe_tickets_list":"[]","_tribe_ticket_has_attendee_info_fields":false,"footnotes":"","_tec_slr_enabled":"","_tec_slr_layout":""},"class_list":["post-6935","page","type-page","status-publish","hentry"],"yoast_head":"<!-- This site is optimized with the Yoast SEO plugin v27.1.1 - https:\/\/yoast.com\/product\/yoast-seo-wordpress\/ -->\n<title>Gestion de Project, Coaching, Formation, Cours | Ottawa, Ontario<\/title>\n<meta name=\"description\" content=\"BEVA est un fournisseur autoris\u00e9 de sp\u00e9cialistes en education \u201cRegistered Education Provider \u201d du Project Management Institute, un institut de gestion...\" \/>\n<meta name=\"robots\" content=\"index, follow, max-snippet:-1, max-image-preview:large, max-video-preview:-1\" \/>\n<link rel=\"canonical\" href=\"https:\/\/bevaglobal.com\/fr\/affiliation-pmi\/\" \/>\n<script type=\"application\/ld+json\" class=\"yoast-schema-graph\">{\"@context\":\"https:\/\/schema.org\",\"@graph\":[{\"@type\":\"WebPage\",\"@id\":\"https:\/\/bevaglobal.com\/fr\/affiliation-pmi\/\",\"url\":\"https:\/\/bevaglobal.com\/fr\/affiliation-pmi\/\",\"name\":\"Gestion de Project, Coaching, Formation, Cours | Ottawa, Ontario\",\"isPartOf\":{\"@id\":\"https:\/\/bevaglobal.com\/#website\"},\"datePublished\":\"2018-06-29T00:16:35+00:00\",\"dateModified\":\"2025-11-07T17:04:08+00:00\",\"description\":\"BEVA est un fournisseur autoris\u00e9 de sp\u00e9cialistes en education \u201cRegistered Education Provider \u201d du Project Management Institute, un institut de gestion...\",\"breadcrumb\":{\"@id\":\"https:\/\/bevaglobal.com\/fr\/affiliation-pmi\/#breadcrumb\"},\"inLanguage\":\"fr-FR\",\"potentialAction\":[{\"@type\":\"ReadAction\",\"target\":[\"https:\/\/bevaglobal.com\/fr\/affiliation-pmi\/\"]}]},{\"@type\":\"BreadcrumbList\",\"@id\":\"https:\/\/bevaglobal.com\/fr\/affiliation-pmi\/#breadcrumb\",\"itemListElement\":[{\"@type\":\"ListItem\",\"position\":1,\"name\":\"Home\",\"item\":\"https:\/\/bevaglobal.com\/\"},{\"@type\":\"ListItem\",\"position\":2,\"name\":\"Affiliation PMI\"}]},{\"@type\":\"WebSite\",\"@id\":\"https:\/\/bevaglobal.com\/#website\",\"url\":\"https:\/\/bevaglobal.com\/\",\"name\":\"BEVA Global Management\",\"description\":\"Your gateway to knowledge!\",\"publisher\":{\"@id\":\"https:\/\/bevaglobal.com\/#organization\"},\"potentialAction\":[{\"@type\":\"SearchAction\",\"target\":{\"@type\":\"EntryPoint\",\"urlTemplate\":\"https:\/\/bevaglobal.com\/?s={search_term_string}\"},\"query-input\":{\"@type\":\"PropertyValueSpecification\",\"valueRequired\":true,\"valueName\":\"search_term_string\"}}],\"inLanguage\":\"fr-FR\"},{\"@type\":\"Organization\",\"@id\":\"https:\/\/bevaglobal.com\/#organization\",\"name\":\"BEVA Global Management\",\"url\":\"https:\/\/bevaglobal.com\/\",\"logo\":{\"@type\":\"ImageObject\",\"inLanguage\":\"fr-FR\",\"@id\":\"https:\/\/bevaglobal.com\/#\/schema\/logo\/image\/\",\"url\":\"https:\/\/bevaglobal.com\/wp-content\/uploads\/2016\/11\/logo-slogan-eng-maj3.jpg\",\"contentUrl\":\"https:\/\/bevaglobal.com\/wp-content\/uploads\/2016\/11\/logo-slogan-eng-maj3.jpg\",\"width\":800,\"height\":290,\"caption\":\"BEVA Global Management\"},\"image\":{\"@id\":\"https:\/\/bevaglobal.com\/#\/schema\/logo\/image\/\"}}]}<\/script>\n<!-- \/ Yoast SEO plugin. -->","yoast_head_json":{"title":"Gestion de Project, Coaching, Formation, Cours | Ottawa, Ontario","description":"BEVA est un fournisseur autoris\u00e9 de sp\u00e9cialistes en education \u201cRegistered Education Provider \u201d du Project Management Institute, un institut de gestion...","robots":{"index":"index","follow":"follow","max-snippet":"max-snippet:-1","max-image-preview":"max-image-preview:large","max-video-preview":"max-video-preview:-1"},"canonical":"https:\/\/bevaglobal.com\/fr\/affiliation-pmi\/","schema":{"@context":"https:\/\/schema.org","@graph":[{"@type":"WebPage","@id":"https:\/\/bevaglobal.com\/fr\/affiliation-pmi\/","url":"https:\/\/bevaglobal.com\/fr\/affiliation-pmi\/","name":"Gestion de Project, Coaching, Formation, Cours | Ottawa, Ontario","isPartOf":{"@id":"https:\/\/bevaglobal.com\/#website"},"datePublished":"2018-06-29T00:16:35+00:00","dateModified":"2025-11-07T17:04:08+00:00","description":"BEVA est un fournisseur autoris\u00e9 de sp\u00e9cialistes en education \u201cRegistered Education Provider \u201d du Project Management Institute, un institut de gestion...","breadcrumb":{"@id":"https:\/\/bevaglobal.com\/fr\/affiliation-pmi\/#breadcrumb"},"inLanguage":"fr-FR","potentialAction":[{"@type":"ReadAction","target":["https:\/\/bevaglobal.com\/fr\/affiliation-pmi\/"]}]},{"@type":"BreadcrumbList","@id":"https:\/\/bevaglobal.com\/fr\/affiliation-pmi\/#breadcrumb","itemListElement":[{"@type":"ListItem","position":1,"name":"Home","item":"https:\/\/bevaglobal.com\/"},{"@type":"ListItem","position":2,"name":"Affiliation PMI"}]},{"@type":"WebSite","@id":"https:\/\/bevaglobal.com\/#website","url":"https:\/\/bevaglobal.com\/","name":"BEVA Global Management","description":"Your gateway to knowledge!","publisher":{"@id":"https:\/\/bevaglobal.com\/#organization"},"potentialAction":[{"@type":"SearchAction","target":{"@type":"EntryPoint","urlTemplate":"https:\/\/bevaglobal.com\/?s={search_term_string}"},"query-input":{"@type":"PropertyValueSpecification","valueRequired":true,"valueName":"search_term_string"}}],"inLanguage":"fr-FR"},{"@type":"Organization","@id":"https:\/\/bevaglobal.com\/#organization","name":"BEVA Global Management","url":"https:\/\/bevaglobal.com\/","logo":{"@type":"ImageObject","inLanguage":"fr-FR","@id":"https:\/\/bevaglobal.com\/#\/schema\/logo\/image\/","url":"https:\/\/bevaglobal.com\/wp-content\/uploads\/2016\/11\/logo-slogan-eng-maj3.jpg","contentUrl":"https:\/\/bevaglobal.com\/wp-content\/uploads\/2016\/11\/logo-slogan-eng-maj3.jpg","width":800,"height":290,"caption":"BEVA Global Management"},"image":{"@id":"https:\/\/bevaglobal.com\/#\/schema\/logo\/image\/"}}]}},"jetpack_sharing_enabled":true,"ticketed":false,"_links":{"self":[{"href":"https:\/\/bevaglobal.com\/fr\/wp-json\/wp\/v2\/pages\/6935","targetHints":{"allow":["GET"]}}],"collection":[{"href":"https:\/\/bevaglobal.com\/fr\/wp-json\/wp\/v2\/pages"}],"about":[{"href":"https:\/\/bevaglobal.com\/fr\/wp-json\/wp\/v2\/types\/page"}],"author":[{"embeddable":true,"href":"https:\/\/bevaglobal.com\/fr\/wp-json\/wp\/v2\/users\/3"}],"replies":[{"embeddable":true,"href":"https:\/\/bevaglobal.com\/fr\/wp-json\/wp\/v2\/comments?post=6935"}],"version-history":[{"count":20,"href":"https:\/\/bevaglobal.com\/fr\/wp-json\/wp\/v2\/pages\/6935\/revisions"}],"predecessor-version":[{"id":38562,"href":"https:\/\/bevaglobal.com\/fr\/wp-json\/wp\/v2\/pages\/6935\/revisions\/38562"}],"wp:attachment":[{"href":"https:\/\/bevaglobal.com\/fr\/wp-json\/wp\/v2\/media?parent=6935"}],"curies":[{"name":"wp","href":"https:\/\/api.w.org\/{rel}","templated":true}]}}