{"id":6954,"date":"2018-06-29T00:59:52","date_gmt":"2018-06-29T00:59:52","guid":{"rendered":"https:\/\/bevaglobal.com\/?page_id=6954"},"modified":"2022-10-20T15:22:14","modified_gmt":"2022-10-20T15:22:14","slug":"entente-dapprovisionnement-tsps","status":"publish","type":"page","link":"https:\/\/bevaglobal.com\/fr\/entente-dapprovisionnement-tsps\/","title":{"rendered":"Entente d&rsquo;approvisionnement &#8211; services professionnels centr\u00e9s sur les t\u00e2ches et les solutions (SPTS)"},"content":{"rendered":"<p>[et_pb_section fb_built=\u00a0\u00bb1&Prime; admin_label=\u00a0\u00bbsection\u00a0\u00bb _builder_version=\u00a0\u00bb4.16&Prime; global_colors_info=\u00a0\u00bb{}\u00a0\u00bb][et_pb_row admin_label=\u00a0\u00bbrow\u00a0\u00bb _builder_version=\u00a0\u00bb4.16&Prime; background_size=\u00a0\u00bbinitial\u00a0\u00bb background_position=\u00a0\u00bbtop_left\u00a0\u00bb background_repeat=\u00a0\u00bbrepeat\u00a0\u00bb global_colors_info=\u00a0\u00bb{}\u00a0\u00bb][et_pb_column type=\u00a0\u00bb4_4&Prime; _builder_version=\u00a0\u00bb4.16&Prime; custom_padding=\u00a0\u00bb|||\u00a0\u00bb global_colors_info=\u00a0\u00bb{}\u00a0\u00bb custom_padding__hover=\u00a0\u00bb|||\u00a0\u00bb][et_pb_text _builder_version=\u00a0\u00bb4.16&Prime; global_colors_info=\u00a0\u00bb{}\u00a0\u00bb]<\/p>\n<h1 style=\"text-align: center;\">Arrangement approvisionnement<br \/>Services professionnels centr\u00e9s sur les t\u00e2ches et les solutions (SPTS)<\/h1>\n<p>[\/et_pb_text][et_pb_text _builder_version=\u00a0\u00bb4.16&Prime; background_size=\u00a0\u00bbinitial\u00a0\u00bb background_position=\u00a0\u00bbtop_left\u00a0\u00bb background_repeat=\u00a0\u00bbrepeat\u00a0\u00bb global_colors_info=\u00a0\u00bb{}\u00a0\u00bb]<\/p>\n<p>BEVA Global Management aussi connue BEVA\u00ae, a le plaisir de vous informer que nous avons re\u00e7u des ententes en mati\u00e8re d&rsquo;approvisionnement SPTS avec le gouvernement f\u00e9d\u00e9ral du Canada.<\/p>\n<p>Entente en mati\u00e8re d&rsquo;approvisionnement # E60ZT-16TSPS \/389\/ ZT<\/p>\n<p>Entente en mati\u00e8re d&rsquo;approvisionnement # E60ZT-18TSPS\/049\/ZT<\/p>\n<p><span style=\"font-size: 16px;\">Fournisseur # 857177919PG0001<\/span><\/p>\n<p>BEVA est qualifi\u00e9e dans les cat\u00e9gories suivantes pour Atlantique, Halifax, Moncton, Qu\u00e9bec, Montr\u00e9al, R\u00e9gion de la capitale nationale (RCN), Ontario, Toronto, Ouest, Winnipeg, Saskatoon, Edmonton, Calgary, Pacifique, Vancouver, et Victoria:<\/p>\n<p>&nbsp;<\/p>\n<p>[\/et_pb_text][et_pb_code _builder_version=\u00a0\u00bb4.16&Prime; global_colors_info=\u00a0\u00bb{}\u00a0\u00bb][table id=44 \/][\/et_pb_code][et_pb_text _builder_version=\u00a0\u00bb4.16&Prime; global_colors_info=\u00a0\u00bb{}\u00a0\u00bb]<\/p>\n<p>Nos consultants ont des ann\u00e9es d&rsquo;exp\u00e9rience et sont consid\u00e9r\u00e9s comme des experts dans leur domaine. BEVA passe par un processus de s\u00e9lection avant que les consultants ne soient s\u00e9lectionn\u00e9s.<\/p>\n<p>Nous offrons des services de consultation et de formation \u00e0 des organismes gouvernementaux, parapublics, priv\u00e9s et \u00e0 but non lucratif par le biais d&rsquo;acquisitions depuis 1993.<\/p>\n<p>[\/et_pb_text][\/et_pb_column][\/et_pb_row][\/et_pb_section][et_pb_section fb_built=\u00a0\u00bb1&Prime; _builder_version=\u00a0\u00bb3.20.1&Prime; background_color=\u00a0\u00bb#2a5eaa\u00a0\u00bb custom_padding=\u00a0\u00bb0|0px|54px|0px|false|false\u00a0\u00bb global_module=\u00a0\u00bb6475&Prime; global_colors_info=\u00a0\u00bb{}\u00a0\u00bb][et_pb_row module_class=\u00a0\u00bb et_pb_row_fullwidth et_pb_row_fullwidth et_pb_row_fullwidth et_pb_row_fullwidth\u00a0\u00bb _builder_version=\u00a0\u00bb4.18.0&Prime; width=\u00a0\u00bb89%\u00a0\u00bb width_tablet=\u00a0\u00bb80%\u00a0\u00bb width_phone=\u00a0\u00bb\u00a0\u00bb width_last_edited=\u00a0\u00bbon|desktop\u00a0\u00bb max_width=\u00a0\u00bb89%\u00a0\u00bb max_width_tablet=\u00a0\u00bb80%\u00a0\u00bb max_width_phone=\u00a0\u00bb\u00a0\u00bb max_width_last_edited=\u00a0\u00bbon|desktop\u00a0\u00bb module_alignment=\u00a0\u00bbcenter\u00a0\u00bb make_fullwidth=\u00a0\u00bbon\u00a0\u00bb global_colors_info=\u00a0\u00bb{}\u00a0\u00bb][et_pb_column type=\u00a0\u00bb4_4&Prime; _builder_version=\u00a0\u00bb4.16&Prime; custom_padding=\u00a0\u00bb|||\u00a0\u00bb global_colors_info=\u00a0\u00bb{}\u00a0\u00bb custom_padding__hover=\u00a0\u00bb|||\u00a0\u00bb][et_pb_cta title=\u00a0\u00bbPASSER \u00c0 L&rsquo;ACTION !\u00a0\u00bb button_url=\u00a0\u00bb\/fr\/nous-joindre\/\u00a0\u00bb button_text=\u00a0\u00bbCONTACTEZ-NOUS MAINTENANT\u00a0\u00bb _builder_version=\u00a0\u00bb4.18.0&Prime; header_level=\u00a0\u00bbh3&Prime; header_font=\u00a0\u00bb|700||on|||||\u00a0\u00bb header_text_align=\u00a0\u00bbcenter\u00a0\u00bb header_font_size=\u00a0\u00bb29&Prime; body_font_size=\u00a0\u00bb18&Prime; use_background_color=\u00a0\u00bboff\u00a0\u00bb global_colors_info=\u00a0\u00bb{}\u00a0\u00bb button_text_size__hover_enabled=\u00a0\u00bboff\u00a0\u00bb button_one_text_size__hover_enabled=\u00a0\u00bboff\u00a0\u00bb button_two_text_size__hover_enabled=\u00a0\u00bboff\u00a0\u00bb button_text_color__hover_enabled=\u00a0\u00bboff\u00a0\u00bb button_one_text_color__hover_enabled=\u00a0\u00bboff\u00a0\u00bb button_two_text_color__hover_enabled=\u00a0\u00bboff\u00a0\u00bb button_border_width__hover_enabled=\u00a0\u00bboff\u00a0\u00bb button_one_border_width__hover_enabled=\u00a0\u00bboff\u00a0\u00bb button_two_border_width__hover_enabled=\u00a0\u00bboff\u00a0\u00bb button_border_color__hover_enabled=\u00a0\u00bboff\u00a0\u00bb button_one_border_color__hover_enabled=\u00a0\u00bboff\u00a0\u00bb button_two_border_color__hover_enabled=\u00a0\u00bboff\u00a0\u00bb button_border_radius__hover_enabled=\u00a0\u00bboff\u00a0\u00bb button_one_border_radius__hover_enabled=\u00a0\u00bboff\u00a0\u00bb button_two_border_radius__hover_enabled=\u00a0\u00bboff\u00a0\u00bb button_letter_spacing__hover_enabled=\u00a0\u00bboff\u00a0\u00bb button_one_letter_spacing__hover_enabled=\u00a0\u00bboff\u00a0\u00bb button_two_letter_spacing__hover_enabled=\u00a0\u00bboff\u00a0\u00bb button_bg_color__hover_enabled=\u00a0\u00bboff\u00a0\u00bb button_one_bg_color__hover_enabled=\u00a0\u00bboff\u00a0\u00bb button_two_bg_color__hover_enabled=\u00a0\u00bboff\u00a0\u00bb]<\/p>\n<p>Laissez-nous r\u00e9pondre \u00e0 vos questions et voir comment nous pouvons vous aider.<\/p>\n<p>[\/et_pb_cta][\/et_pb_column][\/et_pb_row][\/et_pb_section]<\/p>\n","protected":false},"excerpt":{"rendered":"<p>Arrangement approvisionnementServices professionnels centr\u00e9s sur les t\u00e2ches et les solutions (SPTS)BEVA Global Management aussi connue BEVA\u00ae, a le plaisir de vous informer que nous avons re\u00e7u des ententes en mati\u00e8re [&hellip;]<\/p>\n","protected":false},"author":3,"featured_media":0,"parent":0,"menu_order":0,"comment_status":"closed","ping_status":"closed","template":"","meta":{"_et_pb_use_builder":"on","_et_pb_old_content":"<strong>BEVA Global Management Inc. a.k.a. BEVA\u00ae, is pleased to inform you that we have been awarded a TSPS Supply Arrangement with the Federal Government of Canada.<\/strong>\r\n\r\nSupply Arrangement # E60ZT-16TSPS\/389\/ZT\r\nSupplier # 857177919PG0001\r\n\r\nBEVA qualified in the following categories for Atlantic, Halifax, Moncton, Qu\u00e9bec, Qu\u00e9bec City, Montreal, National Capital Region (NCR), Ontario, Toronto, Western, Winnipeg, Saskatoon, Edmonton, Calgary, Pacific, Vancouver, Victoria :\r\n<table width=\"463\">\r\n<thead>\r\n<tr>\r\n<td><strong>Streams<\/strong><\/td>\r\n<td><strong>Category<\/strong><\/td>\r\n<td><strong>Junior<\/strong><\/td>\r\n<td><strong>Intermediate<\/strong><\/td>\r\n<td><strong>Senior<\/strong><\/td>\r\n<\/tr>\r\n<\/thead>\r\n<tbody>\r\n<tr>\r\n<td>1. Human Resources Services Stream<\/td>\r\n<td>1.1 Human Resources Consultant<\/td>\r\n<td>Yes<\/td>\r\n<td>Yes<\/td>\r\n<td>Yes<\/td>\r\n<\/tr>\r\n<tr>\r\n<td>1. Human Resources Services Stream<\/td>\r\n<td>1.2 Organisational Design and Classification Consultant<\/td>\r\n<td>Yes<\/td>\r\n<td>Yes<\/td>\r\n<td>Yes<\/td>\r\n<\/tr>\r\n<tr>\r\n<td>1. Human Resources Services Stream<\/td>\r\n<td>1.8 Staffing Consultant<\/td>\r\n<td>Yes<\/td>\r\n<td>Yes<\/td>\r\n<td>Yes<\/td>\r\n<\/tr>\r\n<tr>\r\n<td>2. Business Consulting \/ Change Management Stream<\/td>\r\n<td>2.1 Business Analyst<\/td>\r\n<td>Yes<\/td>\r\n<td>Yes<\/td>\r\n<td>Yes<\/td>\r\n<\/tr>\r\n<tr>\r\n<td>2. Business Consulting \/ Change Management Stream<\/td>\r\n<td>2.15 Facilitator Consultant<\/td>\r\n<td>Yes<\/td>\r\n<td>Yes<\/td>\r\n<td>Yes<\/td>\r\n<\/tr>\r\n<tr>\r\n<td>3. Project Management Services Stream<\/td>\r\n<td>3.2 Project Manager<\/td>\r\n<td>Yes<\/td>\r\n<td>Yes<\/td>\r\n<td>Yes<\/td>\r\n<\/tr>\r\n<tr>\r\n<td>3. Project Management Services Stream<\/td>\r\n<td>3.4 Project Planner<\/td>\r\n<td>Yes<\/td>\r\n<td>Yes<\/td>\r\n<td>Yes<\/td>\r\n<\/tr>\r\n<\/tbody>\r\n<\/table>\r\nOur consultants have may years of experience and considered experts in their field. BEVA goes through a screening process before the consultants are selected.\r\n\r\nWe have been providing consulting services and training to government, para-public, private and non-profit organizations through acquisitions since 1993.\r\n\r\nFor more information on our services, please contact us at :\u00a0<a href=\"mailto:info@bevaglobal.com\">info@bevaglobal.com<\/a>","_et_gb_content_width":"","_price":"","_stock":"","_tribe_ticket_header":"","_tribe_default_ticket_provider":"","_ticket_start_date":"","_ticket_end_date":"","_tribe_ticket_show_description":"","_tribe_ticket_show_not_going":false,"_tribe_ticket_use_global_stock":"","_tribe_ticket_global_stock_level":"","_global_stock_mode":"","_global_stock_cap":"","_tribe_rsvp_for_event":"","_tribe_ticket_going_count":"","_tribe_ticket_not_going_count":"","_tribe_tickets_list":"[]","_tribe_ticket_has_attendee_info_fields":false,"footnotes":"","_tec_slr_enabled":"","_tec_slr_layout":""},"class_list":["post-6954","page","type-page","status-publish","hentry"],"yoast_head":"<!-- This site is optimized with the Yoast SEO plugin v27.1.1 - https:\/\/yoast.com\/product\/yoast-seo-wordpress\/ -->\n<title>Entente d&#039;approvisionnement - services professionnels centr\u00e9s sur les t\u00e2ches et les solutions (SPTS) - BEVA Global Management<\/title>\n<meta name=\"description\" content=\"Entente d&#039;approvisionnement - services professionnels centr\u00e9s sur les t\u00e2ches et les solutions (SPTS) | Contact us online\" \/>\n<meta name=\"robots\" content=\"index, follow, max-snippet:-1, max-image-preview:large, max-video-preview:-1\" \/>\n<link rel=\"canonical\" href=\"https:\/\/bevaglobal.com\/fr\/entente-dapprovisionnement-tsps\/\" \/>\n<script type=\"application\/ld+json\" class=\"yoast-schema-graph\">{\"@context\":\"https:\/\/schema.org\",\"@graph\":[{\"@type\":\"WebPage\",\"@id\":\"https:\/\/bevaglobal.com\/fr\/entente-dapprovisionnement-tsps\/\",\"url\":\"https:\/\/bevaglobal.com\/fr\/entente-dapprovisionnement-tsps\/\",\"name\":\"Entente d'approvisionnement - services professionnels centr\u00e9s sur les t\u00e2ches et les solutions (SPTS) - BEVA Global Management\",\"isPartOf\":{\"@id\":\"https:\/\/bevaglobal.com\/#website\"},\"datePublished\":\"2018-06-29T00:59:52+00:00\",\"dateModified\":\"2022-10-20T15:22:14+00:00\",\"description\":\"Entente d'approvisionnement - services professionnels centr\u00e9s sur les t\u00e2ches et les solutions (SPTS) | Contact us online\",\"breadcrumb\":{\"@id\":\"https:\/\/bevaglobal.com\/fr\/entente-dapprovisionnement-tsps\/#breadcrumb\"},\"inLanguage\":\"fr-FR\",\"potentialAction\":[{\"@type\":\"ReadAction\",\"target\":[\"https:\/\/bevaglobal.com\/fr\/entente-dapprovisionnement-tsps\/\"]}]},{\"@type\":\"BreadcrumbList\",\"@id\":\"https:\/\/bevaglobal.com\/fr\/entente-dapprovisionnement-tsps\/#breadcrumb\",\"itemListElement\":[{\"@type\":\"ListItem\",\"position\":1,\"name\":\"Home\",\"item\":\"https:\/\/bevaglobal.com\/\"},{\"@type\":\"ListItem\",\"position\":2,\"name\":\"Entente d&#8217;approvisionnement &#8211; services professionnels centr\u00e9s sur les t\u00e2ches et les solutions (SPTS)\"}]},{\"@type\":\"WebSite\",\"@id\":\"https:\/\/bevaglobal.com\/#website\",\"url\":\"https:\/\/bevaglobal.com\/\",\"name\":\"BEVA Global Management\",\"description\":\"Your gateway to knowledge!\",\"publisher\":{\"@id\":\"https:\/\/bevaglobal.com\/#organization\"},\"potentialAction\":[{\"@type\":\"SearchAction\",\"target\":{\"@type\":\"EntryPoint\",\"urlTemplate\":\"https:\/\/bevaglobal.com\/?s={search_term_string}\"},\"query-input\":{\"@type\":\"PropertyValueSpecification\",\"valueRequired\":true,\"valueName\":\"search_term_string\"}}],\"inLanguage\":\"fr-FR\"},{\"@type\":\"Organization\",\"@id\":\"https:\/\/bevaglobal.com\/#organization\",\"name\":\"BEVA Global Management\",\"url\":\"https:\/\/bevaglobal.com\/\",\"logo\":{\"@type\":\"ImageObject\",\"inLanguage\":\"fr-FR\",\"@id\":\"https:\/\/bevaglobal.com\/#\/schema\/logo\/image\/\",\"url\":\"https:\/\/bevaglobal.com\/wp-content\/uploads\/2016\/11\/logo-slogan-eng-maj3.jpg\",\"contentUrl\":\"https:\/\/bevaglobal.com\/wp-content\/uploads\/2016\/11\/logo-slogan-eng-maj3.jpg\",\"width\":800,\"height\":290,\"caption\":\"BEVA Global Management\"},\"image\":{\"@id\":\"https:\/\/bevaglobal.com\/#\/schema\/logo\/image\/\"}}]}<\/script>\n<!-- \/ Yoast SEO plugin. -->","yoast_head_json":{"title":"Entente d'approvisionnement - services professionnels centr\u00e9s sur les t\u00e2ches et les solutions (SPTS) - BEVA Global Management","description":"Entente d'approvisionnement - services professionnels centr\u00e9s sur les t\u00e2ches et les solutions (SPTS) | Contact us online","robots":{"index":"index","follow":"follow","max-snippet":"max-snippet:-1","max-image-preview":"max-image-preview:large","max-video-preview":"max-video-preview:-1"},"canonical":"https:\/\/bevaglobal.com\/fr\/entente-dapprovisionnement-tsps\/","schema":{"@context":"https:\/\/schema.org","@graph":[{"@type":"WebPage","@id":"https:\/\/bevaglobal.com\/fr\/entente-dapprovisionnement-tsps\/","url":"https:\/\/bevaglobal.com\/fr\/entente-dapprovisionnement-tsps\/","name":"Entente d'approvisionnement - services professionnels centr\u00e9s sur les t\u00e2ches et les solutions (SPTS) - BEVA Global Management","isPartOf":{"@id":"https:\/\/bevaglobal.com\/#website"},"datePublished":"2018-06-29T00:59:52+00:00","dateModified":"2022-10-20T15:22:14+00:00","description":"Entente d'approvisionnement - services professionnels centr\u00e9s sur les t\u00e2ches et les solutions (SPTS) | Contact us online","breadcrumb":{"@id":"https:\/\/bevaglobal.com\/fr\/entente-dapprovisionnement-tsps\/#breadcrumb"},"inLanguage":"fr-FR","potentialAction":[{"@type":"ReadAction","target":["https:\/\/bevaglobal.com\/fr\/entente-dapprovisionnement-tsps\/"]}]},{"@type":"BreadcrumbList","@id":"https:\/\/bevaglobal.com\/fr\/entente-dapprovisionnement-tsps\/#breadcrumb","itemListElement":[{"@type":"ListItem","position":1,"name":"Home","item":"https:\/\/bevaglobal.com\/"},{"@type":"ListItem","position":2,"name":"Entente d&#8217;approvisionnement &#8211; services professionnels centr\u00e9s sur les t\u00e2ches et les solutions (SPTS)"}]},{"@type":"WebSite","@id":"https:\/\/bevaglobal.com\/#website","url":"https:\/\/bevaglobal.com\/","name":"BEVA Global Management","description":"Your gateway to knowledge!","publisher":{"@id":"https:\/\/bevaglobal.com\/#organization"},"potentialAction":[{"@type":"SearchAction","target":{"@type":"EntryPoint","urlTemplate":"https:\/\/bevaglobal.com\/?s={search_term_string}"},"query-input":{"@type":"PropertyValueSpecification","valueRequired":true,"valueName":"search_term_string"}}],"inLanguage":"fr-FR"},{"@type":"Organization","@id":"https:\/\/bevaglobal.com\/#organization","name":"BEVA Global Management","url":"https:\/\/bevaglobal.com\/","logo":{"@type":"ImageObject","inLanguage":"fr-FR","@id":"https:\/\/bevaglobal.com\/#\/schema\/logo\/image\/","url":"https:\/\/bevaglobal.com\/wp-content\/uploads\/2016\/11\/logo-slogan-eng-maj3.jpg","contentUrl":"https:\/\/bevaglobal.com\/wp-content\/uploads\/2016\/11\/logo-slogan-eng-maj3.jpg","width":800,"height":290,"caption":"BEVA Global Management"},"image":{"@id":"https:\/\/bevaglobal.com\/#\/schema\/logo\/image\/"}}]}},"jetpack_sharing_enabled":true,"ticketed":false,"_links":{"self":[{"href":"https:\/\/bevaglobal.com\/fr\/wp-json\/wp\/v2\/pages\/6954","targetHints":{"allow":["GET"]}}],"collection":[{"href":"https:\/\/bevaglobal.com\/fr\/wp-json\/wp\/v2\/pages"}],"about":[{"href":"https:\/\/bevaglobal.com\/fr\/wp-json\/wp\/v2\/types\/page"}],"author":[{"embeddable":true,"href":"https:\/\/bevaglobal.com\/fr\/wp-json\/wp\/v2\/users\/3"}],"replies":[{"embeddable":true,"href":"https:\/\/bevaglobal.com\/fr\/wp-json\/wp\/v2\/comments?post=6954"}],"version-history":[{"count":34,"href":"https:\/\/bevaglobal.com\/fr\/wp-json\/wp\/v2\/pages\/6954\/revisions"}],"predecessor-version":[{"id":26248,"href":"https:\/\/bevaglobal.com\/fr\/wp-json\/wp\/v2\/pages\/6954\/revisions\/26248"}],"wp:attachment":[{"href":"https:\/\/bevaglobal.com\/fr\/wp-json\/wp\/v2\/media?parent=6954"}],"curies":[{"name":"wp","href":"https:\/\/api.w.org\/{rel}","templated":true}]}}