{"id":6988,"date":"2018-06-29T02:08:30","date_gmt":"2018-06-29T02:08:30","guid":{"rendered":"https:\/\/bevaglobal.com\/?page_id=6988"},"modified":"2022-10-20T15:23:10","modified_gmt":"2022-10-20T15:23:10","slug":"entente-dapprovisionnement-proservices","status":"publish","type":"page","link":"https:\/\/bevaglobal.com\/fr\/entente-dapprovisionnement-proservices\/","title":{"rendered":"Entente d&rsquo;approvisionnement ProServices"},"content":{"rendered":"<p>[et_pb_section fb_built=\u00a0\u00bb1&Prime; admin_label=\u00a0\u00bbsection\u00a0\u00bb _builder_version=\u00a0\u00bb4.16&Prime; global_colors_info=\u00a0\u00bb{}\u00a0\u00bb][et_pb_row admin_label=\u00a0\u00bbrow\u00a0\u00bb _builder_version=\u00a0\u00bb4.16&Prime; background_size=\u00a0\u00bbinitial\u00a0\u00bb background_position=\u00a0\u00bbtop_left\u00a0\u00bb background_repeat=\u00a0\u00bbrepeat\u00a0\u00bb global_colors_info=\u00a0\u00bb{}\u00a0\u00bb][et_pb_column type=\u00a0\u00bb4_4&Prime; _builder_version=\u00a0\u00bb4.16&Prime; custom_padding=\u00a0\u00bb|||\u00a0\u00bb global_colors_info=\u00a0\u00bb{}\u00a0\u00bb custom_padding__hover=\u00a0\u00bb|||\u00a0\u00bb][et_pb_text _builder_version=\u00a0\u00bb4.16&Prime; global_colors_info=\u00a0\u00bb{}\u00a0\u00bb]<\/p>\n<h1 style=\"text-align: center;\"><span>Arrangement approvisionnement ProServices<\/span><\/h1>\n<p>[\/et_pb_text][et_pb_text admin_label=\u00a0\u00bbText\u00a0\u00bb _builder_version=\u00a0\u00bb4.16&Prime; background_size=\u00a0\u00bbinitial\u00a0\u00bb background_position=\u00a0\u00bbtop_left\u00a0\u00bb background_repeat=\u00a0\u00bbrepeat\u00a0\u00bb global_colors_info=\u00a0\u00bb{}\u00a0\u00bb]<\/p>\n<p>BEVA Global Management Inc. aussi connue BEVA\u00ae, a le plaisir de vous informer que nous avons re\u00e7u une entente en mati\u00e8re d&rsquo;approvisionnement de ProServices avec le gouvernement f\u00e9d\u00e9ral du Canada.<\/p>\n<p>Entente en mati\u00e8re d&rsquo;approvisionnement no E60ZT-180029\/047\/ ZT,\u00a0E60ZT-180024\/C<br \/>Fournisseur # 857177919PG0001<\/p>\n<p>BEVA est qualifi\u00e9e dans les cat\u00e9gories suivantes pour Atlantique, Halifax, Moncton, Qu\u00e9bec, Montr\u00e9al, R\u00e9gion de la capitale nationale (RCN), Ontario, Toronto, Ouest, Winnipeg, Saskatoon, Edmonton, Calgary, Pacifique, Vancouver, Victoria:<\/p>\n<p>[\/et_pb_text][et_pb_code _builder_version=\u00a0\u00bb4.16&Prime; global_colors_info=\u00a0\u00bb{}\u00a0\u00bb][table id=40 \/][\/et_pb_code][et_pb_text _builder_version=\u00a0\u00bb4.16&Prime; global_colors_info=\u00a0\u00bb{}\u00a0\u00bb]<\/p>\n<p>Nos consultants ont des ann\u00e9es d\u2019exp\u00e9rience et sont consid\u00e9r\u00e9s comme des experts dans leur domaine. BEVA passe par un processus de s\u00e9lection avant que les consultants ne soient s\u00e9lectionn\u00e9s.<\/p>\n<p>Nous offrons des services de consultation et de formation \u00e0 des organismes gouvernementaux, parapublics, priv\u00e9s et \u00e0 but non lucratif par le biais d\u2019acquisitions depuis 1993.<\/p>\n<p>[\/et_pb_text][\/et_pb_column][\/et_pb_row][\/et_pb_section]<\/p>\n","protected":false},"excerpt":{"rendered":"<p>Arrangement approvisionnement ProServicesBEVA Global Management Inc. aussi connue BEVA\u00ae, a le plaisir de vous informer que nous avons re\u00e7u une entente en mati\u00e8re d&rsquo;approvisionnement de ProServices avec le gouvernement f\u00e9d\u00e9ral [&hellip;]<\/p>\n","protected":false},"author":3,"featured_media":0,"parent":0,"menu_order":0,"comment_status":"closed","ping_status":"closed","template":"","meta":{"_et_pb_use_builder":"on","_et_pb_old_content":"BEVA Global Management Inc. aussi connu BEVA\u00ae, a le plaisir de vous informer que nous avons re\u00e7u une entente en mati\u00e8re d'approvisionnement de ProServices avec le gouvernement f\u00e9d\u00e9ral du Canada.\r\n\r\nEntente en mati\u00e8re d'approvisionnement no E60ZT-152199\/176 \/ ZT\r\nFournisseur # 857177919PG0001\r\n\r\nBEVA est qualifi\u00e9 dans les cat\u00e9gories suivantes pour Atlantique, Halifax, Moncton, Qu\u00e9bec, Qu\u00e9bec, Montr\u00e9al, R\u00e9gion de la capitale nationale (RCN), Ontario, Toronto, Ouest, Winnipeg, Saskatoon, Edmonton, Calgary, Pacifique, Vancouver, Victoria:\r\n<table width=\"463\">\r\n<thead>\r\n<tr>\r\n<td width=\"104\"><strong>Discipline<\/strong><\/td>\r\n<td width=\"95\"><strong>Cat\u00e9gorie<\/strong><\/td>\r\n<td width=\"30\"><strong>Junior<\/strong><\/td>\r\n<td width=\"64\"><strong>Interm\u00e9diate<\/strong><\/td>\r\n<td width=\"31\"><strong>S\u00e9nior<\/strong><\/td>\r\n<\/tr>\r\n<\/thead>\r\n<tbody>\r\n<tr>\r\n<td>Discipline 5 - Services en management de projet<\/td>\r\n<td>5.9 Chef de projet<\/td>\r\n<td style=\"text-align: center;\">Oui<\/td>\r\n<td style=\"text-align: center;\">Oui<\/td>\r\n<td style=\"text-align: center;\">Oui<\/td>\r\n<\/tr>\r\n<tr>\r\n<td style=\"text-align: left;\">Discipline 8 - Services ressources humaines<\/td>\r\n<td>8.1 Consultant ressources humaines<\/td>\r\n<td style=\"text-align: center;\">Oui<\/td>\r\n<td style=\"text-align: center;\">Oui<\/td>\r\n<td style=\"text-align: center;\">Oui<\/td>\r\n<\/tr>\r\n<tr>\r\n<td>Discipline 8 - Services ressources humaines<\/td>\r\n<td>8.2 Consultant developpment en leadership<\/td>\r\n<td style=\"text-align: center;\">Oui<\/td>\r\n<td style=\"text-align: center;\">Oui<\/td>\r\n<td style=\"text-align: center;\">Oui<\/td>\r\n<\/tr>\r\n<tr>\r\n<td>Discipline 8 - Services ressources humaines<\/td>\r\n<td>8.3 Consultant recrutement<\/td>\r\n<td style=\"text-align: center;\">Oui<\/td>\r\n<td style=\"text-align: center;\">Oui<\/td>\r\n<td style=\"text-align: center;\">Oui<\/td>\r\n<\/tr>\r\n<tr>\r\n<td>Discipline 9 - Consultant en affaires \/ Management<\/td>\r\n<td>9.12 Evaluation Services Consultant<\/td>\r\n<td style=\"text-align: center;\">Oui<\/td>\r\n<td style=\"text-align: center;\">Oui<\/td>\r\n<td style=\"text-align: center;\">Oui<\/td>\r\n<\/tr>\r\n<tr>\r\n<td>Discipline 9 - Consultant en affaires \/ Management<\/td>\r\n<td>9.14 Expert dans diff\u00e9rentes mati\u00e8res<\/td>\r\n<td style=\"text-align: center;\">Oui<\/td>\r\n<td style=\"text-align: center;\">Oui<\/td>\r\n<td style=\"text-align: center;\">Oui<\/td>\r\n<\/tr>\r\n<tr>\r\n<td>Discipline 9 - Consultant en affaires \/ Management<\/td>\r\n<td>9.15 Consultant facilitateur<\/td>\r\n<td style=\"text-align: center;\">Oui<\/td>\r\n<td style=\"text-align: center;\">Oui<\/td>\r\n<td style=\"text-align: center;\">Oui<\/td>\r\n<\/tr>\r\n<tr>\r\n<td>Discipline 10 - Services en management de projet<\/td>\r\n<td>10.2 Chef de projet<\/td>\r\n<td style=\"text-align: center;\">Oui<\/td>\r\n<td style=\"text-align: center;\">Oui<\/td>\r\n<td style=\"text-align: center;\">Oui<\/td>\r\n<\/tr>\r\n<tr>\r\n<td>Discipline 10 - Services en management de projet<\/td>\r\n<td>10.4 Planificateur de projet<\/td>\r\n<td style=\"text-align: center;\">Oui<\/td>\r\n<td style=\"text-align: center;\">Oui<\/td>\r\n<td style=\"text-align: center;\">Oui<\/td>\r\n<\/tr>\r\n<\/tbody>\r\n<\/table>\r\nNos consultants ont des ann\u00e9es d'exp\u00e9rience et sont consid\u00e9r\u00e9s comme des experts dans leur domaine. BEVA passe par un processus de s\u00e9lection avant que les consultants ne soient s\u00e9lectionn\u00e9s.\r\n\r\nNous offrons des services de consultation et de formation \u00e0 des organismes gouvernementaux, parapublics, priv\u00e9s et \u00e0 but non lucratif par le biais d'acquisitions depuis 1993.","_et_gb_content_width":"","_price":"","_stock":"","_tribe_ticket_header":"","_tribe_default_ticket_provider":"","_ticket_start_date":"","_ticket_end_date":"","_tribe_ticket_show_description":"","_tribe_ticket_show_not_going":false,"_tribe_ticket_use_global_stock":"","_tribe_ticket_global_stock_level":"","_global_stock_mode":"","_global_stock_cap":"","_tribe_rsvp_for_event":"","_tribe_ticket_going_count":"","_tribe_ticket_not_going_count":"","_tribe_tickets_list":"[]","_tribe_ticket_has_attendee_info_fields":false,"footnotes":"","_tec_slr_enabled":"","_tec_slr_layout":""},"class_list":["post-6988","page","type-page","status-publish","hentry"],"yoast_head":"<!-- This site is optimized with the Yoast SEO plugin v27.1.1 - https:\/\/yoast.com\/product\/yoast-seo-wordpress\/ -->\n<title>Entente d&#039;approvisionnement ProServices - BEVA Global Management<\/title>\n<meta name=\"description\" content=\"Entente d&#039;approvisionnement ProServices | Contact us online\" \/>\n<meta name=\"robots\" content=\"index, follow, max-snippet:-1, max-image-preview:large, max-video-preview:-1\" \/>\n<link rel=\"canonical\" href=\"https:\/\/bevaglobal.com\/fr\/entente-dapprovisionnement-proservices\/\" \/>\n<script type=\"application\/ld+json\" class=\"yoast-schema-graph\">{\"@context\":\"https:\/\/schema.org\",\"@graph\":[{\"@type\":\"WebPage\",\"@id\":\"https:\/\/bevaglobal.com\/fr\/entente-dapprovisionnement-proservices\/\",\"url\":\"https:\/\/bevaglobal.com\/fr\/entente-dapprovisionnement-proservices\/\",\"name\":\"Entente d'approvisionnement ProServices - BEVA Global Management\",\"isPartOf\":{\"@id\":\"https:\/\/bevaglobal.com\/#website\"},\"datePublished\":\"2018-06-29T02:08:30+00:00\",\"dateModified\":\"2022-10-20T15:23:10+00:00\",\"description\":\"Entente d'approvisionnement ProServices | Contact us online\",\"breadcrumb\":{\"@id\":\"https:\/\/bevaglobal.com\/fr\/entente-dapprovisionnement-proservices\/#breadcrumb\"},\"inLanguage\":\"fr-FR\",\"potentialAction\":[{\"@type\":\"ReadAction\",\"target\":[\"https:\/\/bevaglobal.com\/fr\/entente-dapprovisionnement-proservices\/\"]}]},{\"@type\":\"BreadcrumbList\",\"@id\":\"https:\/\/bevaglobal.com\/fr\/entente-dapprovisionnement-proservices\/#breadcrumb\",\"itemListElement\":[{\"@type\":\"ListItem\",\"position\":1,\"name\":\"Home\",\"item\":\"https:\/\/bevaglobal.com\/\"},{\"@type\":\"ListItem\",\"position\":2,\"name\":\"Entente d&#8217;approvisionnement ProServices\"}]},{\"@type\":\"WebSite\",\"@id\":\"https:\/\/bevaglobal.com\/#website\",\"url\":\"https:\/\/bevaglobal.com\/\",\"name\":\"BEVA Global Management\",\"description\":\"Your gateway to knowledge!\",\"publisher\":{\"@id\":\"https:\/\/bevaglobal.com\/#organization\"},\"potentialAction\":[{\"@type\":\"SearchAction\",\"target\":{\"@type\":\"EntryPoint\",\"urlTemplate\":\"https:\/\/bevaglobal.com\/?s={search_term_string}\"},\"query-input\":{\"@type\":\"PropertyValueSpecification\",\"valueRequired\":true,\"valueName\":\"search_term_string\"}}],\"inLanguage\":\"fr-FR\"},{\"@type\":\"Organization\",\"@id\":\"https:\/\/bevaglobal.com\/#organization\",\"name\":\"BEVA Global Management\",\"url\":\"https:\/\/bevaglobal.com\/\",\"logo\":{\"@type\":\"ImageObject\",\"inLanguage\":\"fr-FR\",\"@id\":\"https:\/\/bevaglobal.com\/#\/schema\/logo\/image\/\",\"url\":\"https:\/\/bevaglobal.com\/wp-content\/uploads\/2016\/11\/logo-slogan-eng-maj3.jpg\",\"contentUrl\":\"https:\/\/bevaglobal.com\/wp-content\/uploads\/2016\/11\/logo-slogan-eng-maj3.jpg\",\"width\":800,\"height\":290,\"caption\":\"BEVA Global Management\"},\"image\":{\"@id\":\"https:\/\/bevaglobal.com\/#\/schema\/logo\/image\/\"}}]}<\/script>\n<!-- \/ Yoast SEO plugin. -->","yoast_head_json":{"title":"Entente d'approvisionnement ProServices - BEVA Global Management","description":"Entente d'approvisionnement ProServices | Contact us online","robots":{"index":"index","follow":"follow","max-snippet":"max-snippet:-1","max-image-preview":"max-image-preview:large","max-video-preview":"max-video-preview:-1"},"canonical":"https:\/\/bevaglobal.com\/fr\/entente-dapprovisionnement-proservices\/","schema":{"@context":"https:\/\/schema.org","@graph":[{"@type":"WebPage","@id":"https:\/\/bevaglobal.com\/fr\/entente-dapprovisionnement-proservices\/","url":"https:\/\/bevaglobal.com\/fr\/entente-dapprovisionnement-proservices\/","name":"Entente d'approvisionnement ProServices - BEVA Global Management","isPartOf":{"@id":"https:\/\/bevaglobal.com\/#website"},"datePublished":"2018-06-29T02:08:30+00:00","dateModified":"2022-10-20T15:23:10+00:00","description":"Entente d'approvisionnement ProServices | Contact us online","breadcrumb":{"@id":"https:\/\/bevaglobal.com\/fr\/entente-dapprovisionnement-proservices\/#breadcrumb"},"inLanguage":"fr-FR","potentialAction":[{"@type":"ReadAction","target":["https:\/\/bevaglobal.com\/fr\/entente-dapprovisionnement-proservices\/"]}]},{"@type":"BreadcrumbList","@id":"https:\/\/bevaglobal.com\/fr\/entente-dapprovisionnement-proservices\/#breadcrumb","itemListElement":[{"@type":"ListItem","position":1,"name":"Home","item":"https:\/\/bevaglobal.com\/"},{"@type":"ListItem","position":2,"name":"Entente d&#8217;approvisionnement ProServices"}]},{"@type":"WebSite","@id":"https:\/\/bevaglobal.com\/#website","url":"https:\/\/bevaglobal.com\/","name":"BEVA Global Management","description":"Your gateway to knowledge!","publisher":{"@id":"https:\/\/bevaglobal.com\/#organization"},"potentialAction":[{"@type":"SearchAction","target":{"@type":"EntryPoint","urlTemplate":"https:\/\/bevaglobal.com\/?s={search_term_string}"},"query-input":{"@type":"PropertyValueSpecification","valueRequired":true,"valueName":"search_term_string"}}],"inLanguage":"fr-FR"},{"@type":"Organization","@id":"https:\/\/bevaglobal.com\/#organization","name":"BEVA Global Management","url":"https:\/\/bevaglobal.com\/","logo":{"@type":"ImageObject","inLanguage":"fr-FR","@id":"https:\/\/bevaglobal.com\/#\/schema\/logo\/image\/","url":"https:\/\/bevaglobal.com\/wp-content\/uploads\/2016\/11\/logo-slogan-eng-maj3.jpg","contentUrl":"https:\/\/bevaglobal.com\/wp-content\/uploads\/2016\/11\/logo-slogan-eng-maj3.jpg","width":800,"height":290,"caption":"BEVA Global Management"},"image":{"@id":"https:\/\/bevaglobal.com\/#\/schema\/logo\/image\/"}}]}},"jetpack_sharing_enabled":true,"ticketed":false,"_links":{"self":[{"href":"https:\/\/bevaglobal.com\/fr\/wp-json\/wp\/v2\/pages\/6988","targetHints":{"allow":["GET"]}}],"collection":[{"href":"https:\/\/bevaglobal.com\/fr\/wp-json\/wp\/v2\/pages"}],"about":[{"href":"https:\/\/bevaglobal.com\/fr\/wp-json\/wp\/v2\/types\/page"}],"author":[{"embeddable":true,"href":"https:\/\/bevaglobal.com\/fr\/wp-json\/wp\/v2\/users\/3"}],"replies":[{"embeddable":true,"href":"https:\/\/bevaglobal.com\/fr\/wp-json\/wp\/v2\/comments?post=6988"}],"version-history":[{"count":21,"href":"https:\/\/bevaglobal.com\/fr\/wp-json\/wp\/v2\/pages\/6988\/revisions"}],"predecessor-version":[{"id":26249,"href":"https:\/\/bevaglobal.com\/fr\/wp-json\/wp\/v2\/pages\/6988\/revisions\/26249"}],"wp:attachment":[{"href":"https:\/\/bevaglobal.com\/fr\/wp-json\/wp\/v2\/media?parent=6988"}],"curies":[{"name":"wp","href":"https:\/\/api.w.org\/{rel}","templated":true}]}}